{"id":9,"date":"2019-04-11T23:49:30","date_gmt":"2019-04-12T02:49:30","guid":{"rendered":"https:\/\/eic.cefet-rj.br\/~rcoutinho\/?page_id=9"},"modified":"2023-12-08T21:56:45","modified_gmt":"2023-12-09T00:56:45","slug":"home","status":"publish","type":"page","link":"https:\/\/eic.cefet-rj.br\/~rcoutinho\/","title":{"rendered":"In\u00edcio"},"content":{"rendered":"\n<p>Professor of the Departament of Control Automation Engineering at Federal Center of Technological Education (CEFET\/RJ), campus Nova Igua\u00e7u, since 2015. <\/p>\n\n\n\n<p><strong>Research interests:<\/strong><\/p>\n\n\n\n<ul class=\"wp-block-list\">\n<li>Cloud Computing<\/li>\n\n\n\n<li>Distributed Algorithm<\/li>\n\n\n\n<li>Data-driven parallel and distributed processing <\/li>\n<\/ul>\n\n\n\n<p><strong>Phd in Computer Science at UFF (2015): <\/strong> <br><a href=\"http:\/\/www.ic.uff.br\/PosGraduacao\/frontend-tesesdissertacoes\/download.php?id=686.pdf&amp;tipo=trabalho\">Dimensionamento Est\u00e1tico e Din\u00e2mico de M\u00e1quinas Virtuais em Nuvens Computacionais <\/a><\/p>\n\n\n\n<p><strong>Msc. in Computer Science at UFF (2011)<\/strong><br><a href=\"http:\/\/www.ic.uff.br\/PosGraduacao\/frontend-tesesdissertacoes\/download.php?id=518.pdf&amp;tipo=trabalho\">Algoritmos Distribu\u00eddos para o Problema de Atribui\u00e7\u00e3o de Clientes a Servidores em Redes de Distribui\u00e7\u00e3o de Conte\u00fados <\/a><\/p>\n\n\n\n<p><strong>Bachelor in <\/strong> <strong>Computer Science<\/strong> <strong> at UFF (2009):<\/strong> <br>Um Ambiente Interativo para Visualiza\u00e7\u00e3o de Topologias de Redes M\u00f3veis. <\/p>\n\n\n\n<p><strong>Publications<\/strong>&nbsp;available at&nbsp;<a rel=\"noreferrer noopener\" aria-label=\"Lattes (abre numa nova aba)\" href=\"http:\/\/lattes.cnpq.br\/8871521490245734\" target=\"_blank\">Lattes<\/a>&nbsp;and&nbsp;<a rel=\"noreferrer noopener\" aria-label=\" (abre numa nova aba)\" href=\"https:\/\/scholar.google.com.br\/citations?hl=en&amp;user=KLgK4c4AAAAJ\" target=\"_blank\">Google Scholar<\/a>. <\/p>\n\n\n\n<p><strong>Research group:<\/strong> <a href=\"https:\/\/eic.cefet-rj.br\/~rcoutinho\/grupo-de-pesquisa-computacao-paralela-e-distribuida\/\">Parallel and Distributed Computing<\/a><\/p>\n\n\n\n<p> e-mail: rafaelli.coutinho at cefet-rj dot br <\/p>\n","protected":false},"excerpt":{"rendered":"<p>Professor of the Departament of Control Automation Engineering at Federal Center of Technological Education (CEFET\/RJ), campus Nova Igua\u00e7u, since 2015. Research interests: Phd in Computer Science at UFF (2015): Dimensionamento Est\u00e1tico e Din\u00e2mico de M\u00e1quinas Virtuais em Nuvens Computacionais Msc. in Computer Science at UFF (2011)Algoritmos Distribu\u00eddos para o Problema de Atribui\u00e7\u00e3o de Clientes a [&hellip;]<\/p>\n","protected":false},"author":1,"featured_media":0,"parent":0,"menu_order":0,"comment_status":"closed","ping_status":"closed","template":"","meta":{"footnotes":""},"class_list":["post-9","page","type-page","status-publish","hentry"],"_links":{"self":[{"href":"https:\/\/eic.cefet-rj.br\/~rcoutinho\/wp-json\/wp\/v2\/pages\/9","targetHints":{"allow":["GET"]}}],"collection":[{"href":"https:\/\/eic.cefet-rj.br\/~rcoutinho\/wp-json\/wp\/v2\/pages"}],"about":[{"href":"https:\/\/eic.cefet-rj.br\/~rcoutinho\/wp-json\/wp\/v2\/types\/page"}],"author":[{"embeddable":true,"href":"https:\/\/eic.cefet-rj.br\/~rcoutinho\/wp-json\/wp\/v2\/users\/1"}],"replies":[{"embeddable":true,"href":"https:\/\/eic.cefet-rj.br\/~rcoutinho\/wp-json\/wp\/v2\/comments?post=9"}],"version-history":[{"count":10,"href":"https:\/\/eic.cefet-rj.br\/~rcoutinho\/wp-json\/wp\/v2\/pages\/9\/revisions"}],"predecessor-version":[{"id":258,"href":"https:\/\/eic.cefet-rj.br\/~rcoutinho\/wp-json\/wp\/v2\/pages\/9\/revisions\/258"}],"wp:attachment":[{"href":"https:\/\/eic.cefet-rj.br\/~rcoutinho\/wp-json\/wp\/v2\/media?parent=9"}],"curies":[{"name":"wp","href":"https:\/\/api.w.org\/{rel}","templated":true}]}}