{"id":25,"date":"2019-04-15T14:19:39","date_gmt":"2019-04-15T17:19:39","guid":{"rendered":"https:\/\/eic.cefet-rj.br\/~rcoutinho\/?page_id=25"},"modified":"2022-11-11T13:30:40","modified_gmt":"2022-11-11T16:30:40","slug":"projetos","status":"publish","type":"page","link":"https:\/\/eic.cefet-rj.br\/~rcoutinho\/projetos\/","title":{"rendered":"Projetos"},"content":{"rendered":"\n<p><\/p>\n\n\n\n<h2 class=\"wp-block-heading\">Em andamento<\/h2>\n\n\n\n<h3 class=\"wp-block-heading\"><strong>Meninas na Rob\u00f3tica<\/strong><\/h3>\n\n\n\n<p>O objetivo geral do projeto \u00e9 propiciar a constru\u00e7\u00e3o de espa\u00e7os nas escolas voltados \u00e0 participa\u00e7\u00e3o, incentivo e forma\u00e7\u00e3o de meninas e mulheres para a \u00e1rea de rob\u00f3tica. <\/p>\n\n\n\n<p>Processo: 443614\/2018-0 &#8211; Programa: Chamada CNPq\/MCTIC N\u00ba 31\/2018 &#8211; Meninas nas Ci\u00eancias Exatas, Engenharias e Computa\u00e7\u00e3o <\/p>\n\n\n\n<p>Processo: 210.840\/2021 &#8211; Edital 09\/2021 FAPERJ \u2013 Programa Meninas e Mulheres nas Ci\u00eancias Exatas e da Terra, Engenharias e Computa\u00e7\u00e3o <\/p>\n\n\n\n<p> Mais informa\u00e7\u00f5es em: <a href=\"http:\/\/eic.cefet-rj.br\/meninasnarobotica\">http:\/\/eic.cefet-rj.br\/meninasnarobotica<\/a><\/p>\n\n\n\n<h3 class=\"wp-block-heading\"><em>Offloading<\/em> em <em>Fog Computing<\/em> para Aplica\u00e7\u00f5es Inteligentes, Aut\u00f4nomas e de IoT <\/h3>\n\n\n\n<p>Essa pesquisa visa investigar as abordagens de <em>offloading<\/em> que podem ocorrer entre n\u00f3s de IoT, sensores, n\u00f3s da <em>fog <\/em>ou da nuvem, e us\u00e1-las para permitir servi\u00e7os orientados a dados que endere\u00e7am problemas relacionados a demanda por recursos para processamento, armazenamento e an\u00e1lise desses dados.&nbsp; <\/p>\n\n\n\n<p>Edital de Apoio a Projetos de Pesquisa Institucionais do CEFET\/RJ (APP-CAMPI 2019)  <\/p>\n\n\n\n<p>Processo: 211.469\/2019 &#8211; Edital Aux\u00edlio ao Pesquisador Rec\u00e9m-contratado da FAPERJ (ARC 2019)<\/p>\n\n\n\n<p><\/p>\n\n\n\n<h2 class=\"wp-block-heading\">Conclu\u00eddos<\/h2>\n\n\n\n<h3 class=\"wp-block-heading\">Rumo a um Framework Computacional baseado em Nuvem para Ci\u00eancia de Dados em Produ\u00e7\u00e3o Energ\u00e9tica<\/h3>\n\n\n\n<p>Esse projeto consiste no desenvolvimento de um framework computacional baseado em nuvem para prover recursos necess\u00e1rios para extra\u00e7\u00e3o, armazenamento, avalia\u00e7\u00e3o e processamento de dados em sistemas fotovoltaicos. <\/p>\n\n\n\n<p>Edital de Apoio a Projetos de Pesquisa Institucionais do CEFET\/RJ (APP-CAMPI 2018)  <\/p>\n\n\n\n<p><\/p>\n\n\n\n<h3 class=\"wp-block-heading\">Provisionamento de uma Infraestrutura de Nuvem de Computadores Interna aplicada a Projetos de Engenharia<\/h3>\n\n\n\n<p>O objetivo \u00e9 criar um ambiente de nuvem que auxilie o desenvolvimento de aplica\u00e7\u00f5es associadas a projetos de pesquisa, projetos de extens\u00e3o e projetos finais de curso da \u00e1rea da engenharia no CEFET-RJ Campus Nova Igua\u00e7u, que necessitem de processamento remoto, seja pela alta complexidade dos algoritmos utilizados ou pela necessidade de armazenamento de dados globais inerentes \u00e0 aplica\u00e7\u00e3o.<\/p>\n\n\n\n<p>Edital de Apoio a Projetos de Pesquisa Institucionais do CEFET\/RJ (APP-CAMPI 2017)   <\/p>\n\n\n\n<h3 class=\"wp-block-heading\">Otimizador MALHA BRASIL &#8211; Fase II &#8211; Solu\u00e7\u00f5es Log\u00edsticas com Uso de Programa\u00e7\u00e3o Linear Inteira Mista<\/h3>\n\n\n\n<p>Este projeto de pesquisa visa continuar o desenvolvimento de um m\u00f3dulo computacional de otimiza\u00e7\u00e3o utilizando a tecnologia de programa\u00e7\u00e3o inteira para realizar o planejamento de n\u00edvel t\u00e1tico da distribui\u00e7\u00e3o de derivados de petr\u00f3leo pela PETROBRAS em todo o territ\u00f3rio nacional, definindo os tamanhos dos lotes a serem transportados ao longo de um horizonte de tempo de at\u00e9 3 meses pelos modais de transporte dispon\u00edveis, principalmente navios e dutos. Neste escopo, deve-se aprimorar o modelo de otimiza\u00e7\u00e3o existente de modo a considerar outros detalhes do problema que s\u00e3o importantes na opera\u00e7\u00e3o real e a obter solu\u00e7\u00f5es de boa qualidade de forma mais robusta..  <\/p>\n\n\n\n<h3 class=\"wp-block-heading\">Otimiza\u00e7\u00e3o da Movimenta\u00e7\u00e3o de Lotes de Derivados de Petr\u00f3leo e de Biocombust\u00edveis<\/h3>\n\n\n\n<p>Projeto de pesquisa visando desenvolver um m\u00f3dulo computacional de otimiza\u00e7\u00e3o utilizando a tecnologia de programa\u00e7\u00e3o inteira para realizar o planejamento de n\u00edvel t\u00e1tico da distribui\u00e7\u00e3o de derivados de petr\u00f3leo e de biocombust\u00edveis pela Petrobras em todo o territ\u00f3rio nacional, definindo os tamanhos dos lotes a serem transportados ao longo de um horizonte de tempo de at\u00e9 3 meses pelos modais de transporte dispon\u00edveis, principalmente navios, dutos e ferrovias.. <br><br><\/p>\n\n\n\n<p>  <\/p>\n","protected":false},"excerpt":{"rendered":"<p>Em andamento Meninas na Rob\u00f3tica O objetivo geral do projeto \u00e9 propiciar a constru\u00e7\u00e3o de espa\u00e7os nas escolas voltados \u00e0 participa\u00e7\u00e3o, incentivo e forma\u00e7\u00e3o de meninas e mulheres para a \u00e1rea de rob\u00f3tica. Processo: 443614\/2018-0 &#8211; Programa: Chamada CNPq\/MCTIC N\u00ba 31\/2018 &#8211; Meninas nas Ci\u00eancias Exatas, Engenharias e Computa\u00e7\u00e3o Processo: 210.840\/2021 &#8211; Edital 09\/2021 FAPERJ [&hellip;]<\/p>\n","protected":false},"author":1,"featured_media":0,"parent":0,"menu_order":0,"comment_status":"closed","ping_status":"closed","template":"","meta":{"footnotes":""},"class_list":["post-25","page","type-page","status-publish","hentry"],"_links":{"self":[{"href":"https:\/\/eic.cefet-rj.br\/~rcoutinho\/wp-json\/wp\/v2\/pages\/25","targetHints":{"allow":["GET"]}}],"collection":[{"href":"https:\/\/eic.cefet-rj.br\/~rcoutinho\/wp-json\/wp\/v2\/pages"}],"about":[{"href":"https:\/\/eic.cefet-rj.br\/~rcoutinho\/wp-json\/wp\/v2\/types\/page"}],"author":[{"embeddable":true,"href":"https:\/\/eic.cefet-rj.br\/~rcoutinho\/wp-json\/wp\/v2\/users\/1"}],"replies":[{"embeddable":true,"href":"https:\/\/eic.cefet-rj.br\/~rcoutinho\/wp-json\/wp\/v2\/comments?post=25"}],"version-history":[{"count":6,"href":"https:\/\/eic.cefet-rj.br\/~rcoutinho\/wp-json\/wp\/v2\/pages\/25\/revisions"}],"predecessor-version":[{"id":118,"href":"https:\/\/eic.cefet-rj.br\/~rcoutinho\/wp-json\/wp\/v2\/pages\/25\/revisions\/118"}],"wp:attachment":[{"href":"https:\/\/eic.cefet-rj.br\/~rcoutinho\/wp-json\/wp\/v2\/media?parent=25"}],"curies":[{"name":"wp","href":"https:\/\/api.w.org\/{rel}","templated":true}]}}