{"id":14,"date":"2019-04-15T14:03:25","date_gmt":"2019-04-15T17:03:25","guid":{"rendered":"https:\/\/eic.cefet-rj.br\/~rcoutinho\/?page_id=14"},"modified":"2023-12-08T21:57:49","modified_gmt":"2023-12-09T00:57:49","slug":"disciplinas","status":"publish","type":"page","link":"https:\/\/eic.cefet-rj.br\/~rcoutinho\/disciplinas\/","title":{"rendered":"Disciplinas"},"content":{"rendered":"\n<ul class=\"wp-block-list\">\n<li>Banco de Dados<\/li>\n\n\n\n<li>Computa\u00e7\u00e3o Paralela e Distribu\u00edda<\/li>\n\n\n\n<li>Microprocessadores<\/li>\n\n\n\n<li>Programa\u00e7\u00e3o de Computadores I (linguagem C)<\/li>\n\n\n\n<li>Programa\u00e7\u00e3o de Computadores II  (linguagem Java)<\/li>\n<\/ul>\n\n\n\n<p><\/p>\n","protected":false},"excerpt":{"rendered":"","protected":false},"author":1,"featured_media":0,"parent":0,"menu_order":0,"comment_status":"closed","ping_status":"closed","template":"","meta":{"footnotes":""},"class_list":["post-14","page","type-page","status-publish","hentry"],"_links":{"self":[{"href":"https:\/\/eic.cefet-rj.br\/~rcoutinho\/wp-json\/wp\/v2\/pages\/14","targetHints":{"allow":["GET"]}}],"collection":[{"href":"https:\/\/eic.cefet-rj.br\/~rcoutinho\/wp-json\/wp\/v2\/pages"}],"about":[{"href":"https:\/\/eic.cefet-rj.br\/~rcoutinho\/wp-json\/wp\/v2\/types\/page"}],"author":[{"embeddable":true,"href":"https:\/\/eic.cefet-rj.br\/~rcoutinho\/wp-json\/wp\/v2\/users\/1"}],"replies":[{"embeddable":true,"href":"https:\/\/eic.cefet-rj.br\/~rcoutinho\/wp-json\/wp\/v2\/comments?post=14"}],"version-history":[{"count":10,"href":"https:\/\/eic.cefet-rj.br\/~rcoutinho\/wp-json\/wp\/v2\/pages\/14\/revisions"}],"predecessor-version":[{"id":259,"href":"https:\/\/eic.cefet-rj.br\/~rcoutinho\/wp-json\/wp\/v2\/pages\/14\/revisions\/259"}],"wp:attachment":[{"href":"https:\/\/eic.cefet-rj.br\/~rcoutinho\/wp-json\/wp\/v2\/media?parent=14"}],"curies":[{"name":"wp","href":"https:\/\/api.w.org\/{rel}","templated":true}]}}