{"id":103,"date":"2022-11-11T13:16:00","date_gmt":"2022-11-11T16:16:00","guid":{"rendered":"https:\/\/eic.cefet-rj.br\/~rcoutinho\/?page_id=103"},"modified":"2022-11-11T13:18:59","modified_gmt":"2022-11-11T16:18:59","slug":"grupo-de-pesquisa-computacao-paralela-e-distribuida","status":"publish","type":"page","link":"https:\/\/eic.cefet-rj.br\/~rcoutinho\/grupo-de-pesquisa-computacao-paralela-e-distribuida\/","title":{"rendered":"Grupo de Pesquisa: Computa\u00e7\u00e3o Paralela e Distribu\u00edda"},"content":{"rendered":"\n<p> A \u00e1rea de <strong>Computa\u00e7\u00e3o Paralela e Distribu\u00edda<\/strong> \u00e9 aplicada em diversos problemas que exigem computa\u00e7\u00e3o de alto desempenho, t\u00e9cnicas de paralelismo e\/ou computa\u00e7\u00e3o em larga escala centrada a dados. As iniciativas principais desse grupo s\u00e3o: <\/p>\n\n\n\n<ol class=\"wp-block-list\"><li>Desenvolvimento de <em>workflows<\/em> cient\u00edficos para ger\u00eancia e an\u00e1lise de dados em larga escala (<em>Big Data<\/em>) com o objetivo de otimizar suas execu\u00e7\u00f5es em ambientes paralelos e distribu\u00eddos; <\/li><li>Estudo dos modelos de nuvens computacionais para o problema da ger\u00eancia de recursos em suas aplica\u00e7\u00f5es com o objetivo de projetar algoritmos distribu\u00eddos que administre as necessidades das aplica\u00e7\u00f5es automaticamente, e <\/li><li>Modelagem de problemas relacionados a computa\u00e7\u00e3o distribu\u00edda e computa\u00e7\u00e3o em nuvem com problemas de otimiza\u00e7\u00e3o. <\/li><\/ol>\n\n\n\n<h4 class=\"wp-block-heading\">Linhas de Pesquisas<\/h4>\n\n\n\n<ul class=\"wp-block-list\"><li><strong>Computa\u00e7\u00e3o de Alto Desempenho em Modelagem e Simula\u00e7\u00e3o<\/strong><ul><li> O objetivo desta linha \u00e9 utilizar t\u00e9cnicas de processamento paralelo e distribu\u00eddo para a redu\u00e7\u00e3o do tempo de simula\u00e7\u00e3o de aplica\u00e7\u00f5es e modelos que envolvem m\u00e9todos eficientes para problemas cotidianos, cient\u00edficos ou de engenharia. <\/li><li><em>Palavras-chaves: <\/em>Modelagem computacional, Simula\u00e7\u00e3o,<br>Processamento Paralelo e Distribu\u00eddo.<\/li><\/ul><\/li><li><strong>Computa\u00e7\u00e3o em Nuvem<\/strong><ul><li>O objetivo desta linha \u00e9 propor solu\u00e7\u00f5es para o problema da ger\u00eancia de recursos em nuvens computacionais e modelar problemas relacionados a computa\u00e7\u00e3o distribu\u00edda e computa\u00e7\u00e3o em nuvem como problemas de otimiza\u00e7\u00e3o.<\/li><li> <em>Palavras-chaves: <\/em> Gerenciamento de recursos, Otimiza\u00e7\u00e3o Combinat\u00f3ria, Virtualiza\u00e7\u00e3o.<\/li><\/ul><\/li><li><strong>Ger\u00eancia, Integra\u00e7\u00e3o e <em>Workflows<\/em> em<em> Big Data<\/em><\/strong><ul><li>O objetivo deste linha \u00e9 utilizar processamento de alto desempenho para viabilizar a an\u00e1lise de dados em larga escala (<em>Big Data<\/em>) propondo solu\u00e7\u00f5es para os desafios inerentes a essas an\u00e1lises, comumente modeladas como <em>workflows<\/em>.<\/li><li>  <em>Palavras-chaves: <\/em> <em>Data Intensive Scalable Computing<\/em>, Computa\u00e7\u00e3o de Alto Desempenho, <em>Big Data<\/em><\/li><\/ul><\/li><\/ul>\n\n\n\n<h4 class=\"wp-block-heading\"> L\u00edder do grupo: Profa. Rafaelli de Carvalho Coutinho <\/h4>\n","protected":false},"excerpt":{"rendered":"<p>A \u00e1rea de Computa\u00e7\u00e3o Paralela e Distribu\u00edda \u00e9 aplicada em diversos problemas que exigem computa\u00e7\u00e3o de alto desempenho, t\u00e9cnicas de paralelismo e\/ou computa\u00e7\u00e3o em larga escala centrada a dados. As iniciativas principais desse grupo s\u00e3o: Desenvolvimento de workflows cient\u00edficos para ger\u00eancia e an\u00e1lise de dados em larga escala (Big Data) com o objetivo de otimizar [&hellip;]<\/p>\n","protected":false},"author":1,"featured_media":0,"parent":0,"menu_order":0,"comment_status":"closed","ping_status":"closed","template":"","meta":{"footnotes":""},"class_list":["post-103","page","type-page","status-publish","hentry"],"_links":{"self":[{"href":"https:\/\/eic.cefet-rj.br\/~rcoutinho\/wp-json\/wp\/v2\/pages\/103","targetHints":{"allow":["GET"]}}],"collection":[{"href":"https:\/\/eic.cefet-rj.br\/~rcoutinho\/wp-json\/wp\/v2\/pages"}],"about":[{"href":"https:\/\/eic.cefet-rj.br\/~rcoutinho\/wp-json\/wp\/v2\/types\/page"}],"author":[{"embeddable":true,"href":"https:\/\/eic.cefet-rj.br\/~rcoutinho\/wp-json\/wp\/v2\/users\/1"}],"replies":[{"embeddable":true,"href":"https:\/\/eic.cefet-rj.br\/~rcoutinho\/wp-json\/wp\/v2\/comments?post=103"}],"version-history":[{"count":6,"href":"https:\/\/eic.cefet-rj.br\/~rcoutinho\/wp-json\/wp\/v2\/pages\/103\/revisions"}],"predecessor-version":[{"id":109,"href":"https:\/\/eic.cefet-rj.br\/~rcoutinho\/wp-json\/wp\/v2\/pages\/103\/revisions\/109"}],"wp:attachment":[{"href":"https:\/\/eic.cefet-rj.br\/~rcoutinho\/wp-json\/wp\/v2\/media?parent=103"}],"curies":[{"name":"wp","href":"https:\/\/api.w.org\/{rel}","templated":true}]}}