{"id":44,"date":"2019-04-13T18:49:13","date_gmt":"2019-04-13T21:49:13","guid":{"rendered":"https:\/\/eic.cefet-rj.br\/~pgonzalez\/about\/"},"modified":"2021-10-04T20:31:27","modified_gmt":"2021-10-04T23:31:27","slug":"about","status":"publish","type":"page","link":"https:\/\/eic.cefet-rj.br\/~pgonzalez\/","title":{"rendered":"Biografia"},"content":{"rendered":"\n<style>\n* {\n  \/*box-sizing: border-box;*\/\n}\n\/* Create two equal columns that floats next to each other *\/\n.column {\n  float: left;\n  width: 50%;\n  padding: 10px;\n  box-sizing: border-box;\n  height: 300px; \/* Should be removed. Only for demonstration *\/\n}\n.left {\n  width: 40%;\n}\n.right {\n  width: 60%;\n}\n\/* Clear floats after the columns *\/\n.row:after {\n  content: \"\";\n  display: table;\n  clear: both;\n}\n<\/style>\n<div class=\"row\">\n  <div class=\"column left\">\n<center>\n<br>\n<img decoding=\"async\" src=\"https:\/\/eic.cefet-rj.br\/~pgonzalez\/wp-content\/uploads\/2020\/08\/0-1.jpg\" style=\"width:75%\">\n<\/center>\n  <\/div>\n  <div class=\"column right\">\n<p style=\"text-align: justify;\">Formado em Matem\u00e1tica pela Universidade do Estado do Rio de Janeiro (2009). Mestre em Ci\u00eancias Computacionais pela Universidade do Estado do Rio de Janeiro (2012). Doutor em Computa\u00e7\u00e3o pela Universidade Federal Fluminense (2015) e em Informatique pela Universidade de Avignon e Pays de Vaucluse em um esquema de cotutela (2015). Conduziu pesquisa de p\u00f3s-doutorado na Universidade Federal do Rio de Janeiro com foco em Otimiza\u00e7\u00e3o Combinat\u00f3ria (2016). Professor EBTT no Centro Federal de Educa\u00e7\u00e3o Tecnol\u00f3gica do Rio de Janeiro (CEFET\/RJ) desde 2017, com atua\u00e7\u00e3o no Departamento de Inform\u00e1tica (DEPIN), no Programa de P\u00f3s-gradua\u00e7\u00e3o em Ci\u00eancia da Computa\u00e7\u00e3o (PPCIC), desde 2019, e no Programa de P\u00f3s-gradua\u00e7\u00e3o em Engenharia de Produ\u00e7\u00e3o e Sistemas (PPPRO), desde 2021. L\u00edder do grupo de pesquisa Otimiza\u00e7\u00e3o Combinat\u00f3ria e Aplica\u00e7\u00f5es (OCA\/CNPq). Tem interesse e experi\u00eancia nas \u00e1reas: Otimiza\u00e7\u00e3o Combinat\u00f3ria, Metaheur\u00edsticas, Programa\u00e7\u00e3o Linear e Inteira, M\u00e9todos H\u00edbridos, Pesquisa Operacional e Design de Algoritmos.<\/p>\n  <\/div>\n<\/div>\n\n\n\n\n<p><\/p>\n","protected":false},"excerpt":{"rendered":"<p>Formado em Matem\u00e1tica pela Universidade do Estado do Rio de Janeiro (2009). Mestre em Ci\u00eancias Computacionais pela Universidade do Estado do Rio de Janeiro (2012). Doutor em Computa\u00e7\u00e3o pela Universidade Federal Fluminense (2015) e em Informatique pela Universidade de Avignon e Pays de Vaucluse em um esquema de cotutela (2015). Conduziu pesquisa de p\u00f3s-doutorado na [&hellip;]<\/p>\n","protected":false},"author":1,"featured_media":0,"parent":0,"menu_order":0,"comment_status":"closed","ping_status":"closed","template":"","meta":{"footnotes":""},"class_list":["post-44","page","type-page","status-publish","hentry"],"_links":{"self":[{"href":"https:\/\/eic.cefet-rj.br\/~pgonzalez\/wp-json\/wp\/v2\/pages\/44","targetHints":{"allow":["GET"]}}],"collection":[{"href":"https:\/\/eic.cefet-rj.br\/~pgonzalez\/wp-json\/wp\/v2\/pages"}],"about":[{"href":"https:\/\/eic.cefet-rj.br\/~pgonzalez\/wp-json\/wp\/v2\/types\/page"}],"author":[{"embeddable":true,"href":"https:\/\/eic.cefet-rj.br\/~pgonzalez\/wp-json\/wp\/v2\/users\/1"}],"replies":[{"embeddable":true,"href":"https:\/\/eic.cefet-rj.br\/~pgonzalez\/wp-json\/wp\/v2\/comments?post=44"}],"version-history":[{"count":90,"href":"https:\/\/eic.cefet-rj.br\/~pgonzalez\/wp-json\/wp\/v2\/pages\/44\/revisions"}],"predecessor-version":[{"id":310,"href":"https:\/\/eic.cefet-rj.br\/~pgonzalez\/wp-json\/wp\/v2\/pages\/44\/revisions\/310"}],"wp:attachment":[{"href":"https:\/\/eic.cefet-rj.br\/~pgonzalez\/wp-json\/wp\/v2\/media?parent=44"}],"curies":[{"name":"wp","href":"https:\/\/api.w.org\/{rel}","templated":true}]}}