{"id":20,"date":"2019-04-13T15:44:14","date_gmt":"2019-04-13T18:44:14","guid":{"rendered":"https:\/\/eic.cefet-rj.br\/~pgonzalez\/?page_id=20"},"modified":"2021-11-19T14:33:13","modified_gmt":"2021-11-19T17:33:13","slug":"curriculo","status":"publish","type":"page","link":"https:\/\/eic.cefet-rj.br\/~pgonzalez\/curriculo\/","title":{"rendered":"Curr\u00edculo"},"content":{"rendered":"\n<ul>\n<li><a href=\"http:\/\/lattes.cnpq.br\/5349830056087028\" target=\"_blanc\" rel=\"noopener noreferrer\">Curr\u00edculo Lattes  &#8211; Portugu\u00eas<\/a> <\/li>\n<li><a href=\"https:\/\/eic.cefet-rj.br\/~pgonzalez\/wp-content\/uploads\/2021\/11\/CV_English.pdf\" target=\"_blanc\" rel=\"noopener noreferrer\">Curr\u00edculo em PDF &#8211; Ingl\u00eas<\/a><\/li>\n<\/ul>\n\n\n\n<p><\/p>\n","protected":false},"excerpt":{"rendered":"<p>Curr\u00edculo Lattes &#8211; Portugu\u00eas Curr\u00edculo em PDF &#8211; Ingl\u00eas<\/p>\n","protected":false},"author":1,"featured_media":0,"parent":0,"menu_order":0,"comment_status":"closed","ping_status":"closed","template":"","meta":{"footnotes":""},"class_list":["post-20","page","type-page","status-publish","hentry"],"_links":{"self":[{"href":"https:\/\/eic.cefet-rj.br\/~pgonzalez\/wp-json\/wp\/v2\/pages\/20","targetHints":{"allow":["GET"]}}],"collection":[{"href":"https:\/\/eic.cefet-rj.br\/~pgonzalez\/wp-json\/wp\/v2\/pages"}],"about":[{"href":"https:\/\/eic.cefet-rj.br\/~pgonzalez\/wp-json\/wp\/v2\/types\/page"}],"author":[{"embeddable":true,"href":"https:\/\/eic.cefet-rj.br\/~pgonzalez\/wp-json\/wp\/v2\/users\/1"}],"replies":[{"embeddable":true,"href":"https:\/\/eic.cefet-rj.br\/~pgonzalez\/wp-json\/wp\/v2\/comments?post=20"}],"version-history":[{"count":19,"href":"https:\/\/eic.cefet-rj.br\/~pgonzalez\/wp-json\/wp\/v2\/pages\/20\/revisions"}],"predecessor-version":[{"id":318,"href":"https:\/\/eic.cefet-rj.br\/~pgonzalez\/wp-json\/wp\/v2\/pages\/20\/revisions\/318"}],"wp:attachment":[{"href":"https:\/\/eic.cefet-rj.br\/~pgonzalez\/wp-json\/wp\/v2\/media?parent=20"}],"curies":[{"name":"wp","href":"https:\/\/api.w.org\/{rel}","templated":true}]}}