{"id":64,"date":"2020-07-02T22:21:34","date_gmt":"2020-07-03T01:21:34","guid":{"rendered":"https:\/\/eic.cefet-rj.br\/~lacafe\/?page_id=64"},"modified":"2023-03-04T14:18:31","modified_gmt":"2023-03-04T17:18:31","slug":"egressos","status":"publish","type":"page","link":"https:\/\/eic.cefet-rj.br\/~lacafe\/egressos\/","title":{"rendered":"Egressos"},"content":{"rendered":"\n<pre class=\"wp-block-verse\"><strong>Felipe Oliveira Feder<\/strong>\n<a href=\"http:\/\/lattes.cnpq.br\/5166945003916197\">http:\/\/lattes.cnpq.br\/5166945003916197<\/a>\nMestrado em Ci\u00eancia da Computa\u00e7\u00e3o: 12\/2022\nEstudo comparativo entre abordagens na representa\u00e7\u00e3o textual e algoritmos usados na classifica\u00e7\u00e3o - <a href=\"https:\/\/eic.cefet-rj.br\/~lacafe\/wp-content\/uploads\/2023\/03\/Felipe_Feder_Versao_Final_1.pdf\">PDF<\/a><\/pre>\n\n\n\n<hr class=\"wp-block-separator has-text-color has-background has-very-light-gray-background-color has-very-light-gray-color is-style-wide\"\/>\n\n\n\n<pre class=\"wp-block-verse\"><strong>Helder Yukio Okuno<\/strong>\n<a href=\"http:\/\/lattes.cnpq.br\/1288915712364575\">http:\/\/lattes.cnpq.br\/1288915712364575<\/a>\nMestrado em Ci\u00eancia da Computa\u00e7\u00e3o: 12\/2022\nAudiolivros Multissensoriais: Modelo, Desenvolvimento e Implementa\u00e7\u00e3o de uma nova Experi\u00eancia de Leitura para Usu\u00e1rios com Defici\u00eancia Visual - <a href=\"https:\/\/eic.cefet-rj.br\/~lacafe\/wp-content\/uploads\/2023\/03\/Dissertac\u0327a\u0303oYukio.pdf\">PDF<\/a><\/pre>\n\n\n\n<hr class=\"wp-block-separator has-text-color has-background has-very-light-gray-background-color has-very-light-gray-color is-style-wide\"\/>\n\n\n\n<pre class=\"wp-block-verse\"><strong>Luciana da Costa Varjolo<\/strong>\n<a href=\"http:\/\/lattes.cnpq.br\/6061082816112231\">http:\/\/lattes.cnpq.br\/6061082816112231<\/a>\nMestrado em Ci\u00eancia da Computa\u00e7\u00e3o: 12\/2022\nMERES: uma Metodologia para o Reconhecimento de Palavras com Est\u00edmulos Sonoros e Escritos - <a href=\"https:\/\/eic.cefet-rj.br\/~lacafe\/wp-content\/uploads\/2023\/03\/DissertacaoMestradoLucianaVarjolo.pdf\">PDF<\/a><\/pre>\n\n\n\n<hr class=\"wp-block-separator has-text-color has-background has-very-light-gray-background-color has-very-light-gray-color is-style-wide\"\/>\n\n\n\n<pre class=\"wp-block-verse\"><strong>Thiago Soares de Paula<\/strong>\n<a href=\"http:\/\/lattes.cnpq.br\/1297165254678038\">http:\/\/lattes.cnpq.br\/1297165254678038<\/a>\nMestrado em Ci\u00eancia da Computa\u00e7\u00e3o: 10\/2022\nClassifica\u00e7\u00e3o de not\u00edcias de fraude e corrup\u00e7\u00e3o em portugu\u00eas para instaura\u00e7\u00e3o de processo investigativo - <a href=\"https:\/\/eic.cefet-rj.br\/~lacafe\/wp-content\/uploads\/2023\/03\/DissertacaoThiago.pdf\">PDF<\/a><\/pre>\n\n\n\n<hr class=\"wp-block-separator has-text-color has-background has-very-light-gray-background-color has-very-light-gray-color is-style-wide\"\/>\n\n\n\n<pre class=\"wp-block-verse\"><strong>Leonardo Ferreira dos Santos <\/strong>\n<a href=\"http:\/\/lattes.cnpq.br\/5226769352079256 \">http:\/\/lattes.cnpq.br\/9898383440240299<\/a>\nMestrado em Ci\u00eancia da Computa\u00e7\u00e3o: 04\/2021\nIdentifica\u00e7\u00e3o Autom\u00e1tica de Atividade Predat\u00f3ria Sexual em Conversas Virtuais no Brasil - <a href=\"https:\/\/eic.cefet-rj.br\/ppcic\/wp-content\/uploads\/2021\/04\/38-Leonardo_Ferreira_dos_Santos.pdf\">PDF<\/a><\/pre>\n\n\n\n<hr class=\"wp-block-separator has-text-color has-background has-very-light-gray-background-color has-very-light-gray-color is-style-wide\"\/>\n\n\n\n<pre class=\"wp-block-verse\"><strong>Rodolpho da Silva Nascimento <\/strong>\n<a href=\"http:\/\/lattes.cnpq.br\/5226769352079256 \">http:\/\/lattes.cnpq.br\/4368734763628100<\/a>\nMestrado em Ci\u00eancia da Computa\u00e7\u00e3o: 04\/2021\nUma An\u00e1lise Comparativa entre L\u00e9xicos Afetivos em Portugu\u00eas - <a href=\"https:\/\/eic.cefet-rj.br\/ppcic\/wp-content\/uploads\/2021\/04\/37-Rodolpho-Nascimento.pdf\">PDF<\/a><\/pre>\n\n\n\n<hr class=\"wp-block-separator has-text-color has-background has-very-light-gray-background-color has-very-light-gray-color is-style-wide\"\/>\n\n\n\n<pre class=\"wp-block-verse\"><strong>Alexandre Martins da Cunha <\/strong>\n<a href=\"http:\/\/lattes.cnpq.br\/5226769352079256 \">http:\/\/lattes.cnpq.br\/5226769352079256 <\/a>\nORCID: <a href=\"https:\/\/orcid.org\/0000-0002-6770-7751\">https:\/\/orcid.org\/0000-0002-6770-7751<\/a>\nMestrado em Ci\u00eancia da Computa\u00e7\u00e3o: 12\/2019\nDetec\u00e7\u00e3o de Sinais de Eventos Adversos de Medicamentos em Textos Informais - <a href=\"https:\/\/eic.cefet-rj.br\/ppcic\/wp-content\/uploads\/2019\/12\/12-Alexandre-Martins-da-Cunha.pdf\">PDF<\/a><\/pre>\n\n\n\n<hr class=\"wp-block-separator has-text-color has-background has-very-light-gray-background-color has-very-light-gray-color is-style-wide\"\/>\n\n\n\n<pre class=\"wp-block-verse\"><strong>Gabriel Nascimento dos Santos<\/strong>\n<a href=\"http:\/\/lattes.cnpq.br\/5306702950602568\">http:\/\/lattes.cnpq.br\/5306702950602568<\/a>\nMestrado em Ci\u00eancia da Computa\u00e7\u00e3o: 07\/2019\nT\u00edtulo: Tratamento de Palavras Fora do Vocabul\u00e1rio em Tarefas de An\u00e1lise de Sentimentos com L\u00c9XICOS - <a href=\"https:\/\/eic.cefet-rj.br\/ppcic\/wp-content\/uploads\/2019\/06\/10-Gabriel-Nascimento-dos-Santos.pdf\">PDF<\/a><\/pre>\n\n\n\n<hr class=\"wp-block-separator has-text-color has-background has-very-light-gray-background-color has-very-light-gray-color is-style-wide\"\/>\n\n\n\n<pre class=\"wp-block-verse\"><strong>Flavio Matias Damasceno de Carvalho <\/strong>\n<a href=\"http:\/\/lattes.cnpq.br\/9292243089234450 \">http:\/\/lattes.cnpq.br\/9292243089234450 <\/a>\nOrcid iD: <a href=\"https:\/\/orcid.org\/0000-0003-4317-5700\">https:\/\/orcid.org\/0000-0003-4317-5700<\/a> \nMestrado em Ci\u00eancia da Computa\u00e7\u00e3o : 03\/2019\nT\u00edtulo: Desenvolvimento do Dicion\u00e1rio LIWC 2015 em Portugu\u00eas do Brasil - <a href=\"https:\/\/eic.cefet-rj.br\/ppcic\/wp-content\/uploads\/2019\/03\/08-Flavio-Matias-Damaceno-de-Carvalho.pdf\">PDF<\/a><\/pre>\n\n\n\n<hr class=\"wp-block-separator has-text-color has-background has-very-light-gray-background-color has-very-light-gray-color is-style-wide\"\/>\n\n\n\n<pre class=\"wp-block-verse\"><strong>Rafael Guimar\u00e3es Rodrigues<\/strong>\n<a href=\"http:\/\/lattes.cnpq.br\/8104715423380929\">http:\/\/lattes.cnpq.br\/8104715423380929<\/a>\nMestrado em Ci\u00eancia da Computa\u00e7\u00e3o: 06\/2018\nT\u00edtulo: Aspectos Sem\u00e2nticos em Tradu\u00e7\u00f5es Autom\u00e1ticas de Textos - <a href=\"https:\/\/eic.cefet-rj.br\/ppcic\/wp-content\/uploads\/2018\/05\/01-Rafael-Guimar\u00e3es-Rodrigues.pdf\">PDF<\/a><\/pre>\n","protected":false},"excerpt":{"rendered":"<p>Felipe Oliveira Feder http:\/\/lattes.cnpq.br\/5166945003916197 Mestrado em Ci\u00eancia da Computa\u00e7\u00e3o: 12\/2022 Estudo comparativo entre abordagens na representa\u00e7\u00e3o textual e algoritmos usados<\/p>\n","protected":false},"author":1,"featured_media":0,"parent":0,"menu_order":0,"comment_status":"closed","ping_status":"closed","template":"","meta":{"colormag_page_container_layout":"default_layout","colormag_page_sidebar_layout":"default_layout","footnotes":""},"class_list":["post-64","page","type-page","status-publish","hentry"],"_links":{"self":[{"href":"https:\/\/eic.cefet-rj.br\/~lacafe\/wp-json\/wp\/v2\/pages\/64","targetHints":{"allow":["GET"]}}],"collection":[{"href":"https:\/\/eic.cefet-rj.br\/~lacafe\/wp-json\/wp\/v2\/pages"}],"about":[{"href":"https:\/\/eic.cefet-rj.br\/~lacafe\/wp-json\/wp\/v2\/types\/page"}],"author":[{"embeddable":true,"href":"https:\/\/eic.cefet-rj.br\/~lacafe\/wp-json\/wp\/v2\/users\/1"}],"replies":[{"embeddable":true,"href":"https:\/\/eic.cefet-rj.br\/~lacafe\/wp-json\/wp\/v2\/comments?post=64"}],"version-history":[{"count":18,"href":"https:\/\/eic.cefet-rj.br\/~lacafe\/wp-json\/wp\/v2\/pages\/64\/revisions"}],"predecessor-version":[{"id":264,"href":"https:\/\/eic.cefet-rj.br\/~lacafe\/wp-json\/wp\/v2\/pages\/64\/revisions\/264"}],"wp:attachment":[{"href":"https:\/\/eic.cefet-rj.br\/~lacafe\/wp-json\/wp\/v2\/media?parent=64"}],"curies":[{"name":"wp","href":"https:\/\/api.w.org\/{rel}","templated":true}]}}