{"id":34,"date":"2020-07-02T21:01:46","date_gmt":"2020-07-03T00:01:46","guid":{"rendered":"https:\/\/eic.cefet-rj.br\/~lacafe\/?page_id=34"},"modified":"2020-07-02T21:01:46","modified_gmt":"2020-07-03T00:01:46","slug":"premios","status":"publish","type":"page","link":"https:\/\/eic.cefet-rj.br\/~lacafe\/premios\/","title":{"rendered":"Pr\u00eamios"},"content":{"rendered":"\n<p>SANTOS, L.; GUEDES, Gustavo. Identifica\u00e7\u00e3o de predadores sexuais brasileiros por meio de an\u00e1lise de conversas realizadas na Internet. BRASNAM \u2013 III Brazilian Workshop on Social Network Analysis and Mining, 2019, 2019. (Men\u00e7\u00e3o honrosa)<\/p>\n\n\n\n<hr class=\"wp-block-separator has-text-color has-background has-very-light-gray-background-color has-very-light-gray-color is-style-wide\"\/>\n\n\n\n<p>RODRIGUES, R. G.; GUEDES, Gustavo Paiva. TATModel: Em Dire\u00e7\u00e3o a um Novo Modelo para Avalia\u00e7\u00e3o de Tradu\u00e7\u00f5es Autom\u00e1ticas de Texto In: KDMiLe \u2013 Symposium on Knowledge Discovery, Mining and Learning, 2017, Uberl\u00e2ndia. KDMiLe \u2013 Symposium on Knowledge Discovery, Mining and Learning. , 2017. (Pr\u00eamio de primeiro lugar como melhor artigo)<\/p>\n\n\n\n<hr class=\"wp-block-separator has-text-color has-background has-very-light-gray-background-color has-very-light-gray-color is-style-wide\"\/>\n\n\n\n<p>GUEDES, G. P.; BEZERRA, E. ; OGASAWARA, E. . Exploring Multiple Clustering in Attributed Graphs.. In: ACM Symposium on Applied Computing, 2015, Salamanca ,Spain. SAC 2015, 2015. (Men\u00e7\u00e3o honrosa)<\/p>\n","protected":false},"excerpt":{"rendered":"<p>SANTOS, L.; GUEDES, Gustavo. Identifica\u00e7\u00e3o de predadores sexuais brasileiros por meio de an\u00e1lise de conversas realizadas na Internet. BRASNAM \u2013<\/p>\n","protected":false},"author":1,"featured_media":0,"parent":0,"menu_order":0,"comment_status":"closed","ping_status":"closed","template":"","meta":{"colormag_page_container_layout":"default_layout","colormag_page_sidebar_layout":"default_layout","footnotes":""},"class_list":["post-34","page","type-page","status-publish","hentry"],"_links":{"self":[{"href":"https:\/\/eic.cefet-rj.br\/~lacafe\/wp-json\/wp\/v2\/pages\/34","targetHints":{"allow":["GET"]}}],"collection":[{"href":"https:\/\/eic.cefet-rj.br\/~lacafe\/wp-json\/wp\/v2\/pages"}],"about":[{"href":"https:\/\/eic.cefet-rj.br\/~lacafe\/wp-json\/wp\/v2\/types\/page"}],"author":[{"embeddable":true,"href":"https:\/\/eic.cefet-rj.br\/~lacafe\/wp-json\/wp\/v2\/users\/1"}],"replies":[{"embeddable":true,"href":"https:\/\/eic.cefet-rj.br\/~lacafe\/wp-json\/wp\/v2\/comments?post=34"}],"version-history":[{"count":1,"href":"https:\/\/eic.cefet-rj.br\/~lacafe\/wp-json\/wp\/v2\/pages\/34\/revisions"}],"predecessor-version":[{"id":35,"href":"https:\/\/eic.cefet-rj.br\/~lacafe\/wp-json\/wp\/v2\/pages\/34\/revisions\/35"}],"wp:attachment":[{"href":"https:\/\/eic.cefet-rj.br\/~lacafe\/wp-json\/wp\/v2\/media?parent=34"}],"curies":[{"name":"wp","href":"https:\/\/api.w.org\/{rel}","templated":true}]}}