{"id":244,"date":"2023-01-11T15:54:33","date_gmt":"2023-01-11T18:54:33","guid":{"rendered":"https:\/\/eic.cefet-rj.br\/~lacafe\/?page_id=244"},"modified":"2023-01-11T15:54:34","modified_gmt":"2023-01-11T18:54:34","slug":"diff-no-word-marcacao-de-alteracoes","status":"publish","type":"page","link":"https:\/\/eic.cefet-rj.br\/~lacafe\/diff-no-word-marcacao-de-alteracoes\/","title":{"rendered":"Diff no word &#8211; marca\u00e7\u00e3o de altera\u00e7\u00f5es"},"content":{"rendered":"\n<figure class=\"wp-block-image size-large\"><img loading=\"lazy\" decoding=\"async\" width=\"1024\" height=\"829\" src=\"https:\/\/eic.cefet-rj.br\/~lacafe\/wp-content\/uploads\/2023\/01\/Captura-de-Tela-2023-01-11-a\u0300s-15.45.00-1024x829.png\" alt=\"\" class=\"wp-image-245\" srcset=\"https:\/\/eic.cefet-rj.br\/~lacafe\/wp-content\/uploads\/2023\/01\/Captura-de-Tela-2023-01-11-a\u0300s-15.45.00-1024x829.png 1024w, https:\/\/eic.cefet-rj.br\/~lacafe\/wp-content\/uploads\/2023\/01\/Captura-de-Tela-2023-01-11-a\u0300s-15.45.00-300x243.png 300w, https:\/\/eic.cefet-rj.br\/~lacafe\/wp-content\/uploads\/2023\/01\/Captura-de-Tela-2023-01-11-a\u0300s-15.45.00-768x622.png 768w, https:\/\/eic.cefet-rj.br\/~lacafe\/wp-content\/uploads\/2023\/01\/Captura-de-Tela-2023-01-11-a\u0300s-15.45.00.png 1042w\" sizes=\"auto, (max-width: 1024px) 100vw, 1024px\" \/><\/figure>\n\n\n\n<p>Para fazer um diff no Word conforme o da figura, siga os tr\u00eas passos abaixo:<\/p>\n\n\n\n<p>1- V\u00e1 em Ferramentas -> controlar altera\u00e7\u00f5es -> real\u00e7ar altera\u00e7\u00f5es. Em <strong>inser\u00e7\u00f5es<\/strong>, coloque somente cor (azul cl\u00e1ssico). Em <strong>exclus\u00f5es<\/strong>, coloque tachado e escolha a cor vermelho cl\u00e1ssico. Em <strong>Linhas alteradas<\/strong>, coloque nenhuma.<\/p>\n\n\n\n<p>2- V\u00e1 em Ferramentas -> controlar altera\u00e7\u00f5es -> Comparar documentos. Escolha o documento <strong>original<\/strong> e o <strong>revisado<\/strong>. Pe\u00e7a para mostrar altera\u00e7\u00f5es em um <strong>novo documento<\/strong>. Clique em ok.<\/p>\n\n\n\n<p>3- As remo\u00e7\u00f5es aparecem como coment\u00e1rios. Para evitar isso, acesse o menu <strong>Revis\u00e3o<\/strong>. Clique em Op\u00e7\u00f5es de Marca\u00e7\u00e3o -> Bal\u00f5es -> Mostrar todas as revis\u00f5es embutidas, conforme figura abaixo:<\/p>\n\n\n\n<figure class=\"wp-block-image size-large\"><img loading=\"lazy\" decoding=\"async\" width=\"850\" height=\"326\" src=\"https:\/\/eic.cefet-rj.br\/~lacafe\/wp-content\/uploads\/2023\/01\/Captura-de-Tela-2023-01-11-a\u0300s-15.53.28.png\" alt=\"\" class=\"wp-image-246\" srcset=\"https:\/\/eic.cefet-rj.br\/~lacafe\/wp-content\/uploads\/2023\/01\/Captura-de-Tela-2023-01-11-a\u0300s-15.53.28.png 850w, https:\/\/eic.cefet-rj.br\/~lacafe\/wp-content\/uploads\/2023\/01\/Captura-de-Tela-2023-01-11-a\u0300s-15.53.28-300x115.png 300w, https:\/\/eic.cefet-rj.br\/~lacafe\/wp-content\/uploads\/2023\/01\/Captura-de-Tela-2023-01-11-a\u0300s-15.53.28-768x295.png 768w\" sizes=\"auto, (max-width: 850px) 100vw, 850px\" \/><\/figure>\n\n\n\n<p>Espero ter ajudado.<\/p>\n","protected":false},"excerpt":{"rendered":"<p>Para fazer um diff no Word conforme o da figura, siga os tr\u00eas passos abaixo: 1- V\u00e1 em Ferramentas -><\/p>\n","protected":false},"author":1,"featured_media":0,"parent":0,"menu_order":0,"comment_status":"closed","ping_status":"closed","template":"","meta":{"colormag_page_container_layout":"default_layout","colormag_page_sidebar_layout":"default_layout","footnotes":""},"class_list":["post-244","page","type-page","status-publish","hentry"],"_links":{"self":[{"href":"https:\/\/eic.cefet-rj.br\/~lacafe\/wp-json\/wp\/v2\/pages\/244","targetHints":{"allow":["GET"]}}],"collection":[{"href":"https:\/\/eic.cefet-rj.br\/~lacafe\/wp-json\/wp\/v2\/pages"}],"about":[{"href":"https:\/\/eic.cefet-rj.br\/~lacafe\/wp-json\/wp\/v2\/types\/page"}],"author":[{"embeddable":true,"href":"https:\/\/eic.cefet-rj.br\/~lacafe\/wp-json\/wp\/v2\/users\/1"}],"replies":[{"embeddable":true,"href":"https:\/\/eic.cefet-rj.br\/~lacafe\/wp-json\/wp\/v2\/comments?post=244"}],"version-history":[{"count":1,"href":"https:\/\/eic.cefet-rj.br\/~lacafe\/wp-json\/wp\/v2\/pages\/244\/revisions"}],"predecessor-version":[{"id":247,"href":"https:\/\/eic.cefet-rj.br\/~lacafe\/wp-json\/wp\/v2\/pages\/244\/revisions\/247"}],"wp:attachment":[{"href":"https:\/\/eic.cefet-rj.br\/~lacafe\/wp-json\/wp\/v2\/media?parent=244"}],"curies":[{"name":"wp","href":"https:\/\/api.w.org\/{rel}","templated":true}]}}