{"id":240,"date":"2022-12-28T10:06:27","date_gmt":"2022-12-28T13:06:27","guid":{"rendered":"https:\/\/eic.cefet-rj.br\/~lacafe\/?page_id=240"},"modified":"2022-12-28T10:06:27","modified_gmt":"2022-12-28T13:06:27","slug":"ficha-catalografica","status":"publish","type":"page","link":"https:\/\/eic.cefet-rj.br\/~lacafe\/ficha-catalografica\/","title":{"rendered":"Ficha catalogr\u00e1fica"},"content":{"rendered":"\n<p>Os termos na ficha catalogr\u00e1fica s\u00e3o provenientes da Biblioteca Nacional. <\/p>\n\n\n\n<p>Use apenas termos provenientes do Cat\u00e1logo da Biblioteca Nacional. Clicar na palavra &#8220;Autoridades&#8221; e, em seguida, alterar a &#8220;Busca por autoridade&#8221; para &#8220;Termo T\u00f3pico&#8221;, para localizar um assunto espec\u00edfico. Buscar em m\u00e9dia 4 termos. <\/p>\n\n\n\n<p><a href=\"https:\/\/acervo.bn.br\/\">https:\/\/acervo.bn.br\/<\/a><\/p>\n","protected":false},"excerpt":{"rendered":"<p>Os termos na ficha catalogr\u00e1fica s\u00e3o provenientes da Biblioteca Nacional. Use apenas termos provenientes do Cat\u00e1logo da Biblioteca Nacional. Clicar<\/p>\n","protected":false},"author":1,"featured_media":0,"parent":0,"menu_order":0,"comment_status":"closed","ping_status":"closed","template":"","meta":{"colormag_page_container_layout":"default_layout","colormag_page_sidebar_layout":"default_layout","footnotes":""},"class_list":["post-240","page","type-page","status-publish","hentry"],"_links":{"self":[{"href":"https:\/\/eic.cefet-rj.br\/~lacafe\/wp-json\/wp\/v2\/pages\/240","targetHints":{"allow":["GET"]}}],"collection":[{"href":"https:\/\/eic.cefet-rj.br\/~lacafe\/wp-json\/wp\/v2\/pages"}],"about":[{"href":"https:\/\/eic.cefet-rj.br\/~lacafe\/wp-json\/wp\/v2\/types\/page"}],"author":[{"embeddable":true,"href":"https:\/\/eic.cefet-rj.br\/~lacafe\/wp-json\/wp\/v2\/users\/1"}],"replies":[{"embeddable":true,"href":"https:\/\/eic.cefet-rj.br\/~lacafe\/wp-json\/wp\/v2\/comments?post=240"}],"version-history":[{"count":1,"href":"https:\/\/eic.cefet-rj.br\/~lacafe\/wp-json\/wp\/v2\/pages\/240\/revisions"}],"predecessor-version":[{"id":241,"href":"https:\/\/eic.cefet-rj.br\/~lacafe\/wp-json\/wp\/v2\/pages\/240\/revisions\/241"}],"wp:attachment":[{"href":"https:\/\/eic.cefet-rj.br\/~lacafe\/wp-json\/wp\/v2\/media?parent=240"}],"curies":[{"name":"wp","href":"https:\/\/api.w.org\/{rel}","templated":true}]}}