{"id":23,"date":"2020-07-02T20:37:52","date_gmt":"2020-07-02T23:37:52","guid":{"rendered":"https:\/\/eic.cefet-rj.br\/~lacafe\/?page_id=23"},"modified":"2023-05-08T16:51:39","modified_gmt":"2023-05-08T19:51:39","slug":"periodicos","status":"publish","type":"page","link":"https:\/\/eic.cefet-rj.br\/~lacafe\/periodicos\/","title":{"rendered":"Artigos em peri\u00f3dicos"},"content":{"rendered":"\n<p>CARVALHO, FLAVIO ; PASCHOAL JUNIOR, F. ; OGASAWARA, EDUARDO ; FERRARI, LILIAN ; GUEDES, GUSTAVO . Evaluation of the Brazilian Portuguese version of linguistic inquiry and word count 2015 (BP-LIWC2015). Language Resources and Evaluation, v. 1, p. 1-20, 2023.<\/p>\n\n\n\n<hr class=\"wp-block-separator has-text-color has-background has-very-light-gray-background-color has-very-light-gray-color is-style-wide\"\/>\n\n\n\n<p>GUEDES, GUSTAVO; FERRARI, LILIAN . Ataques cibern\u00e9ticos: a met\u00e1fora de guerra em ci\u00eancias da computa\u00e7\u00e3o. Signo, v. 48, p. 31-41, 2023.<\/p>\n\n\n\n<hr class=\"wp-block-separator has-text-color has-background has-very-light-gray-background-color has-very-light-gray-color is-style-wide\"\/>\n\n\n\n<p>SENDER, GISELA ; CARVALHO, FLAVIO ;&nbsp;GUEDES, GUSTAVO&nbsp;. The Happy Level: A New Approach to Measure Happiness at Work Using Mixed Methods. International Journal of Qualitative Methods, v. 20, 2021.<\/p>\n\n\n\n<hr class=\"wp-block-separator has-text-color has-background has-very-light-gray-background-color has-very-light-gray-color is-style-wide\"\/>\n\n\n\n<p>SILVA, E. P. ; VIEIRA, N. ; AMORIM, G. F. ; SILVA, R. M. P. ;&nbsp;GUEDES, G. P.&nbsp;; GHINEA, G. ; SANTOS, J. A. . Using Multisensory Content to Impact the Quality of Experience of Reading Digital Books. ACM Transactions on Multimedia Computing Communications and Applications, v. 17, p. 1-18, 2021.<\/p>\n\n\n\n<hr class=\"wp-block-separator has-text-color has-background has-very-light-gray-background-color has-very-light-gray-color is-style-wide\"\/>\n\n\n\n<p>SILVA, ELLEN ; AMORIM, GLAUCO ;&nbsp;GUEDES, GUSTAVO&nbsp;; DOS SANTOS, JOEL ; MOUSINHO, RENATA . A influ\u00eancia de m\u00eddias multissensoriais na aprendizagem de crian\u00e7as com transtorno de leitura. REVISTA PSICOPEDAGOGIA, v. 38, p. 104-120, 2021.<\/p>\n\n\n\n<hr class=\"wp-block-separator has-text-color has-background has-very-light-gray-background-color has-very-light-gray-color is-style-wide\"\/>\n\n\n\n<p>SANTOS, L. ; GUEDES, Gustavo Paiva . Identifica\u00e7\u00e3o de predadores sexuais brasileiros em conversas textuais na internet por meio de aprendizagem de m\u00e1quina. iSys &#8211; Revista Brasileira de Sistemas de Informa\u00e7\u00e3o, v. 13, p. 22-47, 2020.<br>Recursos: <a href=\"https:\/\/github.com\/LaCAfe\/PREDADORES-BR\">Dataset<\/a>.<\/p>\n\n\n\n<hr class=\"wp-block-separator has-text-color has-background has-very-light-gray-background-color has-very-light-gray-color is-style-wide\"\/>\n\n\n\n<p>RODRIGUES R.; RODRIGUES, K.; GOMES, R.; FERRARI, L.; OGASAWARA, E.; GUEDES, G. BRAPT: A New Metric for Translation Evaluation Based on Psycholinguistic Perspectives. IEEE Latin America Transactions 18 (07), p. 1264-1271, 2020.<\/p>\n\n\n\n<hr class=\"wp-block-separator has-text-color has-background has-very-light-gray-background-color has-very-light-gray-color is-style-wide\"\/>\n\n\n\n<p>FERRARI, L.; AVELAR, M.; GUEDES, G. WhatsApp: uma mesclagem multimodal contempor\u00e2nea. VEREDAS &#8211; REVISTA DE ESTUDOS LINGU\u00cdSTICOS 23(02), p. 7-19, 2019.<\/p>\n\n\n\n<hr class=\"wp-block-separator has-text-color has-background has-very-light-gray-background-color has-very-light-gray-color is-style-wide\"\/>\n\n\n\n<p>GUEDES, G.; OGASAWARA, E.; BEZERRA, E.; XEX\u00c9O, G. Discovering top-k Non-Redundant Clusterings in Attributed Graphs. Neurocomputing (Amsterdam), v. 1, p. 1\/1, 2016.<\/p>\n\n\n\n<hr class=\"wp-block-separator has-text-color has-background has-very-light-gray-background-color has-very-light-gray-color is-style-wide\"\/>\n\n\n\n<p>GUEDES, G.; OGASAWARA, E. ; SILVA, E.; Xex\u00e9o, G. MAM: M\u00e9todo para Agrupamentos M\u00faltiplos em Redes Sociais Online Baseado em Emo\u00e7\u00f5es, Personalidades e Textos. iSys: Revista Brasileira de Sistemas de Informa\u00e7\u00e3o, v. 7, p. 38-55, 2014<\/p>\n","protected":false},"excerpt":{"rendered":"<p>CARVALHO, FLAVIO ; PASCHOAL JUNIOR, F. ; OGASAWARA, EDUARDO ; FERRARI, LILIAN ; GUEDES, GUSTAVO . Evaluation of the Brazilian<\/p>\n","protected":false},"author":1,"featured_media":0,"parent":0,"menu_order":0,"comment_status":"closed","ping_status":"closed","template":"","meta":{"colormag_page_container_layout":"default_layout","colormag_page_sidebar_layout":"default_layout","footnotes":""},"class_list":["post-23","page","type-page","status-publish","hentry"],"_links":{"self":[{"href":"https:\/\/eic.cefet-rj.br\/~lacafe\/wp-json\/wp\/v2\/pages\/23","targetHints":{"allow":["GET"]}}],"collection":[{"href":"https:\/\/eic.cefet-rj.br\/~lacafe\/wp-json\/wp\/v2\/pages"}],"about":[{"href":"https:\/\/eic.cefet-rj.br\/~lacafe\/wp-json\/wp\/v2\/types\/page"}],"author":[{"embeddable":true,"href":"https:\/\/eic.cefet-rj.br\/~lacafe\/wp-json\/wp\/v2\/users\/1"}],"replies":[{"embeddable":true,"href":"https:\/\/eic.cefet-rj.br\/~lacafe\/wp-json\/wp\/v2\/comments?post=23"}],"version-history":[{"count":9,"href":"https:\/\/eic.cefet-rj.br\/~lacafe\/wp-json\/wp\/v2\/pages\/23\/revisions"}],"predecessor-version":[{"id":271,"href":"https:\/\/eic.cefet-rj.br\/~lacafe\/wp-json\/wp\/v2\/pages\/23\/revisions\/271"}],"wp:attachment":[{"href":"https:\/\/eic.cefet-rj.br\/~lacafe\/wp-json\/wp\/v2\/media?parent=23"}],"curies":[{"name":"wp","href":"https:\/\/api.w.org\/{rel}","templated":true}]}}