{"id":217,"date":"2022-05-21T20:49:00","date_gmt":"2022-05-21T23:49:00","guid":{"rendered":"https:\/\/eic.cefet-rj.br\/~lacafe\/?page_id=217"},"modified":"2022-05-21T20:49:01","modified_gmt":"2022-05-21T23:49:01","slug":"dicas-de-escrita","status":"publish","type":"page","link":"https:\/\/eic.cefet-rj.br\/~lacafe\/dicas-de-escrita\/","title":{"rendered":"Dicas de escrita"},"content":{"rendered":"\n<p class=\"has-medium-font-size\"><strong>Conectores<\/strong><\/p>\n\n\n\n<p>Utilizar conectores adequados entre as frases.  Onde encontrar uma lista de conectores:<\/p>\n\n\n\n<p>1 &#8211;  <a href=\"https:\/\/brasilescola.uol.com.br\/redacao\/conectores-discursivos.htm\">https:\/\/brasilescola.uol.com.br\/redacao\/conectores-discursivos.htm<\/a><\/p>\n\n\n\n<p>2 &#8211; <a href=\"https:\/\/www.normaculta.com.br\/conectivos\/\">https:\/\/www.normaculta.com.br\/conectivos\/<\/a><\/p>\n\n\n\n<p><\/p>\n\n\n\n<p class=\"has-medium-font-size\"><strong>Sin\u00f4nimos<\/strong><\/p>\n\n\n\n<p>Evitar repeti\u00e7\u00e3o excessiva de palavras, principalmente no mesmo par\u00e1grafo. Acesse sites de sin\u00f4nimos:<\/p>\n\n\n\n<p>1 &#8211; <a href=\"https:\/\/www.sinonimos.com.br\/\">https:\/\/www.sinonimos.com.br\/<\/a><\/p>\n\n\n\n<p><\/p>\n\n\n\n<p><\/p>\n\n\n\n<p><\/p>\n","protected":false},"excerpt":{"rendered":"<p>Conectores Utilizar conectores adequados entre as frases. Onde encontrar uma lista de conectores: 1 &#8211; https:\/\/brasilescola.uol.com.br\/redacao\/conectores-discursivos.htm 2 &#8211; https:\/\/www.normaculta.com.br\/conectivos\/ Sin\u00f4nimos<\/p>\n","protected":false},"author":1,"featured_media":0,"parent":0,"menu_order":0,"comment_status":"closed","ping_status":"closed","template":"","meta":{"colormag_page_container_layout":"default_layout","colormag_page_sidebar_layout":"default_layout","footnotes":""},"class_list":["post-217","page","type-page","status-publish","hentry"],"_links":{"self":[{"href":"https:\/\/eic.cefet-rj.br\/~lacafe\/wp-json\/wp\/v2\/pages\/217","targetHints":{"allow":["GET"]}}],"collection":[{"href":"https:\/\/eic.cefet-rj.br\/~lacafe\/wp-json\/wp\/v2\/pages"}],"about":[{"href":"https:\/\/eic.cefet-rj.br\/~lacafe\/wp-json\/wp\/v2\/types\/page"}],"author":[{"embeddable":true,"href":"https:\/\/eic.cefet-rj.br\/~lacafe\/wp-json\/wp\/v2\/users\/1"}],"replies":[{"embeddable":true,"href":"https:\/\/eic.cefet-rj.br\/~lacafe\/wp-json\/wp\/v2\/comments?post=217"}],"version-history":[{"count":1,"href":"https:\/\/eic.cefet-rj.br\/~lacafe\/wp-json\/wp\/v2\/pages\/217\/revisions"}],"predecessor-version":[{"id":218,"href":"https:\/\/eic.cefet-rj.br\/~lacafe\/wp-json\/wp\/v2\/pages\/217\/revisions\/218"}],"wp:attachment":[{"href":"https:\/\/eic.cefet-rj.br\/~lacafe\/wp-json\/wp\/v2\/media?parent=217"}],"curies":[{"name":"wp","href":"https:\/\/api.w.org\/{rel}","templated":true}]}}