{"id":18,"date":"2020-07-02T20:14:11","date_gmt":"2020-07-02T23:14:11","guid":{"rendered":"https:\/\/eic.cefet-rj.br\/~lacafe\/?page_id=18"},"modified":"2025-09-26T14:16:17","modified_gmt":"2025-09-26T17:16:17","slug":"bem-vindo-a-nossa-pagina","status":"publish","type":"page","link":"https:\/\/eic.cefet-rj.br\/~lacafe\/","title":{"rendered":"Bem-vindo a nossa p\u00e1gina"},"content":{"rendered":"\n<p>A Computa\u00e7\u00e3o Afetiva \u00e9 uma \u00e1rea que surgiu no final da d\u00e9cada de 90 e tem como objetivo a constru\u00e7\u00e3o de sistemas capazes de reconhecer ou simular as emo\u00e7\u00f5es humanas. Desde ent\u00e3o, vem ganhando aten\u00e7\u00e3o em importantes f\u00f3runs e peri\u00f3dicos. O Laborat\u00f3rio de Computa\u00e7\u00e3o Afetiva (LaCAfe), do CEFET\/RJ, tem como objetivos: (i) estudar a afetividade no contexto da Intelig\u00eancia Artificial (IA); (ii) pesquisar as dimens\u00f5es da afetividade com o objetivo de desenvolver t\u00e9cnicas para avaliar e construir sistemas computacionais. O grupo de pesquisa conta com pesquisadores nas \u00e1reas de Ci\u00eancia da Computa\u00e7\u00e3o, Lingu\u00edstica, Psicologia, Engenharia e Educa\u00e7\u00e3o. Com a multidisciplinaridade do grupo, diversos trabalhos s\u00e3o desenvolvidos com o objetivo tratar temas de impacto, como a detec\u00e7\u00e3o de depress\u00e3o em redes sociais, identifica\u00e7\u00e3o de predadores sexuais em redes sociais e o reconhecimento de discurso ofensivo\/\u00f3dio.<\/p>\n\n\n\n<hr class=\"wp-block-separator has-text-color has-background has-very-light-gray-background-color has-very-light-gray-color is-style-wide\"\/>\n\n\n\n<p>Deseja fazer mestrado conosco? Veja o v\u00eddeo abaixo.<\/p>\n\n\n\n<figure class=\"wp-block-embed-youtube wp-block-embed is-type-video is-provider-youtube wp-embed-aspect-4-3 wp-has-aspect-ratio\"><div class=\"wp-block-embed__wrapper\">\n<iframe loading=\"lazy\" title=\"Gustavo Guedes\" width=\"800\" height=\"600\" src=\"https:\/\/www.youtube.com\/embed\/MyOiLybwdZM?feature=oembed\" frameborder=\"0\" allow=\"accelerometer; autoplay; clipboard-write; encrypted-media; gyroscope; picture-in-picture; web-share\" referrerpolicy=\"strict-origin-when-cross-origin\" allowfullscreen><\/iframe>\n<\/div><\/figure>\n","protected":false},"excerpt":{"rendered":"<p>A Computa\u00e7\u00e3o Afetiva \u00e9 uma \u00e1rea que surgiu no final da d\u00e9cada de 90 e tem como objetivo a constru\u00e7\u00e3o<\/p>\n","protected":false},"author":1,"featured_media":0,"parent":0,"menu_order":0,"comment_status":"closed","ping_status":"closed","template":"","meta":{"colormag_page_container_layout":"default_layout","colormag_page_sidebar_layout":"default_layout","footnotes":""},"class_list":["post-18","page","type-page","status-publish","hentry"],"_links":{"self":[{"href":"https:\/\/eic.cefet-rj.br\/~lacafe\/wp-json\/wp\/v2\/pages\/18","targetHints":{"allow":["GET"]}}],"collection":[{"href":"https:\/\/eic.cefet-rj.br\/~lacafe\/wp-json\/wp\/v2\/pages"}],"about":[{"href":"https:\/\/eic.cefet-rj.br\/~lacafe\/wp-json\/wp\/v2\/types\/page"}],"author":[{"embeddable":true,"href":"https:\/\/eic.cefet-rj.br\/~lacafe\/wp-json\/wp\/v2\/users\/1"}],"replies":[{"embeddable":true,"href":"https:\/\/eic.cefet-rj.br\/~lacafe\/wp-json\/wp\/v2\/comments?post=18"}],"version-history":[{"count":3,"href":"https:\/\/eic.cefet-rj.br\/~lacafe\/wp-json\/wp\/v2\/pages\/18\/revisions"}],"predecessor-version":[{"id":138,"href":"https:\/\/eic.cefet-rj.br\/~lacafe\/wp-json\/wp\/v2\/pages\/18\/revisions\/138"}],"wp:attachment":[{"href":"https:\/\/eic.cefet-rj.br\/~lacafe\/wp-json\/wp\/v2\/media?parent=18"}],"curies":[{"name":"wp","href":"https:\/\/api.w.org\/{rel}","templated":true}]}}