{"id":167,"date":"2020-11-13T08:57:21","date_gmt":"2020-11-13T11:57:21","guid":{"rendered":"https:\/\/eic.cefet-rj.br\/~lacafe\/?page_id=167"},"modified":"2020-11-13T08:57:50","modified_gmt":"2020-11-13T11:57:50","slug":"depress-pt-br","status":"publish","type":"page","link":"https:\/\/eic.cefet-rj.br\/~lacafe\/depress-pt-br\/","title":{"rendered":"Depress-pt-br"},"content":{"rendered":"\n<p>O presente estudo tem objetiva construir um conjunto de dados de palavras relacionadas \u00e0 depress\u00e3o para a l\u00edngua portuguesa. Experimentos preliminares indicam que o conjunto de dados criado auxilia na classifica\u00e7\u00e3o de emo\u00e7\u00f5es em textos de uma rede social brasileira.<\/p>\n\n\n\n<p>Acesse a base de dados em: <a href=\"https:\/\/github.com\/LaCAfe\/Depress-pt-br\">https:\/\/github.com\/LaCAfe\/Depress-pt-br<\/a><\/p>\n\n\n\n<p><\/p>\n","protected":false},"excerpt":{"rendered":"<p>O presente estudo tem objetiva construir um conjunto de dados de palavras relacionadas \u00e0 depress\u00e3o para a l\u00edngua portuguesa. Experimentos<\/p>\n","protected":false},"author":1,"featured_media":0,"parent":0,"menu_order":0,"comment_status":"closed","ping_status":"closed","template":"","meta":{"colormag_page_container_layout":"default_layout","colormag_page_sidebar_layout":"default_layout","footnotes":""},"class_list":["post-167","page","type-page","status-publish","hentry"],"_links":{"self":[{"href":"https:\/\/eic.cefet-rj.br\/~lacafe\/wp-json\/wp\/v2\/pages\/167","targetHints":{"allow":["GET"]}}],"collection":[{"href":"https:\/\/eic.cefet-rj.br\/~lacafe\/wp-json\/wp\/v2\/pages"}],"about":[{"href":"https:\/\/eic.cefet-rj.br\/~lacafe\/wp-json\/wp\/v2\/types\/page"}],"author":[{"embeddable":true,"href":"https:\/\/eic.cefet-rj.br\/~lacafe\/wp-json\/wp\/v2\/users\/1"}],"replies":[{"embeddable":true,"href":"https:\/\/eic.cefet-rj.br\/~lacafe\/wp-json\/wp\/v2\/comments?post=167"}],"version-history":[{"count":3,"href":"https:\/\/eic.cefet-rj.br\/~lacafe\/wp-json\/wp\/v2\/pages\/167\/revisions"}],"predecessor-version":[{"id":170,"href":"https:\/\/eic.cefet-rj.br\/~lacafe\/wp-json\/wp\/v2\/pages\/167\/revisions\/170"}],"wp:attachment":[{"href":"https:\/\/eic.cefet-rj.br\/~lacafe\/wp-json\/wp\/v2\/media?parent=167"}],"curies":[{"name":"wp","href":"https:\/\/api.w.org\/{rel}","templated":true}]}}