{"id":155,"date":"2020-11-13T08:19:58","date_gmt":"2020-11-13T11:19:58","guid":{"rendered":"https:\/\/eic.cefet-rj.br\/~lacafe\/?page_id=155"},"modified":"2020-11-13T08:23:49","modified_gmt":"2020-11-13T11:23:49","slug":"predadores-br","status":"publish","type":"page","link":"https:\/\/eic.cefet-rj.br\/~lacafe\/predadores-br\/","title":{"rendered":"PREDADORES-BR"},"content":{"rendered":"\n<p>Essa base de dados cont\u00e9m um conjunto de conversas provenientes de chats, em portugu\u00eas do Brasil. As conversas s\u00e3o divididas em dois grupos: conversas em que h\u00e1 predadores sexuais (extra\u00eddas de processos judiciais) e conversas em que n\u00e3o h\u00e1 predadores sexuais, extra\u00eddas de chats.<\/p>\n\n\n\n<p>Artigo: Identifica\u00e7\u00e3o de predadores sexuais brasileiros em conversas textuais na internet por meio de aprendizagem de m\u00e1quina<\/p>\n\n\n\n<p>Link do artigo: <a href=\"http:\/\/www.seer.unirio.br\/index.php\/isys\/article\/view\/9394\/8740\">http:\/\/www.seer.unirio.br\/index.php\/isys\/article\/view\/9394\/8740<\/a><\/p>\n\n\n\n<p>Acesse a base de dados em: <a href=\"https:\/\/github.com\/LaCAfe\/PREDADORES-BR\">https:\/\/github.com\/LaCAfe\/PREDADORES-BR<\/a><\/p>\n","protected":false},"excerpt":{"rendered":"<p>Essa base de dados cont\u00e9m um conjunto de conversas provenientes de chats, em portugu\u00eas do Brasil. As conversas s\u00e3o divididas<\/p>\n","protected":false},"author":1,"featured_media":0,"parent":0,"menu_order":0,"comment_status":"closed","ping_status":"closed","template":"","meta":{"colormag_page_container_layout":"default_layout","colormag_page_sidebar_layout":"default_layout","footnotes":""},"class_list":["post-155","page","type-page","status-publish","hentry"],"_links":{"self":[{"href":"https:\/\/eic.cefet-rj.br\/~lacafe\/wp-json\/wp\/v2\/pages\/155","targetHints":{"allow":["GET"]}}],"collection":[{"href":"https:\/\/eic.cefet-rj.br\/~lacafe\/wp-json\/wp\/v2\/pages"}],"about":[{"href":"https:\/\/eic.cefet-rj.br\/~lacafe\/wp-json\/wp\/v2\/types\/page"}],"author":[{"embeddable":true,"href":"https:\/\/eic.cefet-rj.br\/~lacafe\/wp-json\/wp\/v2\/users\/1"}],"replies":[{"embeddable":true,"href":"https:\/\/eic.cefet-rj.br\/~lacafe\/wp-json\/wp\/v2\/comments?post=155"}],"version-history":[{"count":4,"href":"https:\/\/eic.cefet-rj.br\/~lacafe\/wp-json\/wp\/v2\/pages\/155\/revisions"}],"predecessor-version":[{"id":162,"href":"https:\/\/eic.cefet-rj.br\/~lacafe\/wp-json\/wp\/v2\/pages\/155\/revisions\/162"}],"wp:attachment":[{"href":"https:\/\/eic.cefet-rj.br\/~lacafe\/wp-json\/wp\/v2\/media?parent=155"}],"curies":[{"name":"wp","href":"https:\/\/api.w.org\/{rel}","templated":true}]}}