{"id":9,"date":"2016-07-25T14:18:36","date_gmt":"2016-07-25T14:18:36","guid":{"rendered":"http:\/\/eic.cefet-rj.br\/~kbelloze\/?page_id=9"},"modified":"2016-07-27T18:45:05","modified_gmt":"2016-07-27T18:45:05","slug":"sobre","status":"publish","type":"page","link":"https:\/\/eic.cefet-rj.br\/~kbelloze\/","title":{"rendered":"Sobre"},"content":{"rendered":"<p><a href=\"http:\/\/eic.cefet-rj.br\/~kbelloze\/wp-content\/uploads\/2016\/05\/Foto.png\"><img loading=\"lazy\" decoding=\"async\" class=\" wp-image-5 alignleft\" src=\"http:\/\/eic.cefet-rj.br\/~kbelloze\/wp-content\/uploads\/2016\/05\/Foto-227x300.png\" alt=\"Foto\" width=\"120\" height=\"155\" \/><\/a>Professora do quadro permanente do Centro Federal de Educa\u00e7\u00e3o Tecnol\u00f3gica Celso Suckow da Fonseca (CEFET\/RJ). Possui doutorado em Biologia Computacional e Sistemas pela Funda\u00e7\u00e3o Oswaldo Cruz (Fiocruz\/RJ). Concluiu o mestrado em Sistemas e Computa\u00e7\u00e3o pelo Instituto Militar de Engenharia (2007) e gradua\u00e7\u00e3o em Inform\u00e1tica pela Universidade Federal de Juiz de Fora (2003). Tem experi\u00eancias nas \u00e1reas de banco de dados e bioinform\u00e1tica. Possui interesse de pesquisa nos seguintes temas: m\u00e9todos de pr\u00e9-processamento de dados, integra\u00e7\u00e3o de dados e big data.<\/p>\n","protected":false},"excerpt":{"rendered":"<p>Professora do quadro permanente do Centro Federal de Educa\u00e7\u00e3o Tecnol\u00f3gica Celso Suckow da Fonseca (CEFET\/RJ). Possui doutorado em Biologia Computacional [&hellip;]<\/p>\n","protected":false},"author":1,"featured_media":0,"parent":0,"menu_order":0,"comment_status":"closed","ping_status":"closed","template":"","meta":{"site-sidebar-layout":"default","site-content-layout":"","ast-site-content-layout":"default","site-content-style":"default","site-sidebar-style":"default","ast-global-header-display":"","ast-banner-title-visibility":"","ast-main-header-display":"","ast-hfb-above-header-display":"","ast-hfb-below-header-display":"","ast-hfb-mobile-header-display":"","site-post-title":"","ast-breadcrumbs-content":"","ast-featured-img":"","footer-sml-layout":"","ast-disable-related-posts":"","theme-transparent-header-meta":"","adv-header-id-meta":"","stick-header-meta":"","header-above-stick-meta":"","header-main-stick-meta":"","header-below-stick-meta":"","astra-migrate-meta-layouts":"default","ast-page-background-enabled":"default","ast-page-background-meta":{"desktop":{"background-color":"var(--ast-global-color-5)","background-image":"","background-repeat":"repeat","background-position":"center center","background-size":"auto","background-attachment":"scroll","background-type":"","background-media":"","overlay-type":"","overlay-color":"","overlay-opacity":"","overlay-gradient":""},"tablet":{"background-color":"","background-image":"","background-repeat":"repeat","background-position":"center center","background-size":"auto","background-attachment":"scroll","background-type":"","background-media":"","overlay-type":"","overlay-color":"","overlay-opacity":"","overlay-gradient":""},"mobile":{"background-color":"","background-image":"","background-repeat":"repeat","background-position":"center center","background-size":"auto","background-attachment":"scroll","background-type":"","background-media":"","overlay-type":"","overlay-color":"","overlay-opacity":"","overlay-gradient":""}},"ast-content-background-meta":{"desktop":{"background-color":"var(--ast-global-color-4)","background-image":"","background-repeat":"repeat","background-position":"center center","background-size":"auto","background-attachment":"scroll","background-type":"","background-media":"","overlay-type":"","overlay-color":"","overlay-opacity":"","overlay-gradient":""},"tablet":{"background-color":"var(--ast-global-color-4)","background-image":"","background-repeat":"repeat","background-position":"center center","background-size":"auto","background-attachment":"scroll","background-type":"","background-media":"","overlay-type":"","overlay-color":"","overlay-opacity":"","overlay-gradient":""},"mobile":{"background-color":"var(--ast-global-color-4)","background-image":"","background-repeat":"repeat","background-position":"center center","background-size":"auto","background-attachment":"scroll","background-type":"","background-media":"","overlay-type":"","overlay-color":"","overlay-opacity":"","overlay-gradient":""}},"footnotes":""},"class_list":["post-9","page","type-page","status-publish","hentry"],"_links":{"self":[{"href":"https:\/\/eic.cefet-rj.br\/~kbelloze\/wp-json\/wp\/v2\/pages\/9","targetHints":{"allow":["GET"]}}],"collection":[{"href":"https:\/\/eic.cefet-rj.br\/~kbelloze\/wp-json\/wp\/v2\/pages"}],"about":[{"href":"https:\/\/eic.cefet-rj.br\/~kbelloze\/wp-json\/wp\/v2\/types\/page"}],"author":[{"embeddable":true,"href":"https:\/\/eic.cefet-rj.br\/~kbelloze\/wp-json\/wp\/v2\/users\/1"}],"replies":[{"embeddable":true,"href":"https:\/\/eic.cefet-rj.br\/~kbelloze\/wp-json\/wp\/v2\/comments?post=9"}],"version-history":[{"count":2,"href":"https:\/\/eic.cefet-rj.br\/~kbelloze\/wp-json\/wp\/v2\/pages\/9\/revisions"}],"predecessor-version":[{"id":13,"href":"https:\/\/eic.cefet-rj.br\/~kbelloze\/wp-json\/wp\/v2\/pages\/9\/revisions\/13"}],"wp:attachment":[{"href":"https:\/\/eic.cefet-rj.br\/~kbelloze\/wp-json\/wp\/v2\/media?parent=9"}],"curies":[{"name":"wp","href":"https:\/\/api.w.org\/{rel}","templated":true}]}}