{"id":14,"date":"2016-11-02T15:13:03","date_gmt":"2016-11-02T15:13:03","guid":{"rendered":"http:\/\/eic.cefet-rj.br\/~kbelloze\/?page_id=14"},"modified":"2016-11-02T15:13:03","modified_gmt":"2016-11-02T15:13:03","slug":"projetos","status":"publish","type":"page","link":"https:\/\/eic.cefet-rj.br\/~kbelloze\/projetos\/","title":{"rendered":"Projetos de Pesquisa"},"content":{"rendered":"<ul>\n<li><span style=\"color: #333399;\">Bioinform\u00e1tica<\/span><br \/>\nIdentifica\u00e7\u00e3o de alvos para f\u00e1rmacos<br \/>\nExplora\u00e7\u00e3o e an\u00e1lise de dados biom\u00e9dicos<br \/>\nAbordagens baseadas em homologia<\/li>\n<\/ul>\n<ul>\n<li><span style=\"color: #333399;\">Integra\u00e7\u00e3o de Big Data<\/span><br \/>\nMapeamento de esquemas<br \/>\nPr\u00e9-processamento<\/li>\n<\/ul>\n<ul>\n<li><span style=\"color: #333399;\">Minera\u00e7\u00e3o de textos e Ontologias<\/span><br \/>\nAnota\u00e7\u00e3o de textos<br \/>\nBusca e classifica\u00e7\u00e3o de artigos cient\u00edficos<br \/>\nAn\u00e1lise de emo\u00e7\u00f5es em textos<\/li>\n<\/ul>\n","protected":false},"excerpt":{"rendered":"<p>Bioinform\u00e1tica Identifica\u00e7\u00e3o de alvos para f\u00e1rmacos Explora\u00e7\u00e3o e an\u00e1lise de dados biom\u00e9dicos Abordagens baseadas em homologia Integra\u00e7\u00e3o de Big Data [&hellip;]<\/p>\n","protected":false},"author":1,"featured_media":0,"parent":0,"menu_order":0,"comment_status":"closed","ping_status":"closed","template":"","meta":{"site-sidebar-layout":"default","site-content-layout":"","ast-site-content-layout":"default","site-content-style":"default","site-sidebar-style":"default","ast-global-header-display":"","ast-banner-title-visibility":"","ast-main-header-display":"","ast-hfb-above-header-display":"","ast-hfb-below-header-display":"","ast-hfb-mobile-header-display":"","site-post-title":"","ast-breadcrumbs-content":"","ast-featured-img":"","footer-sml-layout":"","ast-disable-related-posts":"","theme-transparent-header-meta":"","adv-header-id-meta":"","stick-header-meta":"","header-above-stick-meta":"","header-main-stick-meta":"","header-below-stick-meta":"","astra-migrate-meta-layouts":"default","ast-page-background-enabled":"default","ast-page-background-meta":{"desktop":{"background-color":"var(--ast-global-color-5)","background-image":"","background-repeat":"repeat","background-position":"center center","background-size":"auto","background-attachment":"scroll","background-type":"","background-media":"","overlay-type":"","overlay-color":"","overlay-opacity":"","overlay-gradient":""},"tablet":{"background-color":"","background-image":"","background-repeat":"repeat","background-position":"center center","background-size":"auto","background-attachment":"scroll","background-type":"","background-media":"","overlay-type":"","overlay-color":"","overlay-opacity":"","overlay-gradient":""},"mobile":{"background-color":"","background-image":"","background-repeat":"repeat","background-position":"center center","background-size":"auto","background-attachment":"scroll","background-type":"","background-media":"","overlay-type":"","overlay-color":"","overlay-opacity":"","overlay-gradient":""}},"ast-content-background-meta":{"desktop":{"background-color":"var(--ast-global-color-4)","background-image":"","background-repeat":"repeat","background-position":"center center","background-size":"auto","background-attachment":"scroll","background-type":"","background-media":"","overlay-type":"","overlay-color":"","overlay-opacity":"","overlay-gradient":""},"tablet":{"background-color":"var(--ast-global-color-4)","background-image":"","background-repeat":"repeat","background-position":"center center","background-size":"auto","background-attachment":"scroll","background-type":"","background-media":"","overlay-type":"","overlay-color":"","overlay-opacity":"","overlay-gradient":""},"mobile":{"background-color":"var(--ast-global-color-4)","background-image":"","background-repeat":"repeat","background-position":"center center","background-size":"auto","background-attachment":"scroll","background-type":"","background-media":"","overlay-type":"","overlay-color":"","overlay-opacity":"","overlay-gradient":""}},"footnotes":""},"class_list":["post-14","page","type-page","status-publish","hentry"],"_links":{"self":[{"href":"https:\/\/eic.cefet-rj.br\/~kbelloze\/wp-json\/wp\/v2\/pages\/14","targetHints":{"allow":["GET"]}}],"collection":[{"href":"https:\/\/eic.cefet-rj.br\/~kbelloze\/wp-json\/wp\/v2\/pages"}],"about":[{"href":"https:\/\/eic.cefet-rj.br\/~kbelloze\/wp-json\/wp\/v2\/types\/page"}],"author":[{"embeddable":true,"href":"https:\/\/eic.cefet-rj.br\/~kbelloze\/wp-json\/wp\/v2\/users\/1"}],"replies":[{"embeddable":true,"href":"https:\/\/eic.cefet-rj.br\/~kbelloze\/wp-json\/wp\/v2\/comments?post=14"}],"version-history":[{"count":1,"href":"https:\/\/eic.cefet-rj.br\/~kbelloze\/wp-json\/wp\/v2\/pages\/14\/revisions"}],"predecessor-version":[{"id":15,"href":"https:\/\/eic.cefet-rj.br\/~kbelloze\/wp-json\/wp\/v2\/pages\/14\/revisions\/15"}],"wp:attachment":[{"href":"https:\/\/eic.cefet-rj.br\/~kbelloze\/wp-json\/wp\/v2\/media?parent=14"}],"curies":[{"name":"wp","href":"https:\/\/api.w.org\/{rel}","templated":true}]}}