{"id":72,"date":"2020-07-18T12:54:42","date_gmt":"2020-07-18T15:54:42","guid":{"rendered":"https:\/\/eic.cefet-rj.br\/~jsoares\/?page_id=72"},"modified":"2020-07-18T13:02:58","modified_gmt":"2020-07-18T16:02:58","slug":"ensino-archive","status":"publish","type":"page","link":"https:\/\/eic.cefet-rj.br\/~jsoares\/ensino-archive\/","title":{"rendered":"Ensino (Archive)"},"content":{"rendered":"<h4>CEFET\/RJ (2004-2014)<\/h4>\n<ul>\n<li>Aplica\u00e7\u00e3o de Banco de Dados (Curso T\u00e9cnico de Inform\u00e1tica)<\/li>\n<li>Arquitetura de Computadores (Gradua\u00e7\u00e3o)<\/li>\n<li>Arquiteturas Avan\u00e7adas (Gradua\u00e7\u00e3o)<\/li>\n<li>Infer\u00eancia Estat\u00edstica (Gradua\u00e7\u00e3o)<\/li>\n<li>L\u00f3gica e Estrutura de Dados II (Curso T\u00e9cnico de Inform\u00e1tica)<\/li>\n<li>Projeto de Banco de Dados (Curso T\u00e9cnico de Inform\u00e1tica)<\/li>\n<li>Projeto de Sistemas (Curso T\u00e9cnico de Inform\u00e1tica)<\/li>\n<li>Sistemas Digitais (Gradua\u00e7\u00e3o)<\/li>\n<li>Suporte ao Usu\u00e1rio (Curso T\u00e9cnico de Inform\u00e1tica)<\/li>\n<li>T\u00f3picos Especiais em Inform\u00e1tica (Gradua\u00e7\u00e3o)<\/li>\n<\/ul>\n<p>&nbsp;<\/p>\n<h4>UERJ (2008-2016)<\/h4>\n<ul>\n<li>Banco de Dados II (Bacharelado em Ci\u00eancia da Computa\u00e7\u00e3o)<\/li>\n<li>Intelig\u00eancia de Neg\u00f3cios Aplicada \u00e0 Controladoria (Mestrado em Ci\u00eancias Cont\u00e1beis)<\/li>\n<li>Planejamento e Gest\u00e3o de Projetos (Bacharelado em Administra\u00e7\u00e3o)<\/li>\n<li>Orienta\u00e7\u00e3o de Monografia (Bacharelado em Administra\u00e7\u00e3o)<\/li>\n<li>Revis\u00e3o Sistem\u00e1tica no Controle Gerencial (Mestrado em Ci\u00eancias Cont\u00e1beis)<\/li>\n<li>Sistemas de Informa\u00e7\u00f5es Gerenciais (Bacharelado em Administra\u00e7\u00e3o)<\/li>\n<li>Sistemas Integrados de Gest\u00e3o (Mestrado em Ci\u00eancias Cont\u00e1beis)<\/li>\n<li>Tecnologia da Informa\u00e7\u00e3o (diversos cursos de especializa\u00e7\u00e3o)<\/li>\n<\/ul>\n<p>&nbsp;<\/p>\n<h4>LANTE\/UFF &#8211; UAB (2012-2015)<\/h4>\n<ul>\n<li>Orienta\u00e7\u00e3o de Monografias (PIGEAD e NTEM)<\/li>\n<\/ul>\n<p>&nbsp;<\/p>\n<h4>Mackenzie\/RJ (Faculdades Moraes J\u00fanior) (2011-2015)<\/h4>\n<ul>\n<li>Arquitetura de Computadores (Bacharelado em Sistemas de Informa\u00e7\u00e3o)<\/li>\n<li>Inform\u00e1tica Aplicada \u00e0 Contabilidade I (Bacharelado em Ci\u00eancias Cont\u00e1beis)<\/li>\n<li>Inform\u00e1tica Aplicada \u00e0 Contabilidade II (Bacharelado em Ci\u00eancias Cont\u00e1beis)<\/li>\n<li>Estat\u00edstica e Probabilidade (Bacharelado em Sistemas de Informa\u00e7\u00e3o)<\/li>\n<li>Matem\u00e1tica Discreta (Bacharelado em Sistemas de Informa\u00e7\u00e3o)<\/li>\n<li>Sistemas Operacionais (Bacharelado em Sistemas de Informa\u00e7\u00e3o)<\/li>\n<li>T\u00f3picos Especiais em Ci\u00eancias Cont\u00e1beis &#8211; Sistemas de Informa\u00e7\u00f5es Cont\u00e1beis\u00a0(Bacharelado em Ci\u00eancias Cont\u00e1beis)<\/li>\n<\/ul>\n<p>&nbsp;<\/p>\n<h4>Centro Universit\u00e1rio da Cidade &#8211; UniverCidade (1997-2011)<\/h4>\n<ul>\n<li>Algoritmos Computacionais (cursos de gradua\u00e7\u00e3o em Inform\u00e1tica)<\/li>\n<li>An\u00e1lise e Projeto de Aplica\u00e7\u00f5es I (cursos de gradua\u00e7\u00e3o em Inform\u00e1tica)<\/li>\n<li>An\u00e1lise e Projeto de Bancos de Dados Empresariais (Especializa\u00e7\u00e3o)<\/li>\n<li>Arquitetura de Computadores I e II (cursos de gradua\u00e7\u00e3o em Inform\u00e1tica)<\/li>\n<li>Arquiteturas de Linguagens de Programa\u00e7\u00e3o (cursos de gradua\u00e7\u00e3o em Inform\u00e1tica)<\/li>\n<li>Circuitos Digitais (cursos de gradua\u00e7\u00e3o em Inform\u00e1tica)<\/li>\n<li>Est\u00e1gio Supervisionado (cursos de gradua\u00e7\u00e3o em Inform\u00e1tica)<\/li>\n<li>Estrutura de Dados I (cursos de gradua\u00e7\u00e3o em Inform\u00e1tica)<\/li>\n<li>Gerenciamento de Bancos de Dados para Mainframes (Especializa\u00e7\u00e3o)<\/li>\n<li>Introdu\u00e7\u00e3o \u00e0 Inform\u00e1tica (cursos de gradua\u00e7\u00e3o em Inform\u00e1tica)<\/li>\n<li>Laborat\u00f3rio de Inform\u00e1tica (Gradua\u00e7\u00e3o em Letras)<\/li>\n<li>Projeto de Banco de Dados I e II (cursos de gradua\u00e7\u00e3o em Inform\u00e1tica)<\/li>\n<li>Projeto Final I e II (cursos de gradua\u00e7\u00e3o em Inform\u00e1tica)<\/li>\n<li>Linguagem de Programa\u00e7\u00e3o I e III (cursos de gradua\u00e7\u00e3o em Inform\u00e1tica)<\/li>\n<\/ul>\n<p>&nbsp;<\/p>\n<h4>Faculdade de Tecnologia SENAC Rio (2008-2010)<\/h4>\n<ul>\n<li>Administra\u00e7\u00e3o de SGBDs (curso superior de tecnologia)<\/li>\n<li>Arquitetura de Computadores (curso superior de tecnologia)<\/li>\n<li>Modelagem de Dados (curso superior de tecnologia)<\/li>\n<li>Projeto Integrador 4 (curso superior de tecnologia)<\/li>\n<li>Sistemas Operacionais (curso superior de tecnologia)<\/li>\n<li>SQL (curso superior de tecnologia)<\/li>\n<\/ul>\n<p>&nbsp;<\/p>\n<h4>Instituto Metodista Bennett (2000-2003)<\/h4>\n<ul>\n<li>Banco de Dados (Bacharelado em Ci\u00eancia da Computa\u00e7\u00e3o)<\/li>\n<li>Banco de Dados Avan\u00e7ado (Bacharelado em Ci\u00eancia da Computa\u00e7\u00e3o)<\/li>\n<li>Laborat\u00f3rio de Banco de Dados (Bacharelado em Ci\u00eancia da Computa\u00e7\u00e3o)<\/li>\n<li>Programa\u00e7\u00e3o Orientada a Objetos (Bacharelado em Ci\u00eancia da Computa\u00e7\u00e3o)<\/li>\n<\/ul>\n<p>&nbsp;<\/p>\n<h4><strong>Centro Universit\u00e1rio Carioca &#8211; UniCarioca (2002-2002)<\/strong><\/h4>\n<ul>\n<li>Banco de Dados II (Bacharelado em Ci\u00eancia da Computa\u00e7\u00e3o)<\/li>\n<\/ul>\n<p>&nbsp;<\/p>\n<h4>Universidade Federal do Rio de Janeiro &#8211; UFRJ (1996-1998)<br \/>\n<em>(TUTORIA)<\/em><\/h4>\n<ul>\n<li>Fundamentos da Computa\u00e7\u00e3o Digital (Bacharelado em Ci\u00eancia da Computa\u00e7\u00e3o)<\/li>\n<li>Organiza\u00e7\u00e3o de Dados II (Bacharelado em Ci\u00eancia da Computa\u00e7\u00e3o)<\/li>\n<li>T\u00f3picos Especiais em Inform\u00e1tica (Bacharelado em Ci\u00eancia da Computa\u00e7\u00e3o)<\/li>\n<\/ul>\n<p>&nbsp;<\/p>\n","protected":false},"excerpt":{"rendered":"<p>CEFET\/RJ (2004-2014) Aplica\u00e7\u00e3o de Banco de Dados (Curso T\u00e9cnico de Inform\u00e1tica) Arquitetura de Computadores (Gradua\u00e7\u00e3o) Arquiteturas Avan\u00e7adas (Gradua\u00e7\u00e3o) Infer\u00eancia Estat\u00edstica (Gradua\u00e7\u00e3o) L\u00f3gica e Estrutura de Dados II (Curso T\u00e9cnico de Inform\u00e1tica) Projeto de Banco de Dados (Curso T\u00e9cnico de Inform\u00e1tica) Projeto de Sistemas (Curso T\u00e9cnico de Inform\u00e1tica) Sistemas Digitais (Gradua\u00e7\u00e3o) Suporte ao Usu\u00e1rio (Curso T\u00e9cnico [&hellip;]<\/p>\n","protected":false},"author":1,"featured_media":0,"parent":0,"menu_order":0,"comment_status":"closed","ping_status":"closed","template":"","meta":{"footnotes":""},"class_list":["post-72","page","type-page","status-publish","hentry"],"_links":{"self":[{"href":"https:\/\/eic.cefet-rj.br\/~jsoares\/wp-json\/wp\/v2\/pages\/72","targetHints":{"allow":["GET"]}}],"collection":[{"href":"https:\/\/eic.cefet-rj.br\/~jsoares\/wp-json\/wp\/v2\/pages"}],"about":[{"href":"https:\/\/eic.cefet-rj.br\/~jsoares\/wp-json\/wp\/v2\/types\/page"}],"author":[{"embeddable":true,"href":"https:\/\/eic.cefet-rj.br\/~jsoares\/wp-json\/wp\/v2\/users\/1"}],"replies":[{"embeddable":true,"href":"https:\/\/eic.cefet-rj.br\/~jsoares\/wp-json\/wp\/v2\/comments?post=72"}],"version-history":[{"count":6,"href":"https:\/\/eic.cefet-rj.br\/~jsoares\/wp-json\/wp\/v2\/pages\/72\/revisions"}],"predecessor-version":[{"id":82,"href":"https:\/\/eic.cefet-rj.br\/~jsoares\/wp-json\/wp\/v2\/pages\/72\/revisions\/82"}],"wp:attachment":[{"href":"https:\/\/eic.cefet-rj.br\/~jsoares\/wp-json\/wp\/v2\/media?parent=72"}],"curies":[{"name":"wp","href":"https:\/\/api.w.org\/{rel}","templated":true}]}}