{"id":173,"date":"2020-07-18T20:09:22","date_gmt":"2020-07-18T23:09:22","guid":{"rendered":"https:\/\/eic.cefet-rj.br\/~jsoares\/?page_id=173"},"modified":"2026-02-19T16:13:52","modified_gmt":"2026-02-19T19:13:52","slug":"orientacoes","status":"publish","type":"page","link":"https:\/\/eic.cefet-rj.br\/~jsoares\/orientacoes\/","title":{"rendered":"Orienta\u00e7\u00f5es"},"content":{"rendered":"<h4><\/h4>\n<h4><span style=\"text-decoration: underline;\">Mestrado &#8211; Programa de P\u00f3s-Gradua\u00e7\u00e3o em Ci\u00eancia da Computa\u00e7\u00e3o (PPCIC\/CEFET-RJ)<\/span>:<\/h4>\n<ul>\n<li><a href=\"http:\/\/lattes.cnpq.br\/1551591987490985\">Ana Gabriela Viana de Ara\u00fajo<\/a>. (2023-).<\/li>\n<li><a href=\"http:\/\/lattes.cnpq.br\/1930512703560815\">Daniel da Silva Rocha<\/a>. (2025-).<\/li>\n<li><a href=\"http:\/\/lattes.cnpq.br\/6888123408756088\">Felipe de Avila Tavares<\/a>. (2023-).<\/li>\n<li><a href=\"http:\/\/lattes.cnpq.br\/7894153177094744\">Marcelo Henrique Nery da Silva<\/a>. (2023-).<\/li>\n<\/ul>\n<ul>\n<li><a href=\"http:\/\/lattes.cnpq.br\/8196757182886817\">Leandro Maia Gon\u00e7alves<\/a>. (2018-2021). <a href=\"https:\/\/eic.cefet-rj.br\/~jsoares\/wp-content\/uploads\/2021\/03\/Imputac\u0327a\u0303o-Hot-Deck-Uma-Revisa\u0303o-Sistema\u0301tica-da-Literatura-versa\u0303o-final.pdf\"><em>Imputac\u0327a\u0303o Hot-Deck: Uma Revisa\u0303o Sistema\u0301tica da Literatura<\/em><\/a>.<\/li>\n<li><a href=\"http:\/\/lattes.cnpq.br\/2195887988602782\">Leonardo da Silva Moreira<\/a>. (2017-2019). <a href=\"https:\/\/eic.cefet-rj.br\/~jsoares\/wp-content\/uploads\/2020\/08\/Evaluation-of-Data-Preprocessing-Methods-for-Predicting-Brazilian-Flight-Delays.pdf\"><em>Evaluation of Data Preprocessing Methods for Predicting Brazilian Flight Delays<\/em><\/a>.<\/li>\n<li><a href=\"http:\/\/lattes.cnpq.br\/1022273401036117\">Lucas Giusti Tavares<\/a>. (2019-2021). <em><a href=\"https:\/\/eic.cefet-rj.br\/~jsoares\/wp-content\/uploads\/2021\/10\/Analyzing-Flight-Delay-Prediction-Under-Concept-Drift.pdf\">Analyzing Flight Delay Prediction Under Concept Drift<\/a><\/em>.<\/li>\n<li><a href=\"http:\/\/lattes.cnpq.br\/7908555316050796\">Renata Fonseca da Silva<\/a>. (2020-2023). <em><a href=\"https:\/\/eic.cefet-rj.br\/~jsoares\/wp-content\/uploads\/2023\/10\/Disserta\u00e7\u00e3o-RENATA-FONSECA-DA-SILVA-vers\u00e3o-final.pdf\">O uso de Jogos Educacionais e Sistemas Tutores Inteligentes como ferramentas no combate \u00e0s Fake News: Uma Revis\u00e3o Sistem\u00e1tica de Literatura<\/a><\/em>.<\/li>\n<li><a href=\"http:\/\/lattes.cnpq.br\/8061462117674340\">Rodrigo Tavares de Souza<\/a>. (2016-2019). <a href=\"https:\/\/eic.cefet-rj.br\/~jsoares\/wp-content\/uploads\/2020\/08\/Appraisal_Spark_Uma_abordagem_para_imputacao_em_larga_escala.pdf\"><em>Appraisal-Spark: Uma Abordagem para Imputa\u00e7\u00e3o em Larga Escala<\/em><\/a>.<\/li>\n<li><a href=\"http:\/\/lattes.cnpq.br\/8324811437004539\">Tarsila Gomes Bello Tavares<\/a>. (2022-2024). <em><a href=\"https:\/\/eic.cefet-rj.br\/~jsoares\/wp-content\/uploads\/2025\/01\/Disserta\u00e7\u00e3o_Tarsila_Tavares_vFinal2.pdf\">Imputa\u00e7\u00e3o em Cascata no Contexto da Intelig\u00eancia Artificial Centrada em Dados<\/a><\/em>.<\/li>\n<li><a href=\"http:\/\/lattes.cnpq.br\/6745636322633596\">Thiago da Silva Pereira<\/a>. (2018-2020). <a href=\"https:\/\/eic.cefet-rj.br\/~jsoares\/wp-content\/uploads\/2020\/10\/Dissertac\u0327a\u0303o-M.Sc_.-Imputac\u0327a\u0303o-de-Dados-Hot-Deck-Uma-Comparac\u0327a\u0303o-Entre-Comite\u0302s-de-Regressa\u0303o-VERSA\u0303O-FINAL.pdf\"><em>Imputac\u0327a\u0303o de Dados Hot-Deck Uma Comparac\u0327a\u0303o Entre Comite\u0302s de Regressa\u0303o<\/em><\/a>.<\/li>\n<li><a href=\"http:\/\/lattes.cnpq.br\/0097570993392773\">Uriel Merola Minag\u00e9 e Silva<\/a>. (2020-2023). <em><a href=\"https:\/\/eic.cefet-rj.br\/~jsoares\/wp-content\/uploads\/2023\/11\/Disserta\u00e7\u00e3o-URIEL-MEROLA-MINAG\u00c9-E-SILVA-vers\u00e3o-final.pdf\">M\u00e9todos de detec\u00e7\u00e3o de fake news: Comparativo entre abordagens crowd signals e m\u00e9todos de comit\u00ea<\/a><\/em>.<\/li>\n<\/ul>\n<h4><span style=\"text-decoration: underline;\">Mestrado &#8211; Programa de P\u00f3s-Gradua\u00e7\u00e3o em Ci\u00eancias Cont\u00e1beis da UERJ (PPGCC\/UERJ)<\/span>:<\/h4>\n<ul>\n<li><a href=\"http:\/\/lattes.cnpq.br\/9496465908724544\">Rebeca Corr\u00eaa Gomes Marques<\/a>. <a href=\"https:\/\/1drv.ms\/b\/s!AtXDOQZ7Nu-mjZATYolcIZ75SWRNvg?e=1sWh5N\"><em>Tecnologia da Informa\u00e7\u00e3o e sua Influ\u00eancia na Contabilidade Gerencial: Uma Revis\u00e3o Sistem\u00e1tica<\/em><\/a>. (2015-2017)<\/li>\n<li><a href=\"http:\/\/lattes.cnpq.br\/3432982172613980\">Michele Mariz do Amaral Germano<\/a>. <a href=\"https:\/\/1drv.ms\/b\/s!AtXDOQZ7Nu-mjZASkrfzbMLQTosy4A?e=4EEY58\"><em>O impacto das a\u00e7\u00f5es de gest\u00e3o nos modelos de terceiriza\u00e7\u00e3o de Tecnologia da Informa\u00e7\u00e3o no controle de gest\u00e3o das organiza\u00e7\u00f5es: Uma revis\u00e3o sistem\u00e1tica<\/em><\/a>. (2015-2017)<\/li>\n<li><a href=\"http:\/\/lattes.cnpq.br\/6590908195980506\">Maria Ang\u00e9lica Ferreira da Silva<\/a>. <a href=\"https:\/\/1drv.ms\/b\/s!AtXDOQZ7Nu-mk6JesU2JPNv93n857w?e=9XLzfW\"><em>Impactos da ado\u00e7\u00e3o das IFRS na an\u00e1lise das informa\u00e7\u00f5es cont\u00e1beis: percep\u00e7\u00e3o de analistas de mercado<\/em><\/a>. (2014-2016)<\/li>\n<li><a href=\"http:\/\/lattes.cnpq.br\/4567667530634488\">Franciane de Oliveira Alvarenga<\/a>. <a href=\"https:\/\/1drv.ms\/b\/s!AtXDOQZ7Nu-mipg9FIV9jYD7SKRnKw?e=HdDCM8\"><em>Tecnologia da Informa\u00e7\u00e3o no Controle Gerencial: um estudo de caso na estrutura\u00e7\u00e3o de um modelo de metas de indicadores de desempenho da Empresa Alfa<\/em><\/a>. (2013-2015)<\/li>\n<li><a href=\"http:\/\/lattes.cnpq.br\/0263030385060914\">Jaqueline Watanabe Oliveira<\/a>. <a href=\"https:\/\/1drv.ms\/b\/s!AtXDOQZ7Nu-mipgyDNHPjUBZ5KhvMQ?e=BmKCEa\"><em>Controle Gerencial e a Tecnologia da Informa\u00e7\u00e3o: um estudo de caso na previs\u00e3o or\u00e7ament\u00e1ria em uma organiza\u00e7\u00e3o do setor industrial<\/em><\/a>. (2012-2015)<\/li>\n<\/ul>\n<h4><span style=\"text-decoration: underline;\">Coorienta\u00e7\u00f5es de mestrado<\/span>:<\/h4>\n<ul>\n<li><a href=\"http:\/\/lattes.cnpq.br\/2666386332809363\">Roberta da Silva Lopes<\/a>. <a href=\"https:\/\/1drv.ms\/b\/s!AtXDOQZ7Nu-mk6JaXGBgkB8ou7mLrA?e=3lbRwb\"><em>Intelig\u00eancia Artificial na Contabilidade em organiza\u00e7\u00f5es p\u00fablicas: Potencialidades e Desafios<\/em><\/a>. (2017-2019) &#8211; PPGCC\/UERJ (coorienta\u00e7\u00e3o)<\/li>\n<li><a href=\"http:\/\/lattes.cnpq.br\/1921810967502254\">Uniran Lemos da Cruz<\/a>. <span style=\"color: #000000;\"><em>Capital Intelectual combinado com o Balanced Scorecard na gest\u00e3o e controle de grandes mercados populares: um estudo de caso<\/em>. (2015-2017) &#8211; PPGCC\/UERJ (coorienta\u00e7\u00e3o)<\/span><\/li>\n<li><a href=\"http:\/\/lattes.cnpq.br\/1963500433047094\">Rita de C\u00e1ssia do Nascimento<\/a>. <span style=\"color: #000000;\"><em>Estrat\u00e9gias de reten\u00e7\u00e3o do conhecimento de colaboradores em fase de aposentadoria: uma revis\u00e3o sistem\u00e1tica da literatura<\/em>. (2015-2017) &#8211; PPGCC\/UERJ (coorienta\u00e7\u00e3o)<\/span><\/li>\n<li><a href=\"http:\/\/lattes.cnpq.br\/9019072020537027\">Helo\u00edsa Ba\u00eda da Costa<\/a>. <span style=\"color: #000000;\"><em>Estrat\u00e9gias de reten\u00e7\u00e3o do conhecimento de colaboradores em fase de aposentadoria: uma revis\u00e3o sistem\u00e1tica da literatura<\/em>. (2014-2016) &#8211; PPGCC\/UERJ (coorienta\u00e7\u00e3o)<\/span><\/li>\n<li><a href=\"http:\/\/lattes.cnpq.br\/0640981376830335\">Alice Wagner Sternberg<\/a>. <a href=\"http:\/\/pppro.cefet-rj.br\/T\/371_Alice%20Wagner%20Sternberg.pdf\"><em>An\u00e1lise de Padr\u00f5es Frequentes de Atrasos em Voos Nacionais<\/em><\/a>. (2014-2016) &#8211; PPPRO\/CEFET-RJ (coorienta\u00e7\u00e3o)<\/li>\n<li><a href=\"http:\/\/lattes.cnpq.br\/6437926366647678\">Rodrigo Winter Afonso<\/a>. <span style=\"color: #000000;\"><em>Mapas estrat\u00e9gicos do Balance Scorecard em Organiza\u00e7\u00f5es de Sa\u00fade: uma abordagem via Din\u00e2mica de Sistemas<\/em>. (2013-2015) &#8211; PPGCC\/UERJ (coorienta\u00e7\u00e3o)<\/span><\/li>\n<li><a href=\"http:\/\/lattes.cnpq.br\/8763071979894974\">Marcio Romano<\/a>. <span style=\"color: #000000;\"><em>M\u00e9todos de Custeio no Setor P\u00fablico: Um estudo sobre como as informa\u00e7\u00f5es de custos atendem aos diversos stakeholders de um Hospital Universit\u00e1rio P\u00fablico<\/em>. (2013-2015) &#8211; PPGCC\/UERJ (coorienta\u00e7\u00e3o)<\/span><\/li>\n<\/ul>\n<h4><span style=\"text-decoration: underline;\">Coorienta\u00e7\u00e3o de doutorado<\/span>:<\/h4>\n<ul>\n<li><a href=\"http:\/\/lattes.cnpq.br\/4781864789335595\">Claudia Ferlin<\/a>. <a href=\"https:\/\/www.cos.ufrj.br\/uploadfile\/publicacao\/1855.pdf\"><em>Imputa\u00e7\u00e3o Multivariada: Uma Abordagem em Cascata<\/em><\/a>. (2002-2008) &#8211; COPPE\/UFRJ (coorienta\u00e7\u00e3o)<\/li>\n<\/ul>\n<h4><span style=\"text-decoration: underline;\">Orienta\u00e7\u00f5es de Especializa\u00e7\u00e3o (P\u00f3s-gradua\u00e7\u00e3o <em>Lato Sensu<\/em>)<\/span>:<\/h4>\n<ul>\n<li>Alessandra da Silva Oliveira. <i>Suporte ao Processo de Ensino-Aprendizagem em Educa\u00e7\u00e3o \u00e0 Dist\u00e2ncia com a Plataforma Moodle: Confronta\u00e7\u00e3o de Funcionalidades Frente \u00e0 Rede Social LinkedIn<\/i>. (2015)<br \/>\nPIGEAD &#8211; LANTE\/UFF.<\/li>\n<li>Ana Carla Epitacio Mazzeto. <i>Suporte ao Processo de Ensino-Aprendizagem em Educa\u00e7\u00e3o \u00e0 Dist\u00e2ncia com a Plataforma Moodle: Confronta\u00e7\u00e3o de Funcionalidades Frente \u00e0 Rede Social Facebook<\/i>. (2015)<br \/>\nPIGEAD &#8211; LANTE\/UFF.<\/li>\n<li>Roberta da Silva Lopes. <i>Suporte ao Processo de Ensino-Aprendizagem em Educa\u00e7\u00e3o \u00e0 Dist\u00e2ncia com a Plataforma Moodle: Confronta\u00e7\u00e3o de Funcionalidades Frente \u00e0 Rede Social Edmodo<\/i>. (2015)<br \/>\nPIGEAD &#8211; LANTE\/UFF.<\/li>\n<li>Simone Amorim Cantreva. <i>Suporte ao Processo de Ensino-Aprendizagem em Educa\u00e7\u00e3o \u00e0 Dist\u00e2ncia com a Plataforma Moodle: Confronta\u00e7\u00e3o de Funcionalidades Frente \u00e0 Rede Social YouTube<\/i>. (2015)<br \/>\nPIGEAD &#8211; LANTE\/UFF.<\/li>\n<li>Tatiana Abreu da Silva. <i>Suporte ao Processo de Ensino-Aprendizagem em Educa\u00e7\u00e3o \u00e0 Dist\u00e2ncia com a Plataforma Moodle: Confronta\u00e7\u00e3o de Funcionalidades Frente \u00e0 Rede Social Blog<\/i>. (2015) PIGEAD &#8211; LANTE\/UFF.<\/li>\n<li>C\u00edcero Sebasti\u00e3o da Silva. <i>O Uso de V\u00eddeos Educacionais Disponibilizados no YouTubr como Recurso de Ensino e Aprendizagem<\/i>. (2015)<br \/>\nPIGEAD &#8211; LANTE\/UFF.<\/li>\n<li>Ant\u00f4nia Martins de Lima. <i>O Uso do Facebook como Ferramenta Auxiliar na Escola B\u00e1sica<\/i>. (2015)<br \/>\nPIGEAD &#8211; LANTE\/UFF.<\/li>\n<li>Clarice Ferreira da Silva. <i>O Uso do Celular como Ferramenta Educacional: As Possibilidades do Aplicativo What\u00b4s App<\/i>. (2015)<br \/>\nPIGEAD &#8211; LANTE\/UFF.<\/li>\n<li>Alessandra de Oliveira Divino. <i>Ambientes Virtuais e M\u00eddias de Comunica\u00e7\u00e3o: Utiliza\u00e7\u00e3o, usabilidade e satisfa\u00e7\u00e3o de uma plataforma educacional no processo ensino-aprendizagem<\/i>. (2013)<br \/>\nPIGEAD &#8211; LANTE\/UFF.<\/li>\n<li>Alexandre Vasconcellos de Andrade. <i>Ambientes Virtuais e M\u00eddias de Comunica\u00e7\u00e3o: Design de Interface: uma proposta de facilita\u00e7\u00e3o e novas experi\u00eancias ao processo ensino aprendizagem<\/i>. (2013)<br \/>\nPIGEAD &#8211; LANTE\/UFF.<\/li>\n<li>Andr\u00e9ia Marcelino Ernesto Ribeiro. <i>Ambientes Virtuais e M\u00eddias de Comunica\u00e7\u00e3o: As influ\u00eancias do design de interface na estrutura dos ambientes de aprendizagem online<\/i>. (2013)<br \/>\nPIGEAD &#8211; LANTE\/UFF.<\/li>\n<li>Camila Assis Peres Silva. <i>Ambientes Virtuais e M\u00eddias de Comunica\u00e7\u00e3o: O papel do design de interface na Educa\u00e7\u00e3o \u00e0 Dist\u00e2ncia<\/i>. (2013)<br \/>\nPIGEAD &#8211; LANTE\/UFF.<\/li>\n<li>Marco Aur\u00e9lio Silva Souza. <i>A constru\u00e7\u00e3o de identidades socioinstitucionais de aluna e tutora em um f\u00f3rum de Educa\u00e7\u00e3o \u00e0 Dist\u00e2ncia<\/i>. (2013)<br \/>\nPIGEAD &#8211; LANTE\/UFF.<\/li>\n<li>Rita de C\u00e1ssia da Silva Soares. <i>A constru\u00e7\u00e3o de conhecimentos atrav\u00e9s de intera\u00e7\u00f5es entre aluna e tutora em um f\u00f3rum de Educa\u00e7\u00e3o a Dist\u00e2ncia<\/i>. (2013)<br \/>\nPIGEAD &#8211; LANTE\/UFF.<\/li>\n<li>Ver\u00f4nica da Silveira Pedro. <i>As estrat\u00e9gias discursivas e o footing de uma aluna e uma tutora em um f\u00f3rum educacional pela perspectiva da pragm\u00e1tica lingu\u00edstica<\/i>. (2013)<br \/>\nPIGEAD &#8211; LANTE\/UFF.<\/li>\n<li>Larissa de Sousa Moreira. <i>Desenvolvimento de uma Unidade Virtual de Aprendizagem: An\u00e1lise de Mathlets sobre a \u00c1rea do Paralelogramo, Tri\u00e2ngulo, Trap\u00e9zio e Losango<\/i>. (2012) NTEM &#8211; LANTE\/UFF.<\/li>\n<li>Em\u00edlia do Carmo Elias Gomes Sobreira. <i>Teorema de Tales: Aplica\u00e7\u00f5es com o Software R\u00e9gua e Compasso<\/i>. (2012)<br \/>\nNTEM &#8211; LANTE\/UFF.<\/li>\n<li>Marina Ferreira Fernandes Barros. <i>Teorema de Tales numa vis\u00e3o tradicional versus Teorema de Tales com o software R. e C.<\/i>. (2012)<br \/>\nNTEM &#8211; LANTE\/UFF.<\/li>\n<li>Jaqueline da Silva Ara\u00fajo Valentim. <i>O uso do software R\u00e9gua e Compasso nas aulas de Matem\u00e1tica<\/i>. (2012)<br \/>\nNTEM &#8211; LANTE\/UFF.<\/li>\n<li>Priscila Mendes da Silva. <i>O Teorema de Tales atrav\u00e9s do software R\u00e9gua e Compasso<\/i>. (2012)<br \/>\nNTEM &#8211; LANTE\/UFF.<\/li>\n<li>Cristiane Renata Pereira Lopes. <i>Tecnologias Aplicadas no Ensino da Geometria<\/i>. (2012)<br \/>\nNTEM &#8211; LANTE\/UFF.<\/li>\n<li>Vitor Rangel de Arruda. <i>Desenvolvimento de uma Unidade Virtual de Aprendizagem: An\u00e1lise de Mathlets sobre a \u00c1rea do Ret\u00e2ngulo e Quadrado<\/i>. (2012)<br \/>\nNTEM &#8211; LANTE\/UFF.<\/li>\n<li>J\u00e9ssica Gabri Pereira. <i>O Teorema de Tales sob uma perspectiva diferente<\/i>. (2012)<br \/>\nNTEM &#8211; LANTE\/UFF.<\/li>\n<\/ul>\n<h4><span style=\"text-decoration: underline;\">Trabalhos de conclus\u00e3o de curso de gradua\u00e7\u00e3o<\/span>:<\/h4>\n<ul>\n<li>Matheus Santos Melo, Matheus Maia Vieira. <em><a href=\"https:\/\/eic.cefet-rj.br\/~jsoares\/wp-content\/uploads\/2023\/12\/TCC_Les\u00f5es_no_Futebol-Vers\u00e3o-final.pdf\">Predi\u00e7\u00f5es de Les\u00f5es no Futebol Profissional<\/a><\/em>. (2023)<br \/>\nBacharelado em Ci\u00eancia da Computa\u00e7\u00e3o &#8211; CEFET\/RJ<\/li>\n<li>Let\u00edcia Silva de Moura. <a href=\"https:\/\/eic.cefet-rj.br\/~jsoares\/wp-content\/uploads\/2020\/08\/Integrac\u0327a\u0303o-e-migrac\u0327a\u0303o-de-interface-de-linha-de-comando-para-workflow-Um-relato-de-experie\u0302ncia-do-sistema-de-imputac\u0327a\u0303o-Appraisal.pdf\"><em>Integra\u00e7\u00e3o e migra\u00e7\u00e3o de interface de linha de comando para workflow: um relato de experi\u00eancia do sistema de imputa\u00e7\u00e3o Appraisal<\/em><\/a>. (2019)<br \/>\nCurso Superior de Tecnologia em Sistemas para Internet &#8211; CEFET\/RJ<\/li>\n<li>Eduardo Vicente. <em>Aplica\u00e7\u00e3o de M\u00e9todos de Intelig\u00eancia Computacional no Processo de Tomada de Decis\u00e3o no ERP livre \u201cAdempiere LBR\u201d<\/em>. (2014)<br \/>\nBacharelado em Ci\u00eancia da Computa\u00e7\u00e3o &#8211; UERJ<\/li>\n<li>Natalia Marques Pereira. <em>Elementos do Processo Decis\u00f3rio na Aquisi\u00e7\u00e3o de Seguros no Ramo de Autom\u00f3veis<\/em>. (2014). Bacharelado em Administra\u00e7\u00e3o &#8211; UERJ<\/li>\n<li>Rodrigo Tavares de Souza. <em>An\u00e1lise da Base de Dados de D\u00edvida Ativa do CRC-RJ Utilizando T\u00e9cnicas de Minera\u00e7\u00e3o de Dados<\/em>. (2013)<br \/>\nBacharelado em Administra\u00e7\u00e3o &#8211; UERJ<\/li>\n<li>Juliana Vasconcellos de Medina. <a href=\"https:\/\/eic.cefet-rj.br\/~jsoares\/wp-content\/uploads\/2020\/08\/Algoritmos-Gene\u0301ticos-e-Redes-de-Kohonen-na-Complementac\u0327a\u0303o-de-Dados-Ausentes.pdf\"><em>Algoritmos Gene\u0301ticos e Redes de Kohonen na Complementac\u0327a\u0303o de Dados Ausentes<\/em><\/a>. (2012)<br \/>\nBacharelado em Ci\u00eancia da Computa\u00e7\u00e3o &#8211; UERJ<\/li>\n<li>Wagner Lopes Cortes. <em>E-Business e ERP: Uni\u00e3o Voltada para o Sucesso<\/em>. (2012) Bacharelado em Administra\u00e7\u00e3o &#8211; UERJ<\/li>\n<li>Natalia Benevides de Carvalho. <em>Como as Organiza\u00e7\u00f5es Podem Alcan\u00e7ar Vantagem Competitiva Atuando nas Redes Sociais<\/em>. (2012)<br \/>\nBacharelado em Administra\u00e7\u00e3o &#8211; UERJ<\/li>\n<li>Renato Pereira dos Santos. <em>A Utiliza\u00e7\u00e3o do Business Intelligence para \u00a0Aplicabilidade do Balanced Scorecard em uma Institui\u00e7\u00e3o de Ensino Superior P\u00fablica UERJ<\/em> (2012)<br \/>\nBacharelado em Administra\u00e7\u00e3o &#8211; UERJ<\/li>\n<li>Bruna Stefania Aranha Fernandes. <em>Ader\u00eancia das Ferramentas de Gest\u00e3o de Projetos Segundo as \u00c1reas de Conhecimento do PMBoK: Comparativo das Ferramentas MS Project, Oracle Primavera e HP PPM<\/em>. (2012)<br \/>\nBacharelado em Administra\u00e7\u00e3o &#8211; UERJ<\/li>\n<li>Camila Cardoso Manso. <em>A Gest\u00e3o de Servi\u00e7os em TI e as Melhores Pr\u00e1ticas de Mercado<\/em>. (2010)<br \/>\nBacharelado em Administra\u00e7\u00e3o &#8211; UERJ<\/li>\n<li>Rafael Abrah\u00e3o de Lima. <em>Sistemas de Informa\u00e7\u00e3o como Ferramenta para a Tomada de Decis\u00e3o no Comando da Aeron\u00e1utica<\/em>. (2010)<br \/>\nBacharelado em Administra\u00e7\u00e3o &#8211; UERJ<\/li>\n<li>Gabriel Emerick Pessanha dos Santos. Sistema de arrecada\u00e7\u00e3o de ped\u00e1gios. (2010)<br \/>\nBacharelado em Administra\u00e7\u00e3o &#8211; UERJ<\/li>\n<li>Marcelo Carvalho Beliz\u00e1rio de Souza. <em>O Desafio da Gest\u00e3o de M\u00e3o-de-Obra Terceirizada em Servi\u00e7os de Telecomunica\u00e7\u00f5es<\/em>. (2010)<br \/>\nBacharelado em Administra\u00e7\u00e3o &#8211; UERJ<\/li>\n<li>Thiago Bonato Barroso de Lacerda. <em>O Aprimoramento da For\u00e7a de Vendas Atrav\u00e9s de Sistemas de Informa\u00e7\u00e3o Baseados em Tecnologia M\u00f3vel<\/em>. (2010)<br \/>\nBacharelado em Administra\u00e7\u00e3o &#8211; UERJ<\/li>\n<li>Guido Giuseppe Scagliusi e Mariana Melo Oliveira. <em>Sistema de Gest\u00e3o de Relacionamento com Clientes iAzul<\/em>. (2010)<br \/>\nTecnologia em Sistemas para Internet &#8211; Faculdade de Tecnologia SENAC Rio.<\/li>\n<li>Luiz Henrique Santanna Barbosa. <em>O Processo Decis\u00f3rio com Sistemas de Intelig\u00eancia Competitiva: Um Estudo de Caso da Bradesco Seguros<\/em>. (2009)<br \/>\nBacharelado em Administra\u00e7\u00e3o &#8211; UERJ<\/li>\n<li>Diego Saraiva Monteiro. <em><a href=\"https:\/\/eic.cefet-rj.br\/~jsoares\/wp-content\/uploads\/2020\/08\/Imputa\u00e7\u00e3o-Composta-Categ\u00f3rica-em-Bases-de-Dados.pdf\">Imputa\u00e7\u00e3o Composta Categ\u00f3rica em Bases de Dados<\/a>.<\/em> (2008) Bacharelado em Ci\u00eancia da Computa\u00e7\u00e3o &#8211; Centro Universit\u00e1rio da Cidade (UniverCidade).<\/li>\n<li>Carlos Alberto Quintanilha e Pedro Deane. <em>Reconhecimento de Faces Utilizando Redes Neuronais e L\u00f3gica Nebulosa<\/em>. (2008).<br \/>\nBacharelado em Ci\u00eancia da Computa\u00e7\u00e3o &#8211; Centro Universit\u00e1rio da Cidade (UniverCidade).<\/li>\n<li>Lu\u00eds Felipe Castro Corr\u00eaa. <em>Sistema de aloca\u00e7\u00e3o de hor\u00e1rios<\/em>. (2004)<br \/>\nTecnologia em Inform\u00e1tica &#8211; Centro Universit\u00e1rio da Cidade (UniverCidade).<\/li>\n<li>Andr\u00e9a Parga Teles Barboza e Igor Barboza Nassif. <em>Sistema de Controle de Vendas da um Ag\u00eancia de Viagens<\/em>. (2004)<br \/>\nCurso Superior de Tecnologia em Inform\u00e1tica &#8211; Centro Universit\u00e1rio da Cidade (UniverCidade).<\/li>\n<li>Marcello Menescal de Holanda e Marcello Marques de P. e Silva. <em>Reconhecimento de padr\u00f5es utilizando redes neuronais de Hopfield<\/em>. (2003)<br \/>\nBacharelado em Ci\u00eancia da Computa\u00e7\u00e3o &#8211; Centro Universit\u00e1rio da Cidade (UniverCidade).<\/li>\n<li>Leandro de Souza Lima Chernicharo. <em>Sistema de Informa\u00e7\u00f5es Policiais<\/em>. (2002)<br \/>\nCurso Superior de Tecnologia em Inform\u00e1tica &#8211; Centro Universit\u00e1rio da Cidade (UniverCidade).<\/li>\n<li>Priscila dos Santos Siqueira. <em>Sistema de Monitora\u00e7\u00e3o de Links de WANs<\/em>. (2002)<br \/>\nCurso Superior de Tecnologia em Inform\u00e1tica &#8211; Centro Universit\u00e1rio da Cidade (UniverCidade).<\/li>\n<li>Elizabeth Azevedo de Barros. <em>Sistema de Gest\u00e3o Empresarial<\/em>. (2002)<br \/>\nCurso Superior de Tecnologia em Inform\u00e1tica &#8211; Centro Universit\u00e1rio da Cidade (UniverCidade).<\/li>\n<\/ul>\n<p>&nbsp;<\/p>\n","protected":false},"excerpt":{"rendered":"<p>Mestrado &#8211; Programa de P\u00f3s-Gradua\u00e7\u00e3o em Ci\u00eancia da Computa\u00e7\u00e3o (PPCIC\/CEFET-RJ): Ana Gabriela Viana de Ara\u00fajo. (2023-). Daniel da Silva Rocha. (2025-). Felipe de Avila Tavares. (2023-). Marcelo Henrique Nery da Silva. (2023-). Leandro Maia Gon\u00e7alves. (2018-2021). Imputac\u0327a\u0303o Hot-Deck: Uma Revisa\u0303o Sistema\u0301tica da Literatura. Leonardo da Silva Moreira. (2017-2019). Evaluation of Data Preprocessing Methods for Predicting [&hellip;]<\/p>\n","protected":false},"author":1,"featured_media":0,"parent":0,"menu_order":0,"comment_status":"closed","ping_status":"closed","template":"","meta":{"footnotes":""},"class_list":["post-173","page","type-page","status-publish","hentry"],"_links":{"self":[{"href":"https:\/\/eic.cefet-rj.br\/~jsoares\/wp-json\/wp\/v2\/pages\/173","targetHints":{"allow":["GET"]}}],"collection":[{"href":"https:\/\/eic.cefet-rj.br\/~jsoares\/wp-json\/wp\/v2\/pages"}],"about":[{"href":"https:\/\/eic.cefet-rj.br\/~jsoares\/wp-json\/wp\/v2\/types\/page"}],"author":[{"embeddable":true,"href":"https:\/\/eic.cefet-rj.br\/~jsoares\/wp-json\/wp\/v2\/users\/1"}],"replies":[{"embeddable":true,"href":"https:\/\/eic.cefet-rj.br\/~jsoares\/wp-json\/wp\/v2\/comments?post=173"}],"version-history":[{"count":41,"href":"https:\/\/eic.cefet-rj.br\/~jsoares\/wp-json\/wp\/v2\/pages\/173\/revisions"}],"predecessor-version":[{"id":337,"href":"https:\/\/eic.cefet-rj.br\/~jsoares\/wp-json\/wp\/v2\/pages\/173\/revisions\/337"}],"wp:attachment":[{"href":"https:\/\/eic.cefet-rj.br\/~jsoares\/wp-json\/wp\/v2\/media?parent=173"}],"curies":[{"name":"wp","href":"https:\/\/api.w.org\/{rel}","templated":true}]}}