{"id":16,"date":"2020-07-18T10:54:54","date_gmt":"2020-07-18T13:54:54","guid":{"rendered":"https:\/\/eic.cefet-rj.br\/~jsoares\/?page_id=16"},"modified":"2020-08-17T21:34:34","modified_gmt":"2020-08-18T00:34:34","slug":"pesquisa","status":"publish","type":"page","link":"https:\/\/eic.cefet-rj.br\/~jsoares\/pesquisa\/","title":{"rendered":"Pesquisa"},"content":{"rendered":"<h4>Veja o v\u00eddeo onde explico meus interesses de pesquisa para candidatos ao PPCIC &#8211; Programa de P\u00f3s-gradua\u00e7\u00e3o em Ci\u00eancia da Computa\u00e7\u00e3o do CEFET\/RJ.\u00a0 \u21d3<\/h4>\n<p><iframe loading=\"lazy\" title=\"Jorge Soares\" width=\"519\" height=\"389\" src=\"https:\/\/www.youtube.com\/embed\/OlcZe2c90rk?feature=oembed\" frameborder=\"0\" allow=\"accelerometer; autoplay; clipboard-write; encrypted-media; gyroscope; picture-in-picture; web-share\" referrerpolicy=\"strict-origin-when-cross-origin\" allowfullscreen><\/iframe><\/p>\n<h4>Acesse a apresenta\u00e7\u00e3o utilizada como base do v\u00eddeo acima em <a href=\"https:\/\/eic.cefet-rj.br\/~jsoares\/wp-content\/uploads\/2020\/08\/Temas-de-pesquisa-PPCIC-JORGE-DE-ABREU-SOARES.pdf\">Temas de pesquisa PPCIC &#8211; JORGE DE ABREU SOARES<\/a>.<\/h4>\n<h4><strong><u>Interesses de pesquisa<\/u><\/strong>:<\/h4>\n<ul>\n<li>Pr\u00e9-processamento de dados: <b>imputa\u00e7\u00e3o (preenchimento de dados ausentes)<\/b>, detec\u00e7\u00e3o de desvios, normaliza\u00e7\u00e3o, deduplica\u00e7\u00e3o.<\/li>\n<li>Ci\u00eancia de Dados aplicada ao <i>e-governo<\/i>: <b>detec\u00e7\u00e3o de fraudes em movimenta\u00e7\u00f5es financeiras governamentais<\/b> &#8211; em parceria com a Faculdade de Administra\u00e7\u00e3o e Finan\u00e7as das UERJ.<\/li>\n<li>Ci\u00eancia de Dados aplicada ao agroneg\u00f3cio: <b>mapeamento de solos<\/b> &#8211; em parceria com o Departamento de Solos da UFRRJ.<\/li>\n<li><b>Combate \u00e0 publica\u00e7\u00e3o de mensagens falsas (<em>fake news<\/em>)<\/b> &#8211; em parceria com o Instituto Militar de Engenharia (IME).<\/li>\n<\/ul>\n<h4><span style=\"text-decoration: underline;\">Grupos de pesquisa<\/span>:<\/h4>\n<ul>\n<li><a href=\"http:\/\/dgp.cnpq.br\/dgp\/espelhogrupo\/9806930220192669\" target=\"_blank\" rel=\"noopener noreferrer\">Data Analytics Lab &#8211; CEFET\/RJ<\/a><\/li>\n<li><a href=\"http:\/\/dgp.cnpq.br\/dgp\/espelhogrupo\/1021796015724078\" target=\"_blank\" rel=\"noopener noreferrer\">Computa\u00e7\u00e3o Paralela e Distribu\u00edda &#8211; CEFET\/RJ<\/a><\/li>\n<li><a href=\"http:\/\/dgp.cnpq.br\/dgp\/espelhogrupo\/7653005772491808\" target=\"_blank\" rel=\"noopener noreferrer\">\u00c1gua e Solos em Agroecossistemas &#8211; UFRRJ<\/a><\/li>\n<li><a href=\"http:\/\/dgp.cnpq.br\/dgp\/espelhogrupo\/7047437203502763\" target=\"_blank\" rel=\"noopener noreferrer\">Laborat\u00f3rio de An\u00e1lise de Dados &#8211; UERJ<\/a><\/li>\n<\/ul>\n<p>&nbsp;<\/p>\n<p>&nbsp;<\/p>\n","protected":false},"excerpt":{"rendered":"<p>Veja o v\u00eddeo onde explico meus interesses de pesquisa para candidatos ao PPCIC &#8211; Programa de P\u00f3s-gradua\u00e7\u00e3o em Ci\u00eancia da Computa\u00e7\u00e3o do CEFET\/RJ.\u00a0 \u21d3 Acesse a apresenta\u00e7\u00e3o utilizada como base do v\u00eddeo acima em Temas de pesquisa PPCIC &#8211; JORGE DE ABREU SOARES. Interesses de pesquisa: Pr\u00e9-processamento de dados: imputa\u00e7\u00e3o (preenchimento de dados ausentes), detec\u00e7\u00e3o [&hellip;]<\/p>\n","protected":false},"author":1,"featured_media":0,"parent":0,"menu_order":0,"comment_status":"closed","ping_status":"closed","template":"","meta":{"footnotes":""},"class_list":["post-16","page","type-page","status-publish","hentry"],"_links":{"self":[{"href":"https:\/\/eic.cefet-rj.br\/~jsoares\/wp-json\/wp\/v2\/pages\/16","targetHints":{"allow":["GET"]}}],"collection":[{"href":"https:\/\/eic.cefet-rj.br\/~jsoares\/wp-json\/wp\/v2\/pages"}],"about":[{"href":"https:\/\/eic.cefet-rj.br\/~jsoares\/wp-json\/wp\/v2\/types\/page"}],"author":[{"embeddable":true,"href":"https:\/\/eic.cefet-rj.br\/~jsoares\/wp-json\/wp\/v2\/users\/1"}],"replies":[{"embeddable":true,"href":"https:\/\/eic.cefet-rj.br\/~jsoares\/wp-json\/wp\/v2\/comments?post=16"}],"version-history":[{"count":17,"href":"https:\/\/eic.cefet-rj.br\/~jsoares\/wp-json\/wp\/v2\/pages\/16\/revisions"}],"predecessor-version":[{"id":214,"href":"https:\/\/eic.cefet-rj.br\/~jsoares\/wp-json\/wp\/v2\/pages\/16\/revisions\/214"}],"wp:attachment":[{"href":"https:\/\/eic.cefet-rj.br\/~jsoares\/wp-json\/wp\/v2\/media?parent=16"}],"curies":[{"name":"wp","href":"https:\/\/api.w.org\/{rel}","templated":true}]}}