{"id":15,"date":"2020-07-18T10:54:53","date_gmt":"2020-07-18T13:54:53","guid":{"rendered":"https:\/\/eic.cefet-rj.br\/~jsoares\/?page_id=15"},"modified":"2020-07-18T19:42:26","modified_gmt":"2020-07-18T22:42:26","slug":"ensino","status":"publish","type":"page","link":"https:\/\/eic.cefet-rj.br\/~jsoares\/ensino\/","title":{"rendered":"Ensino"},"content":{"rendered":"<h4>CEFET\/RJ<\/h4>\n<p><span style=\"text-decoration: underline;\"><strong>Mestrado<\/strong><\/span><\/p>\n<ul>\n<li>Banco de Dados<\/li>\n<li>T\u00f3picos Especiais em Ger\u00eancia de Dados<\/li>\n<\/ul>\n<p><span style=\"text-decoration: underline;\"><strong>Gradua\u00e7\u00e3o<\/strong><\/span><\/p>\n<ul>\n<li>Administra\u00e7\u00e3o de Banco de Dados<\/li>\n<li>Projeto Final de Curso<\/li>\n<\/ul>\n<p><span style=\"text-decoration: underline;\"><strong>Curso T\u00e9cnico de Inform\u00e1tica<\/strong><\/span><\/p>\n<ul>\n<li>Projeto e Administra\u00e7\u00e3o de Banco de Dados<\/li>\n<\/ul>\n<p>&nbsp;<\/p>\n<p><strong><span style=\"text-decoration: underline;\"><a href=\"https:\/\/eic.cefet-rj.br\/~jsoares\/ensino-archive\/\">Arquivo<\/a><\/span><\/strong><\/p>\n","protected":false},"excerpt":{"rendered":"<p>CEFET\/RJ Mestrado Banco de Dados T\u00f3picos Especiais em Ger\u00eancia de Dados Gradua\u00e7\u00e3o Administra\u00e7\u00e3o de Banco de Dados Projeto Final de Curso Curso T\u00e9cnico de Inform\u00e1tica Projeto e Administra\u00e7\u00e3o de Banco de Dados &nbsp; Arquivo<\/p>\n","protected":false},"author":1,"featured_media":0,"parent":0,"menu_order":0,"comment_status":"closed","ping_status":"closed","template":"","meta":{"footnotes":""},"class_list":["post-15","page","type-page","status-publish","hentry"],"_links":{"self":[{"href":"https:\/\/eic.cefet-rj.br\/~jsoares\/wp-json\/wp\/v2\/pages\/15","targetHints":{"allow":["GET"]}}],"collection":[{"href":"https:\/\/eic.cefet-rj.br\/~jsoares\/wp-json\/wp\/v2\/pages"}],"about":[{"href":"https:\/\/eic.cefet-rj.br\/~jsoares\/wp-json\/wp\/v2\/types\/page"}],"author":[{"embeddable":true,"href":"https:\/\/eic.cefet-rj.br\/~jsoares\/wp-json\/wp\/v2\/users\/1"}],"replies":[{"embeddable":true,"href":"https:\/\/eic.cefet-rj.br\/~jsoares\/wp-json\/wp\/v2\/comments?post=15"}],"version-history":[{"count":13,"href":"https:\/\/eic.cefet-rj.br\/~jsoares\/wp-json\/wp\/v2\/pages\/15\/revisions"}],"predecessor-version":[{"id":166,"href":"https:\/\/eic.cefet-rj.br\/~jsoares\/wp-json\/wp\/v2\/pages\/15\/revisions\/166"}],"wp:attachment":[{"href":"https:\/\/eic.cefet-rj.br\/~jsoares\/wp-json\/wp\/v2\/media?parent=15"}],"curies":[{"name":"wp","href":"https:\/\/api.w.org\/{rel}","templated":true}]}}