{"id":303,"date":"2020-11-24T22:44:47","date_gmt":"2020-11-24T22:44:47","guid":{"rendered":"https:\/\/eic.cefet-rj.br\/~jsantos\/?page_id=303"},"modified":"2020-11-24T22:47:38","modified_gmt":"2020-11-24T22:47:38","slug":"experimento-bioland-e-ecolab","status":"publish","type":"page","link":"https:\/\/eic.cefet-rj.br\/~jsantos\/experimento-bioland-e-ecolab\/","title":{"rendered":"Experimento BioLand e EcoLab"},"content":{"rendered":"<p><span style=\"font-weight: 400;\">Voc\u00ea trabalha para uma empresa <\/span><i><span style=\"font-weight: 400;\">Concreto S.A.<\/span><\/i><span style=\"font-weight: 400;\">, do ramo de constru\u00e7\u00e3o civil. A Concreto S.A. acabou de adquirir um terreno de garagem de \u00f4nibus na Barra da Tijuca para constru\u00e7\u00e3o de um novo <\/span><i><span style=\"font-weight: 400;\">Shopping Center<\/span><\/i><span style=\"font-weight: 400;\">. Verificando amostras de solo do terreno, foi detectada uma contamina\u00e7\u00e3o com Diesel numa concentra\u00e7\u00e3o de 240 mg\/Kg e com Biodiesel numa concentra\u00e7\u00e3o de 225 mg\/Kg (usando como refer\u00eancia a concentra\u00e7\u00e3o de Tolueno) devido ao armazenamento de combust\u00edvel. A mesma amostra apresentou o perfil de bact\u00e9rias da tabela abaixo.<\/span><\/p>\n<blockquote><p><span style=\"font-weight: 400;\">Perfil com Diesel:<\/span><\/p><\/blockquote>\n<table>\n<tbody>\n<tr>\n<td><b>Nome da Bact\u00e9ria<\/b><\/td>\n<td><b>Quantidade<\/b><\/td>\n<\/tr>\n<tr>\n<td><span style=\"font-weight: 400;\">Micrococcus sp.<\/span><\/td>\n<td><span style=\"font-weight: 400;\">476<\/span><\/td>\n<\/tr>\n<tr>\n<td><span style=\"font-weight: 400;\">Arthrobacter sp.<\/span><\/td>\n<td><span style=\"font-weight: 400;\">500<\/span><\/td>\n<\/tr>\n<tr>\n<td><span style=\"font-weight: 400;\">Bacillus sp.<\/span><\/td>\n<td><span style=\"font-weight: 400;\">506<\/span><\/td>\n<\/tr>\n<tr>\n<td><span style=\"font-weight: 400;\">Burkholderia sp.<\/span><\/td>\n<td><span style=\"font-weight: 400;\">483<\/span><\/td>\n<\/tr>\n<tr>\n<td><span style=\"font-weight: 400;\">Staphylococcus sp.<\/span><\/td>\n<td><span style=\"font-weight: 400;\">512<\/span><\/td>\n<\/tr>\n<\/tbody>\n<\/table>\n<blockquote><p><span style=\"font-weight: 400;\">Perfil com BioDiesel:<\/span><\/p><\/blockquote>\n<table>\n<tbody>\n<tr>\n<td><b>Nome da Bact\u00e9ria<\/b><\/td>\n<td><b>Quantidade<\/b><\/td>\n<\/tr>\n<tr>\n<td><span style=\"font-weight: 400;\">Agromyces sp.<\/span><\/td>\n<td><span style=\"font-weight: 400;\">455<\/span><\/td>\n<\/tr>\n<tr>\n<td><span style=\"font-weight: 400;\">Arthrobacter sp.<\/span><\/td>\n<td><span style=\"font-weight: 400;\">500<\/span><\/td>\n<\/tr>\n<tr>\n<td><span style=\"font-weight: 400;\">Bacillus sp.<\/span><\/td>\n<td><span style=\"font-weight: 400;\">506<\/span><\/td>\n<\/tr>\n<tr>\n<td><span style=\"font-weight: 400;\">Burkholderia sp.<\/span><\/td>\n<td><span style=\"font-weight: 400;\">483<\/span><\/td>\n<\/tr>\n<tr>\n<td><span style=\"font-weight: 400;\">Cupriavidus sp.<\/span><\/td>\n<td><span style=\"font-weight: 400;\">508<\/span><\/td>\n<\/tr>\n<\/tbody>\n<\/table>\n<p><span style=\"font-weight: 400;\">Entretanto, de acordo com as regras de constru\u00e7\u00e3o civil do Rio de Janeiro, para a constru\u00e7\u00e3o do <\/span><i><span style=\"font-weight: 400;\">Shopping Center<\/span><\/i><span style=\"font-weight: 400;\">, \u00e9 preciso que a contamina\u00e7\u00e3o se reduza para 30 mg\/Kg de acordo com valores refer\u00eancia estabelecidos pelo CONAMA. Como tra\u00e7ar uma estrat\u00e9gia de descontamina\u00e7\u00e3o do terreno balanceando as vari\u00e1veis tempo e custo?<\/span><\/p>\n<p><b>O jogador poder\u00e1 usar o EcoLab para testar em condi\u00e7\u00f5es de laborat\u00f3rio a intera\u00e7\u00e3o do contaminante com o conjunto de bact\u00e9rias encontradas no local. O aluno ent\u00e3o joga o BioLand para atingir o objetivo apresentado no problema com base nas informa\u00e7\u00f5es obtidas no EcoLab.<\/b><\/p>\n<blockquote><p>Download<\/p><\/blockquote>\n<p style=\"padding-left: 30px;\">BioLand: <a href=\"https:\/\/gpmm.itch.io\/bioland\"><span style=\"font-weight: 400;\">https:\/\/gpmm.itch.io\/bioland<\/span><\/a><\/p>\n<p style=\"padding-left: 30px;\">EcoLab: <a href=\"https:\/\/gpmm.itch.io\/ecolab\"><span style=\"font-weight: 400;\">https:\/\/gpmm.itch.io\/ecolab<\/span><\/a><\/p>\n<blockquote><p>Tutorial de Uso<\/p><\/blockquote>\n<p style=\"padding-left: 30px;\">BioLand: <a href=\"https:\/\/youtu.be\/RvU2XsVX5YE\"><span style=\"font-weight: 400;\">https:\/\/youtu.be\/RvU2XsVX5YE<\/span><\/a><\/p>\n<p style=\"padding-left: 30px;\">EcoLab: <a href=\"https:\/\/meet.google.com\/linkredirect?authuser=0&amp;dest=https%3A%2F%2Fyoutu.be%2FOxbm2eGTfDU\"><span style=\"font-weight: 400;\">https:\/\/youtu.be\/Oxbm2eGTfDU<\/span><\/a><\/p>\n<p style=\"padding-left: 30px;\">\n","protected":false},"excerpt":{"rendered":"<p>Voc\u00ea trabalha para uma empresa Concreto S.A., do ramo de constru\u00e7\u00e3o civil. A Concreto S.A. acabou de adquirir um terreno de garagem de \u00f4nibus na Barra da Tijuca para constru\u00e7\u00e3o de um novo Shopping Center. Verificando amostras de solo do terreno, foi detectada uma contamina\u00e7\u00e3o com Diesel numa concentra\u00e7\u00e3o de 240 mg\/Kg e com Biodiesel &#8230; <a title=\"Experimento BioLand e EcoLab\" class=\"read-more\" href=\"https:\/\/eic.cefet-rj.br\/~jsantos\/experimento-bioland-e-ecolab\/\" aria-label=\"Read more about Experimento BioLand e EcoLab\">Ler mais<\/a><\/p>\n","protected":false},"author":1,"featured_media":0,"parent":0,"menu_order":0,"comment_status":"closed","ping_status":"closed","template":"","meta":{"footnotes":""},"class_list":["post-303","page","type-page","status-publish"],"_links":{"self":[{"href":"https:\/\/eic.cefet-rj.br\/~jsantos\/wp-json\/wp\/v2\/pages\/303","targetHints":{"allow":["GET"]}}],"collection":[{"href":"https:\/\/eic.cefet-rj.br\/~jsantos\/wp-json\/wp\/v2\/pages"}],"about":[{"href":"https:\/\/eic.cefet-rj.br\/~jsantos\/wp-json\/wp\/v2\/types\/page"}],"author":[{"embeddable":true,"href":"https:\/\/eic.cefet-rj.br\/~jsantos\/wp-json\/wp\/v2\/users\/1"}],"replies":[{"embeddable":true,"href":"https:\/\/eic.cefet-rj.br\/~jsantos\/wp-json\/wp\/v2\/comments?post=303"}],"version-history":[{"count":3,"href":"https:\/\/eic.cefet-rj.br\/~jsantos\/wp-json\/wp\/v2\/pages\/303\/revisions"}],"predecessor-version":[{"id":308,"href":"https:\/\/eic.cefet-rj.br\/~jsantos\/wp-json\/wp\/v2\/pages\/303\/revisions\/308"}],"wp:attachment":[{"href":"https:\/\/eic.cefet-rj.br\/~jsantos\/wp-json\/wp\/v2\/media?parent=303"}],"curies":[{"name":"wp","href":"https:\/\/api.w.org\/{rel}","templated":true}]}}