{"id":116,"date":"2017-01-05T12:48:06","date_gmt":"2017-01-05T12:48:06","guid":{"rendered":"http:\/\/eic.cefet-rj.br\/~jsantos\/?page_id=116"},"modified":"2018-02-08T12:42:05","modified_gmt":"2018-02-08T12:42:05","slug":"agenda","status":"publish","type":"page","link":"https:\/\/eic.cefet-rj.br\/~jsantos\/agenda\/","title":{"rendered":"CalendarAgenda"},"content":{"rendered":"<p>EIC students are able to access my public calendar to schedule meetings. Weekly slots are available and are identified as <em>Advisory<\/em>.<\/p>\n<p>To schedule a meeting one should perform\u00a0the following steps:<\/p>\n<ol>\n<li>Access the public calendar\u00a0<a href=\"https:\/\/calendar.google.com\/calendar\/selfsched?sstoken=UURWZTBHM2VYZG9mfGRlZmF1bHR8NDA2ZGJmOGExMTU5ODhlOTFmMzUwODdkNTJlNDUyMTk\">here<\/a>.<\/li>\n<li>Choose one of the available slots.<\/li>\n<li>Fill the <em>what<\/em>\u00a0field as\u00a0<em>&#8220;Meeting with [your name]&#8221;<\/em>.<\/li>\n<li>Fill the\u00a0<em>Description<\/em>\u00a0field with the points to be discussed.<\/li>\n<\/ol>\n<p>Os alunos da EIC, atrav\u00e9s de sua conta\u00a0de email, poder\u00e3o acessar a agenda p\u00fablica para requisitar reuni\u00f5es. S\u00e3o disponibilizados um conjunto de hor\u00e1rios semanais para atendimento aos alunos.\u00a0Os hor\u00e1rios dispon\u00edveis est\u00e3o identificados como <em>Atendimento<\/em>.<\/p>\n<p>Para marcar uma reuni\u00e3o siga\u00a0os seguintes passos:<\/p>\n<ol>\n<li>Acesse a agenda p\u00fablica atrav\u00e9s do <a href=\"https:\/\/calendar.google.com\/calendar\/selfsched?sstoken=UURWZTBHM2VYZG9mfGRlZmF1bHR8NDA2ZGJmOGExMTU5ODhlOTFmMzUwODdkNTJlNDUyMTk\">link<\/a>.<\/li>\n<li>Escolha uma das datas\/hor\u00e1rios dispon\u00edveis para agendar.<\/li>\n<li>Preencha o campo <em>O que<\/em> com o texto\u00a0<em>&#8220;Reuni\u00e3o com [seu nome]&#8221;<\/em>.<\/li>\n<li>Preencha o campo\u00a0<em>Descri\u00e7\u00e3o<\/em> com uma pauta resumida da reuni\u00e3o.<\/li>\n<\/ol>\n","protected":false},"excerpt":{"rendered":"<p>EIC students are able to access my public calendar to schedule meetings. Weekly slots are available and are identified as Advisory. To schedule a meeting one should perform\u00a0the following steps: Access the public calendar\u00a0here. Choose one of the available slots. Fill the what\u00a0field as\u00a0&#8220;Meeting with [your name]&#8221;. Fill the\u00a0Description\u00a0field with the points to be discussed. &#8230; <a title=\"CalendarAgenda\" class=\"read-more\" href=\"https:\/\/eic.cefet-rj.br\/~jsantos\/agenda\/\" aria-label=\"Read more about CalendarAgenda\">Ler mais<\/a><\/p>\n","protected":false},"author":1,"featured_media":0,"parent":0,"menu_order":0,"comment_status":"closed","ping_status":"closed","template":"","meta":{"footnotes":""},"class_list":["post-116","page","type-page","status-publish"],"_links":{"self":[{"href":"https:\/\/eic.cefet-rj.br\/~jsantos\/wp-json\/wp\/v2\/pages\/116","targetHints":{"allow":["GET"]}}],"collection":[{"href":"https:\/\/eic.cefet-rj.br\/~jsantos\/wp-json\/wp\/v2\/pages"}],"about":[{"href":"https:\/\/eic.cefet-rj.br\/~jsantos\/wp-json\/wp\/v2\/types\/page"}],"author":[{"embeddable":true,"href":"https:\/\/eic.cefet-rj.br\/~jsantos\/wp-json\/wp\/v2\/users\/1"}],"replies":[{"embeddable":true,"href":"https:\/\/eic.cefet-rj.br\/~jsantos\/wp-json\/wp\/v2\/comments?post=116"}],"version-history":[{"count":5,"href":"https:\/\/eic.cefet-rj.br\/~jsantos\/wp-json\/wp\/v2\/pages\/116\/revisions"}],"predecessor-version":[{"id":215,"href":"https:\/\/eic.cefet-rj.br\/~jsantos\/wp-json\/wp\/v2\/pages\/116\/revisions\/215"}],"wp:attachment":[{"href":"https:\/\/eic.cefet-rj.br\/~jsantos\/wp-json\/wp\/v2\/media?parent=116"}],"curies":[{"name":"wp","href":"https:\/\/api.w.org\/{rel}","templated":true}]}}