{"id":24,"date":"2019-09-30T21:52:31","date_gmt":"2019-10-01T00:52:31","guid":{"rendered":"https:\/\/eic.cefet-rj.br\/~iribeiro\/?page_id=24"},"modified":"2019-11-23T23:03:24","modified_gmt":"2019-11-24T02:03:24","slug":"sobre-mim","status":"publish","type":"page","link":"https:\/\/eic.cefet-rj.br\/~iribeiro\/","title":{"rendered":"About me"},"content":{"rendered":"<blockquote><p><img loading=\"lazy\" decoding=\"async\" class=\"alignleft size-thumbnail wp-image-21\" src=\"https:\/\/eic.cefet-rj.br\/~iribeiro\/wp-content\/uploads\/2019\/09\/0-150x150.jpeg\" alt=\"\" width=\"150\" height=\"150\" srcset=\"https:\/\/eic.cefet-rj.br\/~iribeiro\/wp-content\/uploads\/2019\/09\/0-150x150.jpeg 150w, https:\/\/eic.cefet-rj.br\/~iribeiro\/wp-content\/uploads\/2019\/09\/0-75x75.jpeg 75w, https:\/\/eic.cefet-rj.br\/~iribeiro\/wp-content\/uploads\/2019\/09\/0.jpeg 200w\" sizes=\"auto, (max-width: 150px) 100vw, 150px\" \/>I&#8217;m professor at the Computer Science Department of the Federal Center for Technological Education of Rio de Janeiro (CEFET \/ RJ) where I minister many different computing-related courses. I hold a BSc (2010), a MSc (2013) and a PhD (2018) degrees from Federal Fluminense University (UFF).\u00a0I have an extensive background in software development, computer networks, computer architecture and operating systems. From 2010 to 2018 I participated on many R&amp;D projects on wireless networks as a member of Midiacom lab at Federal Fluminense University. I am also faculty member of the professional master&#8217;s program in Management, Technologies and Education of Federal Institute of Rio de Janeiro. Currently, my research interests include network security, cryptography, security in Internet of Things, blockchain applications and malware analysis.<\/p><\/blockquote>\n<p><strong>PhD in Computer Science at UFF<\/strong> &#8211; THOR: Um Framework para Infraestrutura de Medi\u00e7\u00e3o Avan\u00e7ada Resiliente a Falhas de Agregadores nas Redes El\u00e9tricas Inteligentes.<\/p>\n<p><strong>MSc in Computer Science at UFF<\/strong> &#8211; Verifica\u00e7\u00e3o Probabil\u00edstica de Assinaturas para a Mitiga\u00e7\u00e3o de Ataques de Polui\u00e7\u00e3o em Redes Centradas em Conte\u00fado.<\/p>\n<p><strong>BSc in Computer Science at UFF<\/strong> &#8211; Implementa\u00e7\u00e3o de um Sistema Seguro de Distribuic\u00e3o e Armazenamento de Chaves Criptogr\u00e1ficas em uma Rede de Sensores Sem Fio.<\/p>\n<p><strong>Publica\u00e7\u00f5es:<\/strong> <a href=\"http:\/\/buscatextual.cnpq.br\/buscatextual\/visualizacv.do?id=K4273923T5&amp;tokenCaptchar=03AOLTBLSuVzMpIxcSbWv-JZdT1lb0hW_pStB_Sd8ARecYB6sUhMhiuA-dxYFlJG35YUZUuObs5mRaZcPQ8BA6kf9G9Y_0xMpHVvrlHLgij7yA556WI4x1oanp3r_MSVYKiRugAloUitcP7CvJAXFGjvaOt5y14ge1G1PwADojh6hr2HErz2RG7pZGFuSIMJX7jYRR0pWIkSb0BjLt-vqakuZ4OK_unZBkEtPkvM2z48jLLyI1zwX-H4ORFUgOtNgxMmp5FT5oOCoK-WKR9bKdLgzlaBi_8f0-jxflNGfV2vtOea3wJIXXicYyYZAkZ3Xj7keQPvCCJ5WC9_2l54v2VA4vX5lTUOUw2fNCwo_G6NKAo73VgMHvfUykRS4Ku1RyxojGnDBlf70m7JJ1mWmKwmSyJtpTHCgj0BORKP0y_m2aMzxV2jBiVAsKoplTRUWQ0KfXj3vuzJJgRYPOuksEnBLe8PnrwG8rccH1tJaYJ71h43fINXl_AHmEF8UxwSg_Z1xYDm8WVET5gmhhNE32IP6KkS7zd3PCQQ\" target=\"_blank\" rel=\"noopener noreferrer\">Lattes<\/a> e <a href=\"https:\/\/scholar.google.com.br\/citations?view_op=list_works&amp;hl=en&amp;user=9cn2pdkAAAAJ\" target=\"_blank\" rel=\"noopener noreferrer\">Google Scholar<\/a><\/p>\n<p><strong>How can you reach me?<\/strong><\/p>\n<ul>\n<li>Email: igor.ribeiro at eic.cefet-rj.br<\/li>\n<li><a href=\"https:\/\/www.linkedin.com\/in\/igorgonzalezribeiro\/\">Linkedin<\/a><\/li>\n<\/ul>\n","protected":false},"excerpt":{"rendered":"<p>I&#8217;m professor at the Computer Science Department of the Federal Center for Technological Education of Rio de Janeiro (CEFET \/ RJ) where I minister many different computing-related courses. I hold a BSc (2010), a MSc (2013) and a PhD (2018) degrees from Federal Fluminense University (UFF).\u00a0I have an extensive background in software development, computer networks,<\/p><\/div>\n<div class=\"blog-btn\"><a href=\"https:\/\/eic.cefet-rj.br\/~iribeiro\/\" class=\"home-blog-btn\">Ler mais<\/a><\/p>\n","protected":false},"author":1,"featured_media":0,"parent":0,"menu_order":0,"comment_status":"closed","ping_status":"closed","template":"","meta":{"footnotes":""},"class_list":["post-24","page","type-page","status-publish","hentry"],"_links":{"self":[{"href":"https:\/\/eic.cefet-rj.br\/~iribeiro\/wp-json\/wp\/v2\/pages\/24","targetHints":{"allow":["GET"]}}],"collection":[{"href":"https:\/\/eic.cefet-rj.br\/~iribeiro\/wp-json\/wp\/v2\/pages"}],"about":[{"href":"https:\/\/eic.cefet-rj.br\/~iribeiro\/wp-json\/wp\/v2\/types\/page"}],"author":[{"embeddable":true,"href":"https:\/\/eic.cefet-rj.br\/~iribeiro\/wp-json\/wp\/v2\/users\/1"}],"replies":[{"embeddable":true,"href":"https:\/\/eic.cefet-rj.br\/~iribeiro\/wp-json\/wp\/v2\/comments?post=24"}],"version-history":[{"count":15,"href":"https:\/\/eic.cefet-rj.br\/~iribeiro\/wp-json\/wp\/v2\/pages\/24\/revisions"}],"predecessor-version":[{"id":118,"href":"https:\/\/eic.cefet-rj.br\/~iribeiro\/wp-json\/wp\/v2\/pages\/24\/revisions\/118"}],"wp:attachment":[{"href":"https:\/\/eic.cefet-rj.br\/~iribeiro\/wp-json\/wp\/v2\/media?parent=24"}],"curies":[{"name":"wp","href":"https:\/\/api.w.org\/{rel}","templated":true}]}}