{"id":5,"date":"2016-05-10T03:33:07","date_gmt":"2016-05-10T03:33:07","guid":{"rendered":"http:\/\/eic.cefet-rj.br\/~gguedes\/?page_id=5"},"modified":"2023-06-24T14:42:09","modified_gmt":"2023-06-24T14:42:09","slug":"about","status":"publish","type":"page","link":"https:\/\/eic.cefet-rj.br\/~gguedes\/","title":{"rendered":"Gustavo Guedes"},"content":{"rendered":"\n<p style=\"text-align: left; font-weight: bold;\"><a href=\"http:\/\/eic.cefet-rj.br\/~gguedes\/wp-content\/uploads\/2016\/05\/Gustavo.jpg\"><img loading=\"lazy\" decoding=\"async\" class=\" wp-image-7 alignleft\" src=\"http:\/\/eic.cefet-rj.br\/~gguedes\/wp-content\/uploads\/2016\/05\/Gustavo.jpg\" alt=\"Gustavo\" height=\"150\" width=\"190\"><\/a><br>Gustavo Paiva Guedes, Professor<br>Federal Center of Technological Education of Rio de Janeiro (CEFET\/RJ)<br>Av. Maracan\u00e3, 229 \u2013 Maracan\u00e3, Rio de Janeiro \u2013 RJ, 20271-110<br>Tel: 2566-3037<br>e-mail: gustavo.guedes@cefet-rj.br<\/p>\n<p style=\"font-weight: normal;\">Curr\u00edculo Lattes: <a href=\"http:\/\/lattes.cnpq.br\/8923156813375076\">Open<\/a><br>\nORCID: <a href=\"https:\/\/orcid.org\/0000-0001-8593-1506\">Open<\/a><br>\nScopus: <a href=\"https:\/\/www.scopus.com\/authid\/detail.uri?authorId=57273023900\">Open<\/a><br> \nResearch Gate: <a href=\"http:\/\/researchgate.net\/profile\/Gustavo_Paiva_Guedes\">Open<\/a><br>\nGoogle Scholar: <a href=\"https:\/\/scholar.google.com.br\/citations?user=nZfS3qoAAAAJ\">Open<\/a>\n<\/p>\n<hr>\n<p style=\"text-align: justify; font-size: 20px; color: #326c98; font-weight: bold;\">Research Groups<\/p>\n\n<ul>\n<li><a href=\"https:\/\/eic.cefet-rj.br\/~lacafe\/\">Laborat\u00f3rio de Computa\u00e7\u00e3o Afetiva &#8211; LaCAfe<\/a><\/li>\n<li><a href=\"https:\/\/eic.cefet-rj.br\/~mmcomp\/\">Meninas e Mulheres na Computa\u00e7\u00e3o &#8211; MMComp<\/a><\/li>\n\n<\/ul>\n<p style=\"color: red\"> For more information click on group name.<\/p>\n<hr>\n<p style=\"text-align: justify; font-size: 20px; color: #326c98; font-weight: bold;\">Areas of Interest<\/p>\n<ul>\n<li>Affective Computing<\/li>\n<li>Sentiment Analysis<\/li>\n<li>Human-Computer Interaction<\/li>\n<li>Behavior Analysis<\/li>\n<li>Robotics<\/li>\n<\/ul>\n<hr>\n<p style=\"text-align: justify; font-size: 20px; color: #326c98; font-weight: bold;\">Biography<\/p>\n<p style=\"text-align: left;\">Gustavo Paiva Guedes is a professor at the Department of Informatics in <a href=\"www.cefet-rj.br\">CEFET\/RJ<\/a> since 2010. He graduated in letters at the Federal University of Rio de Janeiro (2005) and in Computer Science at the Plinio Leite University Center (2004). He has Post-Graduation in Computer Technology Management at Fluminense Federal University (2008), Master Degree in Linguistics at the Federal University of Rio de Janeiro (2008) and PhD in System and Coputer Engineering at COPPE\/UFRJ (2015) ). Currently he is working in the area of Affective Computing. His primary interests lie in the areas of Affective Computing, Sentiment Analysis, Human-Computer Interaction, Behavior Analysis and Robotics. Since 2014 the professor is part of the research group in Data Mining of CEFET\/RJ. Currently, he is a professor of post-graduation program in Computer Science (<a href=\"http:\/\/eic.cefet-rj.br\/ppcic\">PPCIC<\/a>).<\/p>\n<p style=\"text-align: left;\"><strong>D.Sc. in Computing and Systems Engineering at COPPE\/UFRJ &#8211;&nbsp;<\/strong><a href=\"http:\/\/eic.cefet-rj.br\/~gguedes\/wp-content\/uploads\/2016\/05\/tese.pdf\">Agrupamentos M\u00faltiplos N\u00e3o-Redundantes em Grafos com Atributos<\/a><\/p>\n<p class=\"p1\"><b>M.Sc. in Linguistics at UFRJ<\/b>&nbsp;&#8211;&nbsp;<a href=\"http:\/\/eic.cefet-rj.br\/~gguedes\/wp-content\/uploads\/2016\/05\/tese-linguistica.pdf\">SOFIA: Um identificador de nomes e verbos para o portugu\u00eas do Brasil<\/a>\n<\/p>\n<p>B.Sc. in Letters (Portuguese &#8211; German) <\/p>\n<p>B.Sc. in Computer Science at UNIPLI<\/p>\n","protected":false},"excerpt":{"rendered":"<p>Gustavo Paiva Guedes, ProfessorFederal Center of Technological Education of Rio de Janeiro (CEFET\/RJ)Av. Maracan\u00e3, 229 \u2013 Maracan\u00e3, Rio de Janeiro \u2013 RJ, 20271-110Tel: 2566-3037e-mail: gustavo.guedes@cefet-rj.br Curr\u00edculo Lattes: Open ORCID: Open Scopus: Open Research Gate: Open Google Scholar: Open Research Groups Laborat\u00f3rio de Computa\u00e7\u00e3o Afetiva &#8211; LaCAfe Meninas e Mulheres na Computa\u00e7\u00e3o &#8211; MMComp For more [&hellip;]<\/p>\n","protected":false},"author":1,"featured_media":0,"parent":0,"menu_order":0,"comment_status":"closed","ping_status":"closed","template":"template-fullwidth.php","meta":{"footnotes":""},"class_list":["post-5","page","type-page","status-publish","hentry"],"_links":{"self":[{"href":"https:\/\/eic.cefet-rj.br\/~gguedes\/wp-json\/wp\/v2\/pages\/5","targetHints":{"allow":["GET"]}}],"collection":[{"href":"https:\/\/eic.cefet-rj.br\/~gguedes\/wp-json\/wp\/v2\/pages"}],"about":[{"href":"https:\/\/eic.cefet-rj.br\/~gguedes\/wp-json\/wp\/v2\/types\/page"}],"author":[{"embeddable":true,"href":"https:\/\/eic.cefet-rj.br\/~gguedes\/wp-json\/wp\/v2\/users\/1"}],"replies":[{"embeddable":true,"href":"https:\/\/eic.cefet-rj.br\/~gguedes\/wp-json\/wp\/v2\/comments?post=5"}],"version-history":[{"count":35,"href":"https:\/\/eic.cefet-rj.br\/~gguedes\/wp-json\/wp\/v2\/pages\/5\/revisions"}],"predecessor-version":[{"id":174,"href":"https:\/\/eic.cefet-rj.br\/~gguedes\/wp-json\/wp\/v2\/pages\/5\/revisions\/174"}],"wp:attachment":[{"href":"https:\/\/eic.cefet-rj.br\/~gguedes\/wp-json\/wp\/v2\/media?parent=5"}],"curies":[{"name":"wp","href":"https:\/\/api.w.org\/{rel}","templated":true}]}}