{"id":56,"date":"2021-03-19T19:51:07","date_gmt":"2021-03-19T22:51:07","guid":{"rendered":"https:\/\/eic.cefet-rj.br\/~gamorim\/?page_id=56"},"modified":"2021-03-20T15:46:43","modified_gmt":"2021-03-20T18:46:43","slug":"contato","status":"publish","type":"page","link":"https:\/\/eic.cefet-rj.br\/~gamorim\/contato\/","title":{"rendered":"Contato"},"content":{"rendered":"\n<p>Endere\u00e7o Profissional:<br>Centro Federal de Educa\u00e7\u00e3o Tecnol\u00f3gica do Rio de Janeiro, Departamento de Inform\u00e1tica.<br>Rua General Canabarro, 485 \/ Pavilh\u00e3o 1<br>Maracan\u00e3 \u2013 CEP 20271204 \u2013 Rio de Janeiro, RJ \u2013 Brasil<\/p>\n\n\n\n<div class=\"wp-block-columns is-layout-flex wp-container-core-columns-is-layout-9d6595d7 wp-block-columns-is-layout-flex\">\n<div class=\"wp-block-column is-layout-flow wp-block-column-is-layout-flow\" style=\"flex-basis:50%\">\n<p>E-mail: glauco dot amorim at cefet-rj dot br<\/p>\n<\/div>\n<\/div>\n\n\n\n<p>Escola de Inform\u00e1tica e Computa\u00e7\u00e3o: http:\/\/eic.cefet-rj.br<br>Programa de P\u00f3s-gradua\u00e7\u00e3o em Ci\u00eancia da Computa\u00e7\u00e3o: http:\/\/eic.cefet-rj.br\/ppcic<\/p>\n\n\n\n<p>Telefone: (21) 2566-3037<\/p>\n\n\n\n<div class=\"wp-block-webfactory-map\"><div class=\"wp-block-webfactory-map\"><iframe width=\"100%\" height=\"300px\" src=\"https:\/\/www.google.com\/maps\/embed\/v1\/place?q=Av.%20Maracan%C3%A3%2C%20229%20-%20Maracan%C3%A3%2C%20Rio%20de%20Janeiro%20-%20RJ%2C%2020271-110&amp;maptype=roadmap&amp;zoom=16&amp;key=AIzaSyAjyDspiPfzEfjRSS5fQzm-3jHFjHxeXB4\" frameborder=\"0\"><\/iframe><\/div><\/div>\n\n\n\n<p><\/p>\n","protected":false},"excerpt":{"rendered":"<p>Endere\u00e7o Profissional:Centro Federal de Educa\u00e7\u00e3o Tecnol\u00f3gica do Rio de Janeiro, Departamento de Inform\u00e1tica.Rua General Canabarro, 485 \/ Pavilh\u00e3o 1Maracan\u00e3 \u2013 CEP 20271204 \u2013 Rio de Janeiro, RJ \u2013 Brasil E-mail: glauco dot amorim at cefet-rj dot br Escola de Inform\u00e1tica e Computa\u00e7\u00e3o: http:\/\/eic.cefet-rj.brPrograma de P\u00f3s-gradua\u00e7\u00e3o em Ci\u00eancia da Computa\u00e7\u00e3o: http:\/\/eic.cefet-rj.br\/ppcic Telefone: (21) 2566-3037<\/p>\n","protected":false},"author":1,"featured_media":0,"parent":0,"menu_order":0,"comment_status":"closed","ping_status":"closed","template":"","meta":{"footnotes":""},"class_list":["post-56","page","type-page","status-publish","hentry"],"_links":{"self":[{"href":"https:\/\/eic.cefet-rj.br\/~gamorim\/wp-json\/wp\/v2\/pages\/56","targetHints":{"allow":["GET"]}}],"collection":[{"href":"https:\/\/eic.cefet-rj.br\/~gamorim\/wp-json\/wp\/v2\/pages"}],"about":[{"href":"https:\/\/eic.cefet-rj.br\/~gamorim\/wp-json\/wp\/v2\/types\/page"}],"author":[{"embeddable":true,"href":"https:\/\/eic.cefet-rj.br\/~gamorim\/wp-json\/wp\/v2\/users\/1"}],"replies":[{"embeddable":true,"href":"https:\/\/eic.cefet-rj.br\/~gamorim\/wp-json\/wp\/v2\/comments?post=56"}],"version-history":[{"count":6,"href":"https:\/\/eic.cefet-rj.br\/~gamorim\/wp-json\/wp\/v2\/pages\/56\/revisions"}],"predecessor-version":[{"id":82,"href":"https:\/\/eic.cefet-rj.br\/~gamorim\/wp-json\/wp\/v2\/pages\/56\/revisions\/82"}],"wp:attachment":[{"href":"https:\/\/eic.cefet-rj.br\/~gamorim\/wp-json\/wp\/v2\/media?parent=56"}],"curies":[{"name":"wp","href":"https:\/\/api.w.org\/{rel}","templated":true}]}}