{"id":26,"date":"2021-03-19T18:37:11","date_gmt":"2021-03-19T21:37:11","guid":{"rendered":"https:\/\/eic.cefet-rj.br\/~gamorim\/?page_id=26"},"modified":"2021-03-20T15:32:39","modified_gmt":"2021-03-20T18:32:39","slug":"biografia-2","status":"publish","type":"page","link":"https:\/\/eic.cefet-rj.br\/~gamorim\/","title":{"rendered":""},"content":{"rendered":"\n<div class=\"wp-block-columns is-layout-flex wp-container-core-columns-is-layout-9d6595d7 wp-block-columns-is-layout-flex\">\n<div class=\"wp-block-column is-layout-flow wp-block-column-is-layout-flow\" style=\"flex-basis:33.33%\">\n<figure class=\"wp-block-image size-large is-resized is-style-rounded\"><img fetchpriority=\"high\" decoding=\"async\" src=\"https:\/\/eic.cefet-rj.br\/~gamorim\/wp-content\/uploads\/2021\/03\/FotoBioGlauco-1.jpg\" alt=\"\" class=\"wp-image-75\" width=\"244\" height=\"344\" srcset=\"https:\/\/eic.cefet-rj.br\/~gamorim\/wp-content\/uploads\/2021\/03\/FotoBioGlauco-1.jpg 487w, https:\/\/eic.cefet-rj.br\/~gamorim\/wp-content\/uploads\/2021\/03\/FotoBioGlauco-1-213x300.jpg 213w\" sizes=\"(max-width: 244px) 100vw, 244px\" \/><\/figure>\n<\/div>\n\n\n\n<div class=\"wp-block-column is-layout-flow wp-block-column-is-layout-flow\"><\/div>\n\n\n\n<div class=\"wp-block-column is-layout-flow wp-block-column-is-layout-flow\" style=\"flex-basis:66.66%\">\n<p>Sou professor da Escola de Inform\u00e1tica e Computa\u00e7\u00e3o do CEFET\/RJ (Centro Federal de Educa\u00e7\u00e3o Tecnol\u00f3gica Celso Suckow da Fonseca), atuando nos cursos de T\u00e9cnico de Inform\u00e1tica, Bacharel em Ci\u00eancia da Computa\u00e7\u00e3o e Mestrado em Computa\u00e7\u00e3o. Fui professor assistente da Universidade Veiga de Almeida, Universidade C\u00e2ndido Mendes, Centro Universit\u00e1rio Pl\u00ednio Leite e Universidade Cat\u00f3lica de Petr\u00f3polis.<\/p>\n\n\n\n<p>Possuo gradua\u00e7\u00e3o em Ci\u00eancia da Computa\u00e7\u00e3o pela Universidade Cat\u00f3lica de Petr\u00f3polis (1998), Mestrado em Sistemas e Computa\u00e7\u00e3o pelo Instituto Militar de Engenharia (2002) e Doutorado em Ci\u00eancia da Computa\u00e7\u00e3o pela Universidade Federal Fluminense (2007).<\/p>\n\n\n\n<p>Em 2003 comecei a pesquisar em \u00e1reas relacionadas com multim\u00eddia, tais como: Autoria Multim\u00eddia e Multim\u00eddia Multissensorial. No Laborat\u00f3rio M\u00eddiaCom (UFF) participei do desenvolvimento da linguagem XTemplate 4.0 e da linguagem para defini\u00e7\u00e3o de leiaute STyLe. Hoje, fa\u00e7o parte do Grupo de Pesquisa em Multim\u00eddia do Cefet-RJ e as principais \u00e1reas de pesquisa s\u00e3o: Sistemas Multim\u00eddia, Ci\u00eancia de Redes e IoT.<\/p>\n<\/div>\n<\/div>\n","protected":false},"excerpt":{"rendered":"<p>Sou professor da Escola de Inform\u00e1tica e Computa\u00e7\u00e3o do CEFET\/RJ (Centro Federal de Educa\u00e7\u00e3o Tecnol\u00f3gica Celso Suckow da Fonseca), atuando nos cursos de T\u00e9cnico de Inform\u00e1tica, Bacharel em Ci\u00eancia da Computa\u00e7\u00e3o e Mestrado em Computa\u00e7\u00e3o. Fui professor assistente da Universidade Veiga de Almeida, Universidade C\u00e2ndido Mendes, Centro Universit\u00e1rio Pl\u00ednio Leite e Universidade Cat\u00f3lica de Petr\u00f3polis.<\/p>\n<div class=\"more-link\">\n             <a href=\"https:\/\/eic.cefet-rj.br\/~gamorim\/\" class=\"read-more\">Read More<i class=\"fa fa-caret-right\"><\/i><\/a>\n        <\/div>\n","protected":false},"author":1,"featured_media":0,"parent":0,"menu_order":0,"comment_status":"closed","ping_status":"closed","template":"","meta":{"footnotes":""},"class_list":["post-26","page","type-page","status-publish","hentry"],"_links":{"self":[{"href":"https:\/\/eic.cefet-rj.br\/~gamorim\/wp-json\/wp\/v2\/pages\/26","targetHints":{"allow":["GET"]}}],"collection":[{"href":"https:\/\/eic.cefet-rj.br\/~gamorim\/wp-json\/wp\/v2\/pages"}],"about":[{"href":"https:\/\/eic.cefet-rj.br\/~gamorim\/wp-json\/wp\/v2\/types\/page"}],"author":[{"embeddable":true,"href":"https:\/\/eic.cefet-rj.br\/~gamorim\/wp-json\/wp\/v2\/users\/1"}],"replies":[{"embeddable":true,"href":"https:\/\/eic.cefet-rj.br\/~gamorim\/wp-json\/wp\/v2\/comments?post=26"}],"version-history":[{"count":7,"href":"https:\/\/eic.cefet-rj.br\/~gamorim\/wp-json\/wp\/v2\/pages\/26\/revisions"}],"predecessor-version":[{"id":78,"href":"https:\/\/eic.cefet-rj.br\/~gamorim\/wp-json\/wp\/v2\/pages\/26\/revisions\/78"}],"wp:attachment":[{"href":"https:\/\/eic.cefet-rj.br\/~gamorim\/wp-json\/wp\/v2\/media?parent=26"}],"curies":[{"name":"wp","href":"https:\/\/api.w.org\/{rel}","templated":true}]}}