{"id":2626,"date":"2026-01-20T13:28:57","date_gmt":"2026-01-20T16:28:57","guid":{"rendered":"https:\/\/eic.cefet-rj.br\/~eogasawara\/?page_id=2626"},"modified":"2026-01-20T13:34:35","modified_gmt":"2026-01-20T16:34:35","slug":"tutorial-de-python","status":"publish","type":"page","link":"https:\/\/eic.cefet-rj.br\/~eogasawara\/tutorial-de-python\/","title":{"rendered":"Tutorial de Python"},"content":{"rendered":"<h3 class=\"\" data-start=\"98\" data-end=\"141\"><strong data-start=\"102\" data-end=\"141\">Tutorial Introdut\u00f3rio de Linguagem Python<\/strong><\/h3>\n<p class=\"\" data-start=\"143\" data-end=\"472\">Este tutorial em v\u00eddeo oferece uma introdu\u00e7\u00e3o pr\u00e1tica e progressiva \u00e0 linguagem Python, amplamente utilizada em ci\u00eancia de dados, estat\u00edstica, automa\u00e7\u00e3o e intelig\u00eancia artificial. A sequ\u00eancia de v\u00eddeos abrange desde os conceitos b\u00e1sicos at\u00e9 t\u00e9cnicas mais avan\u00e7adas de manipula\u00e7\u00e3o de dados, com exemplos claros e c\u00f3digo dispon\u00edvel para acompanhamento.<\/p>\n<hr \/>\n<p>&nbsp;<\/p>\n<p><strong>Slides<\/strong><\/p>\n<p><a href=\"https:\/\/github.com\/eogasawara\/tutorial-python\/blob\/main\/01-Introducao.pdf\">01 &#8211; Introducao a Linguagem Python<\/a><br \/>\n<a href=\"https:\/\/github.com\/eogasawara\/tutorial-python\/blob\/main\/02-Pacotes-Ajuda.pdf\">02 &#8211; Pacotes e Ajuda em Python<\/a><br \/>\n<a href=\"https:\/\/github.com\/eogasawara\/tutorial-python\/blob\/main\/03-Objetos.pdf\">03 &#8211; Objetos em Python<\/a><br \/>\n<a href=\"https:\/\/github.com\/eogasawara\/tutorial-python\/blob\/main\/04-Notacao.pdf\">04 &#8211; Manipulacao de DataFrames em Python<\/a><br \/>\n<a href=\"https:\/\/github.com\/eogasawara\/tutorial-python\/blob\/main\/05-Modificacao-Valores.pdf\">05 &#8211; Modificacao de Valores em Python<\/a><br \/>\n<a href=\"https:\/\/github.com\/eogasawara\/tutorial-python\/blob\/main\/06-Estrutura-Repeticao.pdf\">06 &#8211; Estrutura de Repeticao em Python<\/a><br \/>\n<a href=\"https:\/\/github.com\/eogasawara\/tutorial-python\/blob\/main\/07-Fatores.pdf\">07 &#8211; Variaveis Categoricas em Python<\/a><br \/>\n<a href=\"https:\/\/github.com\/eogasawara\/tutorial-python\/blob\/main\/08-Listas.pdf\">08 &#8211; Listas em Python<\/a><br \/>\n<a href=\"https:\/\/github.com\/eogasawara\/tutorial-python\/blob\/main\/09-Data-Frames.pdf\">09 &#8211; DataFrame em Python (pandas)<\/a><br \/>\n<a href=\"https:\/\/github.com\/eogasawara\/tutorial-python\/blob\/main\/10-Apply.pdf\">10 &#8211; Iteracao Implicita em Python<\/a><br \/>\n<a href=\"https:\/\/github.com\/eogasawara\/tutorial-python\/blob\/main\/11-Ordenacao.pdf\">11 &#8211; Ordenacao em Python<\/a><br \/>\n<a href=\"https:\/\/github.com\/eogasawara\/tutorial-python\/blob\/main\/12-Manipulacao-Dados.pdf\">12 &#8211; Manipulacao de Dados com Pandas<\/a><br \/>\n<a href=\"https:\/\/github.com\/eogasawara\/tutorial-python\/blob\/main\/13-S3-Classes.pdf\">13 &#8211; Classes e Objetos em Python<\/a><\/p>\n<p>&nbsp;<\/p>\n<hr \/>\n<p>&nbsp;<\/p>\n<p><strong>Playlist<\/strong><\/p>\n<p class=\"responsive-video-wrap clr\"><iframe loading=\"lazy\" title=\"\ud83d\udc0d Programa\u00e7\u00e3o em Python para An\u00e1lise de Dados\" width=\"1200\" height=\"675\" src=\"https:\/\/www.youtube.com\/embed\/videoseries?list=PLTy3TWJeueGyTAm2K80ES5gRbVbb6bmUE\" frameborder=\"0\" allow=\"accelerometer; autoplay; clipboard-write; encrypted-media; gyroscope; picture-in-picture; web-share\" referrerpolicy=\"strict-origin-when-cross-origin\" allowfullscreen><\/iframe><\/p>\n<p>&nbsp;<\/p>\n<p>&nbsp;<\/p>\n<hr \/>\n<p>&nbsp;<\/p>\n<p><strong>Bibliografia<\/strong><\/p>\n<div class=\"csl-bib-body\">\n<div class=\"csl-entry\">\n<ol>\n<li class=\"csl-left-margin\">Downey, A. Think Python: How to Think Like a Computer Scientist. O&#8217;Reilly Media.<\/li>\n<li class=\"csl-left-margin\">VanderPlas, J. Python Data Science Handbook. O&#8217;Reilly Media.<\/li>\n<li class=\"csl-left-margin\">Grus, J. Data Science from Scratch. O&#8217;Reilly Media.<\/li>\n<\/ol>\n<\/div>\n<\/div>\n<p>&nbsp;<\/p>\n","protected":false},"excerpt":{"rendered":"<p>Tutorial Introdut\u00f3rio de Linguagem Python Este tutorial em v\u00eddeo oferece uma introdu\u00e7\u00e3o pr\u00e1tica e progressiva \u00e0 linguagem Python, amplamente utilizada em ci\u00eancia de dados, estat\u00edstica, automa\u00e7\u00e3o e intelig\u00eancia artificial. A sequ\u00eancia de v\u00eddeos abrange desde os conceitos b\u00e1sicos at\u00e9 t\u00e9cnicas mais avan\u00e7adas de manipula\u00e7\u00e3o de dados, com exemplos claros e c\u00f3digo dispon\u00edvel para acompanhamento. &nbsp; [&hellip;]<\/p>\n","protected":false},"author":1,"featured_media":0,"parent":0,"menu_order":0,"comment_status":"closed","ping_status":"closed","template":"","meta":{"_monsterinsights_skip_tracking":false,"_monsterinsights_sitenote_active":false,"_monsterinsights_sitenote_note":"","_monsterinsights_sitenote_category":0,"footnotes":""},"class_list":["post-2626","page","type-page","status-publish","hentry","entry"],"_links":{"self":[{"href":"https:\/\/eic.cefet-rj.br\/~eogasawara\/wp-json\/wp\/v2\/pages\/2626","targetHints":{"allow":["GET"]}}],"collection":[{"href":"https:\/\/eic.cefet-rj.br\/~eogasawara\/wp-json\/wp\/v2\/pages"}],"about":[{"href":"https:\/\/eic.cefet-rj.br\/~eogasawara\/wp-json\/wp\/v2\/types\/page"}],"author":[{"embeddable":true,"href":"https:\/\/eic.cefet-rj.br\/~eogasawara\/wp-json\/wp\/v2\/users\/1"}],"replies":[{"embeddable":true,"href":"https:\/\/eic.cefet-rj.br\/~eogasawara\/wp-json\/wp\/v2\/comments?post=2626"}],"version-history":[{"count":3,"href":"https:\/\/eic.cefet-rj.br\/~eogasawara\/wp-json\/wp\/v2\/pages\/2626\/revisions"}],"predecessor-version":[{"id":2633,"href":"https:\/\/eic.cefet-rj.br\/~eogasawara\/wp-json\/wp\/v2\/pages\/2626\/revisions\/2633"}],"wp:attachment":[{"href":"https:\/\/eic.cefet-rj.br\/~eogasawara\/wp-json\/wp\/v2\/media?parent=2626"}],"curies":[{"name":"wp","href":"https:\/\/api.w.org\/{rel}","templated":true}]}}