{"id":2525,"date":"2025-10-18T16:31:20","date_gmt":"2025-10-18T19:31:20","guid":{"rendered":"https:\/\/eic.cefet-rj.br\/~eogasawara\/?page_id=2525"},"modified":"2025-10-18T16:34:24","modified_gmt":"2025-10-18T19:34:24","slug":"recognition","status":"publish","type":"page","link":"https:\/\/eic.cefet-rj.br\/~eogasawara\/en\/recognition\/","title":{"rendered":"Recognition"},"content":{"rendered":"<blockquote>\n<p data-start=\"40\" data-end=\"75\">2025 &#8211; Scientist of Our State<\/p>\n<\/blockquote>\n<p data-start=\"77\" data-end=\"242\">The project <em data-start=\"89\" data-end=\"192\">\u201cAdvanced Methods for Event Detection in Multivariate Time Series for Science, Industry, and Society\u201d<\/em> was granted by FAPERJ (Scientist of Our State).<\/p>\n<p data-start=\"77\" data-end=\"242\">\n<blockquote>\n<p data-start=\"249\" data-end=\"294\">2025 &#8211; CNPq Research Productivity Grant<\/p>\n<\/blockquote>\n<p data-start=\"296\" data-end=\"420\" data-is-last-node=\"\" data-is-only-node=\"\">The project <em data-start=\"308\" data-end=\"355\">\u201cEvent Detection in Multivariate Time Series\u201d<\/em> was granted by CNPq (Research Productivity Grant &#8211; PQ &#8211; 2025).<\/p>\n<p>&nbsp;<\/p>\n<blockquote><p>2024 &#8211; Best Paper at SBBD in the short, vision, industry category<\/p><\/blockquote>\n<p>Best short paper &#8220;<span class=\"transform\">Cutoff Frequency Adjustment for FFT-Based Anomaly Detectors<\/span>&#8221; at the XXXIX Brazilian Symposium on Databases (SBBD).<\/p>\n<p>Authors: Ellen Paixao, Helga Balbi, Esther Pacitti, Fabio Porto, Joel Santos, Eduardo Ogasawara.<\/p>\n<p>&nbsp;<\/p>\n<blockquote><p>2024 &#8211; Honorable Mention at SBBD in the short, vision, industry category<\/p><\/blockquote>\n<p>Honorable mention for the short paper &#8220;<span class=\"transform\">HD Pump: A Hybrid Detection Approach for Pump-and-Dump Schemes in Cryptocurrency Exchanges<\/span>&#8221; at the XXXIX Brazilian Symposium on Databases (SBBD).<\/p>\n<p>Authors: Matheus Moura, Lais Baroni, Eduardo Ogasawara, Diego Mendon\u00e7a.<\/p>\n<p>&nbsp;<\/p>\n<blockquote><p>2023 &#8211; Honorable Mention &#8211; SBBD &#8211; Demos<\/p><\/blockquote>\n<p>Honorable mention for the demo paper &#8220;<a href=\"https:\/\/sol.sbc.org.br\/index.php\/sbbd_estendido\/article\/view\/25623\">STMotif Explorer: A Tool for Spatiotemporal Motif Analysis<\/a>&#8221; at the XXXVIII Brazilian Symposium on Databases (SBBD).<\/p>\n<p>Authors: Heraldo Borges, Antonio Castro, Rafaelli Coutinho, Fabio Porto, Esther Pacitti, Eduardo Ogasawara.<\/p>\n<p>&nbsp;<\/p>\n<blockquote><p>2022 &#8211; Honorable Mention &#8211; SBBD<\/p><\/blockquote>\n<p class=\"mentions-texteditor__content\">Graduate Roc\u00edo Zorrilla, advised by Profs. Fabio Porto and Eduardo Ogasawara, received an honorable mention for the paper entitled &#8220;A Data-Driven Model Selection Approach to Spatio-Temporal Prediction&#8221; at the Brazilian Symposium on Databases (SBBD) 2022.<\/p>\n<p>&nbsp;<\/p>\n<blockquote><p>2022 &#8211; CNPq Research Productivity Grant<\/p><\/blockquote>\n<p>The project \u201cPrediction, Event Detection and Pattern Discovery in Spatio-Temporal Series: Methods &amp; Applications\u201d was granted by CNPq (Research Productivity Grant &#8211; PQ &#8211; 2021).<\/p>\n<p>&nbsp;<\/p>\n<blockquote><p>2021 &#8211; Best Master\u2019s Thesis &#8211; CTDBD<\/p><\/blockquote>\n<p class=\"mentions-texteditor__content\">Graduate Rebecca Salles, advised by Prof. Eduardo Ogasawara, was the winner of the master\u2019s thesis competition at the Brazilian Symposium on Databases (SBBD) 2021.<\/p>\n<p>&nbsp;<\/p>\n<blockquote><p>2021 &#8211; Program to Support Scientific and Technological Projects in Urban Mobility<\/p><\/blockquote>\n<p>The project \u201cRio de Janeiro Urban Mobility Map\u201d was granted by FAPERJ (Program to Support Scientific and Technological Projects in Urban Mobility).<\/p>\n<p>&nbsp;<\/p>\n<blockquote><p>2021 &#8211; Young Scientist of Our State<\/p><\/blockquote>\n<p>The project \u201cEvent Detection, Pattern Discovery, and Prediction in Time Series\u201d was granted by FAPERJ (Young Scientist of Our State).<\/p>\n<p>&nbsp;<\/p>\n<blockquote><p>2019 &#8211; Best Paper at SBBD in the short, vision, industry category<\/p><\/blockquote>\n<p>Best short paper &#8220;Autoregressive Model of Adaptive Integration&#8221; at the XXXIV Brazilian Symposium on Databases (SBBD).<\/p>\n<p>Authors: Arthur Ronaldo, Rebecca Salles, Kele Belloze, Dayse Pastore, Eduardo Ogasawara.<\/p>\n<p>&nbsp;<\/p>\n<blockquote><p>2019 &#8211; CNPq Research Productivity Grant<\/p><\/blockquote>\n<p>The project \u201cData Science in Spatio-Temporal Series: Data Management and Applications\u201d was granted by CNPq (Research Productivity Grant &#8211; PQ &#8211; 2018).<\/p>\n<p>&nbsp;<\/p>\n<blockquote><p>2017 &#8211; Amir Khatibi: finalist in the SBBD thesis competition<\/p><\/blockquote>\n<p>Graduate Amir Khatibi, advised by Profs. Fabio Porto and Eduardo Ogasawara, was a finalist in the thesis competition at the Brazilian Symposium on Databases (SBBD) 2017.<\/p>\n<p>&nbsp;<\/p>\n<blockquote><p>2018 &#8211; Young Scientist of Our State<\/p><\/blockquote>\n<p>The project \u201cManagement and Analysis of Spatio-Temporal Series: Methods and Applications\u201d was granted by FAPERJ (Young Scientist of Our State).<\/p>\n<p>&nbsp;<\/p>\n<blockquote><p>2017 &#8211; Third place in the undergraduate research competition at CSBC 2017<\/p><\/blockquote>\n<p>Undergraduate student Rebecca Salles placed third in the undergraduate research competition organized by SBC. More information at <a href=\"https:\/\/horizontes.sbc.org.br\/index.php\/2017\/07\/21\/edicao-especial-premiadosas-no-36o-ctic-no-csbc-2017\/\">edicao-especial-premiadosas-no-36o-ctic-no-csbc-2017\/<\/a><\/p>\n<p>&nbsp;<\/p>\n<blockquote><p>2016 &#8211; CNPq Research Productivity Grant<\/p><\/blockquote>\n<p>The project \u201cData Science in Spatio-Temporal Series: Data Management and Applications\u201d was granted by CNPq (Research Productivity Grant &#8211; PQ &#8211; 2015). More information at https:\/\/resultado.cnpq.br\/3861882012894204.<\/p>\n<p>&nbsp;<\/p>\n<blockquote><p>2015 &#8211; Identification of Motifs in Spatio-Temporal Series: Applications and Methods<\/p><\/blockquote>\n<p><span lang=\"en\">The project &#8220;Identification of Motifs in Spatio-Temporal Series: Applications and Methods&#8221; was granted by FAPERJ (APQ1 &#8211; 2015\/2). https:\/\/www.faperj.br\/?id=3175.2.3<\/span><\/p>\n<p>&nbsp;<\/p>\n<blockquote><p>2015 &#8211; SAC &#8211; Honorable Poster Award<\/p><\/blockquote>\n<p>Honorable mention for the paper &#8220;Exploring Multiple Clusters in Attributed Graphs&#8221; at the ACM Symposium on Applied Computing (SAC 2015).<\/p>\n<p>Authors: Gustavo Guedes, Eduardo Ogasawara, Eduardo Bezerra and Geraldo Xex\u00e9o.<\/p>\n<p>&nbsp;<\/p>\n<blockquote><p>2014 &#8211; Honorable Mention &#8211; BrasNam<\/p><\/blockquote>\n<p>Honorable mention for the paper &#8220;RFIDBook: An Approach for Bonus Programs Based on Social Networks&#8221; at the Brazilian Workshop on Social Network Analysis and Mining (BrasNam 2014).<\/p>\n<p>Authors: Anderson Silva, F\u00e1bio Rosa, Igor Rocha, Gustavo Guedes, F\u00e1bio P. Jr., Eduardo Bezerra, Gustavo Guedes and Eduardo Ogasawara.<\/p>\n<p>&nbsp;<\/p>\n<blockquote><p>2013 &#8211; SENID &#8211; Best Paper<\/p><\/blockquote>\n<p>Best paper in the Education Informatics area, with the work entitled &#8220;Environmental Construction for the Development of Educational Games Based on Gestures&#8221; at the National Seminar on Digital Inclusion (SENID) 2013.<\/p>\n<p>Authors: Jo\u00e3o Quadros, Rafael Castaneda, Myrna Amorim, Guilherme Herzog and Eduardo Ogasawara<\/p>\n<p>&nbsp;<\/p>\n<blockquote><p>2013 &#8211; Graduation Patron of classes 6AINFO \/ 2012-1 and 6BINFO \/ 2012-2<\/p><\/blockquote>\n<p>Location: Auditorium 1<\/p>\n<p>Date: 08\/05\/2013<\/p>\n<p>&nbsp;<\/p>\n<blockquote><p>2012 &#8211; Graduation Patron of classes 6AINFO 2011-1 and 6BINFO 2011-2<\/p><\/blockquote>\n<p>Location: Auditorium 1<\/p>\n<p>Date: 03\/16\/2012<\/p>\n<p>&nbsp;<\/p>\n<blockquote><p>CCSA@CCGrid 2012 &#8211; Best Paper Award<\/p><\/blockquote>\n<p>Best paper &#8220;Cloud-based Phylogenomic Inference of Evolutionary Relationships: A Performance Study&#8221; at the 2nd International Workshop on Cloud Computing and Scientific Applications (CCSA) held jointly with the 12th IEEE \/ ACM International Symposium on Cluster, Cloud and Grid Computing (CCGrid 2012)<\/p>\n<p>Authors: Daniel Oliveira, Kary Oca\u00f1a, Eduardo Ogasawara, Jonas Dias, Jo\u00e3o A. R. Gon\u00e7alves and Marta Mattoso.<\/p>\n<p>&nbsp;<\/p>\n","protected":false},"excerpt":{"rendered":"<p>2025 &#8211; Scientist of Our State The project \u201cAdvanced Methods for Event Detection in Multivariate Time Series for Science, Industry, and Society\u201d was granted by FAPERJ (Scientist of Our State). 2025 &#8211; CNPq Research Productivity Grant The project \u201cEvent Detection in Multivariate Time Series\u201d was granted by CNPq (Research Productivity Grant &#8211; PQ &#8211; 2025). [&hellip;]<\/p>\n","protected":false},"author":1,"featured_media":0,"parent":0,"menu_order":0,"comment_status":"closed","ping_status":"closed","template":"","meta":{"_monsterinsights_skip_tracking":false,"_monsterinsights_sitenote_active":false,"_monsterinsights_sitenote_note":"","_monsterinsights_sitenote_category":0,"footnotes":""},"class_list":["post-2525","page","type-page","status-publish","hentry","entry"],"_links":{"self":[{"href":"https:\/\/eic.cefet-rj.br\/~eogasawara\/wp-json\/wp\/v2\/pages\/2525","targetHints":{"allow":["GET"]}}],"collection":[{"href":"https:\/\/eic.cefet-rj.br\/~eogasawara\/wp-json\/wp\/v2\/pages"}],"about":[{"href":"https:\/\/eic.cefet-rj.br\/~eogasawara\/wp-json\/wp\/v2\/types\/page"}],"author":[{"embeddable":true,"href":"https:\/\/eic.cefet-rj.br\/~eogasawara\/wp-json\/wp\/v2\/users\/1"}],"replies":[{"embeddable":true,"href":"https:\/\/eic.cefet-rj.br\/~eogasawara\/wp-json\/wp\/v2\/comments?post=2525"}],"version-history":[{"count":2,"href":"https:\/\/eic.cefet-rj.br\/~eogasawara\/wp-json\/wp\/v2\/pages\/2525\/revisions"}],"predecessor-version":[{"id":2529,"href":"https:\/\/eic.cefet-rj.br\/~eogasawara\/wp-json\/wp\/v2\/pages\/2525\/revisions\/2529"}],"wp:attachment":[{"href":"https:\/\/eic.cefet-rj.br\/~eogasawara\/wp-json\/wp\/v2\/media?parent=2525"}],"curies":[{"name":"wp","href":"https:\/\/api.w.org\/{rel}","templated":true}]}}