{"id":2306,"date":"2025-03-24T15:30:20","date_gmt":"2025-03-24T18:30:20","guid":{"rendered":"https:\/\/eic.cefet-rj.br\/~eogasawara\/?page_id=2306"},"modified":"2026-03-02T21:08:20","modified_gmt":"2026-03-03T00:08:20","slug":"pratica-de-pesquisa","status":"publish","type":"page","link":"https:\/\/eic.cefet-rj.br\/~eogasawara\/pratica-de-pesquisa\/","title":{"rendered":"Pr\u00e1tica de Pesquisa"},"content":{"rendered":"<p><strong>Ementa<\/strong><\/p>\n<p>Pr\u00e1tica em pesquisa cient\u00edfica aplicada na \u00e1rea de computa\u00e7\u00e3o. Etapas do processo de investiga\u00e7\u00e3o cient\u00edfica. Defini\u00e7\u00e3o e delimita\u00e7\u00e3o de problemas de pesquisa. Elabora\u00e7\u00e3o de projetos e anteprojetos de pesquisa. Levantamento e an\u00e1lise do estado da arte. Fundamenta\u00e7\u00e3o te\u00f3rica e metodol\u00f3gica. Desenvolvimento de solu\u00e7\u00f5es e artefatos cient\u00edficos. Planejamento e execu\u00e7\u00e3o de experimentos. An\u00e1lise cr\u00edtica de resultados. Comunica\u00e7\u00e3o cient\u00edfica por meio da reda\u00e7\u00e3o e apresenta\u00e7\u00e3o de artigos t\u00e9cnicos.<\/p>\n<p><strong>Objetivos<\/strong><\/p>\n<p>Fundamentar e desenvolver as compet\u00eancias indispens\u00e1veis \u00e0 condu\u00e7\u00e3o de projetos de pesquisa cient\u00edfica aplicada na \u00e1rea de computa\u00e7\u00e3o. Para isso, a disciplina promove a viv\u00eancia pr\u00e1tica das etapas do processo de investiga\u00e7\u00e3o, desde a defini\u00e7\u00e3o do problema e a an\u00e1lise do estado da arte at\u00e9 o desenvolvimento de solu\u00e7\u00f5es, a avalia\u00e7\u00e3o experimental e a comunica\u00e7\u00e3o dos resultados. O curso visa integrar conhecimentos te\u00f3ricos e metodol\u00f3gicos com a pr\u00e1tica de pesquisa, capacitando o aluno a planejar, executar, analisar criticamente e comunicar projetos cient\u00edficos, bem como a produzir artefatos t\u00e9cnicos e acad\u00eamicos de forma estruturada, rigorosa e alinhada aos padr\u00f5es da produ\u00e7\u00e3o cient\u00edfica.<\/p>\n<p>&nbsp;<\/p>\n<hr \/>\n<p><strong>Slides<\/strong><\/p>\n<ol>\n<li><a href=\"https:\/\/github.com\/eogasawara\/pratica-pesquisa\/blob\/main\/01-R-Basics.pdf\">Fundamentos da Linguagem R<\/a> &#8211; (<a href=\"https:\/\/github.com\/eogasawara\/pratica-pesquisa\/blob\/main\/examples\/01-R-Basics.md\">c\u00f3digo<\/a>)<\/li>\n<li><a href=\"https:\/\/github.com\/eogasawara\/pratica-pesquisa\/blob\/main\/02-DataVisualization.pdf\">Visualiza\u00e7\u00e3o de Dados<\/a> &#8211; (<a href=\"https:\/\/github.com\/eogasawara\/pratica-pesquisa\/blob\/main\/examples\/02-DataVisualization.md\">c\u00f3digo<\/a>)<\/li>\n<li><a href=\"https:\/\/github.com\/eogasawara\/pratica-pesquisa\/blob\/main\/03-ExploratoryAnalysis.pdf\">An\u00e1lise Explorat\u00f3ria de Dados<\/a> &#8211; (<a href=\"https:\/\/github.com\/eogasawara\/pratica-pesquisa\/blob\/main\/examples\/03-ExploratoryAnalysis.md\">c\u00f3digo<\/a>)<\/li>\n<li><a href=\"https:\/\/github.com\/eogasawara\/pratica-pesquisa\/blob\/main\/0A-ambiente-dal.pdf\">Ambiente Data Analytics<\/a><\/li>\n<li><a href=\"https:\/\/github.com\/eogasawara\/pratica-pesquisa\/blob\/main\/0B-rstudio-github.pdf\">Configura\u00e7\u00e3o do Github<\/a><\/li>\n<li><a href=\"https:\/\/github.com\/eogasawara\/pratica-pesquisa\/blob\/main\/0C-Temas.pdf\">Temas para pr\u00e1tica<\/a><\/li>\n<\/ol>\n<p>&nbsp;<\/p>\n<hr \/>\n<p><strong>Playlist<\/strong><\/p>\n<p class=\"responsive-video-wrap clr\"><iframe loading=\"lazy\" title=\"\ud83d\udd2cPr\u00e1tica de Pesquisa\" width=\"1200\" height=\"675\" src=\"https:\/\/www.youtube.com\/embed\/videoseries?list=PLTy3TWJeueGyrKK8Xv0qaOkRk4dk2isk-\" frameborder=\"0\" allow=\"accelerometer; autoplay; clipboard-write; encrypted-media; gyroscope; picture-in-picture; web-share\" referrerpolicy=\"strict-origin-when-cross-origin\" allowfullscreen><\/iframe><\/p>\n<p>&nbsp;<\/p>\n<hr \/>\n<p><strong>Material complementar<\/strong><\/p>\n<ul>\n<li><a href=\"https:\/\/github.com\/eogasawara\/pratica-pesquisa\">Reposit\u00f3rio da disciplina (GitHub)<\/a><\/li>\n<li><a href=\"https:\/\/eic.cefet-rj.br\/~eogasawara\/pratica-de-pesquisa\/\">P\u00e1gina da disciplina Pr\u00e1tica de Pesquisa<\/a><\/li>\n<li><a href=\"https:\/\/eic.cefet-rj.br\/~eogasawara\/metodologia-cientifica\/\">Metodologia Cient\u00edfica<\/a><\/li>\n<li><a href=\"https:\/\/eic.cefet-rj.br\/~eogasawara\/tutorial-de-python\/\">Tutorial de Programa\u00e7\u00e3o em Python<\/a><\/li>\n<\/ul>\n<p>&nbsp;<\/p>\n<hr \/>\n<p><strong>Bibliografia<\/strong><\/p>\n<ol>\n<li>Perovano, D. G. Manual de metodologia da pesquisa cient\u00edfica. Brasil: Editora Intersaberes, 2016.<\/li>\n<li>Grolemund, G. Hands-On Programming with R. O\u2019Reilly Media, Inc., <a href=\"https:\/\/rstudio-education.github.io\/hopr\/\">https:\/\/rstudio-education.github.io\/hopr\/<\/a>, 2014.<\/li>\n<li>Han, J.; Pei, J.; Tong, H. Data Mining: Concepts and Techniques. 4th edition ed. Cambridge, MA: Morgan Kaufmann, 2022.<\/li>\n<li>Ogasawara, E.; Salles, R.; Porto, F.; Pacitti, E. Event Detection in Time Series. 1. ed. Cham: Springer Nature Switzerland, 2025.<\/li>\n<\/ol>\n<p>&nbsp;<\/p>\n<hr \/>\n<p>&nbsp;<\/p>\n<p>&nbsp;<\/p>\n","protected":false},"excerpt":{"rendered":"<p>Ementa Pr\u00e1tica em pesquisa cient\u00edfica aplicada na \u00e1rea de computa\u00e7\u00e3o. Etapas do processo de investiga\u00e7\u00e3o cient\u00edfica. Defini\u00e7\u00e3o e delimita\u00e7\u00e3o de problemas de pesquisa. Elabora\u00e7\u00e3o de projetos e anteprojetos de pesquisa. Levantamento e an\u00e1lise do estado da arte. Fundamenta\u00e7\u00e3o te\u00f3rica e metodol\u00f3gica. Desenvolvimento de solu\u00e7\u00f5es e artefatos cient\u00edficos. Planejamento e execu\u00e7\u00e3o de experimentos. An\u00e1lise cr\u00edtica de [&hellip;]<\/p>\n","protected":false},"author":1,"featured_media":0,"parent":0,"menu_order":0,"comment_status":"closed","ping_status":"closed","template":"","meta":{"_monsterinsights_skip_tracking":false,"_monsterinsights_sitenote_active":false,"_monsterinsights_sitenote_note":"","_monsterinsights_sitenote_category":0,"footnotes":""},"class_list":["post-2306","page","type-page","status-publish","hentry","entry"],"_links":{"self":[{"href":"https:\/\/eic.cefet-rj.br\/~eogasawara\/wp-json\/wp\/v2\/pages\/2306","targetHints":{"allow":["GET"]}}],"collection":[{"href":"https:\/\/eic.cefet-rj.br\/~eogasawara\/wp-json\/wp\/v2\/pages"}],"about":[{"href":"https:\/\/eic.cefet-rj.br\/~eogasawara\/wp-json\/wp\/v2\/types\/page"}],"author":[{"embeddable":true,"href":"https:\/\/eic.cefet-rj.br\/~eogasawara\/wp-json\/wp\/v2\/users\/1"}],"replies":[{"embeddable":true,"href":"https:\/\/eic.cefet-rj.br\/~eogasawara\/wp-json\/wp\/v2\/comments?post=2306"}],"version-history":[{"count":19,"href":"https:\/\/eic.cefet-rj.br\/~eogasawara\/wp-json\/wp\/v2\/pages\/2306\/revisions"}],"predecessor-version":[{"id":2680,"href":"https:\/\/eic.cefet-rj.br\/~eogasawara\/wp-json\/wp\/v2\/pages\/2306\/revisions\/2680"}],"wp:attachment":[{"href":"https:\/\/eic.cefet-rj.br\/~eogasawara\/wp-json\/wp\/v2\/media?parent=2306"}],"curies":[{"name":"wp","href":"https:\/\/api.w.org\/{rel}","templated":true}]}}