{"id":2195,"date":"2024-10-11T22:49:00","date_gmt":"2024-10-12T01:49:00","guid":{"rendered":"https:\/\/eic.cefet-rj.br\/~eogasawara\/?page_id=2195"},"modified":"2025-12-02T14:16:56","modified_gmt":"2025-12-02T17:16:56","slug":"dicas-defesa","status":"publish","type":"page","link":"https:\/\/eic.cefet-rj.br\/~eogasawara\/dicas-defesa\/","title":{"rendered":"Defesa"},"content":{"rendered":"<p>Seguem as etapas para pedido de banca, marca\u00e7\u00e3o da defesa, o dia da defesa e entrega final da Disserta\u00e7\u00e3o ou Tese.<\/p>\n<p>&nbsp;<\/p>\n<h1>Discentes do PPPRO<\/h1>\n<p>Etapa 1 \u2013 Aprova\u00e7\u00e3o da Banca para Defesa de Disserta\u00e7\u00e3o<\/p>\n<p>O procedimento completo para a solicita\u00e7\u00e3o de banca, assim como os links para os formul\u00e1rios necess\u00e1rios est\u00e3o dispon\u00edveis em <a href=\"https:\/\/pppro.cefet-rj.br\/index.php\/pedidos-de-banca\/?lang=pb\">https:\/\/pppro.cefet-rj.br\/index.php\/pedidos-de-banca\/?lang=pb<\/a><u>.<\/u><\/p>\n<p>Para solicitar a banca de defesa o aluno deve enviar um pedido ao e-mail institucional do coordenador do PPPRO, incluindo os documentos mencionados abaixo:<\/p>\n<ol>\n<li>formul\u00e1rio da comiss\u00e3o de bancas assinado eletronicamente (Gov.br);<\/li>\n<li>comprovantes de publica\u00e7\u00f5es;<\/li>\n<li>formul\u00e1rios da secretaria e do COPEP (Requerimento Geral) assinado eletronicamente (Gov.br);<\/li>\n<li>Hist\u00f3rico escolar.<\/li>\n<\/ol>\n<p>Este pedido deve ser enviado at\u00e9 15 dias antes da reuni\u00e3o do PPPRO. A comiss\u00e3o avaliar\u00e1 a documenta\u00e7\u00e3o e, se estiver em ordem, o coordenador incluir\u00e1 o pedido na pauta da pr\u00f3xima reuni\u00e3o. Se houver pend\u00eancias, o aluno ser\u00e1 notificado para realizar as corre\u00e7\u00f5es e reenviar o pedido.<\/p>\n<p>\u00c9 importante consultar as normas do PPPRO e as exig\u00eancias de publica\u00e7\u00f5es correspondentes ao seu per\u00edodo de ingresso.<\/p>\n<p>Sugere-se que antes de enviar o e-mail para o coordenador do PPPRO seja aberto um chamado com tal objetivo (<a href=\"https:\/\/chamados.cefet-rj.br\/open.php\">https:\/\/chamados.cefet-rj.br\/open.php<\/a>) e que tal chamado seja citado no e-mail enviado ao coordenador.<\/p>\n<p><strong>\u00a0<\/strong><\/p>\n<p>Etapa 2 \u2013 Marca\u00e7\u00e3o da Defesa (pelo menos 15 dias antes da defesa)<\/p>\n<p>Os links para os formul\u00e1rios necess\u00e1rios nessa etapa est\u00e3o dispon\u00edveis em <a href=\"https:\/\/dippg.cefet-rj.br\/index.php\/pt\/component\/content\/article\/57-estrutura\/909-documentos-alunos\">https:\/\/dippg.cefet-rj.br\/index.php\/pt\/component\/content\/article\/57-estrutura\/909-documentos-alunos<\/a>.<\/p>\n<p>Ap\u00f3s a aprova\u00e7\u00e3o da banca, deve-se abrir novo chamado para o agendamento da defesa (<a href=\"https:\/\/chamados.cefet-rj.br\/open.php\">https:\/\/chamados.cefet-rj.br\/open.php<\/a>). Os seguintes documentos devem ser anexados a este novo chamado:<\/p>\n<ol>\n<li>Formul\u00e1rio de solicita\u00e7\u00e3o de banca preenchido e assinado eletronicamente (Gov.br);<\/li>\n<li>Formul\u00e1rio\u00a0de produ\u00e7\u00e3o acad\u00eamica preenchido e assinado eletronicamente (Gov.br);<\/li>\n<li>Certificado de\u00a0profici\u00eancia em l\u00edngua estrangeira que atenda aos requisitos do curso. Maiores informa\u00e7\u00f5es sobre o certificado de profici\u00eancia podem ser obtidas em <a href=\"https:\/\/pppro.cefet-rj.br\/index.php\/proficiencia-em-linguas\/?lang=pb\">https:\/\/pppro.cefet-rj.br\/index.php\/proficiencia-em-linguas\/?lang=pb<\/a>.<\/li>\n<\/ol>\n<p>&nbsp;<\/p>\n<p>Etapa 3 \u2013 Dia da Defesa<\/p>\n<p>A\u00e7\u00f5es importantes no dia da defesa:<\/p>\n<p>1) Chegar com pelo menos uma hora de anteced\u00eancia, abrir a sala, climatiz\u00e1-la e testar a apresenta\u00e7\u00e3o e a internet, se for necess\u00e1ria (em caso de defesa remota, verificar se o link da sala est\u00e1 funcionando, abrir a sala remota com anteced\u00eancia e testar \u00e1udio, v\u00eddeo e compartilhamento da apresenta\u00e7\u00e3o);<\/p>\n<p>2) A Ata de Defesa de Disserta\u00e7\u00e3o deve ser preenchida\/editada pelo presidente da banca e assinada por esta via SUAP. Os demais integrantes da banca e o candidato devem ent\u00e3o assinar a ata via Gov.br. A ata deve ser encaminhada \u00e0 secretaria da p\u00f3s-gradua\u00e7\u00e3o pelo(a) Orientador(a) via SUAP.<\/p>\n<p>&nbsp;<\/p>\n<p>Etapa 4 \u2013 Entrega da Vers\u00e3o Final<\/p>\n<p>A\u00e7\u00f5es necess\u00e1rias:<\/p>\n<ul>\n<li>O discente deve enviar o PDF da vers\u00e3o final da disserta\u00e7\u00e3o para a biblioteca (e-mail <a href=\"mailto:bcficha.maracana@cefet-rj.br\">maracana@cefet-rj.br<\/a><u>) <\/u>para que a(o) bibliotec\u00e1ria(o) providencie a ficha catalogr\u00e1fica;<\/li>\n<li>O discente deve solicitar o \u201cnada consta\u201d para a biblioteca central (e-mail <u>maracana@cefet-rj.br<\/u>) informando nome completo, matr\u00edcula e curso;<\/li>\n<li>Em seguida o discente deve entregar via sistema de chamados (<a href=\"https:\/\/chamados.cefet-rj.br\/open.php\">https:\/\/chamados.cefet-rj.br\/open.php<\/a>):<\/li>\n<\/ul>\n<ol>\n<li>A vers\u00e3o final da disserta\u00e7\u00e3o (j\u00e1 com as corre\u00e7\u00f5es, a p\u00e1gina com as assinaturas dos integrantes da banca e a ficha catalogr\u00e1fica inclusas);<\/li>\n<li>O termo de entrega e autoriza\u00e7\u00e3o, cujo formul\u00e1rio est\u00e1 dispon\u00edvel em <a href=\"https:\/\/dippg.cefet-rj.br\/index.php\/pt\/component\/content\/article\/57-estrutura\/909-documentos-alunos\">https:\/\/dippg.cefet-rj.br\/index.php\/pt\/component\/content\/article\/57-estrutura\/909-documentos-alunos<\/a>.<\/li>\n<\/ol>\n<p>&nbsp;<\/p>\n<ul>\n<li>Se tudo estiver conforme o solicitado, o chamado ser\u00e1 respondido com as instru\u00e7\u00f5es para a solicita\u00e7\u00e3o da expedi\u00e7\u00e3o do diploma por meio do Balc\u00e3o\u00a0Digital\u00a0GOV.BR (<br \/>\n<a href=\"https:\/\/www.gov.br\/pt-br\/servicos\/obter-diploma-ou-2a-via-de-diploma-cefet-rj-pos-graduacao-stricto-sensu\">https:\/\/www.gov.br\/pt-br\/servicos\/obter-diploma-ou-2a-via-de-diploma-cefet-rj-pos-graduacao-stricto-sensu<\/a>). Para a expedi\u00e7\u00e3o do diploma, os seguintes documentos ser\u00e3o solicitados:<\/li>\n<\/ul>\n<ol>\n<li>Certid\u00e3o de nascimento ou casamento;<\/li>\n<li>C\u00e9dula de identidade, CFP e o diploma de gradua\u00e7\u00e3o (frente e verso em um \u00fanico arquivo): <u>devem ser nato-digitais (CNH digital e diploma digital) ou digitalizados em cart\u00f3rio com autentica\u00e7\u00e3o digital. Alternativamente, \u00e9 poss\u00edvel fazer o upload de c\u00f3pias digitalizadas simples do diploma e da c\u00e9dula de identidade se voc\u00ea comparecer \u00e0 SECPG para confer\u00eancia dos originais<\/u>;<\/li>\n<li>Certid\u00e3o de Quita\u00e7\u00e3o Eleitoral, dispon\u00edvel no site do TSE para brasileiros maiores de 18 anos;<\/li>\n<li>Certid\u00e3o de alistamento militar ou carteira de reservista ou ainda certificado de dispensa militar (para brasileiros do sexo masculino maiores de 18 anos);<\/li>\n<li>\u201cNada consta\u201d da biblioteca.<\/li>\n<\/ol>\n<p>&nbsp;<\/p>\n<p>&nbsp;<\/p>\n<h1>Discentes do PPCIC<\/h1>\n<p><strong>Os formul\u00e1rios necess\u00e1rios para as solicita\u00e7\u00f5es est\u00e3o dispon\u00edveis em\u00a0<\/strong><a href=\"https:\/\/eic.cefet-rj.br\/ppcic\/index.php\/formularios\/\"><strong>https:\/\/eic.cefet-rj.br\/ppcic\/index.php\/formularios\/<\/strong><\/a><strong>.<\/strong><\/p>\n<p>&nbsp;<\/p>\n<p><strong><em>Etapa 1 \u2013 Aprova\u00e7\u00e3o da Banca para Defesa de Disserta\u00e7\u00e3o\u00a0<\/em><\/strong><\/p>\n<p><em>*com a devida anteced\u00eancia em rela\u00e7\u00e3o \u00e0 data da Defesa da Disserta\u00e7\u00e3o, respeitando o calend\u00e1rio de reuni\u00f5es do Colegiado.<\/em><\/p>\n<p>1) O discente deve solicitar a banca via sistema de chamados (<a href=\"https:\/\/chamados.cefet-rj.br\/open.php\">https:\/\/chamados.cefet-rj.br\/open.php<\/a>), anexando a seguinte documenta\u00e7\u00e3o:<\/p>\n<ul>\n<li>Formul\u00e1rio de <em>Solicita\u00e7\u00e3o de Banca de Mestrado<\/em>. O discente deve solicitar o parecer e a assinatura eletr\u00f4nica (ICPEdu ou SouGov) do(a) Orientador(a) no pr\u00f3prio formul\u00e1rio, e tamb\u00e9m assinar eletronicamente (ICPEdu ou SouGov) o documento.<\/li>\n<li>Texto da disserta\u00e7\u00e3o;<\/li>\n<li>Documentos comprobat\u00f3rios das publica\u00e7\u00f5es;<\/li>\n<li>Comprovante de profici\u00eancia em l\u00edngua inglesa, conforme estabelecido em Normativa Espec\u00edfica de Comprova\u00e7\u00e3o de Profici\u00eancia em Ingl\u00eas (dispon\u00edvel em <a href=\"https:\/\/eic.cefet-rj.br\/ppcic\/index.php\/documentos\/\">https:\/\/eic.cefet-rj.br\/ppcic\/index.php\/documentos\/<\/a>).<\/li>\n<\/ul>\n<p>Ap\u00f3s abertura do chamado, caso a documenta\u00e7\u00e3o esteja completa, a secretaria da p\u00f3s-gradua\u00e7\u00e3o encaminha-a para coordena\u00e7\u00e3o do curso para aprova\u00e7\u00e3o da banca pelo colegiado do PPCIC. S\u00f3 depois da aprova\u00e7\u00e3o, o discente e orientador(es) devem realizar a marca\u00e7\u00e3o de banca\u00a0 (Etapa 2) com pelo menos 15 dias de anteced\u00eancia. O pedido aprovado tem validade de 06 meses.<\/p>\n<p>Ap\u00f3s aprova\u00e7\u00e3o, a <em>Ata de Defesa de Disserta\u00e7\u00e3o<\/em> deve ser criada pela secretaria de p\u00f3s-gradua\u00e7\u00e3o via SUAP e compartilhada com o presidente da banca.<\/p>\n<p>&nbsp;<\/p>\n<p><strong><em>Etapa 2 \u2013 Marca\u00e7\u00e3o da Defesa (pelo menos 15 dias antes da defesa)<\/em><\/strong><\/p>\n<p>1) O orientador\/discente deve reservar a sala para a defesa e comunicar aos membros da banca, enviando informa\u00e7\u00f5es sobre o endere\u00e7o e como chegar na institui\u00e7\u00e3o (em caso de defesa remota, crie o link da sala remota e envie-o para os membros da banca).<\/p>\n<p>2) O discente deve enviar um e-mail para comiss\u00e3o de divulga\u00e7\u00e3o (<em>divulg@eic.cefet-rj.br<\/em>) solicitando a divulga\u00e7\u00e3o da defesa no sistema de semin\u00e1rios e no site do Programa. Veja as instru\u00e7\u00f5es em\u00a0<a href=\"https:\/\/eic.cefet-rj.br\/ppcic\/index.php\/divulgacao-no-site\/\">link<\/a>.<\/p>\n<p>&nbsp;<\/p>\n<p><strong><em>Etapa 3 \u2013 Dia da Defesa<\/em><\/strong><\/p>\n<p>A\u00e7\u00f5es importantes no dia da defesa:<\/p>\n<p>1) Chegar com pelo menos uma hora de anteced\u00eancia, abrir a sala, climatiz\u00e1-la e testar a apresenta\u00e7\u00e3o e a internet, se for necess\u00e1ria (em caso de defesa remota, verificar se o link da sala est\u00e1 funcionando, abrir a sala remota com anteced\u00eancia e testar \u00e1udio, v\u00eddeo e compartilhamento da apresenta\u00e7\u00e3o);<\/p>\n<p>2) A\u00a0<em>Ata de Defesa de Disserta\u00e7\u00e3o<\/em> deve ser preenchida\/editada pelo presidente da banca e assinada pelos integrantes da banca e candidato via SUAP. A ata deve ser encaminhada \u00e0 secretaria da p\u00f3s-gradua\u00e7\u00e3o pelo(a) Orientador(a) via SUAP.<\/p>\n<p>&nbsp;<\/p>\n<p><strong><em>Etapa 4 \u2013 Entrega da Vers\u00e3o Final<\/em><\/strong><\/p>\n<p>A\u00e7\u00f5es necess\u00e1rias:<\/p>\n<p>1) O discente deve enviar o PDF da vers\u00e3o final disserta\u00e7\u00e3o para a biblioteca para que a(o) bibliotec\u00e1ria(o) providencie a\u00a0<a href=\"https:\/\/eic.cefet-rj.br\/ppcic\/index.php\/ficha-catalografica-nada-consta\/\">Ficha catalogr\u00e1fica<\/a>;<\/p>\n<p>2) Ap\u00f3s obter a ficha catalogr\u00e1fica, o discente deve entregar a vers\u00e3o final da disserta\u00e7\u00e3o e solicitar a Emiss\u00e3o do Diploma via sistema de chamados (<a href=\"https:\/\/chamados.cefet-rj.br\/open.php\">https:\/\/chamados.cefet-rj.br\/open.php<\/a>), anexando a seguinte documenta\u00e7\u00e3o:<\/p>\n<ul>\n<li>Formul\u00e1rio de <em>Requerimento Geral <\/em>(deve-se marcar a op\u00e7\u00e3o &#8220;Solicita\u00e7\u00e3o de Emiss\u00e3o de Diploma&#8221;);<\/li>\n<li>Formul\u00e1rio de <em>Solicita\u00e7\u00e3o de Emiss\u00e3o de Diploma<\/em>;<\/li>\n<li>Formul\u00e1rio de <em>Requerimento de diploma \/ protocolo DERAC<\/em>;<\/li>\n<li><em>Termo de Entrega e Termo de Autoriza\u00e7\u00e3o<\/em>;<\/li>\n<li>C\u00f3pia de RG e CPF autenticados;<\/li>\n<li>C\u00f3pia da certid\u00e3o de nascimento autenticada;<\/li>\n<li>C\u00f3pia do Diploma de Gradua\u00e7\u00e3o autenticado;<\/li>\n<li><a href=\"https:\/\/eic.cefet-rj.br\/ppcic\/index.php\/ficha-catalografica-nada-consta\/\">Nada consta da Biblioteca Central do CEFET\/RJ<\/a>;<\/li>\n<li>Ata da defesa assinada pelos membros da banca;<\/li>\n<li>Vers\u00e3o final da Disserta\u00e7\u00e3o com a ficha catalogr\u00e1fica gerada pela biblioteca.<\/li>\n<\/ul>\n<p>* Verificar com a secretaria (<em>secpg@cefet-rj.br<\/em>) a entrega da disserta\u00e7\u00e3o encadernada com a ata da defesa assinada pelos membros da banca e com a ficha catalogr\u00e1fica gerada pela biblioteca (Antes de encadernar, deve-se verificar o PDF com a secretaria da DIPPG para ver se est\u00e1 tudo correto para a encaderna\u00e7\u00e3o). A encaderna\u00e7\u00e3o e o posicionamento da ficha catalogr\u00e1fica e ata da defesa devem seguir as normas contidas no documento \u201c<a href=\"https:\/\/eic.cefet-rj.br\/ppcic\/wp-content\/uploads\/2018\/07\/Manual-de-Elaboracao-de-Teses-Dissertacoes-e-Monografias.pdf\">Manual de Elabora\u00e7\u00e3o de Teses Disserta\u00e7\u00f5es e Monografias.pdf<\/a>\u201d.<\/p>\n<p>Obs.: A DIPPG lan\u00e7a os dados do aluno no sistema e encaminha para o DERAC para que o diploma seja confeccionado pelo pr\u00f3prio CEFET\/RJ. Entrar em contato com o DERAC para saber sobre o andamento do diploma.<\/p>\n<p>&nbsp;<\/p>\n","protected":false},"excerpt":{"rendered":"<p>Seguem as etapas para pedido de banca, marca\u00e7\u00e3o da defesa, o dia da defesa e entrega final da Disserta\u00e7\u00e3o ou Tese. &nbsp; Discentes do PPPRO Etapa 1 \u2013 Aprova\u00e7\u00e3o da Banca para Defesa de Disserta\u00e7\u00e3o O procedimento completo para a solicita\u00e7\u00e3o de banca, assim como os links para os formul\u00e1rios necess\u00e1rios est\u00e3o dispon\u00edveis em https:\/\/pppro.cefet-rj.br\/index.php\/pedidos-de-banca\/?lang=pb. [&hellip;]<\/p>\n","protected":false},"author":1,"featured_media":0,"parent":0,"menu_order":0,"comment_status":"closed","ping_status":"closed","template":"","meta":{"_monsterinsights_skip_tracking":false,"_monsterinsights_sitenote_active":false,"_monsterinsights_sitenote_note":"","_monsterinsights_sitenote_category":0,"footnotes":""},"class_list":["post-2195","page","type-page","status-publish","hentry","entry"],"_links":{"self":[{"href":"https:\/\/eic.cefet-rj.br\/~eogasawara\/wp-json\/wp\/v2\/pages\/2195","targetHints":{"allow":["GET"]}}],"collection":[{"href":"https:\/\/eic.cefet-rj.br\/~eogasawara\/wp-json\/wp\/v2\/pages"}],"about":[{"href":"https:\/\/eic.cefet-rj.br\/~eogasawara\/wp-json\/wp\/v2\/types\/page"}],"author":[{"embeddable":true,"href":"https:\/\/eic.cefet-rj.br\/~eogasawara\/wp-json\/wp\/v2\/users\/1"}],"replies":[{"embeddable":true,"href":"https:\/\/eic.cefet-rj.br\/~eogasawara\/wp-json\/wp\/v2\/comments?post=2195"}],"version-history":[{"count":4,"href":"https:\/\/eic.cefet-rj.br\/~eogasawara\/wp-json\/wp\/v2\/pages\/2195\/revisions"}],"predecessor-version":[{"id":2349,"href":"https:\/\/eic.cefet-rj.br\/~eogasawara\/wp-json\/wp\/v2\/pages\/2195\/revisions\/2349"}],"wp:attachment":[{"href":"https:\/\/eic.cefet-rj.br\/~eogasawara\/wp-json\/wp\/v2\/media?parent=2195"}],"curies":[{"name":"wp","href":"https:\/\/api.w.org\/{rel}","templated":true}]}}