{"id":2041,"date":"2024-09-12T21:11:48","date_gmt":"2024-09-13T00:11:48","guid":{"rendered":"https:\/\/eic.cefet-rj.br\/~eogasawara\/?p=2041"},"modified":"2025-11-04T09:23:16","modified_gmt":"2025-11-04T12:23:16","slug":"time-series-event-detection","status":"publish","type":"page","link":"https:\/\/eic.cefet-rj.br\/~eogasawara\/time-series-event-detection\/","title":{"rendered":"Detec\u00e7\u00e3o de Eventos em S\u00e9ries Temporais"},"content":{"rendered":"<p class=\"\" data-start=\"0\" data-end=\"641\"><a href=\"https:\/\/doi.org\/10.1007\/978-3-031-75941-3\" target=\"_blank\" rel=\"noopener\"><img loading=\"lazy\" decoding=\"async\" class=\"wp-image-2206 alignleft\" src=\"https:\/\/eic.cefet-rj.br\/~eogasawara\/wp-content\/uploads\/2024\/10\/capa-211x300.png\" alt=\"\" width=\"171\" height=\"239\" \/><\/a><strong>\ud83d\udcd8\u00a0<\/strong>Este livro \u00e9 dedicado \u00e0 explora\u00e7\u00e3o e explica\u00e7\u00e3o da detec\u00e7\u00e3o de eventos em s\u00e9ries temporais em bases de dados. O foco est\u00e1 nos eventos, que s\u00e3o onipresentes em aplica\u00e7\u00f5es com s\u00e9ries temporais, nas quais mudan\u00e7as significativas de comportamento s\u00e3o observadas em pontos espec\u00edficos ou em intervalos de tempo. A detec\u00e7\u00e3o de eventos \u00e9 uma fun\u00e7\u00e3o b\u00e1sica em sistemas de vigil\u00e2ncia e monitoramento, tendo sido amplamente estudada ao longo dos anos. No entanto, esta obra oferece uma vis\u00e3o unificada dos principais tipos de eventos em s\u00e9ries temporais que todo pesquisador deve conhecer: <strong>anomalias<\/strong>, <strong>pontos de mudan\u00e7a (change points)<\/strong> e <strong>motifs<\/strong>.<\/p>\n<p>O livro inicia com conceitos fundamentais sobre s\u00e9ries temporais e apresenta uma <strong>taxonomia geral para a detec\u00e7\u00e3o de eventos<\/strong>, que abrange:<br \/>\n(i) granularidade dos eventos (pontuais, contextuais e coletivos);<br \/>\n(ii) estrat\u00e9gias gerais (regress\u00e3o, classifica\u00e7\u00e3o, agrupamento e m\u00e9todos baseados em modelos);<br \/>\n(iii) abordagens metodol\u00f3gicas (baseadas em teoria e baseadas em dados);<br \/>\n(iv) tipos de aprendizado de m\u00e1quina (supervisionado, semissupervisionado e n\u00e3o supervisionado); e<br \/>\n(v) gerenciamento de dados (processo ETL).<\/p>\n<p>Essa taxonomia \u00e9 explorada ao longo dos cap\u00edtulos dedicados a cada tipo de evento \u2014 <strong>detec\u00e7\u00e3o de anomalias<\/strong>, <strong>pontos de mudan\u00e7a<\/strong> e <strong>descoberta de motifs<\/strong>. O livro tamb\u00e9m discute <strong>m\u00e9tricas de avalia\u00e7\u00e3o avan\u00e7adas<\/strong> para m\u00e9todos de detec\u00e7\u00e3o de eventos e inclui um cap\u00edtulo sobre <strong>detec\u00e7\u00e3o online<\/strong>, abordando os principais desafios e estrat\u00e9gias (est\u00e1ticas versus din\u00e2micas), al\u00e9m de t\u00f3picos como aprendizado incremental e adaptativo.<\/p>\n<p>\ud83d\udca1 <strong>Todos os exemplos e figuras apresentados no livro est\u00e3o dispon\u00edveis no reposit\u00f3rio GitHub:<\/strong><br \/>\n\ud83d\udc49 <a href=\"https:\/\/github.com\/eogasawara\/TSED\">https:\/\/github.com\/eogasawara\/TSED<\/a><br \/>\nNesse espa\u00e7o, os leitores podem explorar os materiais complementares, sugerir novos temas para futuras edi\u00e7\u00f5es e registrar eventuais problemas identificados na obra.<\/p>\n<p>Este livro \u00e9 voltado para estudantes de gradua\u00e7\u00e3o e p\u00f3s-gradua\u00e7\u00e3o de diversas \u00e1reas, com interesse em ci\u00eancia e an\u00e1lise de dados.<\/p>\n<p><strong>Autores:<\/strong> Eduardo Ogasawara, Rebecca Salles, Fabio Porto, Esther Pacitti<br \/>\n\ud83d\udcd6 <strong>Dispon\u00edvel na Springer:<\/strong> <a href=\"https:\/\/doi.org\/10.1007\/978-3-031-75941-3\">https:\/\/doi.org\/10.1007\/978-3-031-75941-3<\/a><\/p>\n<p>&nbsp;<\/p>\n<p>&nbsp;<\/p>\n","protected":false},"excerpt":{"rendered":"<p>\ud83d\udcd8\u00a0Este livro \u00e9 dedicado \u00e0 explora\u00e7\u00e3o e explica\u00e7\u00e3o da detec\u00e7\u00e3o de eventos em s\u00e9ries temporais em bases de dados. O foco est\u00e1 nos eventos, que s\u00e3o onipresentes em aplica\u00e7\u00f5es com s\u00e9ries temporais, nas quais mudan\u00e7as significativas de comportamento s\u00e3o observadas em pontos espec\u00edficos ou em intervalos de tempo. A detec\u00e7\u00e3o de eventos \u00e9 uma fun\u00e7\u00e3o [&hellip;]<\/p>\n","protected":false},"author":1,"featured_media":0,"parent":0,"menu_order":0,"comment_status":"closed","ping_status":"open","template":"","meta":{"_monsterinsights_skip_tracking":false,"_monsterinsights_sitenote_active":false,"_monsterinsights_sitenote_note":"","_monsterinsights_sitenote_category":0,"footnotes":""},"class_list":["post-2041","page","type-page","status-publish","hentry","entry"],"_links":{"self":[{"href":"https:\/\/eic.cefet-rj.br\/~eogasawara\/wp-json\/wp\/v2\/pages\/2041","targetHints":{"allow":["GET"]}}],"collection":[{"href":"https:\/\/eic.cefet-rj.br\/~eogasawara\/wp-json\/wp\/v2\/pages"}],"about":[{"href":"https:\/\/eic.cefet-rj.br\/~eogasawara\/wp-json\/wp\/v2\/types\/page"}],"author":[{"embeddable":true,"href":"https:\/\/eic.cefet-rj.br\/~eogasawara\/wp-json\/wp\/v2\/users\/1"}],"replies":[{"embeddable":true,"href":"https:\/\/eic.cefet-rj.br\/~eogasawara\/wp-json\/wp\/v2\/comments?post=2041"}],"version-history":[{"count":15,"href":"https:\/\/eic.cefet-rj.br\/~eogasawara\/wp-json\/wp\/v2\/pages\/2041\/revisions"}],"predecessor-version":[{"id":2582,"href":"https:\/\/eic.cefet-rj.br\/~eogasawara\/wp-json\/wp\/v2\/pages\/2041\/revisions\/2582"}],"wp:attachment":[{"href":"https:\/\/eic.cefet-rj.br\/~eogasawara\/wp-json\/wp\/v2\/media?parent=2041"}],"curies":[{"name":"wp","href":"https:\/\/api.w.org\/{rel}","templated":true}]}}