{"id":1876,"date":"2022-02-20T15:30:24","date_gmt":"2022-02-20T18:30:24","guid":{"rendered":"https:\/\/eic.cefet-rj.br\/~eogasawara\/?page_id=1876"},"modified":"2025-10-18T16:26:00","modified_gmt":"2025-10-18T19:26:00","slug":"destaque","status":"publish","type":"page","link":"https:\/\/eic.cefet-rj.br\/~eogasawara\/destaque\/","title":{"rendered":"Destaque"},"content":{"rendered":"<blockquote><p>2025 &#8211; Cientista do Nosso Estado<\/p><\/blockquote>\n<p>O projeto \u201c<span class=\"break-words\n          tvm-parent-container\"><span dir=\"ltr\">M\u00e9todos Avan\u00e7ados para Detec\u00e7\u00e3o de Eventos em S\u00e9ries Temporais Multivariadas para Ci\u00eancia, Ind\u00fastria e Sociedade<\/span><\/span>\u201d foi concedido pela FAPERJ (Cientista do Nosso Estado).<\/p>\n<p>&nbsp;<\/p>\n<blockquote><p>2025 &#8211; Bolsa de Produtividade em Pesquisa do CNPq<\/p><\/blockquote>\n<p>O projeto \u201cDetec\u00e7\u00e3o de Eventos em S\u00e9ries Temporais Multivariadas\u201d foi concedido pelo CNPq (Bolsa de Produtividade em Pesquisa &#8211; PQ &#8211; 2025).<\/p>\n<p>&nbsp;<\/p>\n<blockquote><p>2024 &#8211; Melhor Artigo no SBBD na categoria short, vision, industry<\/p><\/blockquote>\n<p>Melhor artigo curto &#8220;<span class=\"transform\">Cutoff Frequency Adjustment for FFT-Based Anomaly Detectors<\/span>&#8221; no XXXIX Simp\u00f3sio Brasileiro de Banco de Dados (SBBD).<\/p>\n<p>Autores: Ellen Paixao, Helga Balbi, Esther Pacitti, Fabio Porto, Joel Santos, Eduardo Ogasawara.<\/p>\n<p>&nbsp;<\/p>\n<blockquote><p>2024 &#8211; Men\u00e7\u00e3o Honrosa no SBBD na categoria short, vision, industry<\/p><\/blockquote>\n<p>Men\u00e7\u00e3o honrosa para o artigo curto &#8220;<span class=\"transform\">HD Pump: A Hybrid Detection Approach for Pump-and-Dump Schemes in Cryptocurrency Exchanges<\/span>&#8221; no XXXIX Simp\u00f3sio Brasileiro de Banco de Dados (SBBD).<\/p>\n<p>Autores: Matheus Moura, Lais Baroni, Eduardo Ogasawara, Diego Mendon\u00e7a.<\/p>\n<p>&nbsp;<\/p>\n<blockquote><p>2023 &#8211; Men\u00e7\u00e3o Honrosa &#8211; SBBD &#8211; Demos<\/p><\/blockquote>\n<p>Men\u00e7\u00e3o honrosa para o artigo de demonstra\u00e7\u00e3o &#8220;<a href=\"https:\/\/sol.sbc.org.br\/index.php\/sbbd_estendido\/article\/view\/25623\">STMotif Explorer: A Tool for Spatiotemporal Motif Analysis<\/a>&#8221; no XXXVIII Simp\u00f3sio Brasileiro de Banco de Dados (SBBD).<\/p>\n<p>Autores: Heraldo Borges, Antonio Castro, Rafaelli Coutinho, Fabio Porto, Esther Pacitti, Eduardo Ogasawara.<\/p>\n<p>&nbsp;<\/p>\n<blockquote><p>2022 &#8211; Men\u00e7\u00e3o Honrosa &#8211; SBBD<\/p><\/blockquote>\n<p class=\"mentions-texteditor__content\">A egressa Roc\u00edo Zorrilla, orientada pelos Profs. Fabio Porto e Eduardo Ogasawara, recebeu men\u00e7\u00e3o honrosa pelo artigo intitulado &#8220;A Data-Driven Model Selection Approach to Spatio-Temporal Prediction&#8221; no Simp\u00f3sio Brasileiro de Banco de Dados (SBBD) 2022.<\/p>\n<p>&nbsp;<\/p>\n<blockquote><p>2022 &#8211; Bolsa de Produtividade em Pesquisa do CNPq<\/p><\/blockquote>\n<p>O projeto \u201cPredi\u00e7\u00e3o, Detec\u00e7\u00e3o de Eventos e Descoberta de Padr\u00f5es em S\u00e9ries Espa\u00e7o-Temporais: M\u00e9todos &amp; Aplica\u00e7\u00f5es\u201d foi concedido pelo CNPq (Bolsa de Produtividade em Pesquisa &#8211; PQ &#8211; 2021).<\/p>\n<p>&nbsp;<\/p>\n<blockquote><p>2021 &#8211; Melhor Disserta\u00e7\u00e3o de Mestrado &#8211; CTDBD<\/p><\/blockquote>\n<p class=\"mentions-texteditor__content\">A egressa Rebecca Salles, orientada pelo Prof. Eduardo Ogasawara, foi a vencedora do concurso de disserta\u00e7\u00e3o de mestrado no Simp\u00f3sio Brasileiro de Banco de Dados (SBBD) 2021.<\/p>\n<p>&nbsp;<\/p>\n<blockquote><p>2021 &#8211; Programa de Apoio a Projetos Cient\u00edficos e Tecnol\u00f3gicos em Mobilidade Urbana<\/p><\/blockquote>\n<p>O projeto \u201cMapa da Mobilidade Urbana do Rio de Janeiro\u201d foi concedido pela FAPERJ (Programa de Apoio a Projetos Cient\u00edficos e Tecnol\u00f3gicos em Mobilidade Urbana).<\/p>\n<p>&nbsp;<\/p>\n<blockquote><p>2021 &#8211; Jovem Cientista do Nosso Estado<\/p><\/blockquote>\n<p>O projeto \u201cDetec\u00e7\u00e3o de Eventos, Descoberta de Padr\u00f5es e Predi\u00e7\u00e3o em S\u00e9ries Temporais\u201d foi concedido pela FAPERJ (Jovem Cientista do Nosso Estado).<\/p>\n<p>&nbsp;<\/p>\n<blockquote><p>2019 &#8211; Melhor Artigo no SBBD na categoria short, vision, industry<\/p><\/blockquote>\n<p>Melhor artigo curto &#8220;Modelo Autorregressivo de Integra\u00e7\u00e3o Adaptativa&#8221; no XXXIV Simp\u00f3sio Brasileiro de Banco de Dados (SBBD).<\/p>\n<p>Autores: Arthur Ronaldo, Rebecca Salles, Kele Belloze, Dayse Pastore, Eduardo Ogasawara.<\/p>\n<p>&nbsp;<\/p>\n<blockquote><p>2019 &#8211; Bolsa de Produtividade em Pesquisa do CNPq<\/p><\/blockquote>\n<p>O projeto \u201cCi\u00eancia de Dados em S\u00e9ries Espa\u00e7o-Temporais: Gerenciamento de Dados e Aplica\u00e7\u00f5es\u201d foi concedido pelo CNPq (Bolsa de Produtividade em Pesquisa &#8211; PQ &#8211; 2018).<\/p>\n<p>&nbsp;<\/p>\n<blockquote><p>2017 &#8211; Amir Khatibi: finalista no concurso de disserta\u00e7\u00e3o do SBBD<\/p><\/blockquote>\n<p>O egresso Amir Khatibi, orientado pelos Profs. Fabio Porto e Eduardo Ogasawara, foi finalista no concurso de disserta\u00e7\u00e3o do Simp\u00f3sio Brasileiro de Banco de Dados (SBBD) 2017.<\/p>\n<p>&nbsp;<\/p>\n<blockquote><p>2018 &#8211; Jovem Cientista do Nosso Estado<\/p><\/blockquote>\n<p>O projeto \u201cGerenciamento e An\u00e1lise de S\u00e9ries Espa\u00e7o-Temporais: M\u00e9todos e Aplica\u00e7\u00f5es\u201d foi concedido pela FAPERJ (Jovem Cientista do Nosso Estado).<\/p>\n<p>&nbsp;<\/p>\n<blockquote><p>2017 &#8211; Terceiro lugar no concurso de Inicia\u00e7\u00e3o Cient\u00edfica do CSBC 2017<\/p><\/blockquote>\n<p>A discente Rebecca Salles ficou em terceiro lugar no concurso de Inicia\u00e7\u00e3o Cient\u00edfica organizado pela SBC. Mais informa\u00e7\u00f5es em <a href=\"https:\/\/horizontes.sbc.org.br\/index.php\/2017\/07\/21\/edicao-especial-premiadosas-no-36o-ctic-no-csbc-2017\/\">edicao-especial-premiadosas-no-36o-ctic-no-csbc-2017\/<\/a><\/p>\n<p>&nbsp;<\/p>\n<blockquote><p>2016 &#8211; Bolsa de Produtividade em Pesquisa do CNPq<\/p><\/blockquote>\n<p>O projeto \u201cCi\u00eancia de Dados em S\u00e9ries Espa\u00e7o-Temporais: Gerenciamento de Dados e Aplica\u00e7\u00f5es\u201d foi concedido pelo CNPq (Bolsa de Produtividade em Pesquisa &#8211; PQ &#8211; 2015). Mais informa\u00e7\u00f5es em https:\/\/resultado.cnpq.br\/3861882012894204.<\/p>\n<p>&nbsp;<\/p>\n<blockquote><p>2015 &#8211; Identifica\u00e7\u00e3o de Motifs em S\u00e9ries Espa\u00e7o-Temporais: Aplica\u00e7\u00f5es e M\u00e9todos<\/p><\/blockquote>\n<p><span lang=\"en\">O projeto &#8220;Identifica\u00e7\u00e3o de Motifs em S\u00e9ries Espa\u00e7o-Temporais: Aplica\u00e7\u00f5es e M\u00e9todos&#8221; foi concedido pela FAPERJ (APQ1 &#8211; 2015\/2). https:\/\/www.faperj.br\/?id=3175.2.3<\/span><\/p>\n<p>&nbsp;<\/p>\n<blockquote><p>2015 &#8211; SAC &#8211; Honorable Poster Award<\/p><\/blockquote>\n<p>Men\u00e7\u00e3o honrosa para o artigo &#8220;Exploring Multiple Clusters in Attributed Graphs&#8221; no ACM Symposium on Applied Computing (SAC 2015).<\/p>\n<p>Autores: Gustavo Guedes, Eduardo Ogasawara, Eduardo Bezerra e Geraldo Xex\u00e9o.<\/p>\n<p>&nbsp;<\/p>\n<blockquote><p>2014 &#8211; Men\u00e7\u00e3o Honrosa &#8211; BrasNam<\/p><\/blockquote>\n<p>Men\u00e7\u00e3o honrosa para o artigo &#8220;RFIDBook: Uma Abordagem para Programas de Bonifica\u00e7\u00e3o Baseados em Redes Sociais&#8221; no Workshop Brasileiro de An\u00e1lise e Minera\u00e7\u00e3o de Redes Sociais (BrasNam 2014).<\/p>\n<p>Autores: Anderson Silva, F\u00e1bio Rosa, Igor Rocha, Gustavo Guedes, F\u00e1bio P. Jr., Eduardo Bezerra, Gustavo Guedes e Eduardo Ogasawara.<\/p>\n<p>&nbsp;<\/p>\n<blockquote><p>2013 &#8211; SENID &#8211; Melhor Artigo<\/p><\/blockquote>\n<p>Melhor artigo na \u00e1rea de Inform\u00e1tica na Educa\u00e7\u00e3o, com o trabalho intitulado &#8220;Constru\u00e7\u00e3o Ambiental para o Desenvolvimento de Jogos Educativos Baseados em Gestos&#8221; no Semin\u00e1rio Nacional de Inclus\u00e3o Digital (SENID) 2013.<\/p>\n<p>Autores: Jo\u00e3o Quadros, Rafael Castaneda, Myrna Amorim, Guilherme Herzog e Eduardo Ogasawara.<\/p>\n<p>&nbsp;<\/p>\n<blockquote><p>2013 &#8211; Paraninfo das turmas 6AINFO \/ 2012-1 e 6BINFO \/ 2012-2<\/p><\/blockquote>\n<p>Local: Audit\u00f3rio 1<\/p>\n<p>Data: 05\/08\/2013<\/p>\n<p>&nbsp;<\/p>\n<blockquote><p>2012 &#8211; Paraninfo das turmas 6AINFO 2011-1 e 6BINFO 2011-2<\/p><\/blockquote>\n<p>Local: Audit\u00f3rio 1<\/p>\n<p>Data: 16\/03\/2012<\/p>\n<p>&nbsp;<\/p>\n<blockquote><p>CCSA@CCGrid 2012 &#8211; Melhor Artigo<\/p><\/blockquote>\n<p>Melhor artigo &#8220;Cloud-based Phylogenomic Inference of Evolutionary Relationships: A Performance Study&#8221; no 2nd International Workshop on Cloud Computing and Scientific Applications (CCSA) em conjunto com o 12th IEEE \/ ACM International Symposium on Cluster, Cloud and Grid Computing (CCGrid 2012)<\/p>\n<p>Autores: Daniel Oliveira, Kary Oca\u00f1a, Eduardo Ogasawara, Jonas Dias, Jo\u00e3o A. R. Gon\u00e7alves e Marta Mattoso.<\/p>\n<p>&nbsp;<\/p>\n","protected":false},"excerpt":{"rendered":"<p>2025 &#8211; Cientista do Nosso Estado O projeto \u201cM\u00e9todos Avan\u00e7ados para Detec\u00e7\u00e3o de Eventos em S\u00e9ries Temporais Multivariadas para Ci\u00eancia, Ind\u00fastria e Sociedade\u201d foi concedido pela FAPERJ (Cientista do Nosso Estado). &nbsp; 2025 &#8211; Bolsa de Produtividade em Pesquisa do CNPq O projeto \u201cDetec\u00e7\u00e3o de Eventos em S\u00e9ries Temporais Multivariadas\u201d foi concedido pelo CNPq (Bolsa [&hellip;]<\/p>\n","protected":false},"author":1,"featured_media":0,"parent":0,"menu_order":0,"comment_status":"closed","ping_status":"closed","template":"","meta":{"_monsterinsights_skip_tracking":false,"_monsterinsights_sitenote_active":false,"_monsterinsights_sitenote_note":"","_monsterinsights_sitenote_category":0,"footnotes":""},"class_list":["post-1876","page","type-page","status-publish","hentry","entry"],"_links":{"self":[{"href":"https:\/\/eic.cefet-rj.br\/~eogasawara\/wp-json\/wp\/v2\/pages\/1876","targetHints":{"allow":["GET"]}}],"collection":[{"href":"https:\/\/eic.cefet-rj.br\/~eogasawara\/wp-json\/wp\/v2\/pages"}],"about":[{"href":"https:\/\/eic.cefet-rj.br\/~eogasawara\/wp-json\/wp\/v2\/types\/page"}],"author":[{"embeddable":true,"href":"https:\/\/eic.cefet-rj.br\/~eogasawara\/wp-json\/wp\/v2\/users\/1"}],"replies":[{"embeddable":true,"href":"https:\/\/eic.cefet-rj.br\/~eogasawara\/wp-json\/wp\/v2\/comments?post=1876"}],"version-history":[{"count":21,"href":"https:\/\/eic.cefet-rj.br\/~eogasawara\/wp-json\/wp\/v2\/pages\/1876\/revisions"}],"predecessor-version":[{"id":2521,"href":"https:\/\/eic.cefet-rj.br\/~eogasawara\/wp-json\/wp\/v2\/pages\/1876\/revisions\/2521"}],"wp:attachment":[{"href":"https:\/\/eic.cefet-rj.br\/~eogasawara\/wp-json\/wp\/v2\/media?parent=1876"}],"curies":[{"name":"wp","href":"https:\/\/api.w.org\/{rel}","templated":true}]}}