{"id":1859,"date":"2022-02-20T15:08:43","date_gmt":"2022-02-20T18:08:43","guid":{"rendered":"https:\/\/eic.cefet-rj.br\/~eogasawara\/?page_id=1859"},"modified":"2026-01-21T14:18:00","modified_gmt":"2026-01-21T17:18:00","slug":"apresentacoes","status":"publish","type":"page","link":"https:\/\/eic.cefet-rj.br\/~eogasawara\/apresentacoes\/","title":{"rendered":"Apresenta\u00e7\u00f5es"},"content":{"rendered":"<blockquote><p>Palestras apresentadas em congressos e semin\u00e1rios<\/p><\/blockquote>\n<ol>\n<li><a href=\"https:\/\/eic.cefet-rj.br\/~eogasawara\/wp-content\/uploads\/2026\/01\/Visao-Geral-da-Pesquisa.pdf\">Vis\u00e3o Geral da Pesquisa<\/a> (2026)<\/li>\n<li><a href=\"https:\/\/eic.cefet-rj.br\/~eogasawara\/wp-content\/uploads\/2026\/01\/Memorial-Academico-e-Profissional.pdf\">Memorial Acad\u00eamico e Profissional<\/a> (CEFET\/RJ 2025)<\/li>\n<li><a href=\"https:\/\/eic.cefet-rj.br\/~eogasawara\/wp-content\/uploads\/2025\/10\/Harbinger.pdf\">Harbinger: A Unified Framework for Event Detection in Time Series<\/a> (Arcahub 2025, CEFET\/RJ 2025, 3W Workshop 2025)<\/li>\n<li><a href=\"https:\/\/eic.cefet-rj.br\/~eogasawara\/wp-content\/uploads\/2025\/10\/DAL-Pesquisa.pdf\">DAL &amp; Community: An Experience Report on Data Science Outreach<\/a> (SEPEX 2025)<\/li>\n<li><a href=\"https:\/\/eic.cefet-rj.br\/~eogasawara\/wp-content\/uploads\/2025\/05\/CienciaDados.pdf\">Ci\u00eancia de Dados: Desafios e Oportunidades<\/a> (IFRJ 2024)<\/li>\n<li><a href=\"https:\/\/eic.cefet-rj.br\/~eogasawara\/wp-content\/uploads\/2025\/05\/UsoLLMArtigos.pdf\">Uso de LLM para Apoiar a Escrita e Revis\u00e3o de Artigos<\/a> (SEPEX 2024)<\/li>\n<li><a href=\"https:\/\/eic.cefet-rj.br\/~eogasawara\/wp-content\/uploads\/2025\/05\/2019-05-Computer-Science-1.pdf\">Oportunidades na Ci\u00eancia da Computa\u00e7\u00e3o: Uma vis\u00e3o na perspectiva de Ci\u00eancia de Dados<\/a> (Technische Universitat Berlin 2024)<\/li>\n<li><a href=\"https:\/\/eic.cefet-rj.br\/~eogasawara\/wp-content\/uploads\/2025\/05\/Concept-Drift-CEFET-LNCC.pdf\">Deriva de Conceito (Concept Drift)<\/a> (Technische Universitat Berlin 2024)<\/li>\n<li><a href=\"https:\/\/eic.cefet-rj.br\/~eogasawara\/wp-content\/uploads\/2025\/05\/2019-05-Computer-Science.pdf\">Carreira em Computa\u00e7\u00e3o<\/a> (Marista S\u00e3o Jos\u00e9 2024)<\/li>\n<li><a href=\"https:\/\/eic.cefet-rj.br\/~eogasawara\/wp-content\/uploads\/2025\/05\/REMD-IJCNN.pdf\">REMD: Um Novo M\u00e9todo H\u00edbrido para Detec\u00e7\u00e3o de Anomalias em S\u00e9ries Temporais<\/a> (IJCNN 2024)<\/li>\n<li><a href=\"https:\/\/eic.cefet-rj.br\/~eogasawara\/wp-content\/uploads\/2025\/05\/EventDetection.pdf\">Abordagens de IA Centrada em Dados para Detec\u00e7\u00e3o de Eventos em S\u00e9ries Temporais<\/a> (DAL Lives 2024)<\/li>\n<li><a href=\"https:\/\/eic.cefet-rj.br\/~eogasawara\/wp-content\/uploads\/2025\/05\/2024-05-INRIA-EventDetection.pdf\">Abordagens de IA Centrada em Dados para Detec\u00e7\u00e3o de Eventos em S\u00e9ries Temporais<\/a> (INRIA 2024)<\/li>\n<li><a href=\"https:\/\/eic.cefet-rj.br\/~eogasawara\/wp-content\/uploads\/2024\/03\/EventDetection-2.pdf\">Detec\u00e7\u00e3o de Eventos em S\u00e9ries Temporais<\/a> (UFRRJ 2024)<\/li>\n<li><a href=\"https:\/\/eic.cefet-rj.br\/~eogasawara\/wp-content\/uploads\/2024\/03\/EventDetection-1.pdf\">Ger\u00eancia de Dados, Modelos e Configura\u00e7\u00e3o no Contexto de Intelig\u00eancia Artificial<\/a> (SEPEX 2023)<\/li>\n<li><a href=\"https:\/\/eic.cefet-rj.br\/~eogasawara\/wp-content\/uploads\/2024\/03\/SBBD23_Pesticidas_v5.pdf\">Desafios na Predi\u00e7\u00e3o do Consumo de Pesticidas em Escala Global Usando Aprendizado de M\u00e1quina<\/a> (BreSci 2023)<\/li>\n<li><a href=\"https:\/\/eic.cefet-rj.br\/~eogasawara\/wp-content\/uploads\/2024\/03\/EventDetection.pdf\">Detec\u00e7\u00e3o de Surtos (Outbreak Detection)<\/a> (Fiocruz 2023)<\/li>\n<li><a href=\"https:\/\/eic.cefet-rj.br\/~eogasawara\/wp-content\/uploads\/2024\/03\/EventDetection-2023.pdf\">Detec\u00e7\u00e3o de Eventos em S\u00e9ries Temporais<\/a> (CENPES 2023)<\/li>\n<li><a href=\"https:\/\/eic.cefet-rj.br\/~eogasawara\/wp-content\/uploads\/2024\/03\/2022-11-ConceptDrift.pdf\">Deriva de Conceito (Concept Drift)<\/a> (Shape Time Series Day 2022)<\/li>\n<li><a href=\"https:\/\/eic.cefet-rj.br\/~eogasawara\/wp-content\/uploads\/2022\/10\/CienciaDados.pdf\">Ci\u00eancia de Dados nos Eixos Ci\u00eancias, Empresas e Governo<\/a> (SEPEX 2022 e ERBD 2022)<\/li>\n<li><a href=\"https:\/\/eic.cefet-rj.br\/~eogasawara\/wp-content\/uploads\/2022\/02\/apresentacao_SBBD_2021.pdf\">Generaliza\u00e7\u00e3o de Minera\u00e7\u00e3o de Sequ\u00eancias Restritas no Espa\u00e7o e no Tempo<\/a> (SBBD 2021) (v\u00eddeo)<\/li>\n<li>Painel: Ci\u00eancia de Dados de Alto Desempenho (WEIC 2021) (<a href=\"https:\/\/youtu.be\/Jv4RZluvrKU\">v\u00eddeo<\/a>)<\/li>\n<li>Painel: Iniciativas de Pesquisa &amp; Extens\u00e3o na EIC: De Onde Viemos? O Que Somos? Para Onde Vamos? (WEIC 2021) (<a href=\"https:\/\/youtu.be\/bqzhMxoM8eM\">v\u00eddeo<\/a>)<\/li>\n<li><a href=\"https:\/\/eic.cefet-rj.br\/~eogasawara\/wp-content\/uploads\/2021\/09\/TimeSeriesPrediction.pdf\">Predi\u00e7\u00e3o de s\u00e9ries temporais<\/a> (SEIC 2021) (<a href=\"https:\/\/youtu.be\/6EaVyLbZkxA\">v\u00eddeo<\/a>)<\/li>\n<li><a href=\"https:\/\/eic.cefet-rj.br\/~eogasawara\/wp-content\/uploads\/2020\/08\/Onde-publicar.pdf\">Onde submeter os artigos? E o Qualis?<\/a> (SEIC 2020) (<a href=\"https:\/\/youtu.be\/SP_JaNTyRic\">v\u00eddeo<\/a>)<\/li>\n<li><a href=\"https:\/\/eic.cefet-rj.br\/~eogasawara\/wp-content\/uploads\/2019\/10\/2019-sbbd-arai-slides.pdf\">Modelo autorregressivo de integra\u00e7\u00e3o adaptativa<\/a> (SBBD 2019) (<a href=\"https:\/\/youtu.be\/gikee9DHqxU\">v\u00eddeo<\/a>)<\/li>\n<li><a href=\"https:\/\/eic.cefet-rj.br\/~eogasawara\/wp-content\/uploads\/2018\/08\/2018-sbbd-anomalias.pdf\">Detec\u00e7\u00e3o de Anomalias Frequentes no Transporte Rodovi\u00e1rio Urbano<\/a> (SBBD 2018)<\/li>\n<li><a href=\"https:\/\/eic.cefet-rj.br\/~eogasawara\/wp-content\/uploads\/2018\/08\/2018-sbbd-algebra.pdf\">Rumo \u00e0 Integra\u00e7\u00e3o da \u00c1lgebra de Workflows com o Processamento de Consulta Relacional<\/a> (SBBD 2018)<\/li>\n<li><a href=\"https:\/\/eic.cefet-rj.br\/~eogasawara\/wp-content\/uploads\/2018\/07\/2018-ijcnn-Poster.pdf\">Avaliando m\u00e9todos de pr\u00e9-processamento de dados para modelos de aprendizado de m\u00e1quina para atrasos de voo<\/a> (IJCNN 2018)<\/li>\n<li><a href=\"https:\/\/eic.cefet-rj.br\/~eogasawara\/wp-content\/uploads\/2018\/03\/social-presentation.pdf\">Avaliando a complementaridade de ferramentas de comunica\u00e7\u00e3o para plataformas de aprendizagem<\/a> (CSEDU 2018)<\/li>\n<li><a href=\"https:\/\/eic.cefet-rj.br\/~eogasawara\/wp-content\/uploads\/2018\/03\/JOE-presentation.pdf\">Jogo Educacional Ortogr\u00e1fico para Pa\u00edses de L\u00edngua Portuguesa<\/a> (CSEDU 2018)<\/li>\n<li><a href=\"https:\/\/eic.cefet-rj.br\/~eogasawara\/wp-content\/uploads\/2017\/07\/2017-07-SciDisc.pdf\">Gerenciamento e An\u00e1lise de S\u00e9ries Espa\u00e7o-Temporais<\/a> (LNCC-INRIA 2017)<\/li>\n<li><a href=\"https:\/\/eic.cefet-rj.br\/~eogasawara\/wp-content\/uploads\/2017\/10\/apresentacao-SBBD.pdf\">Detec\u00e7\u00e3o de anomalias no transporte rodovi\u00e1rio urbano<\/a> (SBBD 2017)<\/li>\n<li><a href=\"https:\/\/eic.cefet-rj.br\/~eogasawara\/wp-content\/uploads\/2017\/02\/ppcic-ciencia-de-dados.pdf\">PPCIC e sua conex\u00e3o com os desafios da ci\u00eancia de dados<\/a> (WEIC 2016)<\/li>\n<li><a href=\"https:\/\/eic.cefet-rj.br\/~eogasawara\/wp-content\/uploads\/2016\/10\/2016-PraticaPesquisa.pdf\">An\u00e1lise das disciplinas de pr\u00e1ticas de pesquisa e de metodologia de pesquisa<\/a> (SEIC 2016)<\/li>\n<li><a href=\"https:\/\/eic.cefet-rj.br\/~eogasawara\/wp-content\/uploads\/2017\/02\/Boas-vindas.pdf\">Apresenta\u00e7\u00e3o de abertura do Curso de P\u00f3s-gradua\u00e7\u00e3o em Ci\u00eancia da Computa\u00e7\u00e3o do CEFET\/RJ<\/a> (CEFET\/RJ 2016)<\/li>\n<li><a href=\"https:\/\/eic.cefet-rj.br\/~eogasawara\/wp-content\/uploads\/2018\/11\/2016-LNCC-Music.pdf\">Relat\u00f3rio de Pesquisa<\/a> (LNCC-INRIA 2016)<\/li>\n<li><a href=\"https:\/\/eic.cefet-rj.br\/~eogasawara\/wp-content\/uploads\/2017\/02\/2016-01-JCD.pdf\">Identifica\u00e7\u00e3o de motifs em s\u00e9ries espa\u00e7o-temporais<\/a> (WCD @ LNCC 2016)<\/li>\n<li><a href=\"https:\/\/eic.cefet-rj.br\/~eogasawara\/wp-content\/uploads\/2018\/06\/Big-Data-e-IoT.pdf\">Explorando M\u00faltiplos Clusters em Grafos Atribu\u00eddos<\/a> (SAC 2015)<\/li>\n<li><a href=\"https:\/\/eic.cefet-rj.br\/~eogasawara\/wp-content\/uploads\/2015\/04\/2015-sac.pdf\">Am\u00ea: Um Ambiente para Aprender e Analisar Algoritmos de Busca Advers\u00e1ria Usando Jogos de Cartas Estoc\u00e1sticos<\/a> (SAC 2015)<\/li>\n<li><a href=\"https:\/\/eic.cefet-rj.br\/~eogasawara\/wp-content\/uploads\/2015\/04\/2014-wcaeic.pdf\">Big Data &amp; IoT<\/a> (WEIC 2015)<\/li>\n<li><a href=\"https:\/\/eic.cefet-rj.br\/~eogasawara\/wp-content\/uploads\/2015\/04\/2014-wcaeic.pdf\">Projetos inovadores, ideias revolucion\u00e1rias<\/a> (WEIC 2014)<\/li>\n<li><a href=\"https:\/\/eic.cefet-rj.br\/~eogasawara\/wp-content\/uploads\/2018\/06\/Como-elaborar-projetos-finais-de-qualidade-Daniel-Oliveira-Eduardo-Ogasawara.pdf\">Como elaborar bons projetos finais?<\/a> (SEIC 2014)<\/li>\n<li><a href=\"https:\/\/eic.cefet-rj.br\/~eogasawara\/wp-content\/uploads\/2018\/11\/Music-DMAA1.pdf\">Algoritmos e aplica\u00e7\u00f5es de minera\u00e7\u00e3o de dados<\/a> (LNCC-INRIA 2014)<\/li>\n<li><a href=\"https:\/\/eic.cefet-rj.br\/~eogasawara\/wp-content\/uploads\/2015\/04\/2013-icbl.pdf\">Rumo a um Modelo de Refer\u00eancia para EAD: um Estudo de Caso no Curso de Turismo<\/a> (ICBL 2013)<\/li>\n<li><a href=\"https:\/\/eic.cefet-rj.br\/~eogasawara\/wp-content\/uploads\/2015\/04\/2013-senid.pdf\">Constru\u00e7\u00e3o de ambiente para o desenvolvimento de jogos educativos baseados na interface gestual<\/a> (SENID 2013)<\/li>\n<li><a href=\"https:\/\/eic.cefet-rj.br\/~eogasawara\/wp-content\/uploads\/2015\/04\/2010-06-ecmls.pdf\">Usando Analisadores de Proveni\u00eancia para Melhorar o Desempenho de Workflows Cient\u00edficos em Ambientes de Nuvem<\/a> (SBBD 2012)<\/li>\n<li><a href=\"https:\/\/eic.cefet-rj.br\/~eogasawara\/wp-content\/uploads\/2015\/04\/2012-ipaw.pdf\">Usando Dados Espec\u00edficos de Dom\u00ednio para Aprimorar Consultas de Direcionamento de Workflows Cient\u00edficos<\/a> (IPAW 2012)<\/li>\n<li><a href=\"https:\/\/eic.cefet-rj.br\/~eogasawara\/wp-content\/uploads\/2015\/04\/2011-08-vldb.pdf\">Uma Abordagem Alg\u00e9brica para Workflows Cient\u00edficos Centrados em Dados<\/a> (VLDB 2011)<\/li>\n<li><a href=\"https:\/\/eic.cefet-rj.br\/~eogasawara\/wp-content\/uploads\/2015\/04\/2011-07-bresci.pdf\">Avalia\u00e7\u00e3o da distribui\u00e7\u00e3o de atividades est\u00e1ticas e din\u00e2micas em ambientes paralelos usando Hydra<\/a> (BreSci 2011 @ CSBC)<\/li>\n<li><a href=\"https:\/\/eic.cefet-rj.br\/~eogasawara\/wp-content\/uploads\/2015\/04\/2010-06-ecmls.pdf\">Paralelismo de Dados em Workflows de Bioinform\u00e1tica Usando Hydra<\/a> (ECMLS 2010 @ HPDC)<\/li>\n<li><a href=\"https:\/\/eic.cefet-rj.br\/~eogasawara\/wp-content\/uploads\/2015\/04\/2010-06-ipaw.pdf\">GExpLine: Uma ferramenta para apoiar a composi\u00e7\u00e3o de experimentos<\/a> (IPAW 2010)<\/li>\n<li><a href=\"https:\/\/eic.cefet-rj.br\/~eogasawara\/wp-content\/uploads\/2015\/04\/2010-03-cetem.pdf\">Estimativas de consumo e produ\u00e7\u00e3o de agro-minerais para os pr\u00f3ximos 20 anos<\/a> (CETEM 2010)<\/li>\n<li><a href=\"https:\/\/eic.cefet-rj.br\/~eogasawara\/wp-content\/uploads\/2015\/04\/2009-escience-poster.pdf\">Um Processo de Concep\u00e7\u00e3o para Workflows Abstratos: Um Exemplo no Dom\u00ednio de Explora\u00e7\u00e3o de Petr\u00f3leo em \u00c1guas Profundas<\/a> (eScience 2009)<\/li>\n<li><a href=\"https:\/\/eic.cefet-rj.br\/~eogasawara\/wp-content\/uploads\/2015\/04\/2009-10-presentation.pdf\">Paraleliza\u00e7\u00e3o de tarefas de minera\u00e7\u00e3o de dados usando workflows cient\u00edficos<\/a> (WAAMD 2009 @SBBD)<\/li>\n<li><a href=\"https:\/\/eic.cefet-rj.br\/~eogasawara\/wp-content\/uploads\/2015\/04\/2009-11-mtags.pdf\">Explorando Many Task Computing em Workflows Cient\u00edficos<\/a> (MTAGS 2009 @ SC)<\/li>\n<li><a href=\"https:\/\/eic.cefet-rj.br\/~eogasawara\/wp-content\/uploads\/2015\/04\/2009-09-rochagem-poster.pdf\">Modelo autorregressivo para previs\u00e3o de fertilizantes baseados em redes neurais<\/a> (Rochagem 2009)<\/li>\n<li><a href=\"https:\/\/eic.cefet-rj.br\/~eogasawara\/wp-content\/uploads\/2015\/04\/2009-ijcnn-poster.pdf\">Cartuchos de Redes Neurais para Minera\u00e7\u00e3o de Dados em S\u00e9ries Temporais<\/a> (IJCNN 2009)<\/li>\n<li><a href=\"https:\/\/eic.cefet-rj.br\/~eogasawara\/wp-content\/uploads\/2015\/04\/2009-ssdbm.pdf\">Experiment Line: Reuso de Software em Workflows Cient\u00edficos<\/a> (SSDBM 2009)<\/li>\n<li><a href=\"https:\/\/eic.cefet-rj.br\/~eogasawara\/wp-content\/uploads\/2015\/04\/2009-05-cvsm.pdf\">Compara\u00e7\u00e3o e Versionamento de Workflows Cient\u00edficos<\/a> (CVSM 2009 @ ICSE)<\/li>\n<li><a href=\"https:\/\/eic.cefet-rj.br\/~eogasawara\/wp-content\/uploads\/2015\/04\/2008-10-bresci.pdf\">Linhas de Experi\u00eancia: Gerenciamento de Reutiliza\u00e7\u00e3o e Configura\u00e7\u00e3o em Workflows Cient\u00edficos<\/a> (BreSci 2009)<\/li>\n<li><a href=\"https:\/\/eic.cefet-rj.br\/~eogasawara\/wp-content\/uploads\/2015\/04\/1999-sbbd.ppt\">Avalia\u00e7\u00e3o Experimental de T\u00e9cnicas de Indexa\u00e7\u00e3o em Banco de Dados Orientado a Objetos<\/a> (SBBD 1999)<\/li>\n<\/ol>\n","protected":false},"excerpt":{"rendered":"<p>Palestras apresentadas em congressos e semin\u00e1rios Vis\u00e3o Geral da Pesquisa (2026) Memorial Acad\u00eamico e Profissional (CEFET\/RJ 2025) Harbinger: A Unified Framework for Event Detection in Time Series (Arcahub 2025, CEFET\/RJ 2025, 3W Workshop 2025) DAL &amp; Community: An Experience Report on Data Science Outreach (SEPEX 2025) Ci\u00eancia de Dados: Desafios e Oportunidades (IFRJ 2024) Uso [&hellip;]<\/p>\n","protected":false},"author":1,"featured_media":0,"parent":0,"menu_order":0,"comment_status":"closed","ping_status":"closed","template":"","meta":{"_monsterinsights_skip_tracking":false,"_monsterinsights_sitenote_active":false,"_monsterinsights_sitenote_note":"","_monsterinsights_sitenote_category":0,"footnotes":""},"class_list":["post-1859","page","type-page","status-publish","hentry","entry"],"_links":{"self":[{"href":"https:\/\/eic.cefet-rj.br\/~eogasawara\/wp-json\/wp\/v2\/pages\/1859","targetHints":{"allow":["GET"]}}],"collection":[{"href":"https:\/\/eic.cefet-rj.br\/~eogasawara\/wp-json\/wp\/v2\/pages"}],"about":[{"href":"https:\/\/eic.cefet-rj.br\/~eogasawara\/wp-json\/wp\/v2\/types\/page"}],"author":[{"embeddable":true,"href":"https:\/\/eic.cefet-rj.br\/~eogasawara\/wp-json\/wp\/v2\/users\/1"}],"replies":[{"embeddable":true,"href":"https:\/\/eic.cefet-rj.br\/~eogasawara\/wp-json\/wp\/v2\/comments?post=1859"}],"version-history":[{"count":30,"href":"https:\/\/eic.cefet-rj.br\/~eogasawara\/wp-json\/wp\/v2\/pages\/1859\/revisions"}],"predecessor-version":[{"id":2646,"href":"https:\/\/eic.cefet-rj.br\/~eogasawara\/wp-json\/wp\/v2\/pages\/1859\/revisions\/2646"}],"wp:attachment":[{"href":"https:\/\/eic.cefet-rj.br\/~eogasawara\/wp-json\/wp\/v2\/media?parent=1859"}],"curies":[{"name":"wp","href":"https:\/\/api.w.org\/{rel}","templated":true}]}}