{"id":1599,"date":"2022-02-01T17:13:13","date_gmt":"2022-02-01T20:13:13","guid":{"rendered":"https:\/\/eic.cefet-rj.br\/~eogasawara\/?p=1599"},"modified":"2026-02-07T20:47:34","modified_gmt":"2026-02-07T23:47:34","slug":"jornada","status":"publish","type":"page","link":"https:\/\/eic.cefet-rj.br\/~eogasawara\/jornada\/","title":{"rendered":"Jornada de Ci\u00eancia de Dados &#8211; Minera\u00e7\u00e3o de Dados"},"content":{"rendered":"<p data-start=\"143\" data-end=\"443\">O minicurso <strong data-start=\"155\" data-end=\"177\">Minera\u00e7\u00e3o de Dados<\/strong>, integrante da Jornada de Ci\u00eancia de Dados, apresenta t\u00e9cnicas voltadas \u00e0 extra\u00e7\u00e3o de conhecimento a partir de grandes volumes de dados. O conte\u00fado abrange uma vis\u00e3o geral da \u00e1rea, an\u00e1lise explorat\u00f3ria de dados, etapas de pr\u00e9-processamento e m\u00e9todos de regress\u00e3o.<\/p>\n<p data-start=\"445\" data-end=\"542\">Trata-se de um curso de curta dura\u00e7\u00e3o, oferecido regularmente uma vez por ano no LNCC desde 2015.<\/p>\n<p><strong>Slides:<\/strong><\/p>\n<ol>\n<li><a href=\"https:\/\/github.com\/eogasawara\/jornada\/blob\/main\/1-Introducao.pdf\">Introdu\u00e7\u00e3o<\/a> (<a href=\"https:\/\/youtu.be\/g1I9PfwmwbU?si=ifOe9cdO1afFxKCB\">v\u00eddeo<\/a>)<\/li>\n<li><a href=\"https:\/\/github.com\/eogasawara\/jornada\/blob\/main\/2-AnaliseExploratoria.pdf\">Analise Explorat\u00f3ria<\/a> (<a href=\"https:\/\/github.com\/eogasawara\/jornada\/blob\/main\/examples\/2-AnaliseExploratoria.md\">c\u00f3digos de exemplos<\/a>) (<a href=\"https:\/\/youtu.be\/xjE2N06gyMs?si=tQBDiAkqVXkPOCTV\">v\u00eddeo<\/a>)<\/li>\n<li><a href=\"https:\/\/github.com\/eogasawara\/jornada\/blob\/main\/3-Preprocessamento.pdf\">Pre-processamento<\/a> (<a href=\"https:\/\/github.com\/eogasawara\/jornada\/blob\/main\/examples\/3-Preprocessamento.md\">c\u00f3digos de exemplos<\/a>) (<a href=\"https:\/\/youtu.be\/D7PCKtWAxVo?si=dCJAK3zvwNVWUFHX\">v\u00eddeo<\/a>)<\/li>\n<li><a href=\"https:\/\/github.com\/eogasawara\/jornada\/blob\/main\/4-Regressao.pdf\">Regress\u00e3o<\/a> (<a href=\"https:\/\/github.com\/eogasawara\/jornada\/blob\/main\/examples\/4-Regression.md\">c\u00f3digos de exemplos<\/a>) (<a href=\"https:\/\/youtu.be\/71-PXQsGjZY?si=g3qRNZutKpNkynHo\">v\u00eddeo<\/a>)<\/li>\n<\/ol>\n<p>&nbsp;<\/p>\n<p><strong>daltoolbox<\/strong>:<\/p>\n<ol>\n<li>Documenta\u00e7\u00e3o: <a href=\"https:\/\/cefet-rj-dal.github.io\/daltoolbox\/\">https:\/\/cefet-rj-dal.github.io\/daltoolbox\/<\/a><\/li>\n<li><a href=\"https:\/\/github.com\/eogasawara\/jornada\/blob\/main\/d1-daltoolbox.pdf\">Introdu\u00e7\u00e3o ao daltoolbox<\/a> (<a href=\"https:\/\/github.com\/cefet-rj-dal\/daltoolbox\/tree\/main\/examples\">c\u00f3digos de exemplo<\/a>) (<a href=\"https:\/\/youtu.be\/Kii-gkqTtH0?si=r0VgGCj23AB8Ue-7\">v\u00eddeo<\/a>)<\/li>\n<li><a href=\"https:\/\/github.com\/eogasawara\/jornada\/blob\/main\/d2-data-preprocessing.pdf\">Pr\u00e9-processamento com o daltoolbox<\/a> (<a href=\"https:\/\/github.com\/cefet-rj-dal\/daltoolbox\/tree\/main\/examples\/transf\">c\u00f3digos de exemplo<\/a>) (<a href=\"https:\/\/youtu.be\/MLJ9EkSYEjQ?si=Kw1yATJZo1vYJuyY\">v\u00eddeo<\/a>)<\/li>\n<\/ol>\n<p>&nbsp;<\/p>\n<div class=\"csl-bib-body\">\n<p><strong>Bibliografia <\/strong><strong>B\u00e1sica<\/strong><\/p>\n<ol>\n<li>HAN, Jiawei; KAMBER, Micheline; PEI, Jian. Data mining: concepts and techniques. 4. ed. Cambridge, MA: Morgan Kaufmann, 2022.<\/li>\n<li>JAMES, Gareth; WITTEN, Daniela; HASTIE, Trevor; TIBSHIRANI, Robert. An introduction to statistical learning: with applications in R. 2. ed. New York: Springer, 2021.<\/li>\n<li>Escovedo, T.; Koshiyama, A. Introdu\u00e7\u00e3o a Data Science: Algoritmos de Machine Learning e m\u00e9todos de an\u00e1lise. Casa do C\u00f3digo, 2020.<\/li>\n<\/ol>\n<p><strong>Bibliografia\u00a0Complementar<\/strong><\/p>\n<ol>\n<li>BISHOP, C. M.; Bishop, H. Deep Learning: Foundations and Concepts. Springer Nature, 2023.<\/li>\n<li>BRAMER, M. Principles of Data Mining. Springer London, 2020.<\/li>\n<li>GARCIA, S.; LUENGO, J.; HERRERA, F. Data Preprocessing in Data Mining. Springer, 2014.<\/li>\n<li>GOLDSCHMIDT, R.; PASSOS, E.; BEZERRA, E. Data Mining. Elsevier Brasil, 2015.<\/li>\n<\/ol>\n<div class=\"csl-entry\"><\/div>\n<\/div>\n","protected":false},"excerpt":{"rendered":"<p>O minicurso Minera\u00e7\u00e3o de Dados, integrante da Jornada de Ci\u00eancia de Dados, apresenta t\u00e9cnicas voltadas \u00e0 extra\u00e7\u00e3o de conhecimento a partir de grandes volumes de dados. O conte\u00fado abrange uma vis\u00e3o geral da \u00e1rea, an\u00e1lise explorat\u00f3ria de dados, etapas de pr\u00e9-processamento e m\u00e9todos de regress\u00e3o. Trata-se de um curso de curta dura\u00e7\u00e3o, oferecido regularmente uma [&hellip;]<\/p>\n","protected":false},"author":1,"featured_media":0,"parent":0,"menu_order":0,"comment_status":"closed","ping_status":"open","template":"","meta":{"_monsterinsights_skip_tracking":false,"_monsterinsights_sitenote_active":false,"_monsterinsights_sitenote_note":"","_monsterinsights_sitenote_category":0,"footnotes":""},"class_list":["post-1599","page","type-page","status-publish","hentry","entry"],"_links":{"self":[{"href":"https:\/\/eic.cefet-rj.br\/~eogasawara\/wp-json\/wp\/v2\/pages\/1599","targetHints":{"allow":["GET"]}}],"collection":[{"href":"https:\/\/eic.cefet-rj.br\/~eogasawara\/wp-json\/wp\/v2\/pages"}],"about":[{"href":"https:\/\/eic.cefet-rj.br\/~eogasawara\/wp-json\/wp\/v2\/types\/page"}],"author":[{"embeddable":true,"href":"https:\/\/eic.cefet-rj.br\/~eogasawara\/wp-json\/wp\/v2\/users\/1"}],"replies":[{"embeddable":true,"href":"https:\/\/eic.cefet-rj.br\/~eogasawara\/wp-json\/wp\/v2\/comments?post=1599"}],"version-history":[{"count":44,"href":"https:\/\/eic.cefet-rj.br\/~eogasawara\/wp-json\/wp\/v2\/pages\/1599\/revisions"}],"predecessor-version":[{"id":2670,"href":"https:\/\/eic.cefet-rj.br\/~eogasawara\/wp-json\/wp\/v2\/pages\/1599\/revisions\/2670"}],"wp:attachment":[{"href":"https:\/\/eic.cefet-rj.br\/~eogasawara\/wp-json\/wp\/v2\/media?parent=1599"}],"curies":[{"name":"wp","href":"https:\/\/api.w.org\/{rel}","templated":true}]}}