{"id":1559,"date":"2023-06-07T03:48:25","date_gmt":"2023-06-07T06:48:25","guid":{"rendered":"https:\/\/eic.cefet-rj.br\/~eogasawara\/?p=1559"},"modified":"2026-01-20T13:30:16","modified_gmt":"2026-01-20T16:30:16","slug":"tutorial-r","status":"publish","type":"page","link":"https:\/\/eic.cefet-rj.br\/~eogasawara\/tutorial-r\/","title":{"rendered":"Tutorial de R"},"content":{"rendered":"<h3 class=\"\" data-start=\"98\" data-end=\"141\"><strong data-start=\"102\" data-end=\"141\">Tutorial Introdut\u00f3rio \u00e0 Linguagem R<\/strong><\/h3>\n<p class=\"\" data-start=\"143\" data-end=\"472\">Este tutorial em v\u00eddeo oferece uma introdu\u00e7\u00e3o pr\u00e1tica e progressiva \u00e0 linguagem R, amplamente utilizada na an\u00e1lise de dados, estat\u00edstica e ci\u00eancia de dados. A sequ\u00eancia de v\u00eddeos abrange desde os conceitos b\u00e1sicos at\u00e9 t\u00e9cnicas mais avan\u00e7adas de manipula\u00e7\u00e3o de dados, com exemplos claros e c\u00f3digo dispon\u00edvel para acompanhamento.<\/p>\n<p data-start=\"143\" data-end=\"472\">\n<hr \/>\n<p>&nbsp;<\/p>\n<p><strong>Slides<\/strong><\/p>\n<p><a href=\"https:\/\/github.com\/eogasawara\/tutorial-r\/blob\/main\/01-Introducao.pdf\">1 &#8211; Introducao ao R<\/a><br \/>\nCodigo: <a href=\"https:\/\/github.com\/eogasawara\/tutorial-r\/blob\/main\/examples\/01-Introducao.Rmd\">https:\/\/github.com\/eogasawara\/tutorial-r\/blob\/main\/examples\/01-Introducao.md<\/a><\/p>\n<p><a href=\"https:\/\/github.com\/eogasawara\/tutorial-r\/blob\/main\/02-Pacotes-Ajuda.pdf\">2 &#8211; Pacotes e Ajuda<\/a><br \/>\nCodigo: <a href=\"https:\/\/github.com\/eogasawara\/tutorial-r\/blob\/main\/examples\/02-Pacotes-Ajuda.Rmd\">https:\/\/github.com\/eogasawara\/tutorial-r\/blob\/main\/examples\/02-Pacotes-Ajuda.md<\/a><\/p>\n<p><a href=\"https:\/\/github.com\/eogasawara\/tutorial-r\/blob\/main\/03-Objetos.pdf\">3 &#8211; Objetos<\/a><br \/>\nCodigo: <a href=\"https:\/\/github.com\/eogasawara\/tutorial-r\/blob\/main\/examples\/03-Objetos.Rmd\">https:\/\/github.com\/eogasawara\/tutorial-r\/blob\/main\/examples\/03-Objetos.md<\/a><\/p>\n<p><a href=\"https:\/\/github.com\/eogasawara\/tutorial-r\/blob\/main\/04-Notacao.pdf\">4 &#8211; Notacao<\/a><br \/>\nCodigo: <a href=\"https:\/\/github.com\/eogasawara\/tutorial-r\/blob\/main\/examples\/04-Notacao.Rmd\">https:\/\/github.com\/eogasawara\/tutorial-r\/blob\/main\/examples\/04-Notacao.md<\/a><\/p>\n<p><a href=\"https:\/\/github.com\/eogasawara\/tutorial-r\/blob\/main\/05-Modificacao-Valores.pdf\">5 &#8211; Modificacao de valores<\/a><br \/>\nCodigo: <a href=\"https:\/\/github.com\/eogasawara\/tutorial-r\/blob\/main\/examples\/05-Modificacao-Valores.Rmd\">https:\/\/github.com\/eogasawara\/tutorial-r\/blob\/main\/examples\/05-Modificacao-Valores.md<\/a><\/p>\n<p><a href=\"https:\/\/github.com\/eogasawara\/tutorial-r\/blob\/main\/06-Estrutura-Repeticao.pdf\">6 &#8211; Estrutura de Repeticao<\/a><br \/>\nCodigo: <a href=\"https:\/\/github.com\/eogasawara\/tutorial-r\/blob\/main\/examples\/06-Estrutura-Repeticao.Rmd\">https:\/\/github.com\/eogasawara\/tutorial-r\/blob\/main\/examples\/06-Estrutura-Repeticao.md<\/a><\/p>\n<p><a href=\"https:\/\/github.com\/eogasawara\/tutorial-r\/blob\/main\/07-Fatores.pdf\">7 &#8211; Fatores<\/a><br \/>\nCodigo: <a href=\"https:\/\/github.com\/eogasawara\/tutorial-r\/blob\/main\/examples\/07-Fatores.Rmd\">https:\/\/github.com\/eogasawara\/tutorial-r\/blob\/main\/examples\/07-Fatores.md<\/a><\/p>\n<p><a href=\"https:\/\/github.com\/eogasawara\/tutorial-r\/blob\/main\/08-Listas.pdf\">8 &#8211; Listas<\/a><br \/>\nCodigo: <a href=\"https:\/\/github.com\/eogasawara\/tutorial-r\/blob\/main\/examples\/08-Listas.Rmd\">https:\/\/github.com\/eogasawara\/tutorial-r\/blob\/main\/examples\/08-Listas.md<\/a><\/p>\n<p><a href=\"https:\/\/github.com\/eogasawara\/tutorial-r\/blob\/main\/09-Data-Frames.pdf\">9 &#8211; Data frame<\/a><br \/>\nCodigo: <a href=\"https:\/\/github.com\/eogasawara\/tutorial-r\/blob\/main\/examples\/09-Data-Frames.Rmd\">https:\/\/github.com\/eogasawara\/tutorial-r\/blob\/main\/examples\/09-Data-Frames.md<\/a><\/p>\n<p><a href=\"https:\/\/github.com\/eogasawara\/tutorial-r\/blob\/main\/10-Apply.pdf\">10 &#8211; Apply<\/a><br \/>\nCodigo: <a href=\"https:\/\/github.com\/eogasawara\/tutorial-r\/blob\/main\/examples\/10-Apply.Rmd\">https:\/\/github.com\/eogasawara\/tutorial-r\/blob\/main\/examples\/10-Apply.md<\/a><\/p>\n<p><a href=\"https:\/\/github.com\/eogasawara\/tutorial-r\/blob\/main\/11-Ordenacao.pdf\">11 &#8211; Ordenacao<\/a><br \/>\nCodigo: <a href=\"https:\/\/github.com\/eogasawara\/tutorial-r\/blob\/main\/examples\/11-Ordenacao.Rmd\">https:\/\/github.com\/eogasawara\/tutorial-r\/blob\/main\/examples\/11-Ordenacao.md<\/a><\/p>\n<p><a href=\"https:\/\/github.com\/eogasawara\/tutorial-r\/blob\/main\/12-Manipulacao-Dados.pdf\">12 &#8211; Manipulacao de dados<\/a><br \/>\nCodigo: <a href=\"https:\/\/github.com\/eogasawara\/tutorial-r\/blob\/main\/examples\/12-Manipulacao-Dados.Rmd\">https:\/\/github.com\/eogasawara\/tutorial-r\/blob\/main\/examples\/12-Manipulacao-Dados.md<\/a><\/p>\n<p><a href=\"https:\/\/github.com\/eogasawara\/tutorial-r\/blob\/main\/13-S3-Classes.pdf\">13 &#8211; Classes S3<\/a><br \/>\nCodigo: <a href=\"https:\/\/github.com\/eogasawara\/tutorial-r\/blob\/main\/examples\/13-S3-Classes.Rmd\">https:\/\/github.com\/eogasawara\/tutorial-r\/blob\/main\/examples\/13-S3-Classes.md<\/a><\/p>\n<p>&nbsp;<\/p>\n<hr \/>\n<p>&nbsp;<\/p>\n<p><strong>Playlist<\/strong><\/p>\n<p class=\"responsive-video-wrap clr\"><iframe loading=\"lazy\" title=\"\ud83d\udcc8 Programa\u00e7\u00e3o em R para An\u00e1lise de Dados\" width=\"1200\" height=\"675\" src=\"https:\/\/www.youtube.com\/embed\/videoseries?list=PLTy3TWJeueGyLQV3jTKrUy_OSkjB2zNnh\" frameborder=\"0\" allow=\"accelerometer; autoplay; clipboard-write; encrypted-media; gyroscope; picture-in-picture; web-share\" referrerpolicy=\"strict-origin-when-cross-origin\" allowfullscreen><\/iframe><\/p>\n<p>&nbsp;<\/p>\n<hr \/>\n<p>&nbsp;<\/p>\n<p><strong>Bibliografia<\/strong><\/p>\n<div class=\"csl-bib-body\">\n<div class=\"csl-entry\">\n<div class=\"csl-left-margin\">[1] W. Chang, <i>R Graphics Cookbook: Practical Recipes for Visualizing Data<\/i>. O\u2019Reilly Media, Inc., 2018.<\/div>\n<\/div>\n<div class=\"csl-entry\">\n<div class=\"csl-left-margin\">[2]\u00a0H. Wickham and J. Bryan, <i>R Packages: Organize, Test, Document, and Share Your Code<\/i>. O\u2019Reilly Media, Inc., 2023.<\/div>\n<\/div>\n<div class=\"csl-entry\">\n<div class=\"csl-left-margin\">[3]\u00a0H. Wickham and G. Grolemund, <i>R for Data Science: Import, Tidy, Transform, Visualize, and Model Data<\/i>. O\u2019Reilly Media, Inc., 2016.<\/div>\n<\/div>\n<div class=\"csl-entry\">\n<div class=\"csl-left-margin\">[4]\u00a0G. Grolemund, <i>Hands-On Programming with R<\/i>. O\u2019Reilly Media, Inc., 2014.<\/div>\n<\/div>\n<\/div>\n<p>&nbsp;<\/p>\n<p>&nbsp;<\/p>\n","protected":false},"excerpt":{"rendered":"<p>Tutorial Introdut\u00f3rio \u00e0 Linguagem R Este tutorial em v\u00eddeo oferece uma introdu\u00e7\u00e3o pr\u00e1tica e progressiva \u00e0 linguagem R, amplamente utilizada na an\u00e1lise de dados, estat\u00edstica e ci\u00eancia de dados. A sequ\u00eancia de v\u00eddeos abrange desde os conceitos b\u00e1sicos at\u00e9 t\u00e9cnicas mais avan\u00e7adas de manipula\u00e7\u00e3o de dados, com exemplos claros e c\u00f3digo dispon\u00edvel para acompanhamento. &nbsp; [&hellip;]<\/p>\n","protected":false},"author":1,"featured_media":0,"parent":0,"menu_order":0,"comment_status":"closed","ping_status":"open","template":"","meta":{"_monsterinsights_skip_tracking":false,"_monsterinsights_sitenote_active":false,"_monsterinsights_sitenote_note":"","_monsterinsights_sitenote_category":0,"footnotes":""},"class_list":["post-1559","page","type-page","status-publish","hentry","entry"],"_links":{"self":[{"href":"https:\/\/eic.cefet-rj.br\/~eogasawara\/wp-json\/wp\/v2\/pages\/1559","targetHints":{"allow":["GET"]}}],"collection":[{"href":"https:\/\/eic.cefet-rj.br\/~eogasawara\/wp-json\/wp\/v2\/pages"}],"about":[{"href":"https:\/\/eic.cefet-rj.br\/~eogasawara\/wp-json\/wp\/v2\/types\/page"}],"author":[{"embeddable":true,"href":"https:\/\/eic.cefet-rj.br\/~eogasawara\/wp-json\/wp\/v2\/users\/1"}],"replies":[{"embeddable":true,"href":"https:\/\/eic.cefet-rj.br\/~eogasawara\/wp-json\/wp\/v2\/comments?post=1559"}],"version-history":[{"count":20,"href":"https:\/\/eic.cefet-rj.br\/~eogasawara\/wp-json\/wp\/v2\/pages\/1559\/revisions"}],"predecessor-version":[{"id":2629,"href":"https:\/\/eic.cefet-rj.br\/~eogasawara\/wp-json\/wp\/v2\/pages\/1559\/revisions\/2629"}],"wp:attachment":[{"href":"https:\/\/eic.cefet-rj.br\/~eogasawara\/wp-json\/wp\/v2\/media?parent=1559"}],"curies":[{"name":"wp","href":"https:\/\/api.w.org\/{rel}","templated":true}]}}