{"id":78,"date":"2017-07-27T17:18:39","date_gmt":"2017-07-27T17:18:39","guid":{"rendered":"http:\/\/eic.cefet-rj.br\/~ebezerra\/?page_id=78"},"modified":"2024-10-04T10:55:02","modified_gmt":"2024-10-04T10:55:02","slug":"inferencia-estatistica","status":"publish","type":"page","link":"https:\/\/eic.cefet-rj.br\/~ebezerra\/inferencia-estatistica\/","title":{"rendered":"GCC1625 &#8211; Infer\u00eancia Estat\u00edstica (2018.1)"},"content":{"rendered":"<p style=\"text-align: center;\"><a href=\"http:\/\/eic.cefet-rj.br\/~ebezerra\/wp-content\/uploads\/2017\/07\/causation.jpg\"><img loading=\"lazy\" decoding=\"async\" class=\"alignnone wp-image-82\" src=\"http:\/\/eic.cefet-rj.br\/~ebezerra\/wp-content\/uploads\/2017\/07\/causation-300x232.jpg\" alt=\"causation\" width=\"434\" height=\"336\" srcset=\"https:\/\/eic.cefet-rj.br\/~ebezerra\/wp-content\/uploads\/2017\/07\/causation-300x232.jpg 300w, https:\/\/eic.cefet-rj.br\/~ebezerra\/wp-content\/uploads\/2017\/07\/causation.jpg 420w\" sizes=\"auto, (max-width: 434px) 100vw, 434px\" \/><\/a><\/p>\n<hr \/>\n<h3>Cursos<\/h3>\n<ul>\n<li><a href=\"http:\/\/eic.cefet-rj.br\/portal\/index.php\/ciencia-da-computacao\/\">Bacharelado\u00a0em Ci\u00eancia da Computa\u00e7\u00e3o<\/a><\/li>\n<li><a href=\"http:\/\/eic.cefet-rj.br\/portal\/index.php\/sistemas-para-internet\/\">Tecnologia em Sistemas para Internet<\/a><\/li>\n<\/ul>\n<hr \/>\n<h3>Localiza\u00e7\u00e3o \/ Hor\u00e1rio<\/h3>\n<ul>\n<li>Pavilh\u00e3o de Inform\u00e1tica, primeiro andar, Lab. 02<\/li>\n<li>Dia\/hor\u00e1rio: sextas-feiras, das 14:30h \u00e0s 16:25h<\/li>\n<\/ul>\n<hr \/>\n<h3>Objetivos<\/h3>\n<p>Esta disciplina apresenta conceitos relacionados \u00e0 tarefa de realizar infer\u00eancias sobre caracter\u00edsticas de uma popula\u00e7\u00e3o no contexto em que n\u00e3o \u00e9 poss\u00edvel analisar todos os elementos dessa popula\u00e7\u00e3o, mas apenas uma amostra. S\u00e3o apresentados\u00a0modelos matem\u00e1ticos e estat\u00edsticos usados na compreens\u00e3o dos fen\u00f4menos que ocorrem na natureza. \u00c9 tamb\u00e9m nosso prop\u00f3sito capacitar o discente\u00a0a trabalhar com modelos abstratos e compreender os avan\u00e7os tecnol\u00f3gicos obtidos por meio\u00a0\u00a0da utiliza\u00e7\u00e3o\/formula\u00e7\u00e3o de modelos estat\u00edsticos.<\/p>\n<hr \/>\n<h3>Ementa<\/h3>\n<p>Distribui\u00e7\u00f5es amostrais. Teorema do Limite Central. Intervalos de confian\u00e7a. Infer\u00eancias baseadas em amostra \u00fanica. Infer\u00eancias baseadas em duas amostras. An\u00e1lise de vari\u00e2ncia (ANOVA), Qui-quadrado. M\u00e1xima verossimilhan\u00e7a. EM. Bootstrap e reamostragem.<\/p>\n<p>Veja tamb\u00e9m o <a href=\"http:\/\/eic.cefet-rj.br\/portal\/wp-content\/uploads\/2014\/11\/INFER%C3%8ANCIA-ESTAT%C3%8DSTICA-GCC1625.pdf\" target=\"_blank\" rel=\"noopener\">plano de ensino<\/a> da disciplina.<\/p>\n<hr \/>\n<h3>Moodle<\/h3>\n<p>Todos os alunos regularmente inscritos ser\u00e3o adicionados \u00e0 disciplina hom\u00f4nima no <a href=\"http:\/\/eic.cefet-rj.br\/moodle\/\">Moodle<\/a>, para que possam receber avisos importantes (dia\/hor\u00e1rio das provas, d\u00favidas gerais, etc).<\/p>\n<hr size=\"4\" width=\"100%\" \/>\n<h3><\/h3>\n<h3>Livro Texto<\/h3>\n<p><img loading=\"lazy\" decoding=\"async\" class=\"alignleft\" src=\"http:\/\/eic.cefet-rj.br\/~ebezerra\/wp-content\/uploads\/2017\/07\/bussab-moretin.jpg\" width=\"143\" height=\"186\" \/><\/p>\n<p>&nbsp;<\/p>\n<p>&nbsp;<\/p>\n<p>BUSSAB, W. O.; MORETTIN, P. A.: Estat\u00edstica B\u00e1sica, 8\u00aa edi\u00e7\u00e3o, S\u00e3o Paulo: Saraiva, 2013.<\/p>\n<p>&nbsp;<\/p>\n<p>&nbsp;<\/p>\n<p>&nbsp;<\/p>\n<hr \/>\n<h3>Aulas<\/h3>\n<p>Veja tamb\u00e9m o <a href=\"http:\/\/www.cefet-rj.br\/attachments\/article\/199\/Cal_2018_GRAD_Mar%20-%20VF.pdf\">calend\u00e1rio acad\u00eamico das gradua\u00e7\u00f5es<\/a> do CEFET\/RJ.<\/p>\n<table style=\"border: 1px solid #cccccc;\">\n<tbody>\n<tr>\n<td style=\"border: 1px solid #cccccc;\"><b>Aula<\/b><\/td>\n<td style=\"border: 1px solid #cccccc;\"><b>Data<\/b><\/td>\n<td style=\"border: 1px solid #cccccc;\"><b>Conte\u00fado<\/b><\/td>\n<td style=\"border: 1px solid #cccccc;\"><b>Arquivos<\/b><\/td>\n<\/tr>\n<tr>\n<td style=\"border: 1px solid #cccccc; text-align: center;\">1<\/td>\n<td style=\"border: 1px solid #cccccc; text-align: center;\">04\/ago<\/td>\n<td style=\"border: 1px solid #cccccc;\">Log\u00edstica do curso, plano de aulas. Revis\u00e3o: Teoria das Probabilidades.<\/td>\n<td style=\"border: 1px solid #cccccc; text-align: left;\">\u00a0<a href=\"http:\/\/eic.cefet-rj.br\/~ebezerra\/wp-content\/uploads\/2017\/07\/IE00-Apresenta\u00e7\u00e3o-da-Disciplina.pptx\">IE_00<\/a>, <a href=\"http:\/\/eic.cefet-rj.br\/~ebezerra\/wp-content\/uploads\/2017\/07\/Teoria-das-Probabilidades.pdf\">IE_01a<\/a><\/td>\n<\/tr>\n<tr>\n<td style=\"border: 1px solid #cccccc; text-align: center;\">2<\/td>\n<td style=\"border: 1px solid #cccccc; text-align: center;\">\u00a002\/mar<\/td>\n<td style=\"border: 1px solid #cccccc;\">Revis\u00e3o: Teoria das Probabilidades (cont.)<\/td>\n<td style=\"border: 1px solid #cccccc; text-align: left;\">\u00a0<a href=\"http:\/\/eic.cefet-rj.br\/~ebezerra\/wp-content\/uploads\/2017\/07\/Vari\u00e1veis-aleat\u00f3rias-e-distribui\u00e7\u00f5es-de-probabilidades.pdf\">IE_01b<\/a><\/td>\n<\/tr>\n<tr>\n<td style=\"border: 1px solid #cccccc; text-align: center;\">3<\/td>\n<td style=\"border: 1px solid #cccccc; text-align: center;\">\u00a009\/mar<\/td>\n<td style=\"border: 1px solid #cccccc;\">N\u00e3o houve aula (V Workshop de Ci\u00eancia de Dados &#8211; Petr\u00f3polis\/LNCC)<\/td>\n<td style=\"border: 1px solid #cccccc; text-align: center;\">&#8212;<\/td>\n<\/tr>\n<tr>\n<td style=\"border: 1px solid #cccccc; text-align: center;\">4<\/td>\n<td style=\"border: 1px solid #cccccc; text-align: center;\">\u00a016\/mar<\/td>\n<td style=\"border: 1px solid #cccccc;\">Revis\u00e3o: Distribui\u00e7\u00e3o Normal<\/td>\n<td style=\"border: 1px solid #cccccc;\"><a href=\"http:\/\/eic.cefet-rj.br\/~ebezerra\/wp-content\/uploads\/2017\/07\/IE01c-Distribui\u00e7\u00e3o-Normal.pdf\">IE_01c<\/a>, <a href=\"http:\/\/eic.cefet-rj.br\/~ebezerra\/wp-content\/uploads\/2017\/07\/IE01d-Gaussianas-Bivariadas.pptx\">IE_01d<\/a><br \/>\n<a href=\"https:\/\/www.dropbox.com\/s\/k5w5vvgb3mhea09\/Tutorial%2BR.html?dl=0\">Tutorial R<\/a><br \/>\n<a href=\"http:\/\/eic.cefet-rj.br\/~ebezerra\/wp-content\/uploads\/2017\/07\/united_summer2015.csv\">Dataset: Atrasos A\u00e9reos<\/a><br \/>\n<a href=\"https:\/\/www.r-bloggers.com\/normal-distribution-functions\/\">Fun\u00e7\u00f5es do R para a Distribui\u00e7\u00e3o Normal<\/a><\/td>\n<\/tr>\n<tr>\n<td style=\"border: 1px solid #cccccc; text-align: center;\">5<\/td>\n<td style=\"border: 1px solid #cccccc; text-align: center;\">\u00a023\/mar<\/td>\n<td style=\"border: 1px solid #cccccc;\">Vis\u00e3o Geral da Infer\u00eancia Estat\u00edstica, Teorema do Limite Central, Law of Large Numbers<\/td>\n<td style=\"border: 1px solid #cccccc;\"><a href=\"http:\/\/eic.cefet-rj.br\/~ebezerra\/wp-content\/uploads\/2017\/07\/IE03a-Conceitos-B\u00e1sicos-da-Infer\u00eancia-Estat\u00edstica.pdf\">Vis\u00e3o Geral da Infer\u00eancia Estat\u00edstica<\/a><br \/>\n<a href=\"http:\/\/eic.cefet-rj.br\/~ebezerra\/wp-content\/uploads\/2017\/07\/IE03b-TLC.pdf\">CLT<\/a><br \/>\n<a href=\"http:\/\/eic.cefet-rj.br\/~ebezerra\/wp-content\/uploads\/2017\/07\/IE04b-LeiGrandesNumeros.pptx\">LLN<\/a><\/td>\n<\/tr>\n<tr>\n<td style=\"border: 1px solid #cccccc; text-align: center;\">6<\/td>\n<td style=\"border: 1px solid #cccccc; text-align: center;\">\u00a006\/abr<\/td>\n<td style=\"border: 1px solid #cccccc;\">Distribui\u00e7\u00f5es amostrais: conceitos iniciais<\/td>\n<td style=\"border: 1px solid #cccccc;\"><a href=\"http:\/\/eic.cefet-rj.br\/~ebezerra\/wp-content\/uploads\/2017\/07\/IE04a-Distribuicoes-amostrais.pdf\">Distribui\u00e7\u00f5es amostrais<\/a><br \/>\n<a href=\"http:\/\/eic.cefet-rj.br\/~ebezerra\/wp-content\/uploads\/2017\/07\/DEMO-DistribuicoesAmostrais.txt\">DEMO<\/a><\/td>\n<\/tr>\n<tr>\n<td style=\"border: 1px solid #cccccc; text-align: center;\">7<\/td>\n<td style=\"border: 1px solid #cccccc; text-align: center;\">\u00a013\/abr<\/td>\n<td style=\"border: 1px solid #cccccc;\">Distribui\u00e7\u00f5es Amostrais: tamanho da amostra<br \/>\nIntervalos de Confian\u00e7a: defini\u00e7\u00f5es iniciais<\/td>\n<td style=\"border: 1px solid #cccccc;\"><a href=\"http:\/\/eic.cefet-rj.br\/~ebezerra\/wp-content\/uploads\/2017\/07\/IE04b-Tamanho-da-Amostra.pdf\">Distribui\u00e7\u00f5es Amostrais: tamanho da amostra<\/a><br \/>\n<a href=\"http:\/\/eic.cefet-rj.br\/~ebezerra\/wp-content\/uploads\/2017\/07\/IE05a-Intervalos-de-Confian\u00e7a-Def.-Iniciais.pdf\">Intervalos de Confian\u00e7a: defini\u00e7\u00f5es iniciais<\/a><br \/>\n<a href=\"https:\/\/www4.stat.ncsu.edu\/~bmasmith\/NEWST370WEB\/rlab\/lab7.html\">DEMO<\/a><\/td>\n<\/tr>\n<tr>\n<td style=\"border: 1px solid #cccccc; text-align: center;\">8<\/td>\n<td style=\"border: 1px solid #cccccc; text-align: center;\">\u00a020\/abr<\/td>\n<td style=\"border: 1px solid #cccccc;\">Intervalos de Confian\u00e7a: amostras grandes<\/td>\n<td style=\"border: 1px solid #cccccc;\"><a href=\"http:\/\/eic.cefet-rj.br\/~ebezerra\/wp-content\/uploads\/2017\/07\/IE05b-Intervalos-de-Confianc\u0327a-Amostras-Grandes.pdf\">Intervalos de Confian\u00e7a: amostras grandes<\/a><br \/>\n<a href=\"https:\/\/www4.stat.ncsu.edu\/~bmasmith\/NEWST370WEB\/rlab\/lab7.html\">DEMO<\/a><\/td>\n<\/tr>\n<tr>\n<td style=\"border: 1px solid #cccccc; text-align: center;\">9<\/td>\n<td style=\"border: 1px solid #cccccc; text-align: center;\">\u00a027\/abr<\/td>\n<td style=\"border: 1px solid #cccccc;\">Intervalos de Confian\u00e7a: amostras pequenas<\/td>\n<td style=\"border: 1px solid #cccccc;\"><a href=\"http:\/\/eic.cefet-rj.br\/~ebezerra\/wp-content\/uploads\/2017\/07\/IE05c-Intervalos-de-Confian\u00e7a-Amostras-Pequenas.pdf\">Intervalos de Confian\u00e7a: amostras pequenas<\/a><br \/>\n<a href=\"https:\/\/www4.stat.ncsu.edu\/~bmasmith\/NEWST370WEB\/rlab\/lab7.html\">DEMO<\/a><\/td>\n<\/tr>\n<tr>\n<td style=\"border: 1px solid #cccccc; text-align: center;\">10<\/td>\n<td style=\"border: 1px solid #cccccc; text-align: center;\">\u00a004\/mai<\/td>\n<td style=\"border: 1px solid #cccccc;\">Teste de hip\u00f3teses &#8211; parte I: <a href=\"http:\/\/eic.cefet-rj.br\/~ebezerra\/wp-content\/uploads\/2017\/07\/InfEstat-04-Teste-de-Hip\u00f3teses.pptx\">vari\u00e2ncia conhecida<\/a><\/td>\n<td style=\"border: 1px solid #cccccc;\"><\/td>\n<\/tr>\n<tr>\n<td style=\"border: 1px solid #cccccc; text-align: center;\">11<\/td>\n<td style=\"border: 1px solid #cccccc; text-align: center;\">\u00a011\/mai<\/td>\n<td style=\"border: 1px solid #cccccc;\">Teste de hip\u00f3teses &#8211; parte II: <a href=\"http:\/\/eic.cefet-rj.br\/~ebezerra\/wp-content\/uploads\/2017\/07\/InfEstat-05-Teste-de-Hip\u00f3teses-parte-II.pptx\">vari\u00e2ncia desconhecida, duas amostras<\/a><\/td>\n<td style=\"border: 1px solid #cccccc;\"><\/td>\n<\/tr>\n<tr>\n<td style=\"border: 1px solid #cccccc; text-align: center;\">12<\/td>\n<td style=\"border: 1px solid #cccccc; text-align: center;\">\u00a018\/mai<\/td>\n<td style=\"border: 1px solid #cccccc;\">Teste de hip\u00f3teses &#8211; parte III: Testes <a href=\"http:\/\/eic.cefet-rj.br\/~ebezerra\/wp-content\/uploads\/2017\/07\/IE06c-Testes-de-Hip\u00f3teses-parte-III-ANOVA.pptx\"> ANOVA<\/a> e <a href=\"http:\/\/eic.cefet-rj.br\/~ebezerra\/wp-content\/uploads\/2017\/07\/IE06d-Testes-de-Hip\u00f3teses-parte-III-chi-square-1.pptx\">Qui-quadrado<\/a><\/td>\n<td style=\"border: 1px solid #cccccc;\"><\/td>\n<\/tr>\n<tr>\n<td style=\"border: 1px solid #cccccc; text-align: center;\">13<\/td>\n<td style=\"border: 1px solid #cccccc; text-align: center;\">08\/jun<\/td>\n<td style=\"border: 1px solid #cccccc;\">Correla\u00e7\u00e3o e regress\u00e3o (<a href=\"http:\/\/eic.cefet-rj.br\/~ebezerra\/wp-content\/uploads\/2017\/07\/IE007a-Correla\u00e7\u00e3o-e-Regress\u00e3o.pptx\">IE_07a<\/a>)<\/td>\n<td style=\"border: 1px solid #cccccc;\"><\/td>\n<\/tr>\n<p><!--\n\n\n<tr>\n\n\n<td style=\"border: 1px solid #cccccc; text-align: center;\">13<\/td>\n\n\n\n\n<td style=\"border: 1px solid #cccccc; text-align: center;\">\u00a024\/nov<\/td>\n\n\n\n\n<td style=\"border: 1px solid #cccccc;\"><a href=\"http:\/\/eic.cefet-rj.br\/~ebezerra\/wp-content\/uploads\/2017\/07\/InfEstat-07-Me\u0301todo-Bootstrap.pptx\">Bootstrap e reamostragem<\/a><\/td>\n\n\n\n\n<td style=\"border: 1px solid #cccccc;\"><\/td>\n\n\n<\/tr>\n\n\n--><\/tbody>\n<\/table>\n<hr size=\"4\" width=\"100%\" \/>\n<h3>V\u00eddeos TED Relevantes<\/h3>\n<ul>\n<li>TED Talk <a href=\"https:\/\/www.ted.com\/talks\/mona_chalabi_3_ways_to_spot_a_bad_statistic\">3 ways to spot a bad statistic<\/a> de Mona Chalabi.<\/li>\n<li>TED Talk <a href=\"https:\/\/www.ted.com\/talks\/hans_rosling_shows_the_best_stats_you_ve_ever_seen\">The best stats you&#8217;ve ever seen<\/a> do Sebastian Seung.<\/li>\n<li>TED Talk <a href=\"https:\/\/www.ted.com\/talks\/alan_smith_why_we_re_so_bad_at_statistics\">Why you should love statistics<\/a> do Alan Smith.<\/li>\n<li>TED Talk <a href=\"https:\/\/www.ted.com\/talks\/anne_milgram_why_smart_statistics_are_the_key_to_fighting_crime\">Why smart statistics are the key to fighting crime<\/a> da Anne Milgram.<\/li>\n<\/ul>\n<hr size=\"4\" width=\"100%\" \/>\n<h3>Listas de Exerc\u00edcios<\/h3>\n<p>Cada lista de exerc\u00edcios deve ser realizada individualmente e de pr\u00f3prio punho. Fiquem atentos aos prazos de entrega definidos.<\/p>\n<ul>\n<li><a href=\"http:\/\/eic.cefet-rj.br\/~ebezerra\/wp-content\/uploads\/2017\/07\/CEFET-InfEstat-ListaExercicios01.pdf\">Primeira Lista de Exerc\u00edcios<\/a> &#8211; <span style=\"color: #ff0000; font-size: xx-small;\">Entrega: 25\/mar\u00e7o\/2018<\/span><\/li>\n<li><del><a href=\"listas\/lista2.pdf\">Segunda Lista de Exerc\u00edcios<\/a> &#8211; <span style=\"color: #ff0000; font-size: xx-small;\">Entrega\u00a0a definir<\/span><\/del><\/li>\n<li><del><a href=\"listas\/lista3.pdf\">Terceira Lista de Exerc\u00edcios<\/a> &#8211; <span style=\"color: #ff0000; font-size: xx-small;\">Entrega\u00a0a definir<\/span><\/del><\/li>\n<\/ul>\n<hr size=\"4\" width=\"100%\" \/>\n<h3>Trabalhos Pr\u00e1ticos<\/h3>\n<ul>\n<li><a href=\"http:\/\/eic.cefet-rj.br\/~ebezerra\/wp-content\/uploads\/2017\/07\/infestat-trabalho01.pdf\">Trabalho 1<\/a> &#8211; <span style=\"color: #ff0000;\">Entrega: 12\/abril<\/span>.<\/li>\n<li><a href=\"http:\/\/eic.cefet-rj.br\/~ebezerra\/wp-content\/uploads\/2017\/07\/infestat-trabalho02.pdf\">Trabalho 2<\/a> &#8211; <span style=\"color: #ff0000;\">Entrega: 06\/maio<\/span>.<\/li>\n<li><a href=\"http:\/\/eic.cefet-rj.br\/~ebezerra\/wp-content\/uploads\/2017\/07\/infestat-trabalho03.pdf\">Trabalho 3<\/a>\u00a0&#8211; <span style=\"color: #ff0000;\">Entrega: 03\/junho<\/span>. <a href=\"http:\/\/eic.cefet-rj.br\/~ebezerra\/wp-content\/uploads\/2017\/07\/infestat-T3-P4.xlsx\">Dados para a parte 4<\/a>.<\/li>\n<li><a href=\"http:\/\/eic.cefet-rj.br\/~ebezerra\/wp-content\/uploads\/2017\/07\/infestat-trabalho04.pdf\">Trabalho 4<\/a> &#8211; <span style=\"color: #ff0000;\">Entrega: 21\/junho<\/span>. <a href=\"http:\/\/eic.cefet-rj.br\/~ebezerra\/wp-content\/uploads\/2017\/07\/ex1data1.txt\">Dados para a parte 3<\/a>.<\/li>\n<\/ul>\n<hr size=\"4\" width=\"100%\" \/>\n<h3>Recursos Recomendados<\/h3>\n<ul>\n<li><a href=\"https:\/\/cran.r-project.org\/doc\/contrib\/Short-refcard.pdf\">R Reference Card<\/a><\/li>\n<li><a href=\"https:\/\/www.nature.com\/news\/big-names-in-statistics-want-to-shake-up-much-maligned-p-value-1.22375\" target=\"_blank\" rel=\"noopener\">Big names in statistics want to shake up much-maligned P value<\/a><\/li>\n<li><a href=\"http:\/\/stat110.net\">Stat 110 Online<\/a><\/li>\n<li><a href=\"https:\/\/stat110.quora.com\/\">Stat 110 Quora Blog<\/a><\/li>\n<li><a href=\"http:\/\/bit.ly\/probabilityfaq\">Quora Probability FAQ<\/a><\/li>\n<li><a href=\"https:\/\/www.rstudio.com\">R Studio<\/a><\/li>\n<li>Bayesian Statistical Inference: <a href=\"https:\/\/www.youtube.com\/watch?v=1jDBM9UM9xk\">I<\/a> e <a href=\"https:\/\/www.youtube.com\/watch?v=XtNXQJkgkhI\">II<\/a><\/li>\n<li>Classical Statistical Inference: <a href=\"https:\/\/www.youtube.com\/watch?v=4UJc0S8APm4\">I<\/a>, <a href=\"https:\/\/www.youtube.com\/watch?v=tBUHRpFZy0s\">II<\/a>, <a href=\"https:\/\/www.youtube.com\/watch?v=rYefUsYuEp0\">III<\/a><\/li>\n<li>LaTeX File (github.com\/wzchen\/probability cheatsheet)<\/li>\n<\/ul>\n<hr \/>\n<h3>Livros (al\u00e9m dos definidos no programa do curso)<\/h3>\n<ul>\n<li>Brian Caffo; <a href=\"https:\/\/leanpub.com\/LittleInferenceBook\">Statistical inference for data science<\/a><\/li>\n<li>Joseph K. Blitzstein &amp; Jessica Hwang; <a href=\"http:\/\/bit.ly\/introprobability\">Introduction to Probability Book<\/a>, 2014.<\/li>\n<li>e-book: Ani Adhikari &amp; John DeNero,\u00a0<a href=\"https:\/\/www.inferentialthinking.com\/\" target=\"_blank\" rel=\"noopener\">Computational and Inferential Thinking<\/a><\/li>\n<li>Wiki Book: <a href=\"https:\/\/en.wikipedia.org\/wiki\/Book:Statistics_review\">Statistical Inference<\/a>.<\/li>\n<li>Wikipedia: <a href=\"https:\/\/en.wikipedia.org\/wiki\/Statistical_inference\">&#8220;Statistical Inference&#8221;<\/a> (e links relacionados).<\/li>\n<li>Voc\u00ea pode pesquisar livros relevantes no acervo da <a href=\"http:\/\/biblioteca.cefet-rj.br\/\">Biblioteca do CEFET\/RJ<\/a>.<\/li>\n<\/ul>\n<p>Livros de interesse geral sobre Estat\u00edstica<\/p>\n<ul>\n<li>Darrell Huff, <a href=\"http:\/\/eic.cefet-rj.br\/~ebezerra\/wp-content\/uploads\/2017\/07\/How-to-Lie-With-Statistics-1954-Huff.pdf\">How to Lie with Statistics<\/a>,\u00a01954.<\/li>\n<li>\u00a0<a href=\"https:\/\/www.saraiva.com.br\/o-andar-do-bebado-como-o-acaso-determina-nossas-vidas-2658080.html\" target=\"_blank\" rel=\"noopener\">O Andar do B\u00eabado &#8211; Como o Acaso Determina Nossas Vidas<\/a>.<\/li>\n<\/ul>\n<hr \/>\n","protected":false},"excerpt":{"rendered":"<p>Cursos Bacharelado\u00a0em Ci\u00eancia da Computa\u00e7\u00e3o Tecnologia em Sistemas para Internet Localiza\u00e7\u00e3o \/ Hor\u00e1rio Pavilh\u00e3o de Inform\u00e1tica, primeiro andar, Lab. 02 Dia\/hor\u00e1rio: sextas-feiras, das 14:30h \u00e0s 16:25h Objetivos Esta disciplina apresenta conceitos relacionados \u00e0 tarefa de realizar infer\u00eancias sobre caracter\u00edsticas de uma popula\u00e7\u00e3o no contexto em que n\u00e3o \u00e9 poss\u00edvel analisar todos os elementos dessa popula\u00e7\u00e3o, [&hellip;]<\/p>\n","protected":false},"author":1,"featured_media":0,"parent":0,"menu_order":0,"comment_status":"closed","ping_status":"closed","template":"","meta":{"footnotes":""},"class_list":["post-78","page","type-page","status-publish","hentry"],"_links":{"self":[{"href":"https:\/\/eic.cefet-rj.br\/~ebezerra\/wp-json\/wp\/v2\/pages\/78","targetHints":{"allow":["GET"]}}],"collection":[{"href":"https:\/\/eic.cefet-rj.br\/~ebezerra\/wp-json\/wp\/v2\/pages"}],"about":[{"href":"https:\/\/eic.cefet-rj.br\/~ebezerra\/wp-json\/wp\/v2\/types\/page"}],"author":[{"embeddable":true,"href":"https:\/\/eic.cefet-rj.br\/~ebezerra\/wp-json\/wp\/v2\/users\/1"}],"replies":[{"embeddable":true,"href":"https:\/\/eic.cefet-rj.br\/~ebezerra\/wp-json\/wp\/v2\/comments?post=78"}],"version-history":[{"count":162,"href":"https:\/\/eic.cefet-rj.br\/~ebezerra\/wp-json\/wp\/v2\/pages\/78\/revisions"}],"predecessor-version":[{"id":2567,"href":"https:\/\/eic.cefet-rj.br\/~ebezerra\/wp-json\/wp\/v2\/pages\/78\/revisions\/2567"}],"wp:attachment":[{"href":"https:\/\/eic.cefet-rj.br\/~ebezerra\/wp-json\/wp\/v2\/media?parent=78"}],"curies":[{"name":"wp","href":"https:\/\/api.w.org\/{rel}","templated":true}]}}