{"id":578,"date":"2018-02-22T13:41:51","date_gmt":"2018-02-22T13:41:51","guid":{"rendered":"http:\/\/eic.cefet-rj.br\/~ebezerra\/?page_id=578"},"modified":"2025-03-17T17:55:51","modified_gmt":"2025-03-17T17:55:51","slug":"talks","status":"publish","type":"page","link":"https:\/\/eic.cefet-rj.br\/~ebezerra\/talks\/","title":{"rendered":"Talks"},"content":{"rendered":"<p><em><strong><a href=\"https:\/\/eic.cefet-rj.br\/~ebezerra\/jcd-2025-deep-learning\/\">Deep Learning<\/a><\/strong><\/em> (short course, 6 hours). Summer Program, LNCC, February 10-13, 2025.<\/p>\n<p><em><span style=\"text-decoration: underline;\"><strong>RioNowcast: AI for Precipitation Nowcasting<\/strong><\/span><\/em>, <a href=\"https:\/\/instituto.ia.lncc.br\/pt\/eventos\/1o-workshop-do-instituto-de-inteligencia-artificial-do-lncc\">1\u00ba Workshop do Instituto de Intelig\u00eancia Artificial do LNCC<\/a>, LNCC. December, 16th, 2024.<\/p>\n<p><em><span style=\"text-decoration: underline;\"><strong>T\u00e9cnicas de IA para dados espa\u00e7o-temporais<\/strong><\/span><\/em>, <a href=\"https:\/\/www.even3.com.br\/tecnav\/\">Semin\u00e1rio de Tecnologias Disruptivas para o Poder Naval<\/a>. IPqM. November, 26th, 2024.<\/p>\n<p><em><span style=\"text-decoration: underline;\"><strong>Rionowcast: overview and some initial approaches for Precipitation Nowcasting<\/strong><\/span><\/em>, <a href=\"https:\/\/monanadmin.github.io\/workshops_1_AI.html\">1st MONAN Meeting<\/a>. INPE. June 20th, 2024.<\/p>\n<p><em><strong><a href=\"https:\/\/eic.cefet-rj.br\/~ebezerra\/jcd-2024-deep-learning\/\">Deep Learning<\/a><\/strong><\/em> (short course, 6 hours). Summer Program, LNCC. February 19-22, 2024.<\/p>\n<p><strong><a href=\"https:\/\/www.dropbox.com\/scl\/fi\/56airfw7lsmjuzouj6yx7\/2023-UFF-ML4Goes16.zip?rlkey=dyofoqd4w5evk89xouao2gb98&amp;dl=0\"><em>Uso de sat\u00e9lites Meteorol\u00f3gicos como Fontes de Dados para Aprendizado de M\u00e1quina<\/em><\/a><\/strong>, UFF\/IC &#8211; Ciclo de Semin\u00e1rios Online. Oct, 10th, 2023.<\/p>\n<p><a href=\"https:\/\/eic.cefet-rj.br\/~ebezerra\/wp-content\/uploads\/2023\/05\/ENSP.pdf\"><strong><em>Intelig\u00eancia Artificial Generativa: Riscos e Possibilidades<\/em><\/strong><\/a>, ENSP\/Fiocruz. May, 24th, 2023<\/p>\n<p><strong><a href=\"https:\/\/eic.cefet-rj.br\/~ebezerra\/deep-learning-short-course-2022\"><em>Deep Learning<\/em><\/a><\/strong> (short course, 6 hours). Summer Program, LNCC. February 14-18, 2022.<\/p>\n<p><strong><a href=\"https:\/\/eic.cefet-rj.br\/~ebezerra\/wp-content\/uploads\/2021\/08\/AI-Today-SeriesTemporais.pptx\"><em>Predi\u00e7\u00e3o de s\u00e9ries temporais utilizando redes neurais artificiais<\/em><\/a><\/strong> (in Portuguese), <a href=\"https:\/\/www.igti.com.br\/evento\/ai-today\">AI Today<\/a>, IGTI. July 20th, 2021.<\/p>\n<p><strong><a href=\"https:\/\/eic.cefet-rj.br\/~ebezerra\/deep-learning-short-course-2021\/\">Deep Learning<\/a><\/strong> (short course, 6 hours), LNCC. February 1-4, 2021.<\/p>\n<p><strong><a href=\"https:\/\/eic.cefet-rj.br\/~ebezerra\/wp-content\/uploads\/2018\/02\/2020-NeuralModelsWordEmbeddings.pdf\"><em>Neural Models for Word Embeddings<\/em><\/a><\/strong>, CEFET\/RJ. December 1st, 2020.<\/p>\n<p><em><strong>Intelig\u00eancia Artificial: a Nova Fronteira de Ci\u00eancia Brasileira<\/strong><\/em>\u00a0(<a href=\"https:\/\/eic.cefet-rj.br\/~ebezerra\/wp-content\/uploads\/2018\/02\/IFRJ-IA.pptx\">slides<\/a>), Mesa Redonda &#8211;\u00a0IFRJ. October 21st, 2020.<\/p>\n<p><em><strong>Avan\u00e7os Recentes no Processamento de Linguagem Natural com Deep Learning<\/strong><\/em>\u00a0(<a href=\"https:\/\/youtu.be\/UldwPzrZkkY\">video<\/a>, <a href=\"https:\/\/eic.cefet-rj.br\/~ebezerra\/wp-content\/uploads\/2018\/02\/2020-NLPDeepLearning.pptx\">slides<\/a>), CEFET\/RJ. October 8th, 2020.<\/p>\n<p><em><strong>Redes Neurais Profundas: O que s\u00e3o? Como vivem? De que se alimentam?<\/strong><\/em>\u00a0(<a href=\"https:\/\/youtu.be\/etebnvblYLY\">video<\/a>, <a href=\"https:\/\/eic.cefet-rj.br\/~ebezerra\/wp-content\/uploads\/2018\/02\/2020-UFF-IC-RedesNeuraisProfundas.pdf\">slides<\/a>), Instituto de Computa\u00e7\u00e3o &#8211; UFF. June 16th, 2020.<\/p>\n<p><strong><a href=\"http:\/\/eic.cefet-rj.br\/~ebezerra\/lncc-dl-2020\/\"><em>Deep Learning<\/em><\/a><\/strong>\u00a0(short course, 6 hours). LNCC. February 10th-13th, 2020.<\/p>\n<p><strong><a href=\"https:\/\/eic.cefet-rj.br\/~ebezerra\/wp-content\/uploads\/2018\/02\/2019-UFPR-SMNE.pdf\"><em>Overview of Artificial Neural Networks<\/em><\/a><\/strong>, UFPR. December 11th, 2019.<\/p>\n<p><strong><a href=\"https:\/\/eic.cefet-rj.br\/~ebezerra\/wp-content\/uploads\/2018\/02\/2019-NeuralModelsWordEmbeddings.pdf\"><em>Neural Models for Word Embeddings<\/em><\/a><\/strong>, CEFET\/RJ. October 16th, 2019.<\/p>\n<p><em><strong><a href=\"http:\/\/eic.cefet-rj.br\/~ebezerra\/lncc-dl-2019\/\">Deep Learning<\/a><\/strong><\/em> (short course, 6 hours), LNCC. February 18th-21th, 2019.<\/p>\n<p><strong><a href=\"http:\/\/eic.cefet-rj.br\/~ebezerra\/ml-course-valongo\/\"><em>Introduction to Machine Learning<\/em><\/a><\/strong> (short course, 6 hours), Observat\u00f3rio Valongo, November 6th-8th, 2018.<\/p>\n<p><a href=\"http:\/\/eic.cefet-rj.br\/~ebezerra\/wp-content\/uploads\/2018\/02\/2018-NeuralModelsWordEmbeddings.pptx\"><strong>Neural Models for Word Embeddings<\/strong><\/a>, CEFET\/RJ, November 22th, 2018. See also: <a href=\"https:\/\/towardsdatascience.com\/implementing-word2vec-in-pytorch-skip-gram-model-e6bae040d2fb\">example code<\/a><\/p>\n<p><strong><a href=\"http:\/\/eic.cefet-rj.br\/~ebezerra\/wp-content\/uploads\/2018\/02\/Talk-DEPEA.pptx\"><em>Data Mining, Machine Learning, Data Science, Big data, &#8230; Oh MY! An overview for business people<\/em><\/a><\/strong>, CEFET\/RJ. September 11th, 2018.<\/p>\n<p><strong><a href=\"http:\/\/eic.cefet-rj.br\/~ebezerra\/wp-content\/uploads\/2018\/02\/talk-FESO-2018.pdf\"><em>Machine Learning in the Era of Big Data<\/em><\/a><\/strong>, UNIFESO\/Teres\u00f3polis. March 17th, 2018.<\/p>\n<p><strong><a href=\"http:\/\/eic.cefet-rj.br\/~ebezerra\/wp-content\/uploads\/2018\/02\/Talk-2018-02-WCD-LNCC.pdf\"><em>Artificial Neural Networks: Recent Advances, Current Trends and Open Problems<\/em><\/a><\/strong>, LNCC (5th Data Science Workshop):\u00a0March 9th, 2018.<\/p>\n<p><strong><a href=\"http:\/\/eic.cefet-rj.br\/~ebezerra\/wp-content\/uploads\/2018\/02\/2018-LIneA-lunch-talk.pdf\"><em>Some Applications of Machine Learning to Astronomy<\/em><\/a><\/strong>, LIneA\/ON Lunch Talks series, February 20th, 2018.<\/p>\n<p><a href=\"http:\/\/eic.cefet-rj.br\/~ebezerra\/wp-content\/uploads\/2018\/02\/talk-2017-seic.pdf\"><em><strong>Artificial Intelligence: History, Achievements and Open Problems<\/strong><\/em>,<\/a>\u00a0CEFET\/RJ Seminar Series:\u00a0October 25th, 2017.<\/p>\n<p><em><strong><a href=\"http:\/\/eic.cefet-rj.br\/~ebezerra\/wp-content\/uploads\/2018\/02\/2016-talk-ime-DL.pdf\">Aprendizagem Profunda: Fundamentos e Aplica\u00e7\u00f5es<\/a><\/strong><\/em>, IME\/RJ (in Portuguese). October 10th, 2016.<\/p>\n<p><strong><a href=\"http:\/\/eic.cefet-rj.br\/~ebezerra\/wp-content\/uploads\/2018\/02\/2016-sbbd-minicurso-DL.pdf\"><em>Introdu\u00e7\u00e3o \u00e0 Aprendizagem Profunda<\/em><\/a><\/strong>, SBBD&#8217;16 (in Portuguese). October 3rd, 2016.<\/p>\n<p><em><strong><a href=\"http:\/\/eic.cefet-rj.br\/~ebezerra\/wp-content\/uploads\/2018\/02\/talk-PalestraGranberry-Maio2015.pdf\">Uma Breve Hist\u00f3ria do Desenvolvimento de Sistemas<\/a><\/strong><\/em>, Instituto Granbery (in Portuguese),May 8th, 2015.<\/p>\n<p><strong><a href=\"http:\/\/eic.cefet-rj.br\/~ebezerra\/wp-content\/uploads\/2018\/02\/talk-TEIA-MineracaoDadosTextuais.pdf\"><em>Minera\u00e7\u00e3o de Dados Textuais<\/em><\/a><\/strong>, IME\/RJ (in Portuguese), October 31st, 2014.<\/p>\n<p><em><strong><a href=\"http:\/\/eic.cefet-rj.br\/~ebezerra\/wp-content\/uploads\/2018\/02\/talk-2012-SeminarioLIneA.pdf\">Computer Science Applications for Astronomy<\/a><\/strong><\/em>, LIneA\/ON, August 23rd, 2012.<\/p>\n","protected":false},"excerpt":{"rendered":"<p>Deep Learning (short course, 6 hours). Summer Program, LNCC, February 10-13, 2025. RioNowcast: AI for Precipitation Nowcasting, 1\u00ba Workshop do Instituto de Intelig\u00eancia Artificial do LNCC, LNCC. December, 16th, 2024. T\u00e9cnicas de IA para dados espa\u00e7o-temporais, Semin\u00e1rio de Tecnologias Disruptivas para o Poder Naval. IPqM. November, 26th, 2024. Rionowcast: overview and some initial approaches for [&hellip;]<\/p>\n","protected":false},"author":1,"featured_media":0,"parent":0,"menu_order":0,"comment_status":"closed","ping_status":"closed","template":"","meta":{"footnotes":""},"class_list":["post-578","page","type-page","status-publish","hentry"],"_links":{"self":[{"href":"https:\/\/eic.cefet-rj.br\/~ebezerra\/wp-json\/wp\/v2\/pages\/578","targetHints":{"allow":["GET"]}}],"collection":[{"href":"https:\/\/eic.cefet-rj.br\/~ebezerra\/wp-json\/wp\/v2\/pages"}],"about":[{"href":"https:\/\/eic.cefet-rj.br\/~ebezerra\/wp-json\/wp\/v2\/types\/page"}],"author":[{"embeddable":true,"href":"https:\/\/eic.cefet-rj.br\/~ebezerra\/wp-json\/wp\/v2\/users\/1"}],"replies":[{"embeddable":true,"href":"https:\/\/eic.cefet-rj.br\/~ebezerra\/wp-json\/wp\/v2\/comments?post=578"}],"version-history":[{"count":40,"href":"https:\/\/eic.cefet-rj.br\/~ebezerra\/wp-json\/wp\/v2\/pages\/578\/revisions"}],"predecessor-version":[{"id":2663,"href":"https:\/\/eic.cefet-rj.br\/~ebezerra\/wp-json\/wp\/v2\/pages\/578\/revisions\/2663"}],"wp:attachment":[{"href":"https:\/\/eic.cefet-rj.br\/~ebezerra\/wp-json\/wp\/v2\/media?parent=578"}],"curies":[{"name":"wp","href":"https:\/\/api.w.org\/{rel}","templated":true}]}}