{"id":49,"date":"2017-07-26T14:53:06","date_gmt":"2017-07-26T14:53:06","guid":{"rendered":"http:\/\/eic.cefet-rj.br\/~ebezerra\/?page_id=49"},"modified":"2026-02-26T20:42:56","modified_gmt":"2026-02-26T20:42:56","slug":"teaching","status":"publish","type":"page","link":"https:\/\/eic.cefet-rj.br\/~ebezerra\/teaching\/","title":{"rendered":"Teaching"},"content":{"rendered":"<p><strong><span style=\"color: #ff0000;\">2026.1<\/span><\/strong><\/p>\n<ul>\n<li><a href=\"https:\/\/eic.cefet-rj.br\/~ebezerra\/gcc1625\" target=\"_blank\" rel=\"noopener\">GCC1625 &#8211; Infer\u00eancia Estat\u00edstica<\/a><\/li>\n<li><a href=\"https:\/\/eic.cefet-rj.br\/~ebezerra\/gcc1734\" target=\"_blank\" rel=\"noopener\">GCC1734 &#8211; Intelig\u00eancia Artificial<\/a><\/li>\n<li><a href=\"https:\/\/eic.cefet-rj.br\/~ebezerra\/cic1205\/\">CIC1205 &#8211; Aprendizado de M\u00e1quina<\/a><\/li>\n<\/ul>\n<p>2025.2<\/p>\n<ul>\n<li><a href=\"https:\/\/eic.cefet-rj.br\/~ebezerra\/gcc1625\" target=\"_blank\" rel=\"noopener\">GCC1625 &#8211; Infer\u00eancia Estat\u00edstica<\/a><\/li>\n<li><a href=\"https:\/\/eic.cefet-rj.br\/~ebezerra\/gcc1734\" target=\"_blank\" rel=\"noopener\">GCC1734 &#8211; Intelig\u00eancia Artificial<\/a><\/li>\n<\/ul>\n<p>2025.1<\/p>\n<ul>\n<li><a href=\"https:\/\/eic.cefet-rj.br\/~ebezerra\/gcc1625\" target=\"_blank\" rel=\"noopener\">GCC1625 &#8211; Infer\u00eancia Estat\u00edstica<\/a><\/li>\n<li><a href=\"https:\/\/eic.cefet-rj.br\/~ebezerra\/gcc1734\" target=\"_blank\" rel=\"noopener\">GCC1734 &#8211; Intelig\u00eancia Artificial<\/a><\/li>\n<li><a href=\"https:\/\/eic.cefet-rj.br\/~ebezerra\/cic1205\/\">GCC1932 &#8211; Aprendizado de M\u00e1quina<\/a><\/li>\n<li><a href=\"https:\/\/eic.cefet-rj.br\/~ebezerra\/cic1205\/\">CIC1205 &#8211; Aprendizado de M\u00e1quina<\/a><\/li>\n<\/ul>\n<p>2024.2<\/p>\n<ul>\n<li><a href=\"https:\/\/eic.cefet-rj.br\/~ebezerra\/gcc1625\" target=\"_blank\" rel=\"noopener\">GCC1625 &#8211; Infer\u00eancia Estat\u00edstica<\/a><\/li>\n<li><a href=\"https:\/\/eic.cefet-rj.br\/~ebezerra\/gcc1734\" target=\"_blank\" rel=\"noopener\">GCC1734 &#8211; Intelig\u00eancia Artificial<\/a><\/li>\n<li>BIP &#8211; Machine Learning for Data Science<\/li>\n<\/ul>\n<p>2024.1<\/p>\n<ul>\n<li><a href=\"https:\/\/eic.cefet-rj.br\/~ebezerra\/gcc1518\" target=\"_blank\" rel=\"noopener\">GCC1518 &#8211; Estat\u00edstica e Probabilidade<\/a><\/li>\n<li><a href=\"https:\/\/eic.cefet-rj.br\/~ebezerra\/gcc1734-2024-1\" target=\"_blank\" rel=\"noopener\">GCC1734 &#8211; Intelig\u00eancia Artificial<\/a><\/li>\n<li><a href=\"https:\/\/eic.cefet-rj.br\/~ebezerra\/cic1205\/\">CIC1205 &#8211; Aprendizado de M\u00e1quina<\/a><\/li>\n<li><a href=\"https:\/\/eic.cefet-rj.br\/~ebezerra\/cic1205\/\">GCC1932 &#8211; Aprendizado de M\u00e1quina<\/a><\/li>\n<\/ul>\n<p>2023.2<\/p>\n<ul>\n<li><a href=\"https:\/\/eic.cefet-rj.br\/~ebezerra\/gcc1625-2023-2\" target=\"_blank\" rel=\"noopener\">GCC1625 &#8211; Infer\u00eancia Estat\u00edstica<\/a><\/li>\n<li><a href=\"https:\/\/eic.cefet-rj.br\/~ebezerra\/gcc1734-2023-2\" target=\"_blank\" rel=\"noopener\">GCC1734 &#8211; Intelig\u00eancia Artificial<\/a><\/li>\n<li><a href=\"https:\/\/eic.cefet-rj.br\/~ebezerra\/cic1205-2023-2\">CIC1205 &#8211; Aprendizado de M\u00e1quina<\/a><\/li>\n<li>GCC1733 &#8211; Projeto e Constru\u00e7\u00e3o de Sistemas<\/li>\n<\/ul>\n<p>2023.1<\/p>\n<ul>\n<li><a href=\"https:\/\/eic.cefet-rj.br\/~ebezerra\/gcc1625-2023-1\" target=\"_blank\" rel=\"noopener\">GCC1625 &#8211; Infer\u00eancia Estat\u00edstica<\/a><\/li>\n<li><a href=\"https:\/\/eic.cefet-rj.br\/~ebezerra\/gcc1734-2023-1\" target=\"_blank\" rel=\"noopener\">GCC1734 &#8211; Intelig\u00eancia Artificial<\/a><\/li>\n<li>GCC1733 &#8211; Projeto e Constru\u00e7\u00e3o de Sistemas<\/li>\n<\/ul>\n<p>2022.2<\/p>\n<ul>\n<li><a href=\"https:\/\/eic.cefet-rj.br\/~ebezerra\/gcc1625-inferencia-estatistica-2022-2\/\" target=\"_blank\" rel=\"noopener\">GCC1625 &#8211; Infer\u00eancia Estat\u00edstica<\/a><\/li>\n<li><a href=\"https:\/\/eic.cefet-rj.br\/~ebezerra\/gcc1734-inteligencia-artificial-2022-2\/\" target=\"_blank\" rel=\"noopener\">GCC1734 &#8211; Intelig\u00eancia Artificial<\/a><\/li>\n<li>GCC1733 &#8211; Projeto e Constru\u00e7\u00e3o de Sistemas<\/li>\n<\/ul>\n<p>2022.1<\/p>\n<ul>\n<li><a href=\"https:\/\/eic.cefet-rj.br\/~ebezerra\/gcc1625-inferencia-estatistica-2022-1\/\" target=\"_blank\" rel=\"noopener\">GCC1625 &#8211; Infer\u00eancia Estat\u00edstica<\/a><\/li>\n<li><a href=\"https:\/\/eic.cefet-rj.br\/~ebezerra\/gcc1734-inteligencia-artificial-2022-1\/\" target=\"_blank\" rel=\"noopener\">GCC1734 &#8211; Intelig\u00eancia Artificial<\/a><\/li>\n<li>GCC1733 &#8211; Projeto e Constru\u00e7\u00e3o de Sistemas<\/li>\n<\/ul>\n<p>2021.2<\/p>\n<ul>\n<li><a href=\"https:\/\/eic.cefet-rj.br\/~ebezerra\/gcc1625-inferencia-estatistica-2021-2\/\" target=\"_blank\" rel=\"noopener\">GCC1625 &#8211; Infer\u00eancia Estat\u00edstica<\/a><\/li>\n<li><a href=\"http:\/\/eic.cefet-rj.br\/~ebezerra\/gcc1734-2021-2\/\" target=\"_blank\" rel=\"noopener\">GCC1734 &#8211; Intelig\u00eancia Artificial<\/a><\/li>\n<li><a href=\"https:\/\/eic.cefet-rj.br\/~ebezerra\/dl_2021\/\">GCC1917 &#8211; T\u00f3picos Especiais em Programa\u00e7\u00e3o (Deep Learning)<\/a><\/li>\n<\/ul>\n<p>2021.1<\/p>\n<ul>\n<li><a href=\"https:\/\/eic.cefet-rj.br\/~ebezerra\/gcc1625-2021-1\/\" target=\"_blank\" rel=\"noopener\">GCC1625 &#8211; Infer\u00eancia Estat\u00edstica<\/a><\/li>\n<li><a href=\"https:\/\/eic.cefet-rj.br\/~ebezerra\/gcc1734-2021-1\/\" target=\"_blank\" rel=\"noopener\">GCC1734 &#8211; Intelig\u00eancia Artificial<\/a><\/li>\n<li><a href=\"https:\/\/eic.cefet-rj.br\/~ebezerra\/gcc1932-am-2020-2\/\">GCC1932 &#8211; Aprendizado de M\u00e1quina<\/a><\/li>\n<\/ul>\n<p>2020.2<\/p>\n<ul>\n<li><a href=\"https:\/\/eic.cefet-rj.br\/~ebezerra\/gcc1625-2020-2\/\" target=\"_blank\" rel=\"noopener\">GCC1625 &#8211; Infer\u00eancia Estat\u00edstica<\/a><\/li>\n<li><a href=\"https:\/\/eic.cefet-rj.br\/~ebezerra\/gcc1734-2020-2\/\" target=\"_blank\" rel=\"noopener\">GCC1734 &#8211; Intelig\u00eancia Artificial<\/a><\/li>\n<li><a href=\"https:\/\/eic.cefet-rj.br\/~ebezerra\/gcc1932-am-2020-2\/\">GCC1932 &#8211; Aprendizado de M\u00e1quina<\/a><\/li>\n<li><a href=\"http:\/\/eic.cefet-rj.br\/~ebezerra\/ml_2020\/\" target=\"_blank\" rel=\"noopener\">CIC1205 &#8211; Aprendizado de M\u00e1quina (2020)<\/a><\/li>\n<\/ul>\n<p>2020.1<\/p>\n<ul>\n<li><a href=\"http:\/\/eic.cefet-rj.br\/~ebezerra\/ie_2020_1\" target=\"_blank\" rel=\"noopener\">GCC1625 &#8211; Infer\u00eancia Estat\u00edstica<\/a><\/li>\n<li><a href=\"https:\/\/eic.cefet-rj.br\/~ebezerra\/ia_2020_1\/\" target=\"_blank\" rel=\"noopener\">GCC1734 &#8211; Intelig\u00eancia Artificial<\/a><\/li>\n<li><a href=\"https:\/\/eic.cefet-rj.br\/~ebezerra\/?page_id=1504&amp;preview=true\">GCC1932 &#8211; Aprendizado de M\u00e1quina<\/a><\/li>\n<\/ul>\n<p>2019.2<\/p>\n<ul>\n<li><a href=\"http:\/\/eic.cefet-rj.br\/~ebezerra\/infestat_2019_2\" target=\"_blank\" rel=\"noopener\">GCC1625 &#8211; Infer\u00eancia Estat\u00edstica<\/a><\/li>\n<li><a href=\"http:\/\/eic.cefet-rj.br\/~ebezerra\/ia_2019_2\" target=\"_blank\" rel=\"noopener\">GCC1734 &#8211; Intelig\u00eancia Artificial<\/a><\/li>\n<li><a href=\"http:\/\/eic.cefet-rj.br\/~ebezerra\/ml2019\/\" target=\"_blank\" rel=\"noopener\">CIC1205 &#8211; Aprendizado de M\u00e1quina (2019)<\/a><\/li>\n<\/ul>\n<p>2019.1<\/p>\n<ul>\n<li><a href=\"http:\/\/eic.cefet-rj.br\/~ebezerra\/apsoft_2019_1\" target=\"_blank\" rel=\"noopener\">GCC1520 &#8211; Arquitetura e Padr\u00f5es de Software<\/a><\/li>\n<li><a href=\"http:\/\/eic.cefet-rj.br\/~ebezerra\/infestat_2019_1\" target=\"_blank\" rel=\"noopener\">GCC1625 &#8211; Infer\u00eancia Estat\u00edstica<\/a><\/li>\n<li><a href=\"http:\/\/eic.cefet-rj.br\/~ebezerra\/ia_2019_1\" target=\"_blank\" rel=\"noopener\">GCC1734 &#8211; Intelig\u00eancia Artificial<\/a><\/li>\n<li><a href=\"http:\/\/eic.cefet-rj.br\/~ebezerra\/ml2018\/\" target=\"_blank\" rel=\"noopener\">CIC1205 &#8211; Aprendizado de M\u00e1quina (2018)<\/a><\/li>\n<\/ul>\n<p>2018.2<\/p>\n<ul>\n<li><a href=\"http:\/\/eic.cefet-rj.br\/~ebezerra\/arquitetura-e-padroes-de-software-2018-2\/\" target=\"_blank\" rel=\"noopener\">GCC1520 &#8211; Arquitetura e Padr\u00f5es de Software<\/a><\/li>\n<li><a href=\"http:\/\/eic.cefet-rj.br\/~ebezerra\/inferencia-estatistica-2018-2\/\" target=\"_blank\" rel=\"noopener\">GCC1625 &#8211; Infer\u00eancia Estat\u00edstica<\/a><\/li>\n<li><a href=\"http:\/\/eic.cefet-rj.br\/~ebezerra\/inteligencia-artificial-2018-2\/\" target=\"_blank\" rel=\"noopener\">GCC1734 &#8211; Intelig\u00eancia Artificial<\/a><\/li>\n<\/ul>\n<p>2018.1<\/p>\n<ul>\n<li><a href=\"http:\/\/eic.cefet-rj.br\/~ebezerra\/inteligencia-artificial\/\" target=\"_blank\" rel=\"noopener\">GCC1734 &#8211; Intelig\u00eancia Artificial<\/a><\/li>\n<li><a href=\"http:\/\/eic.cefet-rj.br\/~ebezerra\/inferencia-estatistica\/\" target=\"_blank\" rel=\"noopener\">GCC1625 &#8211; Infer\u00eancia Estat\u00edstica<\/a><\/li>\n<\/ul>\n<p>2017.1<\/p>\n<ul>\n<li><a href=\"http:\/\/eic.cefet-rj.br\/~ebezerra\/ml2017\/\" target=\"_blank\" rel=\"noopener\">CIC1205 &#8211; Aprendizado de M\u00e1quina (2017)<\/a><\/li>\n<\/ul>\n","protected":false},"excerpt":{"rendered":"<p>2026.1 GCC1625 &#8211; Infer\u00eancia Estat\u00edstica GCC1734 &#8211; Intelig\u00eancia Artificial CIC1205 &#8211; Aprendizado de M\u00e1quina 2025.2 GCC1625 &#8211; Infer\u00eancia Estat\u00edstica GCC1734 &#8211; Intelig\u00eancia Artificial 2025.1 GCC1625 &#8211; Infer\u00eancia Estat\u00edstica GCC1734 &#8211; Intelig\u00eancia Artificial GCC1932 &#8211; Aprendizado de M\u00e1quina CIC1205 &#8211; Aprendizado de M\u00e1quina 2024.2 GCC1625 &#8211; Infer\u00eancia Estat\u00edstica GCC1734 &#8211; Intelig\u00eancia Artificial BIP &#8211; Machine Learning [&hellip;]<\/p>\n","protected":false},"author":1,"featured_media":0,"parent":0,"menu_order":0,"comment_status":"closed","ping_status":"closed","template":"","meta":{"footnotes":""},"class_list":["post-49","page","type-page","status-publish","hentry"],"_links":{"self":[{"href":"https:\/\/eic.cefet-rj.br\/~ebezerra\/wp-json\/wp\/v2\/pages\/49","targetHints":{"allow":["GET"]}}],"collection":[{"href":"https:\/\/eic.cefet-rj.br\/~ebezerra\/wp-json\/wp\/v2\/pages"}],"about":[{"href":"https:\/\/eic.cefet-rj.br\/~ebezerra\/wp-json\/wp\/v2\/types\/page"}],"author":[{"embeddable":true,"href":"https:\/\/eic.cefet-rj.br\/~ebezerra\/wp-json\/wp\/v2\/users\/1"}],"replies":[{"embeddable":true,"href":"https:\/\/eic.cefet-rj.br\/~ebezerra\/wp-json\/wp\/v2\/comments?post=49"}],"version-history":[{"count":66,"href":"https:\/\/eic.cefet-rj.br\/~ebezerra\/wp-json\/wp\/v2\/pages\/49\/revisions"}],"predecessor-version":[{"id":2899,"href":"https:\/\/eic.cefet-rj.br\/~ebezerra\/wp-json\/wp\/v2\/pages\/49\/revisions\/2899"}],"wp:attachment":[{"href":"https:\/\/eic.cefet-rj.br\/~ebezerra\/wp-json\/wp\/v2\/media?parent=49"}],"curies":[{"name":"wp","href":"https:\/\/api.w.org\/{rel}","templated":true}]}}