{"id":2371,"date":"2024-02-20T13:51:05","date_gmt":"2024-02-20T13:51:05","guid":{"rendered":"https:\/\/eic.cefet-rj.br\/~ebezerra\/?page_id=2371"},"modified":"2024-09-09T15:15:47","modified_gmt":"2024-09-09T15:15:47","slug":"gcc1518","status":"publish","type":"page","link":"https:\/\/eic.cefet-rj.br\/~ebezerra\/gcc1518\/","title":{"rendered":"GCC1518 &#8211; Estat\u00edstica e Probabilidade (2024.1)"},"content":{"rendered":"<p style=\"text-align: center;\"><a href=\"https:\/\/eic.cefet-rj.br\/~ebezerra\/wp-content\/uploads\/2024\/02\/paranormal-dist.jpg\"><img decoding=\"async\" class=\"alignnone size-medium wp-image-82\" src=\"https:\/\/eic.cefet-rj.br\/~ebezerra\/wp-content\/uploads\/2024\/02\/paranormal-dist.jpg\" alt=\"causation\" \/><\/a><\/p>\n<hr \/>\n<h3>Locais e hor\u00e1rios das aulas<\/h3>\n<ul>\n<li>3as-feiras, das 14h35 \u00e0s 16h15, Lab 1 (Pavilh\u00e3o I)<\/li>\n<li>6as-feiras, das 16h30 \u00e0s 18h10, Sala 3 (Pavilh\u00e3o I)<\/li>\n<\/ul>\n<hr \/>\n<h3>Ementa<\/h3>\n<p>Espa\u00e7os Amostrais, Eventos e Probabilidade. T\u00e9cnicas de contagem. Probabilidade Condicional. Independ\u00eancia. Regra de Bayes. Vari\u00e1veis Aleat\u00f3rias Discretas. Vari\u00e1veis Aleat\u00f3rias Cont\u00ednuas. Valor Esperado e Vari\u00e2ncia. Distribui\u00e7\u00e3o Conjunta. Covari\u00e2ncia e Correla\u00e7\u00e3o. Introdu\u00e7\u00e3o a An\u00e1lise de Dados.<\/p>\n<p>Veja tamb\u00e9m o <a href=\"https:\/\/eic.cefet-rj.br\/portal\/wp-content\/uploads\/ESTATISTICA-E-PROBABILIDADE-GCC1518.pdf\">plano de ensino<\/a> da disciplina.<\/p>\n<hr \/>\n<h3>Conte\u00fado<\/h3>\n<p>Veja o <a href=\"https:\/\/www.dropbox.com\/scl\/fi\/96d5rxs67u5oibg5z23a8\/GCC1518-PlanoCurso-2024.1.xlsx?rlkey=x9bpgwhwatm01tqfiqvqwv7e3&amp;dl=0\">plano de aulas<\/a>.<br \/>Veja tamb\u00e9m o <a href=\"http:\/\/www.cefet-rj.br\/attachments\/article\/7661\/Calenda\u0301rio%20Acade\u0302mico_2024_CONDEP_V3S.pdf\">calend\u00e1rio acad\u00eamico das gradua\u00e7\u00f5es<\/a>. Veja tamb\u00e9m o <a href=\"https:\/\/www.dropbox.com\/scl\/fi\/asq20c09fwv8ip53313nx\/GCC1518-PlanoCurso-2024.1-GREVE.xlsx?rlkey=w2nhpl02h9zlidiaybzg5lstv&amp;dl=0\">plano de aulas<\/a>\u00a0atualizado.<\/p>\n<table style=\"border: 1px solid #cccccc;\" width=\"100%\">\n<tbody>\n<tr>\n<td style=\"border: 1px solid #cccccc;\"><b>Aula<\/b><\/td>\n<td style=\"border: 1px solid #cccccc; text-align: center;\"><b>Data<\/b><\/td>\n<td style=\"border: 1px solid #cccccc;\"><b>Assunto<\/b><\/td>\n<\/tr>\n<tr>\n<td style=\"border: 1px solid #cccccc; text-align: center;\">1<\/td>\n<td style=\"border: 1px solid #cccccc; text-align: center;\">23\/fev<\/td>\n<td style=\"border: 1px solid #cccccc;\">Apresenta\u00e7\u00e3o do curso (<a href=\"https:\/\/www.dropbox.com\/scl\/fi\/2mtp6dt0eyu9z3c5rxacv\/00-Apresenta-o-do-curso.pptx?rlkey=28ocu5aejlzkelc0l54be3yk2&amp;dl=0\" target=\"_blank\" rel=\"noopener\">slides<\/a>)<br \/>Conceitos iniciais (<a href=\"https:\/\/www.dropbox.com\/scl\/fi\/t24c4id2k3f4xkmjycmry\/01_conceitos_iniciais.pdf?rlkey=zxyq814x3xtgmimmb7e21wp44&amp;dl=0\">slides<\/a>)<\/td>\n<\/tr>\n<tr>\n<td style=\"border: 1px solid #cccccc; text-align: center;\">2<\/td>\n<td style=\"border: 1px solid #cccccc; text-align: center;\">27\/fev<\/td>\n<td style=\"border: 1px solid #cccccc;\">Regras de contagem &#8211; parte I (<a href=\"https:\/\/www.dropbox.com\/scl\/fi\/4us37t53pch0vyyyol10q\/02_regras_contagem.pdf?rlkey=069hfynahz71to2wmhnu4o78g&amp;dl=0\">slides<\/a>)<\/td>\n<\/tr>\n<tr>\n<td style=\"border: 1px solid #cccccc; text-align: center;\">3<\/td>\n<td style=\"border: 1px solid #cccccc; text-align: center;\">01\/mar<\/td>\n<td style=\"border: 1px solid #cccccc;\">Regras de contagem &#8211; parte II (<a href=\"https:\/\/www.dropbox.com\/scl\/fi\/4us37t53pch0vyyyol10q\/02_regras_contagem.pdf?rlkey=069hfynahz71to2wmhnu4o78g&amp;dl=0\">slides<\/a>)<\/td>\n<\/tr>\n<tr>\n<td style=\"border: 1px solid #cccccc; text-align: center;\">4<\/td>\n<td style=\"border: 1px solid #cccccc; text-align: center;\">08\/mar<\/td>\n<td style=\"border: 1px solid #cccccc;\">Probabilidade Condicional (<a href=\"https:\/\/www.dropbox.com\/scl\/fi\/x9vgjtrqjfi7a3rknrfdr\/03_prob_cond.pdf?rlkey=9fxm49bjxrwy26s2wc3tnvzdo&amp;dl=0\">slides<\/a>)<\/td>\n<\/tr>\n<tr>\n<td style=\"border: 1px solid #cccccc; text-align: center;\">5<\/td>\n<td style=\"border: 1px solid #cccccc; text-align: center;\">12\/mar<\/td>\n<td style=\"border: 1px solid #cccccc;\">Independ\u00eancia, Regra de Bayes (<a href=\"https:\/\/www.dropbox.com\/scl\/fi\/re1x60dzu8zetpeebaqts\/04_independencia_n_bayes.pdf?rlkey=mzj5e3qgbtdrainvkijv6sn6u&amp;dl=0\">slides<\/a>, <a href=\"https:\/\/colab.research.google.com\/drive\/1a3RWoR6OML7AyAQ7Whiihb8GpoM6mF2b?usp=sharing\">notebook<\/a>)<\/td>\n<\/tr>\n<tr>\n<td style=\"border: 1px solid #cccccc; text-align: center;\">6<\/td>\n<td style=\"border: 1px solid #cccccc; text-align: center;\">15\/mar<\/td>\n<td style=\"border: 1px solid #cccccc;\">Vari\u00e1veis Aleat\u00f3rias (<a href=\"https:\/\/www.dropbox.com\/scl\/fi\/nxgq2ntivjhkwllsnum78\/05_variavel_aleatoria.pdf?rlkey=6idroa2h5g77exdto3hr0xunl&amp;dl=0\">slides<\/a>)<\/td>\n<\/tr>\n<tr>\n<td style=\"border: 1px solid #cccccc; text-align: center;\">7<\/td>\n<td style=\"border: 1px solid #cccccc; text-align: center;\">19\/mar<\/td>\n<td style=\"border: 1px solid #cccccc;\">Valor Esperado (<a href=\"https:\/\/www.dropbox.com\/scl\/fi\/sqze75sxnhq5ue1ryqu6l\/06_valor_esperado.pdf?rlkey=6g639ngbkx8sdhs542omv84pz&amp;dl=0\">slides<\/a>, <a href=\"https:\/\/github.com\/MLRG-CEFET-RJ\/gcc1518\/blob\/main\/notebooks\/valor_esperado.ipynb\">notebook<\/a>)<\/td>\n<\/tr>\n<tr>\n<td style=\"border: 1px solid #cccccc; text-align: center;\">&#8211;<\/td>\n<td style=\"border: 1px solid #cccccc; text-align: center;\">22\/mar<\/td>\n<td style=\"border: 1px solid #cccccc;\">Aula suspensa<\/td>\n<\/tr>\n<tr>\n<td style=\"border: 1px solid #cccccc; text-align: center;\">8<\/td>\n<td style=\"border: 1px solid #cccccc; text-align: center;\">26\/mar<\/td>\n<td style=\"border: 1px solid #cccccc;\">NBC (<a href=\"https:\/\/github.com\/MLRG-CEFET-RJ\/gcc1518\/blob\/main\/notebooks\/naive_bayes_classifier.ipynb\">notebook<\/a>)<\/td>\n<\/tr>\n<tr>\n<td style=\"border: 1px solid #cccccc; text-align: center;\">9<\/td>\n<td style=\"border: 1px solid #cccccc; text-align: center;\">02\/abr<\/td>\n<td style=\"border: 1px solid #cccccc;\">Revis\u00e3o para a P1<\/td>\n<\/tr>\n<tr>\n<td style=\"border: 1px solid #cccccc; text-align: center;\">10<\/td>\n<td style=\"border: 1px solid #cccccc; text-align: center;\">05\/abr<\/td>\n<td style=\"border: 1px solid #cccccc;\">1a avalia\u00e7\u00e3o semestral (P1)<\/td>\n<\/tr>\n<tr>\n<td style=\"border: 1px solid #cccccc; text-align: center;\">11<\/td>\n<td style=\"border: 1px solid #cccccc; text-align: center;\">09\/abr<\/td>\n<td style=\"border: 1px solid #cccccc;\">Vari\u00e2ncia (<a href=\"https:\/\/www.dropbox.com\/scl\/fi\/w3w1r8qzy7jfgnrurti8w\/07_variancia.pdf?rlkey=5xein4vbuikioo0pt2iwfxq8z&amp;dl=0\">slides<\/a>, <a href=\"https:\/\/github.com\/MLRG-CEFET-RJ\/gcc1518\/blob\/main\/notebooks\/variancia.ipynb\">notebook<\/a>)<\/td>\n<\/tr>\n<tr>\n<td style=\"border: 1px solid #cccccc; text-align: center;\">12<\/td>\n<td style=\"border: 1px solid #cccccc; text-align: center;\">12\/abr<\/td>\n<td style=\"border: 1px solid #cccccc;\">Distribui\u00e7\u00f5es discretas &#8211; parte I (<a href=\"https:\/\/www.dropbox.com\/scl\/fi\/rzwtnglrjy5j0ceb8qdjv\/08_distribuicoes_discretas.pdf?rlkey=iajevt9mxiw6muu2808dnzeo9&amp;dl=0\">slides<\/a>, <a href=\"https:\/\/github.com\/MLRG-CEFET-RJ\/gcc1518\/blob\/main\/notebooks\/variaveis_discretas.ipynb\">notebook<\/a>)<\/td>\n<\/tr>\n<tr>\n<td style=\"border: 1px solid #cccccc; text-align: center;\">13<\/td>\n<td style=\"border: 1px solid #cccccc; text-align: center;\">16\/abr<\/td>\n<td style=\"border: 1px solid #cccccc;\">Distribui\u00e7\u00f5es discretas &#8211; parte II (<a href=\"https:\/\/www.dropbox.com\/scl\/fi\/rzwtnglrjy5j0ceb8qdjv\/08_distribuicoes_discretas.pdf?rlkey=iajevt9mxiw6muu2808dnzeo9&amp;dl=0\">slides<\/a>, <a href=\"https:\/\/github.com\/MLRG-CEFET-RJ\/gcc1518\/blob\/main\/notebooks\/variaveis_discretas.ipynb\">notebook<\/a>)<\/td>\n<\/tr>\n<tr>\n<td style=\"border: 1px solid #cccccc; text-align: center;\">14<\/td>\n<td style=\"border: 1px solid #cccccc; text-align: center;\">19\/abr<\/td>\n<td style=\"border: 1px solid #cccccc;\">Distribui\u00e7\u00f5es discretas &#8211; parte III (<a href=\"https:\/\/www.dropbox.com\/scl\/fi\/rzwtnglrjy5j0ceb8qdjv\/08_distribuicoes_discretas.pdf?rlkey=iajevt9mxiw6muu2808dnzeo9&amp;dl=0\">slides<\/a>, <a href=\"https:\/\/github.com\/MLRG-CEFET-RJ\/gcc1518\/blob\/main\/notebooks\/variaveis_discretas.ipynb\">notebook<\/a>)<\/td>\n<\/tr>\n<tr>\n<td style=\"border: 1px solid #cccccc; text-align: center;\">15<\/td>\n<td style=\"border: 1px solid #cccccc; text-align: center;\">26\/abr<\/td>\n<td style=\"border: 1px solid #cccccc;\">Distribui\u00e7\u00f5es cont\u00ednuas &#8211; uniforme (<a href=\"https:\/\/www.dropbox.com\/scl\/fi\/eataq5fti4sipakx0xki0\/09_distribuicao_continuas.pdf?rlkey=khh8cfy40nqwdueaxdaqinm7w&amp;dl=0\">slides<\/a>, <a href=\"https:\/\/github.com\/MLRG-CEFET-RJ\/gcc1518\/blob\/main\/notebooks\/distribuicao_gaussiana.ipynb\">notebook<\/a>)<\/td>\n<\/tr>\n<tr>\n<td style=\"border: 1px solid #cccccc; text-align: center;\">16<\/td>\n<td style=\"border: 1px solid #cccccc; text-align: center;\">30\/abr<\/td>\n<td style=\"border: 1px solid #cccccc;\">Distribui\u00e7\u00f5es cont\u00ednuas &#8211; normal (<a href=\"https:\/\/www.dropbox.com\/scl\/fi\/eataq5fti4sipakx0xki0\/09_distribuicao_continuas.pdf?rlkey=khh8cfy40nqwdueaxdaqinm7w&amp;dl=0\">slides<\/a>, <a href=\"https:\/\/github.com\/AIRGOLAB-CEFET-RJ\/gcc1518\/blob\/main\/notebooks\/distribuicao_gaussiana.ipynb\">notebook<\/a>)<\/td>\n<\/tr>\n<tr>\n<td style=\"border: 1px solid #cccccc; text-align: center;\">17<\/td>\n<td style=\"border: 1px solid #cccccc; text-align: center;\">03\/mai<\/td>\n<td style=\"border: 1px solid #cccccc;\">Distribui\u00e7\u00f5es cont\u00ednuas &#8211; exerc\u00edcios (<a href=\"https:\/\/www.dropbox.com\/scl\/fi\/ae9mpikfazb3sr9gmtgn1\/09a_distribuicao_normal_exercicios.pdf?rlkey=43cja7suijobmivesksfymp17&amp;dl=0\">exerc\u00edcios<\/a>)<\/td>\n<\/tr>\n<tr>\n<td style=\"border: 1px solid #cccccc; text-align: center;\">18<\/td>\n<td style=\"border: 1px solid #cccccc; text-align: center;\">30\/jul<\/td>\n<td style=\"border: 1px solid #cccccc;\">Distribui\u00e7\u00f5es discretas &#8211; exerc\u00edcios (<a href=\"https:\/\/www.dropbox.com\/scl\/fi\/bvpffe2945tqx5k2eufud\/GCC1518-exercicios-revisao-distribuicoes-discretas.pdf?rlkey=m7nc9onroafog0dpp156lb2dc&amp;dl=0\">exerc\u00edcios<\/a>)<\/td>\n<\/tr>\n<tr>\n<td style=\"border: 1px solid #cccccc; text-align: center;\">19<\/td>\n<td style=\"border: 1px solid #cccccc; text-align: center;\">02\/ago<\/td>\n<td style=\"border: 1px solid #cccccc;\">Distribui\u00e7\u00f5es cont\u00ednuas &#8211; exponencial e lognormal (<a href=\"https:\/\/www.dropbox.com\/scl\/fi\/9gj9s824sk0btwzgv9f29\/09_distribuicao_continuas.pdf?rlkey=kvfz2w1fqykekniozr5wiqkuw&amp;dl=0\">slides<\/a>, <a href=\"https:\/\/github.com\/AIRGOLAB-CEFET-RJ\/gcc1518\/blob\/main\/notebooks\/distribuicao_exponencial.ipynb\">notebook<\/a>, <a href=\"https:\/\/github.com\/AIRGOLAB-CEFET-RJ\/gcc1518\/blob\/main\/notebooks\/distribuicao_log_normal.ipynb\">notebook<\/a>)<\/td>\n<\/tr>\n<tr>\n<td style=\"border: 1px solid #cccccc; text-align: center;\">20<\/td>\n<td style=\"border: 1px solid #cccccc; text-align: center;\">06\/ago<\/td>\n<td style=\"border: 1px solid #cccccc;\">MLE (<a href=\"https:\/\/www.dropbox.com\/s\/9vw17m1okyqsvzs\/10_MLE.pdf?dl=0\">slides<\/a>, <a href=\"https:\/\/github.com\/AIRGOLAB-CEFET-RJ\/gcc1518\/blob\/main\/notebooks\/MLE.ipynb\">notebook<\/a>)<\/td>\n<\/tr>\n<tr>\n<td style=\"border: 1px solid #cccccc; text-align: center;\">21<\/td>\n<td style=\"border: 1px solid #cccccc; text-align: center;\">09\/ago<\/td>\n<td style=\"border: 1px solid #cccccc;\">MLE &#8211; distribui\u00e7\u00f5es discretas &#8211; exerc\u00edcios de fixa\u00e7\u00e3o<\/td>\n<\/tr>\n<tr>\n<td style=\"border: 1px solid #cccccc; text-align: center;\">22<\/td>\n<td style=\"border: 1px solid #cccccc; text-align: center;\">13\/ago<\/td>\n<td style=\"border: 1px solid #cccccc;\">MLE &#8211; distribui\u00e7\u00f5es cont\u00ednuas &#8211; exerc\u00edcios de fixa\u00e7\u00e3o<\/td>\n<\/tr>\n<tr>\n<td style=\"border: 1px solid #cccccc; text-align: center;\">23<\/td>\n<td style=\"border: 1px solid #cccccc; text-align: center;\">16\/ago<\/td>\n<td style=\"border: 1px solid #cccccc;\">Distribui\u00e7\u00f5es conjuntas, distribui\u00e7\u00f5es marginais, distribui\u00e7\u00f5es condicionais (<a href=\"https:\/\/www.dropbox.com\/scl\/fi\/48bt6k9c9c51nj72379l5\/11_distribuicoes_conjuntas.pdf?rlkey=ujl6tu2c63r660oc98uzzi51u&amp;dl=0\">slides<\/a>, <a href=\"https:\/\/github.com\/AIRGOLAB-CEFET-RJ\/gcc1518\/blob\/main\/notebooks\/distribuicoes_conjuntas.ipynb\">notebook<\/a>)<\/td>\n<\/tr>\n<tr>\n<td style=\"border: 1px solid #cccccc; text-align: center;\">24<\/td>\n<td style=\"border: 1px solid #cccccc; text-align: center;\">20\/ago<\/td>\n<td style=\"border: 1px solid #cccccc;\">Vari\u00e2ncia e correla\u00e7\u00e3o (<a href=\"https:\/\/www.dropbox.com\/scl\/fi\/48bt6k9c9c51nj72379l5\/11_distribuicoes_conjuntas.pdf?rlkey=ujl6tu2c63r660oc98uzzi51u&amp;dl=0\">slides<\/a>, <a href=\"https:\/\/github.com\/AIRGOLAB-CEFET-RJ\/gcc1518\/blob\/main\/notebooks\/distribuicoes_conjuntas.ipynb\">notebook<\/a>)<\/td>\n<\/tr>\n<tr>\n<td style=\"border: 1px solid #cccccc; text-align: center;\">25<\/td>\n<td style=\"border: 1px solid #cccccc; text-align: center;\">23\/ago<\/td>\n<td style=\"border: 1px solid #cccccc;\">Reservada para discuss\u00e3o de d\u00favidas<\/td>\n<\/tr>\n<tr>\n<td style=\"border: 1px solid #cccccc; text-align: center;\">26<\/td>\n<td style=\"border: 1px solid #cccccc; text-align: center;\">27\/ago<\/td>\n<td style=\"border: 1px solid #cccccc;\">An\u00e1lise explorat\u00f3ria de dados (<a href=\"https:\/\/www.dropbox.com\/scl\/fi\/dp7c815hi9sgpzwuxm8pe\/12_eda.pdf?rlkey=jn34o786wpwuz50rc2eagpucs&amp;dl=0\">slides<\/a>)<\/td>\n<\/tr>\n<tr>\n<td style=\"border: 1px solid #cccccc; text-align: center;\">27<\/td>\n<td style=\"border: 1px solid #cccccc; text-align: center;\">30\/ago<\/td>\n<td style=\"border: 1px solid #cccccc;\">An\u00e1lise explorat\u00f3ria de dados (<a href=\"https:\/\/www.dropbox.com\/scl\/fi\/dp7c815hi9sgpzwuxm8pe\/12_eda.pdf?rlkey=jn34o786wpwuz50rc2eagpucs&amp;dl=0\">slides<\/a>)<\/td>\n<\/tr>\n<tr>\n<td style=\"border: 1px solid #cccccc; text-align: center;\">28<\/td>\n<td style=\"border: 1px solid #cccccc; text-align: center;\">03\/set<\/td>\n<td style=\"border: 1px solid #cccccc;\">Reservada para discuss\u00e3o de d\u00favidas<\/td>\n<\/tr>\n<tr>\n<td style=\"border: 1px solid #cccccc; text-align: center;\">29<\/td>\n<td style=\"border: 1px solid #cccccc; text-align: center;\">06\/set<\/td>\n<td style=\"border: 1px solid #cccccc;\">Reservada para discuss\u00e3o de d\u00favidas<\/td>\n<\/tr>\n<tr>\n<td style=\"border: 1px solid #cccccc; text-align: center;\">30<\/td>\n<td style=\"border: 1px solid #cccccc; text-align: center;\">10\/set<\/td>\n<td style=\"border: 1px solid #cccccc;\">2a avalia\u00e7\u00e3o semestral (P2)<\/td>\n<\/tr>\n<tr>\n<td style=\"border: 1px solid #cccccc; text-align: center;\">31<\/td>\n<td style=\"border: 1px solid #cccccc; text-align: center;\">13\/set<\/td>\n<td style=\"border: 1px solid #cccccc;\">2a chamada semestral (2C)<\/td>\n<\/tr>\n<tr>\n<td style=\"border: 1px solid #cccccc; text-align: center;\">32<\/td>\n<td style=\"border: 1px solid #cccccc; text-align: center;\">17\/set<\/td>\n<td style=\"border: 1px solid #cccccc;\">Exame final<\/td>\n<\/tr>\n<\/tbody>\n<\/table>\n<hr size=\"4\" width=\"100%\" \/>\n<h3>\u00a0<\/h3>\n\n\n<p>  <\/p>\n","protected":false},"excerpt":{"rendered":"<p>Locais e hor\u00e1rios das aulas 3as-feiras, das 14h35 \u00e0s 16h15, Lab 1 (Pavilh\u00e3o I) 6as-feiras, das 16h30 \u00e0s 18h10, Sala 3 (Pavilh\u00e3o I) Ementa Espa\u00e7os Amostrais, Eventos e Probabilidade. T\u00e9cnicas de contagem. Probabilidade Condicional. Independ\u00eancia. Regra de Bayes. Vari\u00e1veis Aleat\u00f3rias Discretas. Vari\u00e1veis Aleat\u00f3rias Cont\u00ednuas. Valor Esperado e Vari\u00e2ncia. Distribui\u00e7\u00e3o Conjunta. Covari\u00e2ncia e Correla\u00e7\u00e3o. Introdu\u00e7\u00e3o a [&hellip;]<\/p>\n","protected":false},"author":1,"featured_media":0,"parent":0,"menu_order":0,"comment_status":"closed","ping_status":"closed","template":"","meta":{"footnotes":""},"class_list":["post-2371","page","type-page","status-publish","hentry"],"_links":{"self":[{"href":"https:\/\/eic.cefet-rj.br\/~ebezerra\/wp-json\/wp\/v2\/pages\/2371","targetHints":{"allow":["GET"]}}],"collection":[{"href":"https:\/\/eic.cefet-rj.br\/~ebezerra\/wp-json\/wp\/v2\/pages"}],"about":[{"href":"https:\/\/eic.cefet-rj.br\/~ebezerra\/wp-json\/wp\/v2\/types\/page"}],"author":[{"embeddable":true,"href":"https:\/\/eic.cefet-rj.br\/~ebezerra\/wp-json\/wp\/v2\/users\/1"}],"replies":[{"embeddable":true,"href":"https:\/\/eic.cefet-rj.br\/~ebezerra\/wp-json\/wp\/v2\/comments?post=2371"}],"version-history":[{"count":58,"href":"https:\/\/eic.cefet-rj.br\/~ebezerra\/wp-json\/wp\/v2\/pages\/2371\/revisions"}],"predecessor-version":[{"id":2549,"href":"https:\/\/eic.cefet-rj.br\/~ebezerra\/wp-json\/wp\/v2\/pages\/2371\/revisions\/2549"}],"wp:attachment":[{"href":"https:\/\/eic.cefet-rj.br\/~ebezerra\/wp-json\/wp\/v2\/media?parent=2371"}],"curies":[{"name":"wp","href":"https:\/\/api.w.org\/{rel}","templated":true}]}}