{"id":20,"date":"2016-05-17T13:27:45","date_gmt":"2016-05-17T13:27:45","guid":{"rendered":"http:\/\/eic.cefet-rj.br\/~ebezerra\/?page_id=20"},"modified":"2017-07-29T21:35:16","modified_gmt":"2017-07-29T21:35:16","slug":"livros","status":"publish","type":"page","link":"https:\/\/eic.cefet-rj.br\/~ebezerra\/livros\/","title":{"rendered":"Published Books"},"content":{"rendered":"<p style=\"text-align: left;\">I am the author of \u201cPrinc\u00edpios de An\u00e1lise e Projeto de Sistemas com UML\u201d, and co-author of \u201cData Mining: Conceitos, t\u00e9cnicas, algoritmos, orienta\u00e7\u00f5es e aplica\u00e7\u00f5es\u201d, both books published by <a href=\"http:\/\/www.loja.elsevier.com.br\/site\/institucional\/Minha-pagina-autor.aspx?seg=0&#038;aid=41710\" target=\"_blank\">Elsevier\/Brazil<\/a>. Details about these books (complimentary material, slides, etc) can be found in the links bellow.<\/p>\n<p style=\"text-align: center;\"><a href=\"http:\/\/eic.cefet-rj.br\/papsuml3ed\/\">Princ\u00edpios de An\u00e1lise e Projeto de Sistemas com UML<\/a><\/p>\n<p><img loading=\"lazy\" decoding=\"async\" class=\"size-medium wp-image-24 aligncenter\" src=\"http:\/\/eic.cefet-rj.br\/~ebezerra\/wp-content\/uploads\/2016\/05\/papsuml-3ed-capa.jpg\" alt=\"papsuml-3ed-capa\" width=\"170\" height=\"240\" \/><\/p>\n<p style=\"text-align: center;\"><a href=\"http:\/\/eic.cefet-rj.br\/dm2ed\/\">Data Mining: Conceitos, t\u00e9cnicas, algoritmos, orienta\u00e7\u00f5es e aplica\u00e7\u00f5es<\/a><\/p>\n<p><img loading=\"lazy\" decoding=\"async\" class=\"size-full wp-image-23 aligncenter\" src=\"http:\/\/eic.cefet-rj.br\/~ebezerra\/wp-content\/uploads\/2016\/05\/dm2ed-capa.jpg\" alt=\"dm2ed-capa\" width=\"170\" height=\"240\" \/><\/p>\n","protected":false},"excerpt":{"rendered":"<p>I am the author of \u201cPrinc\u00edpios de An\u00e1lise e Projeto de Sistemas com UML\u201d, and co-author of \u201cData Mining: Conceitos, t\u00e9cnicas, algoritmos, orienta\u00e7\u00f5es e aplica\u00e7\u00f5es\u201d, both books published by Elsevier\/Brazil. Details about these books (complimentary material, slides, etc) can be found in the links bellow. Princ\u00edpios de An\u00e1lise e Projeto de Sistemas com UML Data [&hellip;]<\/p>\n","protected":false},"author":1,"featured_media":0,"parent":0,"menu_order":0,"comment_status":"closed","ping_status":"closed","template":"","meta":{"footnotes":""},"class_list":["post-20","page","type-page","status-publish","hentry"],"_links":{"self":[{"href":"https:\/\/eic.cefet-rj.br\/~ebezerra\/wp-json\/wp\/v2\/pages\/20","targetHints":{"allow":["GET"]}}],"collection":[{"href":"https:\/\/eic.cefet-rj.br\/~ebezerra\/wp-json\/wp\/v2\/pages"}],"about":[{"href":"https:\/\/eic.cefet-rj.br\/~ebezerra\/wp-json\/wp\/v2\/types\/page"}],"author":[{"embeddable":true,"href":"https:\/\/eic.cefet-rj.br\/~ebezerra\/wp-json\/wp\/v2\/users\/1"}],"replies":[{"embeddable":true,"href":"https:\/\/eic.cefet-rj.br\/~ebezerra\/wp-json\/wp\/v2\/comments?post=20"}],"version-history":[{"count":10,"href":"https:\/\/eic.cefet-rj.br\/~ebezerra\/wp-json\/wp\/v2\/pages\/20\/revisions"}],"predecessor-version":[{"id":201,"href":"https:\/\/eic.cefet-rj.br\/~ebezerra\/wp-json\/wp\/v2\/pages\/20\/revisions\/201"}],"wp:attachment":[{"href":"https:\/\/eic.cefet-rj.br\/~ebezerra\/wp-json\/wp\/v2\/media?parent=20"}],"curies":[{"name":"wp","href":"https:\/\/api.w.org\/{rel}","templated":true}]}}