{"id":1969,"date":"2022-02-14T18:19:23","date_gmt":"2022-02-14T18:19:23","guid":{"rendered":"https:\/\/eic.cefet-rj.br\/~ebezerra\/?page_id=1969"},"modified":"2022-02-20T14:29:15","modified_gmt":"2022-02-20T14:29:15","slug":"deep-learning-short-course-2022","status":"publish","type":"page","link":"https:\/\/eic.cefet-rj.br\/~ebezerra\/deep-learning-short-course-2022\/","title":{"rendered":"Deep Learning &#8211; short course (2022)"},"content":{"rendered":"<h1>Programa de Ver\u00e3o do LNCC<br \/>\nJornada de Ci\u00eancia de Dados (14-18\/fev)<\/h1>\n<h2 style=\"text-align: center;\">MC03-CD.Deep Learning<\/h2>\n<p>Professor: Eduardo Bezerra (CEFET\/RJ)<br \/>\nCarga Hor\u00e1ria: 6h<br \/>\nPer\u00edodo: 14\/02\/2022 a 17\/02\/2022<br \/>\nDias e Hor\u00e1rios: 2a a 5a feira de 15:45h \u00e0s 17:15h<\/p>\n<h4><strong>Sum\u00e1rio<\/strong><\/h4>\n<p>O objetivo do mini-curso \u00e9 apresentar uma introdu\u00e7\u00e3o \u00e0 aprendizagem profunda. S\u00e3o apresentados conceitos b\u00e1sicos da area, t\u00e9cnicas relacionadas ao treinamento e a avalia\u00e7\u00e3o de modelos. S\u00e3o tamb\u00e9m descritas algumas das principais arquiteturas de redes profundas, al\u00e9m de algumas aplica\u00e7\u00f5es. S\u00e3o apresentados exemplos de c\u00f3digo por meio do framework PyTorch.<\/p>\n<h4><strong>Plano<\/strong><\/h4>\n<p>1. conceitos b\u00e1sicos de RNAs;<br \/>\n2. t\u00e9cnicas de treinamento (parte 1); redes MLP;<br \/>\n3. t\u00e9cnicas de treinamento (parte 2); redes de convolu\u00e7\u00e3o;<br \/>\n4. redes recorrentes (LSTMs); considera\u00e7\u00f5es finais.<\/p>\n<h4><strong>Material<\/strong><\/h4>\n<ul>\n<li><strong>Aula 1<\/strong>\u00a0<strong> (14\/fevereiro): <a href=\"https:\/\/www.dropbox.com\/s\/gr7mkeu5yuez369\/Aula1%20%28ANN%20basics%29.pptx?dl=0\">slides<\/a>, <a href=\"https:\/\/www.youtube.com\/watch?v=F2yRi9TIH6I\">video<\/a><\/strong><\/li>\n<li><strong>Aula 2 (15\/fevereiro): <a href=\"https:\/\/colab.research.google.com\/drive\/1u_L8__YrAF-j-0tdIB88uPx8X4emNopg?usp=sharing\">notebook<\/a>, <a href=\"https:\/\/youtu.be\/COzJoiPGNGk\">video<\/a><\/strong><\/li>\n<li><strong>Aula 3 (16\/fevereiro): <a href=\"https:\/\/colab.research.google.com\/drive\/1O7Nrq3QNtgkslcB48WZQ714icJxCsi8O?usp=sharing\">notebook<\/a>, <a href=\"https:\/\/youtu.be\/T_RmjbvZsx0\">video<\/a><\/strong><\/li>\n<li><strong>Aula 4 (17\/fevereiro): <a href=\"https:\/\/www.dropbox.com\/s\/9k3gbqrek8zdl5k\/Aula4a%20%28Training%20Neural%20Nets%29.pptx?dl=0\">slides<\/a>, <a href=\"https:\/\/colab.research.google.com\/drive\/1T1F1MZSRO1BRzf4q_WU7G-WESLvfqQw0?usp=sharing\">notebook<\/a>, <a href=\"https:\/\/www.dropbox.com\/s\/5ozcy7tv9xv99a1\/Aula4b%20%28apps%2C%20final%20remarks%29.pptx?dl=0\">slides<\/a>, <a href=\"https:\/\/youtu.be\/QdgZ-FooIok\">video<\/a><\/strong><\/li>\n<li><strong>Aula extra &#8211; redes recorrentes: <a href=\"https:\/\/www.dropbox.com\/s\/xn0x8i846egivxp\/AulaExtra%20%28redes%20neurais%20recorrentes%29.pptx?dl=0\">slides<\/a>, notebook<\/strong><\/li>\n<\/ul>\n<h4>Additional Resources<\/h4>\n<ul>\n<li><a href=\"http:\/\/neuralnetworksanddeeplearning.com\">Neural Networks and Deep Learning<\/a>\u00a0(Michael Nielsen&#8217;s book)<\/li>\n<li><a href=\"https:\/\/www.deeplearningbook.org\">Deep Learning Book<\/a>\u00a0\u00a0(Goodfellow et al&#8217;s book)<\/li>\n<li><a href=\"https:\/\/www.researchgate.net\/publication\/309321510_Introducao_a_Aprendizagem_Profunda\">Introdu\u00e7\u00e3o \u00e0 Aprendizagem Profunda<\/a><\/li>\n<li><a href=\"https:\/\/www.mlyearning.org\">Machine Learning Yearning<\/a> (Andrew Ng&#8217;s book)<\/li>\n<li><a href=\"https:\/\/www.coursera.org\/specializations\/deep-learning\">Deep Learning Specialization<\/a> (Coursera Course)<\/li>\n<li><a href=\"http:\/\/cs231n.stanford.edu\">CS231n: Convolutional Neural Networks for Visual Recognition<\/a><\/li>\n<li><a href=\"http:\/\/karpathy.github.io\/2015\/05\/21\/rnn-effectiveness\/\">The Unreasonable Effectiveness of Recurrent Neural Networks<\/a><\/li>\n<li><a href=\"http:\/\/colah.github.io\/posts\/2015-08-Understanding-LSTMs\/\">Understanding LSTM Networks<\/a><\/li>\n<li><a href=\"http:\/\/mlg.eng.cam.ac.uk\/yarin\/thesis\/\">Uncertainty in Deep Learning<\/a> (Yarin Gal&#8217;s PhD thesis)<\/li>\n<li><a href=\"https:\/\/stats385.github.io\">Theories of Deep Learning<\/a> (Course at Stanford University)<\/li>\n<li><a href=\"https:\/\/alexgkendall.com\/computer_vision\/bayesian_deep_learning_for_safe_ai\/\">Deep Learning Is Not Good Enough, We Need Bayesian Deep Learning for Safe AI<\/a><\/li>\n<li><a href=\"https:\/\/www.kdnuggets.com\/2017\/01\/generative-adversarial-networks-hot-topic-machine-learning.html\">Generative Adversarial Networks \u2013 Hot Topic in Machine Learning<\/a><\/li>\n<li><a href=\"https:\/\/github.com\/nashory\/gans-awesome-applications\">gans-awesome-applications<\/a><\/li>\n<li><a href=\"https:\/\/medium.com\/@jonathan_hui\/gan-some-cool-applications-of-gans-4c9ecca35900\">Some cool applications of GANs<\/a><\/li>\n<\/ul>\n","protected":false},"excerpt":{"rendered":"<p>Programa de Ver\u00e3o do LNCC Jornada de Ci\u00eancia de Dados (14-18\/fev) MC03-CD.Deep Learning Professor: Eduardo Bezerra (CEFET\/RJ) Carga Hor\u00e1ria: 6h Per\u00edodo: 14\/02\/2022 a 17\/02\/2022 Dias e Hor\u00e1rios: 2a a 5a feira de 15:45h \u00e0s 17:15h Sum\u00e1rio O objetivo do mini-curso \u00e9 apresentar uma introdu\u00e7\u00e3o \u00e0 aprendizagem profunda. S\u00e3o apresentados conceitos b\u00e1sicos da area, t\u00e9cnicas relacionadas [&hellip;]<\/p>\n","protected":false},"author":1,"featured_media":0,"parent":0,"menu_order":0,"comment_status":"closed","ping_status":"closed","template":"","meta":{"footnotes":""},"class_list":["post-1969","page","type-page","status-publish","hentry"],"_links":{"self":[{"href":"https:\/\/eic.cefet-rj.br\/~ebezerra\/wp-json\/wp\/v2\/pages\/1969","targetHints":{"allow":["GET"]}}],"collection":[{"href":"https:\/\/eic.cefet-rj.br\/~ebezerra\/wp-json\/wp\/v2\/pages"}],"about":[{"href":"https:\/\/eic.cefet-rj.br\/~ebezerra\/wp-json\/wp\/v2\/types\/page"}],"author":[{"embeddable":true,"href":"https:\/\/eic.cefet-rj.br\/~ebezerra\/wp-json\/wp\/v2\/users\/1"}],"replies":[{"embeddable":true,"href":"https:\/\/eic.cefet-rj.br\/~ebezerra\/wp-json\/wp\/v2\/comments?post=1969"}],"version-history":[{"count":25,"href":"https:\/\/eic.cefet-rj.br\/~ebezerra\/wp-json\/wp\/v2\/pages\/1969\/revisions"}],"predecessor-version":[{"id":2012,"href":"https:\/\/eic.cefet-rj.br\/~ebezerra\/wp-json\/wp\/v2\/pages\/1969\/revisions\/2012"}],"wp:attachment":[{"href":"https:\/\/eic.cefet-rj.br\/~ebezerra\/wp-json\/wp\/v2\/media?parent=1969"}],"curies":[{"name":"wp","href":"https:\/\/api.w.org\/{rel}","templated":true}]}}