{"id":825,"date":"2021-11-15T00:36:04","date_gmt":"2021-11-15T00:36:04","guid":{"rendered":"https:\/\/eic.cefet-rj.br\/~dal\/?p=825"},"modified":"2025-10-21T00:35:36","modified_gmt":"2025-10-21T00:35:36","slug":"tutorial-nosql-arangodb","status":"publish","type":"page","link":"https:\/\/eic.cefet-rj.br\/~dal\/tutorial-nosql-arangodb\/","title":{"rendered":"Tutorial NoSQL ArangoDB"},"content":{"rendered":"<p>O tutorial da solu\u00e7\u00e3o NoSQL ArangoDB desenvolvido por Janio de Souza Lima (PPCIC) despertou interesse dos fabricantes da ferramenta. O discente foi convidado a publicar seu c\u00f3digo (Jupyter Notebook) no reposit\u00f3rio oficial da comunidade ArangoDB na \u00e1rea de tutoriais.<\/p>\n<p>O c\u00f3digo est\u00e1 dispon\u00edvel em <a href=\"https:\/\/github.com\/arangodb\/interactive_tutorials\/blob\/master\/community_notebooks\/BD_g01_ArangoDB.ipynb\">https:\/\/github.com\/arangodb\/interactive_tutorials\/blob\/master\/community_notebooks\/BD_g01_ArangoDB.ipynb<\/a>. Ele foi desenvolvido como parte das atividades da disciplina de Banco de Dados ministrada pelo professor Jorge Soares (PPCIC).<\/p>\n<p>Janio Lima desenvolveu tamb\u00e9m conte\u00fados complementares em v\u00eddeo explicando o tutorial e como implementar a solu\u00e7\u00e3o NoSQL ArangoDB atrav\u00e9s de sua API para Python. Os v\u00eddeos est\u00e3o dispon\u00edveis no canal do YouTube &#8220;Python DS&#8221; do discente:<\/p>\n<ul>\n<li><a href=\"https:\/\/youtu.be\/rUzyJrTNXd4\">Mini Curso ArangoDB (AULA 01)<\/a><\/li>\n<li><a href=\"https:\/\/youtu.be\/q50iZZ4sskA\">Mini Curso ArangoDB (AULA 02)<\/a><\/li>\n<li><a href=\"https:\/\/youtu.be\/8iCZjF8R-hI\">Mini Curso ArangoDB (AULA 03)<\/a><\/li>\n<li><a href=\"https:\/\/youtu.be\/Y5qnAhPcfj0\">Reprodu\u00e7\u00e3o do Benchmark ArangoDB<\/a><\/li>\n<\/ul>\n","protected":false},"excerpt":{"rendered":"<p>O tutorial da solu\u00e7\u00e3o NoSQL ArangoDB desenvolvido por Janio de Souza Lima (PPCIC) despertou interesse dos fabricantes da ferramenta. O discente foi convidado a publicar seu c\u00f3digo (Jupyter Notebook) no reposit\u00f3rio oficial da comunidade ArangoDB na \u00e1rea de tutoriais. O c\u00f3digo est\u00e1 dispon\u00edvel em https:\/\/github.com\/arangodb\/interactive_tutorials\/blob\/master\/community_notebooks\/BD_g01_ArangoDB.ipynb. Ele foi desenvolvido como parte das atividades da disciplina de [&hellip;]<\/p>\n","protected":false},"author":1,"featured_media":0,"parent":0,"menu_order":0,"comment_status":"closed","ping_status":"closed","template":"","meta":{"footnotes":""},"class_list":["post-825","page","type-page","status-publish","hentry","entry"],"_links":{"self":[{"href":"https:\/\/eic.cefet-rj.br\/~dal\/wp-json\/wp\/v2\/pages\/825","targetHints":{"allow":["GET"]}}],"collection":[{"href":"https:\/\/eic.cefet-rj.br\/~dal\/wp-json\/wp\/v2\/pages"}],"about":[{"href":"https:\/\/eic.cefet-rj.br\/~dal\/wp-json\/wp\/v2\/types\/page"}],"author":[{"embeddable":true,"href":"https:\/\/eic.cefet-rj.br\/~dal\/wp-json\/wp\/v2\/users\/1"}],"replies":[{"embeddable":true,"href":"https:\/\/eic.cefet-rj.br\/~dal\/wp-json\/wp\/v2\/comments?post=825"}],"version-history":[{"count":2,"href":"https:\/\/eic.cefet-rj.br\/~dal\/wp-json\/wp\/v2\/pages\/825\/revisions"}],"predecessor-version":[{"id":1495,"href":"https:\/\/eic.cefet-rj.br\/~dal\/wp-json\/wp\/v2\/pages\/825\/revisions\/1495"}],"wp:attachment":[{"href":"https:\/\/eic.cefet-rj.br\/~dal\/wp-json\/wp\/v2\/media?parent=825"}],"curies":[{"name":"wp","href":"https:\/\/api.w.org\/{rel}","templated":true}]}}