{"id":947,"date":"2020-01-28T16:19:30","date_gmt":"2020-01-28T19:19:30","guid":{"rendered":"http:\/\/eic.cefet-rj.br\/ppcic\/?page_id=947"},"modified":"2021-03-30T12:04:41","modified_gmt":"2021-03-30T15:04:41","slug":"corpo-discente","status":"publish","type":"page","link":"https:\/\/eic.cefet-rj.br\/ppcic\/corpo-discente\/","title":{"rendered":"Corpo Discente"},"content":{"rendered":"<p><span style=\"font-weight: 400;\">O ingresso de discentes no PPCIC \u00e9 feito por meio de edital elaborado pelo colegiado e aprovado pelo COPEP. No edital consta o n\u00famero de vagas dispon\u00edveis por orientador. Dada a caracter\u00edstica interdisciplinar do Programa, s\u00e3o aceitos candidatos das mais variadas \u00e1reas de forma\u00e7\u00e3o. O requisito para ingresso no Programa \u00e9 a apresenta\u00e7\u00e3o de diploma reconhecido pelo MEC nos termos da legisla\u00e7\u00e3o vigente.<\/span><\/p>\n<p><span style=\"font-weight: 400;\">A sele\u00e7\u00e3o de discentes por parte do PPCIC\u00a0 \u00e9 feita por um processo seletivo composto por duas etapas. Na primeira etapa \u00e9 avaliada a an\u00e1lise curricular e a proposta de pesquisa entregue pelo candidato, considerando a ades\u00e3o da proposta aos temas de pesquisa do orientador escolhido, bem como o perfil acad\u00eamico e\/ou profissional do candidato. Na segunda etapa, os candidatos classificados passam por uma argui\u00e7\u00e3o oral onde s\u00e3o questionados sobre a proposta apresentada.<\/span><\/p>\n<p><span style=\"font-weight: 400;\">Em ader\u00eancia aos princ\u00edpios do <\/span><i><span style=\"font-weight: 400;\">UK quality code<\/span><\/i><span style=\"font-weight: 400;\"> (importante no contexto de autoavalia\u00e7\u00e3o do Programa), o processo seletivo \u00e9 transparente e justo. Para auxiliar os candidatos, o Programa oferece uma p\u00e1gina com informa\u00e7\u00f5es claras do processo seletivo, incluindo v\u00eddeos no Youtube explicando o Programa, o processo seletivo e a pesquisa conduzida por cada docente permanente do Programa.\u00a0<\/span><\/p>\n<p><span style=\"font-weight: 400;\">Cada processo seletivo realizado tem dura\u00e7\u00e3o aproximada de dois meses. Em 2016, ano de in\u00edcio do programa, o PPCIC selecionou dez alunos. De 2017 e 2019, foram selecionados 71 alunos. O Programa terminou o ano de 2019 com 52 discentes ativos. A partir de 2018 j\u00e1 tivemos os primeiros egressos formados. At\u00e9 o final de 2019, formaram-se 14 mestres e tem-se quatro defesas marcadas para janeiro de 2020.<\/span><\/p>\n<p><span style=\"font-weight: 400;\">Apesar de ser um programa novo, o PPCIC apoia seus discentes com a concess\u00e3o de bolsas de estudo do Programa. Atualmente, o programa tem a capacidade de apoiar cerca de 20% do seu corpo discente, seja com bolsas oriundas da CAPES ou de recursos pr\u00f3prios do CEFET\/RJ.<\/span><\/p>\n<p><span style=\"font-weight: 400;\">\u00c9 poss\u00edvel consultar o corpo discente do PPCIC atrav\u00e9s da<\/span><a href=\"https:\/\/sucupira.capes.gov.br\/sucupira\/public\/index.jsf\"> <span style=\"font-weight: 400;\">plataforma Sucupira<\/span><\/a><span style=\"font-weight: 400;\">.<\/span><\/p>\n","protected":false},"excerpt":{"rendered":"<p>O ingresso de discentes no PPCIC \u00e9 feito por meio de edital elaborado pelo colegiado e aprovado pelo COPEP. No edital consta o n\u00famero de vagas dispon\u00edveis por orientador. Dada a caracter\u00edstica interdisciplinar do Programa, s\u00e3o aceitos candidatos das mais variadas \u00e1reas de forma\u00e7\u00e3o. O requisito para ingresso no Programa \u00e9 a apresenta\u00e7\u00e3o de diploma [&hellip;]<\/p>\n","protected":false},"author":2,"featured_media":0,"parent":0,"menu_order":0,"comment_status":"closed","ping_status":"closed","template":"","meta":{"_monsterinsights_skip_tracking":false,"_monsterinsights_sitenote_active":false,"_monsterinsights_sitenote_note":"","_monsterinsights_sitenote_category":0,"footnotes":""},"class_list":["post-947","page","type-page","status-publish","hentry"],"_links":{"self":[{"href":"https:\/\/eic.cefet-rj.br\/ppcic\/wp-json\/wp\/v2\/pages\/947","targetHints":{"allow":["GET"]}}],"collection":[{"href":"https:\/\/eic.cefet-rj.br\/ppcic\/wp-json\/wp\/v2\/pages"}],"about":[{"href":"https:\/\/eic.cefet-rj.br\/ppcic\/wp-json\/wp\/v2\/types\/page"}],"author":[{"embeddable":true,"href":"https:\/\/eic.cefet-rj.br\/ppcic\/wp-json\/wp\/v2\/users\/2"}],"replies":[{"embeddable":true,"href":"https:\/\/eic.cefet-rj.br\/ppcic\/wp-json\/wp\/v2\/comments?post=947"}],"version-history":[{"count":11,"href":"https:\/\/eic.cefet-rj.br\/ppcic\/wp-json\/wp\/v2\/pages\/947\/revisions"}],"predecessor-version":[{"id":4122,"href":"https:\/\/eic.cefet-rj.br\/ppcic\/wp-json\/wp\/v2\/pages\/947\/revisions\/4122"}],"wp:attachment":[{"href":"https:\/\/eic.cefet-rj.br\/ppcic\/wp-json\/wp\/v2\/media?parent=947"}],"curies":[{"name":"wp","href":"https:\/\/api.w.org\/{rel}","templated":true}]}}