{"id":800,"date":"2020-01-28T23:54:49","date_gmt":"2020-01-29T02:54:49","guid":{"rendered":"http:\/\/eic.cefet-rj.br\/ppcic\/?page_id=800"},"modified":"2021-03-30T11:09:33","modified_gmt":"2021-03-30T14:09:33","slug":"proposta-curricular","status":"publish","type":"page","link":"https:\/\/eic.cefet-rj.br\/ppcic\/proposta-curricular\/","title":{"rendered":"Proposta Curricular"},"content":{"rendered":"<blockquote>\n<h3><b>I &#8211; Estrutura Curricular<\/b><\/h3>\n<\/blockquote>\n<p><span style=\"font-weight: 400;\">O curso de Mestrado em Ci\u00eancia da Computa\u00e7\u00e3o \u00e9 organizado em regime trimestral. De acordo com a norma do Programa, para obten\u00e7\u00e3o do t\u00edtulo de Mestre em Ci\u00eancia da Computa\u00e7\u00e3o, os discentes do Programa precisam obter 24 cr\u00e9ditos em disciplinas, sendo, no m\u00ednimo, nove cr\u00e9ditos de disciplinas do n\u00facleo b\u00e1sico, com os demais podendo ser complementados com disciplinas do n\u00facleo espec\u00edfico. Os discentes tamb\u00e9m precisam cursar as disciplinas Semin\u00e1rio para Disserta\u00e7\u00e3o e Pesquisa para Disserta\u00e7\u00e3o, ambas sem atribui\u00e7\u00e3o de cr\u00e9ditos, mas obrigat\u00f3rias. Na disciplina <\/span><i><span style=\"font-weight: 400;\">Semin\u00e1rio para Disserta\u00e7\u00e3o<\/span><\/i><span style=\"font-weight: 400;\"> os discentes apresentam a proposta de disserta\u00e7\u00e3o devendo essa ser aprovada por Banca Examinadora. Os discentes cursam a disciplina <\/span><i><span style=\"font-weight: 400;\">Pesquisa para Disserta\u00e7\u00e3o<\/span><\/i><span style=\"font-weight: 400;\">, uma vez j\u00e1 tendo sua proposta aprovada, para elabora\u00e7\u00e3o e defesa da sua disserta\u00e7\u00e3o. No caso de estudantes bolsistas, \u00e9 obrigat\u00f3rio o cumprimento da disciplina <\/span><i><span style=\"font-weight: 400;\">Est\u00e1gio de Doc\u00eancia<\/span><\/i><span style=\"font-weight: 400;\">.<\/span><\/p>\n<p><span style=\"font-weight: 400;\">Cabe ressaltar o compromisso do PPCIC em formar egressos com s\u00f3lida forma\u00e7\u00e3o em Ci\u00eancia da Computa\u00e7\u00e3o com \u00eanfase em Ci\u00eancia de Dados. Neste contexto, constitui-se um desafio t\u00e9cnico-cient\u00edfico em computa\u00e7\u00e3o o estudo met\u00f3dico para a extra\u00e7\u00e3o generalizada e em escala de conhecimento relevante a partir de uma imensa massa de dados, em geral din\u00e2micos. Por conta disso, o programa estabelece um balan\u00e7o entre ofertas de disciplinas b\u00e1sicas que oferecem um arcabou\u00e7o te\u00f3rico referentes a forma\u00e7\u00e3o b\u00e1sica em Ci\u00eancia da Computa\u00e7\u00e3o e as disciplinas eletivas que atendem \u00e0s demandas referentes \u00e0 extra\u00e7\u00e3o de conhecimento a partir do processamento de grandes volumes de dados.<\/span><\/p>\n<p><span style=\"font-weight: 400;\">Especificamente, identificamos duas linhas de pesquisa principais cujo amadurecimento conduz a uma forma\u00e7\u00e3o abrangente de Cientista da Computa\u00e7\u00e3o com forma\u00e7\u00e3o s\u00f3lida de Ci\u00eancia de Dados em um horizonte de alguns anos de pesquisa e desenvolvimento: (i) An\u00e1lise de Dados e Aplica\u00e7\u00f5es e (ii) Aprendizado de M\u00e1quina e Otimiza\u00e7\u00e3o.<\/span><\/p>\n<p><b>Disciplinas do Programa<\/b><\/p>\n<p><span style=\"font-weight: 400;\">Considerando-se o perfil de egresso, o Programa visa formar recursos humanos altamente qualificados e servir de alicerce para a sua proje\u00e7\u00e3o na sociedade do conhecimento. O curso de mestrado do PPCIC oferece aos alunos um leque de disciplinas da computa\u00e7\u00e3o, articuladas com as linhas de pesquisa do Programa promovendo uma forma\u00e7\u00e3o abrangente e atual.<\/span><\/p>\n<p><span style=\"font-weight: 400;\">O Programa oferece seis disciplinas b\u00e1sicas: (i) An\u00e1lise e Projeto de Algoritmos; (ii) Arquitetura de Computadores; (iii) Banco de Dados; (iv) Computa\u00e7\u00e3o Paralela e Distribu\u00edda; (v) Estat\u00edstica e Probabilidade e (vi) Metodologia Cient\u00edfica em Computa\u00e7\u00e3o. O discente deve fazer, pelo menos, tr\u00eas disciplinas b\u00e1sicas. O orientador, \u00e0 luz da pr\u00e9via forma\u00e7\u00e3o do discente estabelece quais disciplinas o discente deve fazer e se h\u00e1 a necessidade de se fazer mais do que tr\u00eas disciplinas b\u00e1sicas. Esta estrutura est\u00e1 de acordo com a \u00faltima atualiza\u00e7\u00e3o do documento de \u00e1rea em Computa\u00e7\u00e3o de 2019.\u00a0<\/span><\/p>\n<p><span style=\"font-weight: 400;\">As demais disciplinas s\u00e3o as eletivas. Para fornecer a forma\u00e7\u00e3o em Ci\u00eancia de Dados, o conjunto de disciplinas oferecidas pelo Programa foi comparada aos 23 maiores programas de mestrado em Ci\u00eancia de Dados dos Estados Unidos. As disciplinas ofertadas s\u00e3o as principais contextualizadas em Ci\u00eancia de Dados. Elas s\u00e3o distribu\u00eddas de forma homog\u00eanea entre os docentes do Programa e d\u00e3o suporte aos objetivos de pesquisa relacionados nas linhas e projetos de pesquisa do Programa. A partir do crescimento do n\u00famero de docentes e de linhas, novas disciplinas est\u00e3o mapeadas para serem ofertadas ampliando a cobertura em Ci\u00eancia de Dados.\u00a0<\/span><\/p>\n<p><span style=\"font-weight: 400;\">Na p\u00e1gina do Programa s\u00e3o apresentadas as disciplinas oferecidas, identificando as que s\u00e3o do n\u00facleo b\u00e1sico, bem como aquelas pertencentes n\u00facleo espec\u00edfico. Cumpre ressaltar que a oferta das disciplinas por trimestre \u00e9 planejada e divulgada ao final do ano anterior, o que viabiliza aos alunos se planejarem antecipadamente quanto as disciplinas a serem cursadas em cada trimestre.<\/span><\/p>\n<blockquote>\n<h3><b>II &#8211; Experi\u00eancias Inovadoras de Forma\u00e7\u00e3o<\/b><\/h3>\n<\/blockquote>\n<p><span style=\"font-weight: 400;\">O PPCIC utiliza tecnologias educacionais no Programa de Mestrado. Seus materiais did\u00e1ticos s\u00e3o primordial e preferencialmente acessados por meio da Plataforma Moodle. Por meio da plataforma, os alunos t\u00eam acesso a materiais de apoio, submetem trabalhos e interagem entre si, assim como com docentes. As salas de aula foram recentemente equipadas com quadros interativos com recursos para os docentes.<\/span><\/p>\n<p><span style=\"font-weight: 400;\">Ademais, h\u00e1 um planejamento de maior intera\u00e7\u00e3o entre a gradua\u00e7\u00e3o e p\u00f3s-gradua\u00e7\u00e3o por meio da disciplina da gradua\u00e7\u00e3o denominada de <\/span><i><span style=\"font-weight: 400;\">Pr\u00e1tica de Pesquisa Aplicada<\/span><\/i><span style=\"font-weight: 400;\">. Nesta disciplina, os alunos de mestrado podem realizar a Pr\u00e1tica em Doc\u00eancia formulando temas perif\u00e9ricos \u00e0 sua pesquisa de mestrado que s\u00e3o desenvolvidos por grupos de alunos ao longo da disciplina e que podem ser utilizados como temas de trabalho de conclus\u00e3o de curso da gradua\u00e7\u00e3o. Estas iniciativas s\u00e3o positivas pois geram uma maior sinergia entre gradua\u00e7\u00e3o e p\u00f3s-gradua\u00e7\u00e3o, despertam mais rapidamente a voca\u00e7\u00e3o de trabalho colaborativo em Pesquisa &amp; Desenvolvimento nos alunos de mestrado e, ao mesmo tempo, o interesse dos alunos de gradua\u00e7\u00e3o em melhorar a sua forma\u00e7\u00e3o ao decidir fazer o mestrado.<\/span><\/p>\n<p><span style=\"font-weight: 400;\">Outra caracter\u00edstica inovadora est\u00e1 nos <\/span><i><span style=\"font-weight: 400;\">Semin\u00e1rios Semanais de Pesquisa<\/span><\/i><span style=\"font-weight: 400;\">. Tais semin\u00e1rios t\u00eam por objetivo estimular os discentes do PPCIC na sua capacidade de organizar as suas pesquisas e expor suas ideias. Os semin\u00e1rios ocorrem ao longo de cada trimestre letivo, tendo a participa\u00e7\u00e3o dos discentes matriculados do segundo trimestre do curso em diante. Nos semin\u00e1rios os discentes apresentam: (i) artigos aceitos para publica\u00e7\u00e3o em confer\u00eancias, para fins de pr\u00e9via\/ensaio; (ii) artigos confeccionados ao longo de alguma disciplina cursada no trimestre anterior; (iii) um relato sobre a evolu\u00e7\u00e3o da sua pesquisa. Por meio de tais apresenta\u00e7\u00f5es, os discentes obt\u00eam <\/span><i><span style=\"font-weight: 400;\">feedback<\/span><\/i><span style=\"font-weight: 400;\"> sobre seus trabalhos e apresenta\u00e7\u00f5es, auxiliando no seu desenvolvimento acad\u00eamico.<\/span><\/p>\n<p><span style=\"font-weight: 400;\">Os Semin\u00e1rios Semanais de Pesquisa s\u00e3o integrados \u00e0 disciplina de <\/span><i><span style=\"font-weight: 400;\">Metodologia Cient\u00edfica em Computa\u00e7\u00e3o<\/span><\/i><span style=\"font-weight: 400;\">. Assim, discentes que recentemente ingressaram no curso t\u00eam a oportunidade de observar na pr\u00e1tica os conceitos explorados na disciplina, bem como conhecer as pesquisas em andamento por outros discentes, o que mobiliza uma maior integra\u00e7\u00e3o entre eles.<\/span><\/p>\n<p><span style=\"font-weight: 400;\">Destaca-se tamb\u00e9m a participa\u00e7\u00e3o dos alunos de gradua\u00e7\u00e3o nos semin\u00e1rios, como atividade complementar \u00e0 sua forma\u00e7\u00e3o, por meio do c\u00f4mputo de horas obrigat\u00f3rias. Tal participa\u00e7\u00e3o \u00e9 importante, permitindo uma maior integra\u00e7\u00e3o destes com os discentes do PPCIC. Junto com a disciplina de <\/span><i><span style=\"font-weight: 400;\">Pr\u00e1tica de Pesquisa Aplicada<\/span><\/i><span style=\"font-weight: 400;\">, os semin\u00e1rios representam mais um est\u00edmulo para os alunos de gradua\u00e7\u00e3o a seguirem no mestrado.<\/span><\/p>\n<p><span style=\"font-weight: 400;\">Cabe mencionar tamb\u00e9m a intera\u00e7\u00e3o com alunos do ensino m\u00e9dio-t\u00e9cnico, atrav\u00e9s do Programa PIBIC-EM, buscando efetivamente a verticaliza\u00e7\u00e3o do ensino; esses alunos, portanto, t\u00eam a oportunidade de interagir com alunos de outros n\u00edveis de ensino, vivenciando a pr\u00e1tica da pesquisa.<\/span><\/p>\n","protected":false},"excerpt":{"rendered":"<p>I &#8211; Estrutura Curricular O curso de Mestrado em Ci\u00eancia da Computa\u00e7\u00e3o \u00e9 organizado em regime trimestral. De acordo com a norma do Programa, para obten\u00e7\u00e3o do t\u00edtulo de Mestre em Ci\u00eancia da Computa\u00e7\u00e3o, os discentes do Programa precisam obter 24 cr\u00e9ditos em disciplinas, sendo, no m\u00ednimo, nove cr\u00e9ditos de disciplinas do n\u00facleo b\u00e1sico, com [&hellip;]<\/p>\n","protected":false},"author":3,"featured_media":0,"parent":0,"menu_order":0,"comment_status":"closed","ping_status":"closed","template":"","meta":{"_monsterinsights_skip_tracking":false,"_monsterinsights_sitenote_active":false,"_monsterinsights_sitenote_note":"","_monsterinsights_sitenote_category":0,"footnotes":""},"class_list":["post-800","page","type-page","status-publish","hentry"],"_links":{"self":[{"href":"https:\/\/eic.cefet-rj.br\/ppcic\/wp-json\/wp\/v2\/pages\/800","targetHints":{"allow":["GET"]}}],"collection":[{"href":"https:\/\/eic.cefet-rj.br\/ppcic\/wp-json\/wp\/v2\/pages"}],"about":[{"href":"https:\/\/eic.cefet-rj.br\/ppcic\/wp-json\/wp\/v2\/types\/page"}],"author":[{"embeddable":true,"href":"https:\/\/eic.cefet-rj.br\/ppcic\/wp-json\/wp\/v2\/users\/3"}],"replies":[{"embeddable":true,"href":"https:\/\/eic.cefet-rj.br\/ppcic\/wp-json\/wp\/v2\/comments?post=800"}],"version-history":[{"count":33,"href":"https:\/\/eic.cefet-rj.br\/ppcic\/wp-json\/wp\/v2\/pages\/800\/revisions"}],"predecessor-version":[{"id":4092,"href":"https:\/\/eic.cefet-rj.br\/ppcic\/wp-json\/wp\/v2\/pages\/800\/revisions\/4092"}],"wp:attachment":[{"href":"https:\/\/eic.cefet-rj.br\/ppcic\/wp-json\/wp\/v2\/media?parent=800"}],"curies":[{"name":"wp","href":"https:\/\/api.w.org\/{rel}","templated":true}]}}