{"id":788,"date":"2017-01-06T23:47:51","date_gmt":"2017-01-07T01:47:51","guid":{"rendered":"http:\/\/eic.cefet-rj.br\/ppcic\/?page_id=788"},"modified":"2021-04-01T22:29:32","modified_gmt":"2021-04-02T01:29:32","slug":"atividades-complementares","status":"publish","type":"page","link":"https:\/\/eic.cefet-rj.br\/ppcic\/atividades-complementares\/","title":{"rendered":"Atividades Complementares"},"content":{"rendered":"<p><span style=\"font-weight: 400;\">Al\u00e9m das atividades de ensino junto \u00e0 gradua\u00e7\u00e3o, das orienta\u00e7\u00f5es de inicia\u00e7\u00e3o cient\u00edfica e de projetos finais, os docentes do PPCIC t\u00eam realizado v\u00e1rias outras atividades complementares. As a\u00e7\u00f5es incluem atividades: (i) revis\u00e3o de peri\u00f3dicos, (ii) participa\u00e7\u00e3o de comit\u00ea de programas, (iii) participa\u00e7\u00e3o de conselhos superiores do CEFET\/RJ, (iv) atividades de gest\u00e3o, (v) minicursos, (vi) coorienta\u00e7\u00f5es de teses e disserta\u00e7\u00f5es em outras IES, (vii) participa\u00e7\u00e3o de bancas de doutorado e mestrado em outras IES, (viii) homenagens e premia\u00e7\u00f5es. Tais a\u00e7\u00f5es s\u00e3o apresentadas docente a docente, a seguir:<\/span><\/p>\n<p><b>Diego Brand\u00e3o:<\/b><span style=\"font-weight: 400;\"> teve projeto de pesquisa APQ1 aprovado na FAPERJ, projeto de desenvolvimento tecnol\u00f3gico ADT1 aprovado tamb\u00e9m na FAPERJ e projeto de extens\u00e3o aprovado no edital PROEXT\/MEC (2013).\u00a0 \u00c9 l\u00edder do Grupo de Pesquisa de Modelagem Computacional do CEFET\/RJ. Organizou o International Conference on Formal Aspects of Component Software em 2015, o Latin American Workshop on Cliques and Graphs em 2018, a Escola Regional de Sistemas de Informa\u00e7\u00e3o em 2014 e a Escola Regional de Alto Desempenho do Rio de Janeiro em 2019. \u00c9 membro dos comit\u00eas de programas dos seguintes eventos: International Conference on Systems, Signals and Image Processing (IWSSIP), Workshop on Application for Multi-Core Architectures (WAMCA), Escola Regional de Sistemas de Informa\u00e7\u00e3o (ERSI\/RJ), Special Session on High Performance Computing and Modeling &amp; Simulation Education (HPCS). \u00c9 revisor dos seguintes peri\u00f3dicos: International Engineering Journal, Latin American Journal of Computing e Journal of Hydrology. Participa de projeto de Pesquisa e Inova\u00e7\u00e3o junto a Tata Consultancy Service (TCS) na \u00e1rea de Intelig\u00eancia Computacional. Em termos administrativos, atua como o atual presidente do comit\u00ea respons\u00e1vel pelo processo seletivo de alunos do PPCIC.<\/span><\/p>\n<p><b>Diego Haddad:<\/b><span style=\"font-weight: 400;\"> teve projeto de pesquisa Universal aprovado no CNPq (2016) e APQ1 (FAPERJ\/2019). \u00c9 l\u00edder do Grupo de Pesquisa intitulado &#8220;Redes Adaptativas e Processamento Inteligente de Sinais&#8221;. Tem mais de 20 artigos em peri\u00f3dicos e mais de 50 em congressos, entre nacionais e internacionais. \u00c9 revisor dos peri\u00f3dicos Signal Processing, EURASIP Journal on Advances in Signal Processing, Sensors e Entropy. \u00c9 coordenador do Programa de P\u00f3s-Gradua\u00e7\u00e3o em Engenharia El\u00e9trica (PPEEL) do CEFET\/RJ. Participou de bancas de mestrado e doutorado na UFRJ, UFF, UERJ, UFPR e UFJF. Co-orienta disserta\u00e7\u00f5es e teses na COPPE\/UFRJ. Foi membro do Comit\u00ea de Programa T\u00e9cnico do Congresso de Engenharia de \u00c1udio da AES-Brasil (2011, 2014 e 2015) e da Offshore Technology Conference (2011) e est\u00e1 no comit\u00ea de organiza\u00e7\u00e3o do Simp\u00f3sio Brasileiro de Telecomunica\u00e7\u00f5es e Processamento de Sinais (2019). \u00c9 membro do projeto &#8220;Desenvolvimento, Modelagem e Caracteriza\u00e7\u00e3o de Materiais Funcionais&#8221;, contemplado no edital do programa &#8220;Apoio \u00e0s Institui\u00e7\u00f5es de Ensino e Pesquisa Sediadas no Estado do Rio de Janeiro \u2013 2018&#8221; (Edital FAPERJ n\u00ba 11\/2018), o qual tem como objetivo apoiar a aquisi\u00e7\u00e3o e manuten\u00e7\u00e3o de equipamentos, a execu\u00e7\u00e3o de obras de infraestrutura e despesas de custeio previstas em projetos de pesquisa. Recentemente, seu artigo intitulado &#8220;A novel sequential activation method for the locomotion of quadrupedal soft robots&#8221; obteve o pr\u00eamio de melhor artigo (Best Paper) do LARS\/SBR 2019, o maior evento de rob\u00f3tica da Am\u00e9rica Latina.<\/span><\/p>\n<p><b>Eduardo Bezerra:<\/b><span style=\"font-weight: 400;\"> teve projeto tecnol\u00f3gico aprovado no CNPq. \u00c9 l\u00edder do grupo de pesquisa em Aprendizado de M\u00e1quina do CEFET\/RJ. Em 2016 foi autor do minicurso de Aprendizagem Profunda no Simp\u00f3sio Brasileiro de Banco de Dados. Entre 2015 e 2016, produziu uma nova edi\u00e7\u00e3o dos livros: Princ\u00edpios de An\u00e1lise e Projeto de Sistemas com UML e Data Mining: conceitos, t\u00e9cnicas, algoritmos, orienta\u00e7\u00f5es e aplica\u00e7\u00f5es. No tocante ao apoio administrativos, coordenou o Bacharelado em Ci\u00eancia da Computa\u00e7\u00e3o entre 2013-2014, per\u00edodo em que tamb\u00e9m foi membro do Conselho de Ensino. Entre 2015-2016 foi membro suplente do Conselho de Ensino, Pesquisa e Extens\u00e3o.<\/span><\/p>\n<p><b>Eduardo Ogasawara:<\/b><span style=\"font-weight: 400;\"> \u00e9 bolsista de produtividade em pesquisa do CNPq e Jovem Cientista do Nosso Estado da FAPERJ. Teve tamb\u00e9m projetos de pesquisa APQ1 aprovados na FAPERJ. Tamb\u00e9m \u00e9 coordenador local, representando o CEFET\/RJ, no INCT em Ci\u00eancia de Dados que teve o m\u00e9rito aprovado pelo CNPq em 2016. \u00c9 l\u00edder do grupo de pesquisa em Minera\u00e7\u00e3o de Dados do CEFET\/RJ. Coorienta disserta\u00e7\u00f5es e teses com o LNCC e UFF e participou de bancas de doutorado e mestrado no LNCC, UFRJ, IME, UFF e Unicamp. \u00c9 revisor de peri\u00f3dicos como: Journal of Parallel and Distributed Computing, IEEE Transactions on Service Computing e The Journal of Systems and Software. Faz parte do comit\u00ea de programa do SIAM International Conference on Data Mining e do Simp\u00f3sio Brasileiro de Banco de Dados. Anualmente oferece o minicurso de An\u00e1lise de Dados no Programa de Ver\u00e3o do LNCC e em 2019 ofereceu uma oficina de An\u00e1lise de Dados na Escola Regional de Banco de Dados. Participa de Projeto de Pesquisa junto a Petrobras (CENPES) na \u00e1rea de an\u00e1lise de s\u00e9ries espa\u00e7o-temporais. Em termos administrativos, coordena o PPCIC e \u00e9 membro do Conselho de Ensino, Pesquisa e Extens\u00e3o (CEPE) desde 2013. Em 2019, obteve melhor artigo no SBBD.<\/span><\/p>\n<p><b>Felipe da Rocha Henriques<\/b><span style=\"font-weight: 400;\">: teve projeto APQ1 aprovado na FAPERJ em 2019. Participou da Comiss\u00e3o Organizadora do XXXVII Simp\u00f3sio Brasileiro de Telecomunica\u00e7\u00f5es e Processamento de Sinais (SBrT 2019), como Coordenador local. Tem atuado como revisor dos peri\u00f3dicos Digital Signal Processing, Sensors, Journal of Communication and Information System e IEEE Latin America Transactions. Recebeu men\u00e7\u00e3o honrosa no WebMedia 2019 com o artigo \u201cPerformance Evaluation and Comparison of Default and Small Private Key Rainbow Digital Signature Scheme for IoT Devices \u201d e no Workshop de Trabalhos de Inicia\u00e7\u00e3o Cient\u00edfica do WebMedia 2019 com o artigo \u201cUnderApp: A System For Remote Monitoring Of Landslides Based On Wireless Underground Sensor Networks \u201d. Em termos administrativos, atuou como coordenador do Curso T\u00e9cnico em Telecomunica\u00e7\u00f5es do Campus Petr\u00f3polis do CEFET\/RJ de 2012 at\u00e9 2019.<\/span><\/p>\n<p><b>Gustavo Paiva Guedes e Silva:<\/b><span style=\"font-weight: 400;\"> Gustavo Paiva Guedes e Silva teve projeto de pesquisa AUX-IND aprovado na FAPERJ em 2016. \u00c9 l\u00edder do grupo de pesquisa Laborat\u00f3rio de Computa\u00e7\u00e3o Afetiva do CEFET\/RJ. \u00c9 revisor de peri\u00f3dicos como: Psychological Reports, IEEE Latin America Transactions e IEEE Access. Recebeu men\u00e7\u00e3o honrosa no BrasNam 2014 com o artigo \u201cUma Abordagem para Programas de Bonifica\u00e7\u00e3o Baseada em Redes Sociais\u201d, no SAC 2015 com o artigo \u201cExploring Multiple Clustering in Attributed Graphs\u201d e no BrasNam 2019 com o artigo &#8220;Identificac\u0327a\u0303o de predadores sexuais brasileiros por meio de an\u00e1lise de conversas realizadas na Internet&#8221;. Al\u00e9m disso, recebeu pr\u00eamio de melhor artigo no KDMiLe 2017 com o trabalho \u201cTATModel &#8211; Em Dire\u00e7\u00e3o a um Novo Modelo para Avalia\u00e7\u00e3o de Tradu\u00e7\u00f5es Autom\u00e1ticas de Texto&#8221;. Em termos administrativos, coordenou Bacharelado em Ci\u00eancia da Computa\u00e7\u00e3o (Maracan\u00e3) entre 2015 e 2017, per\u00edodo em que tamb\u00e9m foi membro do Conselho de Ensino.<\/span><\/p>\n<p><b>Jo\u00e3o Roberto de Toledo Quadros:<\/b><span style=\"font-weight: 400;\"> teve projeto de pesquisa APQ1 aprovado na FAPERJ. Obteve o melhor artigo do SENID 2013 com o trabalho \u201cConstru\u00e7\u00e3o de Ambiente para Desenvolvimento de Jogos Educacionais Baseados em Interface de Gestos\u201d. Orientou alunos do Curso T\u00e9cnico de Inform\u00e1tica que obtiveram: Medalha de Prata (edi\u00e7\u00f5es de 2010 e 2011) e Bronze (edi\u00e7\u00f5es de 2009 e 2016) e Honra ao M\u00e9rito ( nas edi\u00e7\u00f5es de 2017, 2018 e 2019) na Olimp\u00edada Brasileira de Inform\u00e1tica (OBI), 3o lugar na Copa CRIA (Copa RioINFO de Algoritmos) de 2012 e 2013, quinto e quarto lugar, em 2017 e 2018, na competi\u00e7\u00e3o F\u00f3rmula Drone da SAE Brasil , sendo a \u00fanica equipe a ganhar premia\u00e7\u00e3o em duas edi\u00e7\u00f5es consecutivas, participa\u00e7\u00e3o na Olimp\u00edada Brasileira de Rob\u00f3tica, nas estaduais de 2015, 2016, 2017 , 2018 e 2019. Organiza a Regional do Rio de Janeiro da Olimp\u00edada Brasileira de Inform\u00e1tica desde 2009. Organizou e coordenou, como sede estadual, a Maratona de Programa\u00e7\u00e3o de 2015. Organizou o 1\u00ba F\u00f3rum F\u00f3rmula Drone, com sede no Rio de Janeiro. Em termos administrativos, foi coordenador do Curso Superior de Tecnologia em Sistemas para Internet (Maracan\u00e3) em 2005, coordenador do Curso T\u00e9cnico de Inform\u00e1tica (Maracan\u00e3) de 2006 a 2014; foi membro eleito do Conselho de Ensino (CONEN) no bi\u00eanio de 2012-2013 , membro do Conselho de Ensino M\u00e9dio-T\u00e9cnico (CONDMET) de 2008 a 2014 e membro do Conselho de Extens\u00e3o (CONEX) entre 2018 e 2019.<\/span><\/p>\n<p><b>Joel Andr\u00e9 Ferreira dos Santos:<\/b><span style=\"font-weight: 400;\"> l\u00edder do Grupo de Pesquisa em Multim\u00eddia, col\u00edder do Grupo de Pesquisa em Ci\u00eancia de Dados (2017-2019) do CEFET\/RJ. Teve projetos de pesquisa FAPERJ APQ1 em 2016, FAPERJ APQ2 \u00a0e CAPES PAEP em 2019. Durante seu doutorado teve Bolsa Nota DEZ pela FAPERJ. Como docente do PPCIC orientou a disserta\u00e7\u00e3o ganhadora do pr\u00eamio de melhor disserta\u00e7\u00e3o do Concurso de Teses e Disserta\u00e7\u00f5es do WebMedia 2019. Fez doutorado sandu\u00edche no per\u00edodo 2014-2015 no Inria-Grenoble, possibilitando colabora\u00e7\u00e3o internacional com os pesquisadores C\u00e9cile Roisin e Nabil Laya\u00efda. A colabora\u00e7\u00e3o \u00e9 evidenciada por publica\u00e7\u00e3o em conjunto com os pesquisadores. Foi coordenador geral do XXV Simp\u00f3sio Brasileiro de Sistemas Multim\u00eddia e Web (WebMedia 2019), realizado no CEFET\/RJ, sendo atualmente vice-coordenador da Comiss\u00e3o Especial de Multim\u00eddia e Web (CE-WebMedia) da Sociedade Brasileira de Computa\u00e7\u00e3o (SBC). \u00c9 membro do comit\u00ea de programa do WebMedia desde 2016, da Escola Regional em Computa\u00e7\u00e3o Aplicada \u00e0 Sa\u00fade em 2018 e da ACS\/IEEE International Conference on Computer Systems and Applications em 2019\/20. Em termos administrativos, \u00e9 o substituto do coordenador do PPCIC.<\/span><\/p>\n<p><b>Jorge de Abreu Soares:<\/b><span style=\"font-weight: 400;\"> Col\u00edder do Grupo de Pesquisa em Ci\u00eancia de Dados do CEFET\/RJ. Externamente, orientou at\u00e9 2016 cinco alunos de mestrado na UERJ. Organizou o XVII Encontro do Mestrado em Ci\u00eancias Cont\u00e1beis em 2015. Em termos administrativos, foi coordenador adjunto (dois anos) e geral (um ano e meio) do Programa de P\u00f3s-Gradua\u00e7\u00e3o em Ci\u00eancias Cont\u00e1beis da UERJ, entre 2013 e 2016. Tamb\u00e9m desempenhou a fun\u00e7\u00e3o de Chefe do Departamento de Ci\u00eancias Administrativas da Faculdade de Administra\u00e7\u00e3o e Finan\u00e7as da UERJ em dois mandatos (entre maio de 2011 e maio de 2015), al\u00e9m de ter sido membro do Conselho Superior de Ensino, Pesquisa e Extens\u00e3o da UERJ (CSEPE), participando de sua Comiss\u00e3o Permanente de Pesquisa e P\u00f3s-gradua\u00e7\u00e3o (CPPPG), e da Comiss\u00e3o Permanente de Estrat\u00e9gia, Normas e Desenvolvimento (CPEND). \u00c9 avaliador ad hoc do INEP\/MEC para atos de autoriza\u00e7\u00e3o, reconhecimento e renova\u00e7\u00e3o de reconhecimento referentes aos cursos de gradua\u00e7\u00e3o em Computa\u00e7\u00e3o desde 2010.<\/span><\/p>\n<p><b>Kele Teixeira Belloze:<\/b><span style=\"font-weight: 400;\"> \u00e9 presidente do N\u00facleo Docente Estruturante do curso de Bacharelado em Ci\u00eancia da Computa\u00e7\u00e3o (BCC) e atua como coordenadora acad\u00eamica substituta do Departamento Acad\u00eamico de Inform\u00e1tica. Participa de projeto de pesquisa junto a Fiocruz sobre a modelagem computacional de bact\u00e9rias multirresistentes. Em 2020 \u00e9 uma das organizadoras do Brazilian e-Science Workshop (BreSci), evento do qual \u00e9 membro do comit\u00ea de programa desde 2012. \u00c9 revisora da revista Cadernos de Sa\u00fade P\u00fablica (ENSP-FIOCRUZ). Em 2019, organizou o Workshop de Trabalhos de Inicia\u00e7\u00e3o Cient\u00edfica do WebMedia e coordenou as sess\u00f5es t\u00e9cnicas e p\u00f4steres da Escola Regional de Sistemas de Informa\u00e7\u00e3o do Rio de janeiro.\u00a0<\/span><\/p>\n<p><b>Laura Silva de Assis:<\/b><span style=\"font-weight: 400;\"> teve projeto aprovado na FAPERJ e no pr\u00f3prio CEFET\/RJ (edital interno). Obteve men\u00e7\u00e3o honrosa por trabalho apresentado no 24 Workshop sobre Educa\u00e7\u00e3o em Computa\u00e7\u00e3o (CSBC WEI). Em termos administrativos, coordena o curso de Engenharia de Computa\u00e7\u00e3o (Petr\u00f3polis) desde 2016 e foi membro do Conselho de Extens\u00e3o (CONEX) em 2016. Tamb\u00e9m coordena projeto de extens\u00e3o para o treinamento de alunos de gradua\u00e7\u00e3o e de ensino m\u00e9dio para participarem, respectivamente, na Maratona de programa\u00e7\u00e3o e OBI.<\/span><\/p>\n<p><b>Leonardo Silva de Lima:<\/b><span style=\"font-weight: 400;\"> \u00e9 bolsista de produtividade em pesquisa do CNPq. Foi pesquisador da FAPERJ do Edital Apoio a Grupos Emergentes e de Projeto Universal do CNPq, al\u00e9m de ser bolsista Jovem Cientista do Nosso Estado. \u00c9 l\u00edder do grupo de pesquisa GEOS Gest\u00e3o Estrat\u00e9gica de Opera\u00e7\u00f5es e Sistemas do CEFET\/RJ e participa como pesquisador do grupo Teoria Espectral dos Grafos em Problemas Estruturais de Grafos e em Otimiza\u00e7\u00e3o Combinat\u00f3ria, vinculado ao Programa de Engenharia de Produ\u00e7\u00e3o da COPPE\/UFRJ. Al\u00e9m de parcerias com pesquisadores da UFRJ, o docente tamb\u00e9m realiza trabalhos com pesquisadores da ENCE Escola Nacional de Ci\u00eancias Estat\u00edsticas e de universidades de outros pa\u00edses. \u00c9 coorientador de disserta\u00e7\u00f5es e teses do Programa de Engenharia de Produ\u00e7\u00e3o da COPPE\/UFRJ e do Departamento de Matem\u00e1tica Aplicada da Unicamp. \u00c9 revisor dos peri\u00f3dicos Linear Algebra and its Applications, Discrete Mathematics, Discrete Applied Mathematics e Ars Combinatoria. Faz parte do comit\u00ea de programa dos congressos CNMAC, SBPO. Fez parte da Comiss\u00e3o de Avalia\u00e7\u00e3o dos Programas de P\u00f3s-Gradua\u00e7\u00e3o das Engenharias III na Capes em 2017.<\/span><\/p>\n<p><b>Pedro Henrique Gonz\u00e1lez Silva<\/b><span style=\"font-weight: 400;\">: Em 2017 participou como membro do comit\u00ea de programa do 5th International Conference dedicated to Variable Neighborhood Search e se tornou col\u00edder do Grupo de Pesquisa de Modelagem Computacional do CEFET\/RJ. Organizou em os Semin\u00e1rios da Escola de Inform\u00e1tica e Computa\u00e7\u00e3o, o Workshop da Escola de Inform\u00e1tica e Computa\u00e7\u00e3o e foi membro do comit\u00ea local do Latin American Workshop on Cliques in Graphs em 2018. J\u00e1 em 2019, foi membro do comit\u00ea de programa do Workshop on High Performance Computing for Smart Cities. Em termos administrativos, participa da Comiss\u00e3o de Acompanhamento de Desempenho Discente e da Comiss\u00e3o de Internacionaliza\u00e7\u00e3o desde 2017. Al\u00e9m disso, \u00e9 revisor dos peri\u00f3dicos International Transactions in Operational Research, RAIRO. Recherche Op\u00e9rationnelle, Annals of Operations Research, Journal of the Operational Research Society, Asia-Pacific Journal Of Operational Research, Computers &amp; Industrial Engineering e European Journal Of Operational Research. Atualmente realiza est\u00e1gio P\u00f3s-Doutoral no Programa de Engenharia de Sistemas e Computa\u00e7\u00e3o (PESC\/COPPE\/UFRJ).\u00a0<\/span><\/p>\n<p><b>Rafaelli de Carvalho Coutinho: <\/b><span style=\"font-weight: 400;\">teve projetos aprovados no edital Aux\u00edlio Rec\u00e9m Contratado da FAPERJ em 2016 e 2019, na chamada Meninas nas Ci\u00eancias Exatas, Engenharias e Computa\u00e7\u00e3o do CNPq em 2018 e nos editais internos do CEFET\/RJ por tr\u00eas anos consecutivos, de 2017 a 2019. Organizou o Brazilian e-Science Workshop (BreSci) em 2017 e a Escola Regional de Alto Desempenho do Rio de Janeiro (ERAD-RJ) em 2019. \u00c9 membro do comit\u00ea de programa do BreSci desde 2016 e do comit\u00ea de organiza\u00e7\u00e3o da ERAD-RJ desde 2017. Em termos administrativos, coordena o curso de Engenharia de Controle e Automa\u00e7\u00e3o (Nova Igua\u00e7u) desde 2019.<\/span><\/p>\n","protected":false},"excerpt":{"rendered":"<p>Al\u00e9m das atividades de ensino junto \u00e0 gradua\u00e7\u00e3o, das orienta\u00e7\u00f5es de inicia\u00e7\u00e3o cient\u00edfica e de projetos finais, os docentes do PPCIC t\u00eam realizado v\u00e1rias outras atividades complementares. As a\u00e7\u00f5es incluem atividades: (i) revis\u00e3o de peri\u00f3dicos, (ii) participa\u00e7\u00e3o de comit\u00ea de programas, (iii) participa\u00e7\u00e3o de conselhos superiores do CEFET\/RJ, (iv) atividades de gest\u00e3o, (v) minicursos, (vi) [&hellip;]<\/p>\n","protected":false},"author":3,"featured_media":0,"parent":0,"menu_order":0,"comment_status":"closed","ping_status":"closed","template":"","meta":{"_monsterinsights_skip_tracking":false,"_monsterinsights_sitenote_active":false,"_monsterinsights_sitenote_note":"","_monsterinsights_sitenote_category":0,"footnotes":""},"class_list":["post-788","page","type-page","status-publish","hentry"],"_links":{"self":[{"href":"https:\/\/eic.cefet-rj.br\/ppcic\/wp-json\/wp\/v2\/pages\/788","targetHints":{"allow":["GET"]}}],"collection":[{"href":"https:\/\/eic.cefet-rj.br\/ppcic\/wp-json\/wp\/v2\/pages"}],"about":[{"href":"https:\/\/eic.cefet-rj.br\/ppcic\/wp-json\/wp\/v2\/types\/page"}],"author":[{"embeddable":true,"href":"https:\/\/eic.cefet-rj.br\/ppcic\/wp-json\/wp\/v2\/users\/3"}],"replies":[{"embeddable":true,"href":"https:\/\/eic.cefet-rj.br\/ppcic\/wp-json\/wp\/v2\/comments?post=788"}],"version-history":[{"count":19,"href":"https:\/\/eic.cefet-rj.br\/ppcic\/wp-json\/wp\/v2\/pages\/788\/revisions"}],"predecessor-version":[{"id":6194,"href":"https:\/\/eic.cefet-rj.br\/ppcic\/wp-json\/wp\/v2\/pages\/788\/revisions\/6194"}],"wp:attachment":[{"href":"https:\/\/eic.cefet-rj.br\/ppcic\/wp-json\/wp\/v2\/media?parent=788"}],"curies":[{"name":"wp","href":"https:\/\/api.w.org\/{rel}","templated":true}]}}