{"id":780,"date":"2020-01-28T23:46:17","date_gmt":"2020-01-29T02:46:17","guid":{"rendered":"http:\/\/eic.cefet-rj.br\/ppcic\/?page_id=780"},"modified":"2021-04-01T22:24:59","modified_gmt":"2021-04-02T01:24:59","slug":"intercambios","status":"publish","type":"page","link":"https:\/\/eic.cefet-rj.br\/ppcic\/intercambios\/","title":{"rendered":"Interc\u00e2mbios"},"content":{"rendered":"<blockquote>\n<h3><b>I &#8211; Nacionais<\/b><\/h3>\n<\/blockquote>\n<p><span style=\"font-weight: 400;\">Desde 2013, os pesquisadores do PPCIC, por meio dos grupos de pesquisa, t\u00eam sistematicamente promovido ciclos de palestras no denominado Workshop em Computa\u00e7\u00e3o da Escola de Inform\u00e1tica &amp; Computa\u00e7\u00e3o (WEIC). Participam como palestrantes convidados no WEIC professores renomados de nosso Estado. Esses ciclos t\u00eam o potencial de aproximar o PPCIC \u00e0 ind\u00fastria e aos pesquisadores e a programas de p\u00f3s-gradua\u00e7\u00e3o de outras institui\u00e7\u00f5es. Esses ciclos t\u00eam sido enriquecedores na promo\u00e7\u00e3o de um interc\u00e2mbio institucional e na forma\u00e7\u00e3o dos alunos da p\u00f3s-gradua\u00e7\u00e3o de \u00e1reas correlatas, das gradua\u00e7\u00f5es em computa\u00e7\u00e3o e engenharias e do ensino m\u00e9dio-t\u00e9cnico de inform\u00e1tica, fomentando o desejo pelo empreendedorismo, pela pesquisa e inova\u00e7\u00e3o e pela publica\u00e7\u00e3o de trabalhos cient\u00edficos em ve\u00edculos qualificados.<\/span><\/p>\n<p><span style=\"font-weight: 400;\">No que tange \u00e0s colabora\u00e7\u00f5es interinstitucionais, os docentes do programa t\u00eam parcerias com diversos centros de pesquisa, dos quais destacamos o Laborat\u00f3rio Nacional de Computa\u00e7\u00e3o Cient\u00edfica (LNCC) e o Observat\u00f3rio Nacional (ON) por meio do LIneA (Laborat\u00f3rio Interinstitucional de e-Astronomia). Ambas institui\u00e7\u00f5es coordenam INCTs espec\u00edficos. Junto ao LNCC, fazemos parte, como laborat\u00f3rio associado, do INCT em Ci\u00eancia de Dados (CiD). De modo an\u00e1logo, junto ao LIneA, fazemos parte, como laborat\u00f3rio associado, do INCT do e-Universo. Colaboram conosco tamb\u00e9m a Funda\u00e7\u00e3o Oswaldo Cruz (Fiocruz), Instituto Nacional de Metrologia Qualidade e Tecnologia (INMETRO) e Centro de Tecnologia Mineral (CETEM) e outras IFES pr\u00f3ximas: Universidade Federal do Rio de Janeiro (UFRJ), Universidade Federal Fluminense (UFF), Instituto Militar de Engenharia (IME) e Universidade do Estado do Rio de Janeiro (UERJ).<\/span><\/p>\n<p><span style=\"font-weight: 400;\">No que tange \u00e0 intera\u00e7\u00e3o com a Ind\u00fastria, os docentes do Programa participam em projeto junto ao Centro de Pesquisa da Petrobras (CENPES). As empresas trazem problemas complexos que demandam a aplica\u00e7\u00e3o do m\u00e9todo cient\u00edfico para sua resolu\u00e7\u00e3o. Os alunos interessados em participar desses problemas podem desenvolver temas de mestrado. A partir dos projetos s\u00e3o oferecidas bolsas de pesquisa para alunos, tornando o ciclo de pesquisa virtuoso. Por fim, os resultados podem tanto se transformar em artigos cient\u00edficos quanto serem absorvidos pela empresa associada.<\/span><\/p>\n<p><span style=\"font-weight: 400;\">Finalmente, na \u00e1rea de pesquisa relacionada \u00e0 educa\u00e7\u00e3o, o CEFET\/RJ est\u00e1 direcionando os esfor\u00e7os de pesquisa aplicada ao trabalho com escolas do munic\u00edpio do Rio de Janeiro e da Baixada Fluminense. Iniciou-se um projeto piloto junto ao Gin\u00e1sio Experimental Ol\u00edmpico Juan Ant\u00f4nio Samaranch, no bairro de Santa Teresa, onde se pretende levantar demandas de apoio computacional e realizar in\u00fameros experimentos de modo a estimular os alunos durante o processo de ensino-aprendizagem (Data Science in Education). Al\u00e9m disso, desenvolve-se um projeto em escolas p\u00fablicas da Baixada Fluminense, que objetiva despertar o interesse dos alunos pelas \u00e1reas da Computa\u00e7\u00e3o, Ci\u00eancias Exatas e Engenharias e promover uma discuss\u00e3o sobre a equidade de g\u00eanero nessas \u00e1reas usando rob\u00f3tica.<\/span><\/p>\n<blockquote>\n<h3><b>II &#8211; Internacionais<\/b><\/h3>\n<\/blockquote>\n<p><span style=\"font-weight: 400;\">Outros interc\u00e2mbios t\u00eam sido propiciados por meio de projetos de pesquisas, com apoio de \u00f3rg\u00e3os de fomento, firmados entre professores do PPCIC e pesquisadores de outras institui\u00e7\u00f5es. Pode-se destacar as seguintes a\u00e7\u00f5es:<\/span><\/p>\n<ul>\n<li style=\"font-weight: 400;\"><span style=\"font-weight: 400;\">Diego Barreto Haddad: O professor possui parceria internacional realizada por meio de publica\u00e7\u00f5es de artigos cient\u00edficos com os pesquisadores Bowon Lee (Inha University, da Coreia do Sul), Rune Storvold (Norut, Noruega) e Tor Arne Johansen (NTNU, Noruega).<\/span><\/li>\n<li style=\"font-weight: 400;\"><span style=\"font-weight: 400;\">Eduardo Ogasawara: O professor tem parceria com pesquisadores do Inria (Esther Pacitti, Florent Massaglia, Patrick Valduriez e Reza Akbarinia). Recentemente participou no projeto MUSIC (ger\u00eancia de dados cient\u00edficos em uma nuvem multi-site) do Programa Faperj-Inria, envolvendo coopera\u00e7\u00e3o entre LNCC e Inria, Fran\u00e7a. O coordenador do lado brasileiro \u00e9 o Prof. F\u00e1bio Porto (LNCC) e a coordenadora do lado franc\u00eas \u00e9 a Prof. Esther Pacitti (Inria). Fruto desta parceria, obtiveram-se diversos artigos em conjunto. Atualmente participa no Projeto SciDISC (Scientific data analysis using Data-Intensive Scalable Computing). A coordenadora do lado brasileiro \u00e9 a Prof. Marta Mattoso (COPPE\/UFRJ) e o coordenador do lado franc\u00eas \u00e9 o professor Patrick Valduriez (Inria). Na \u00e1rea de Data Science in Education, tem parceria com o professor Mario Guimaraes (Saint Martin University).<\/span><\/li>\n<li style=\"font-weight: 400;\"><span style=\"font-weight: 400;\">Gustavo Paiva Guedes: O professor possui parceria internacional realizada por meio de publica\u00e7\u00f5es de artigos cient\u00edficos com os pesquisadores Mark Turner (Case Western Reserve University) e Francis Steen (University of California, Los Angeles).<\/span><\/li>\n<li style=\"font-weight: 400;\"><span style=\"font-weight: 400;\">Joel dos Santos: O professor possui parceria internacional realizada por meio de publica\u00e7\u00f5es de artigos cient\u00edficos com os pesquisadores C\u00e9cile Roisin (Inria-Grenoble) e Nabil Laya\u00efda (Inria-Grenoble).<\/span><\/li>\n<li style=\"font-weight: 400;\"><span style=\"font-weight: 400;\">Leonardo Lima: O professor tem parceria internacional realizada atrav\u00e9s de publica\u00e7\u00f5es de artigos cient\u00edficos com os seguintes professores: Vladimir Nikiforov (Universidade de Memphis, EUA), Steve Kirkland (University of Manitoba, Canad\u00e1) e Pierre Hansen (GERAD, University of Montreal, Canad\u00e1). Outras colabora\u00e7\u00f5es internacionais do docente Leonardo Lima est\u00e3o em andamento com os professores Paula Rama (Universidade de Aveiro), Ali Mohammadian (Anhui University, Hefei, China) e Saieed Akbari (Sharif University, Ir\u00e3).<\/span><\/li>\n<li style=\"font-weight: 400;\"><span style=\"font-weight: 400;\">Pedro Henrique Gonz\u00e1lez Silva: O professor possui parceria internacional por meio da publica\u00e7\u00e3o de artigos cient\u00edficos com os pesquisadores Philippe Michelon (Laboratoire de Mathem\u00e1tique \/ Universit\u00e9 d&#8217;Avignon et des Pays de Vaucluse), Rosa Figueiredo (Laboratoire d\u2019Informatique \/ Universit\u00e9 d&#8217;Avignon et des Pays de Vaucluse) e Michael Poss (CNRS).<\/span><\/li>\n<\/ul>\n","protected":false},"excerpt":{"rendered":"<p>I &#8211; Nacionais Desde 2013, os pesquisadores do PPCIC, por meio dos grupos de pesquisa, t\u00eam sistematicamente promovido ciclos de palestras no denominado Workshop em Computa\u00e7\u00e3o da Escola de Inform\u00e1tica &amp; Computa\u00e7\u00e3o (WEIC). Participam como palestrantes convidados no WEIC professores renomados de nosso Estado. Esses ciclos t\u00eam o potencial de aproximar o PPCIC \u00e0 ind\u00fastria [&hellip;]<\/p>\n","protected":false},"author":3,"featured_media":0,"parent":0,"menu_order":0,"comment_status":"closed","ping_status":"closed","template":"","meta":{"_monsterinsights_skip_tracking":false,"_monsterinsights_sitenote_active":false,"_monsterinsights_sitenote_note":"","_monsterinsights_sitenote_category":0,"footnotes":""},"class_list":["post-780","page","type-page","status-publish","hentry"],"_links":{"self":[{"href":"https:\/\/eic.cefet-rj.br\/ppcic\/wp-json\/wp\/v2\/pages\/780","targetHints":{"allow":["GET"]}}],"collection":[{"href":"https:\/\/eic.cefet-rj.br\/ppcic\/wp-json\/wp\/v2\/pages"}],"about":[{"href":"https:\/\/eic.cefet-rj.br\/ppcic\/wp-json\/wp\/v2\/types\/page"}],"author":[{"embeddable":true,"href":"https:\/\/eic.cefet-rj.br\/ppcic\/wp-json\/wp\/v2\/users\/3"}],"replies":[{"embeddable":true,"href":"https:\/\/eic.cefet-rj.br\/ppcic\/wp-json\/wp\/v2\/comments?post=780"}],"version-history":[{"count":23,"href":"https:\/\/eic.cefet-rj.br\/ppcic\/wp-json\/wp\/v2\/pages\/780\/revisions"}],"predecessor-version":[{"id":4140,"href":"https:\/\/eic.cefet-rj.br\/ppcic\/wp-json\/wp\/v2\/pages\/780\/revisions\/4140"}],"wp:attachment":[{"href":"https:\/\/eic.cefet-rj.br\/ppcic\/wp-json\/wp\/v2\/media?parent=780"}],"curies":[{"name":"wp","href":"https:\/\/api.w.org\/{rel}","templated":true}]}}