{"id":7,"date":"2020-01-28T12:00:10","date_gmt":"2020-01-28T15:00:10","guid":{"rendered":"http:\/\/eic.cefet-rj.br\/ppgcc\/?page_id=7"},"modified":"2025-11-17T20:15:01","modified_gmt":"2025-11-17T23:15:01","slug":"apresentacao","status":"publish","type":"page","link":"https:\/\/eic.cefet-rj.br\/ppcic\/","title":{"rendered":"Mestrado em Ci\u00eancia da Computa\u00e7\u00e3o"},"content":{"rendered":"\n<p><span style=\"font-weight: 400;\">O Programa de P\u00f3s-gradua\u00e7\u00e3o em Ci\u00eancia da Computa\u00e7\u00e3o (PPCIC) oferece o curso de Mestrado em Ci\u00eancia da Computa\u00e7\u00e3o, o qual visa a forma\u00e7\u00e3o de egressos capacitados para pesquisar, ensinar e desenvolver conhecimento cient\u00edfico e tecnol\u00f3gico na \u00e1rea de Ci\u00eancia da Computa\u00e7\u00e3o.<\/span><\/p>\n<p><span style=\"font-weight: 400;\">O Programa possui \u00eanfase em Ci\u00eancia de Dados, um perfil pioneiro no Brasil, que almeja formar pesquisadores e profissionais com vis\u00e3o multidisciplinar. Os cientistas da computa\u00e7\u00e3o com tal \u00eanfase s\u00e3o capazes de formular problemas sob uma perspectiva centrada em dados, transformando-os em conhecimento. Tal perfil se alinha a uma demanda nacional e internacional crescente.<\/span><\/p>\n<p><span style=\"font-weight: 400;\">O PPCIC est\u00e1 estruturado em duas linhas de pesquisa: (i) Ci\u00eancia de Dados e Intelig\u00eancia Artificial e (ii) Sistemas e Aplica\u00e7\u00f5es. Dessa forma s\u00e3o combinadas pesquisa b\u00e1sica com aplicada, o que se apresenta como uma estrat\u00e9gia promissora, uma vez que ao mesmo tempo em que se estabelecem resultados te\u00f3ricos que subsidiam a constru\u00e7\u00e3o de novas aplica\u00e7\u00f5es para solu\u00e7\u00e3o de quest\u00f5es pr\u00e1ticas, os problemas pr\u00e1ticos n\u00e3o raro propiciam a elabora\u00e7\u00e3o de novos arcabou\u00e7os te\u00f3ricos.<\/span><\/p>\n<p><span style=\"font-weight: 400;\">O Programa oferece disciplinas de car\u00e1ter b\u00e1sico para formar o s\u00f3lido egresso em Ci\u00eancia da Computa\u00e7\u00e3o no n\u00edvel de P\u00f3s-gradua\u00e7\u00e3o. Ao mesmo tempo, considerando-se a caracter\u00edstica multidisciplinar e o foco em Ci\u00eancia de Dados, o Programa oferece um amplo espectro de disciplinas centradas em Ci\u00eancia de Dados que podem ser observadas na estrutura curricular do curso.<\/span><\/p>\n<p><span style=\"font-weight: 400;\">O PPCIC faz parte do CEFET\/RJ, localizado na cidade do Rio de Janeiro. A Cidade Maravilhosa \u00e9 a segunda maior cidade e PIB do Brasil, foco tur\u00edstico do pa\u00eds e Patrim\u00f4nio Cultural da Humanidade. O estado do Rio, de acordo com estudo realizado pela Associa\u00e7\u00e3o Brasileira de Empresas de Tecnologia da Informa\u00e7\u00e3o e Comunica\u00e7\u00e3o (Brasscom) \u00e9 o segundo maior mercado na \u00e1rea de Computa\u00e7\u00e3o.<\/span><\/p>\n<p><span style=\"font-weight: 400;\">A sede administrativa do PPCIC fica no Campus Maracan\u00e3 do CEFET\/RJ, localizado em um ponto central da cidade, ao lado do est\u00e1dio do Maracan\u00e3 e facilmente alcan\u00e7\u00e1vel por diferentes meios de transporte (\u00f4nibus, trem e metr\u00f4). O Campus oferece aos seus estudantes uma biblioteca de estudos, bem como \u00e1reas abertas para a pr\u00e1tica de esportes e relaxamento. O PPCIC conta tamb\u00e9m com a infraestrutura de laborat\u00f3rios totalmente equipados e dispon\u00edveis aos seus alunos. O curso conta com bolsas de estudo integrais da Capes, assim como do pr\u00f3prio CEFET\/RJ.<\/span><\/p>\n","protected":false},"excerpt":{"rendered":"<p>O Programa de P\u00f3s-gradua\u00e7\u00e3o em Ci\u00eancia da Computa\u00e7\u00e3o (PPCIC) oferece o curso de Mestrado em Ci\u00eancia da Computa\u00e7\u00e3o, o qual visa a forma\u00e7\u00e3o de egressos capacitados para pesquisar, ensinar e desenvolver conhecimento cient\u00edfico e tecnol\u00f3gico na \u00e1rea de Ci\u00eancia da Computa\u00e7\u00e3o. O Programa possui \u00eanfase em Ci\u00eancia de Dados, um perfil pioneiro no Brasil, que [&hellip;]<\/p>\n","protected":false},"author":3,"featured_media":0,"parent":0,"menu_order":0,"comment_status":"closed","ping_status":"closed","template":"","meta":{"_monsterinsights_skip_tracking":false,"_monsterinsights_sitenote_active":false,"_monsterinsights_sitenote_note":"","_monsterinsights_sitenote_category":0,"footnotes":""},"class_list":["post-7","page","type-page","status-publish","hentry"],"_links":{"self":[{"href":"https:\/\/eic.cefet-rj.br\/ppcic\/wp-json\/wp\/v2\/pages\/7","targetHints":{"allow":["GET"]}}],"collection":[{"href":"https:\/\/eic.cefet-rj.br\/ppcic\/wp-json\/wp\/v2\/pages"}],"about":[{"href":"https:\/\/eic.cefet-rj.br\/ppcic\/wp-json\/wp\/v2\/types\/page"}],"author":[{"embeddable":true,"href":"https:\/\/eic.cefet-rj.br\/ppcic\/wp-json\/wp\/v2\/users\/3"}],"replies":[{"embeddable":true,"href":"https:\/\/eic.cefet-rj.br\/ppcic\/wp-json\/wp\/v2\/comments?post=7"}],"version-history":[{"count":41,"href":"https:\/\/eic.cefet-rj.br\/ppcic\/wp-json\/wp\/v2\/pages\/7\/revisions"}],"predecessor-version":[{"id":6350,"href":"https:\/\/eic.cefet-rj.br\/ppcic\/wp-json\/wp\/v2\/pages\/7\/revisions\/6350"}],"wp:attachment":[{"href":"https:\/\/eic.cefet-rj.br\/ppcic\/wp-json\/wp\/v2\/media?parent=7"}],"curies":[{"name":"wp","href":"https:\/\/api.w.org\/{rel}","templated":true}]}}