{"id":6192,"date":"2025-09-03T19:21:12","date_gmt":"2025-09-03T22:21:12","guid":{"rendered":"https:\/\/eic.cefet-rj.br\/ppcic\/?page_id=6192"},"modified":"2025-09-03T19:21:12","modified_gmt":"2025-09-03T22:21:12","slug":"internationalization","status":"publish","type":"page","link":"https:\/\/eic.cefet-rj.br\/ppcic\/en\/internationalization\/","title":{"rendered":"Internationalization"},"content":{"rendered":"<p>The professors of the PPCIC have been working on the internationalization process of the program. As actions in this sense stand out: (i) Bilingual program website, (ii) The participation of professors in the organization or a conference program committee, as well as in the editorial body of international journals, (iii) The partnership of professors with international institutions and researchers.<\/p>\n<p>About the activities of the program\u2019s professors in the Organization of International congresses, we highlight the organization of \u00a0Mini-Symposium Of Spectral Graph Theory International Linear Algebra Society at 2017 (<a href=\"https:\/\/ilas2017.math.iastate.edu\/program\/#minisymp\">https:\/\/ilas2017.math.iastate.edu\/program\/#minisymp<\/a>). In the year 2018, the program\u2019s professors organized the VIII Latin American on Cliques in Graphs (LAWCG 2018, http:\/\/lawcg2018.icomp.ufam.edu.br\/) and the first Latin America Workshop on Data Science (LADaS 2018,\u00a0<a href=\"http:\/\/eic.cefet-rj.br\/ladas2018\/\">http:\/\/eic.CEFET-rj.br\/ladas2018\/<\/a>).<\/p>\n<p>The participation in the Program Committee of the following events is also noteworthy:<\/p>\n<ul>\n<li>VLDB (Demos trail) at 2018<\/li>\n<li>SIAM International Conference on Data Mining, from 2015 to 2018<\/li>\n<li>Workshop on Applications for Multi-Core Architectures in 2015 and 2016<\/li>\n<li>SIGMOD (Demos trail) at 2015<\/li>\n<li>Congress of the Audio Engineering Society (AES) in Brazil, in 2015<\/li>\n<li>Congress IberoLatino American of computational methods in engineering-CILAMCE, 2014<\/li>\n<\/ul>\n<p>It is also noteworthy the activity of professors as reviewers of the following international journals:<\/p>\n<ul>\n<li>Aeronautical Journal, from 2017<\/li>\n<li>Annals of Operations Research, from 2017<\/li>\n<li>Asia-Pacific Journal of Operational Research, from 2017<\/li>\n<li>Computers &amp; Industrial Engineering, from 2019<\/li>\n<li>Computers in Biology and Medicine, from 2018<\/li>\n<li>Digital Signal Processing, from 2018<\/li>\n<li>Discrete and Applied Mathematics, from 2010<\/li>\n<li>Discrete Mathematics, from 2010<\/li>\n<li>Electronic Journal of Graph Theory and Applications, from 2017<\/li>\n<li>Electronic Journal of Linear Algebra, from 2016<\/li>\n<li>EURASIP Journal on Advances in Signal Processing, from 2018<\/li>\n<li>European Journal of Operational Research, from 2019<\/li>\n<li>Expert Systems with Applications, from 2013<\/li>\n<li>IEEE Access, from 2019<\/li>\n<li>IEEE Latin America Transactions, from 2018<\/li>\n<li>IEEE Transactions on Geoscience and Remote Sensing, from 2019<\/li>\n<li>IEEE Transactions on Services Computing, from 2014<\/li>\n<li>IEEE Transactions on Industrial Informatics, from 2019<\/li>\n<li>IEEE Transactions on Smart Grid, from 2018<\/li>\n<li>IET Generation, Transmission &amp; Distribution, from 2015<\/li>\n<li>IET Image Processing, from 2019<\/li>\n<li>Information and Software Technology, from 2016<\/li>\n<li>Information Processing Letters, from 2016<\/li>\n<li>Information Systems, from 2017<\/li>\n<li>International Engineering Journal, from 2018<\/li>\n<li>International Journal of Distributed Sensor Networks, from 2016<\/li>\n<li>International Transactions in Operational Research, from 2017<\/li>\n<li>Journal of Communication and Information Systems, from 2016<\/li>\n<li>Journal of Information and Data Management \u2013 JIDM, from 2013<\/li>\n<li>Journal of Parallel and Distributed Computing, from 2014<\/li>\n<li>Journal of the Operational Research Society, from 2017<\/li>\n<li>Latin American Journal of Computing, from 2015<\/li>\n<li>Linear Algebra and its Applications, from 2010<\/li>\n<li>Linear and Multilinear Algebra, from 2015<\/li>\n<li>Multimedia Tools and Applications, from 2011<\/li>\n<li>PeerJ Computer Science, from 2016<\/li>\n<li>Psychological Reports, from 2018<\/li>\n<li>Recherche Op\u00e9rationnelle, from 2017<\/li>\n<li>Revista Ib\u00e9rica de Sistemas y Tecnolog\u00edas de la Informaci\u00f3n \u2013 RISTI, dede 2019<\/li>\n<li>SENSORS, from 2018<\/li>\n<li>SoftwareX, from 2018<\/li>\n<li>Signal Processing, from 2017<\/li>\n<li>SUGAR Tech, from 2017<\/li>\n<li>The Journal of Systems and Software, from 2015<\/li>\n<li>Transportation Research Part E-Logistics And Transportation Review, from 2017<\/li>\n<li>Transportation Research. Part C, Emerging Technologies, from 2015<\/li>\n<li>Utilitas Mathematica, from 2016<\/li>\n<li>VLDB Journal, from 2016<\/li>\n<li>WIRELESS NETWORKS, from 2017<\/li>\n<li><\/li>\n<\/ul>\n<p>Besides, PPCIC professors have partnered with the following international researchers:<\/p>\n<ul>\n<li>Ali Mohammadian (IPM \u2013 Institute for Research in Fundamental SciencesIran<\/li>\n<li>Andras Gyarfas (Hungarian Academy of Sciences)<\/li>\n<li>Andras Sebo (GSCOP-Grenoble)<\/li>\n<li>C\u00e9cile Roisin (Inria-Granoble)<\/li>\n<li>Esther Pacitti (INRIA, University of Montpellier)<\/li>\n<li>Florent Massaglia (INRIA, LIRMM)<\/li>\n<li>Kristina Vuskovic (Univ. Leeds)<\/li>\n<li>Nabil Laya\u00efda\u00a0(Inria-Granoble)<\/li>\n<li>Nicolas Trotignon (Esa-Lyon),<\/li>\n<li>Patrick Valduriez (INRIA, LIRMM)<\/li>\n<li>Paula Rama (University of Aveiro)<\/li>\n<li>Philippe Michelon (LMA, University of Avignon, France)<\/li>\n<li>Pierre Hansen (GERAD, University of Montreal, Canada)<\/li>\n<li>Stephan Thomasse (Esa-Lyon)<\/li>\n<li>Steve Kirkland (University of Manitoba, Canada)<\/li>\n<li>Vladimir Nikiforov (University of Memphis, USA)<\/li>\n<li>Zhentao Li (ENS-Paris)<\/li>\n<\/ul>\n<p>&nbsp;<\/p>\n<p>The internationalization efforts of the program, in turn, rely on institutional support. In 2017 a commission was constituted, chaired by the Director of Research and Postgraduate, who was responsible for the elaboration of the Institutional Plan of internationalization of CEFET\/RJ. This plan, approved by the higher councils at the beginning of 2018, presents an institutional diagnosis and defines strategic axes, objectives, goals, actions and indicators of follow-up aiming at the expansion and consolidation of the process of Internationalization of the institution, contemplating both the mobility\u00a0<em>in\u00a0<\/em>(reception of professors and students from abroad) regarding mobility\u00a0<em>out<\/em>\u00a0(sending professors and students abroad).<\/p>\n<p>&nbsp;<\/p>\n<p>At the end of 2017, a commission was also established to elaborate the institutional project for internationalization of postgraduate studies, to submit a proposal for the institutional program for internationalization of Capes (PrInt call). This commission was attended by professors from the various programs of the CEFET\/RJ and identified interfaces aiming to increase internationalization achievements.<\/p>\n<p>It is added that the institutional plan for professors training is also being elaborated, defining a training policy that will allow and facilitate the clearance for post-doctoral, especially abroad. All these institutional actions, therefore, should contribute to the expansion of the international partnerships and collaborations of the PPCIC.<\/p>\n","protected":false},"excerpt":{"rendered":"<p>The professors of the PPCIC have been working on the internationalization process of the program. As actions in this sense stand out: (i) Bilingual program website, (ii) The participation of professors in the organization or a conference program committee, as well as in the editorial body of international journals, (iii) The partnership of professors with [&hellip;]<\/p>\n","protected":false},"author":4,"featured_media":0,"parent":0,"menu_order":0,"comment_status":"closed","ping_status":"closed","template":"","meta":{"_monsterinsights_skip_tracking":false,"_monsterinsights_sitenote_active":false,"_monsterinsights_sitenote_note":"","_monsterinsights_sitenote_category":0,"footnotes":""},"class_list":["post-6192","page","type-page","status-publish","hentry"],"_links":{"self":[{"href":"https:\/\/eic.cefet-rj.br\/ppcic\/wp-json\/wp\/v2\/pages\/6192","targetHints":{"allow":["GET"]}}],"collection":[{"href":"https:\/\/eic.cefet-rj.br\/ppcic\/wp-json\/wp\/v2\/pages"}],"about":[{"href":"https:\/\/eic.cefet-rj.br\/ppcic\/wp-json\/wp\/v2\/types\/page"}],"author":[{"embeddable":true,"href":"https:\/\/eic.cefet-rj.br\/ppcic\/wp-json\/wp\/v2\/users\/4"}],"replies":[{"embeddable":true,"href":"https:\/\/eic.cefet-rj.br\/ppcic\/wp-json\/wp\/v2\/comments?post=6192"}],"version-history":[{"count":1,"href":"https:\/\/eic.cefet-rj.br\/ppcic\/wp-json\/wp\/v2\/pages\/6192\/revisions"}],"predecessor-version":[{"id":6193,"href":"https:\/\/eic.cefet-rj.br\/ppcic\/wp-json\/wp\/v2\/pages\/6192\/revisions\/6193"}],"wp:attachment":[{"href":"https:\/\/eic.cefet-rj.br\/ppcic\/wp-json\/wp\/v2\/media?parent=6192"}],"curies":[{"name":"wp","href":"https:\/\/api.w.org\/{rel}","templated":true}]}}