{"id":6163,"date":"2025-09-03T17:48:02","date_gmt":"2025-09-03T20:48:02","guid":{"rendered":"https:\/\/eic.cefet-rj.br\/ppcic\/?page_id=6163"},"modified":"2025-11-13T14:44:11","modified_gmt":"2025-11-13T17:44:11","slug":"contact","status":"publish","type":"page","link":"https:\/\/eic.cefet-rj.br\/ppcic\/en\/mestrado-em-ciencia-da-computacao-english\/contact\/","title":{"rendered":"Contact"},"content":{"rendered":"<p><strong><a href=\"http:\/\/www.cefet-rj.br\">Centro Federal de Educa\u00e7\u00e3o Tecnol\u00f3gica Celso Suckow da Fonseca<\/a> (CEFET\/RJ)<\/strong><\/p>\n<p><strong><a href=\"http:\/\/dippg.cefet-rj.br\/\">Diretoria de Pesquisa e P\u00f3s-Gradua\u00e7\u00e3o<\/a> (DIPPG)<\/strong><\/p>\n<p><strong><a href=\"http:\/\/eic.cefet-rj.br\/ppcic\/\">Coordenadoria do Programa de P\u00f3s-Gradua\u00e7\u00e3o em Ci\u00eancia da Computa\u00e7\u00e3o<\/a> (PPCIC)<\/strong><\/p>\n<p>&nbsp;<\/p>\n<blockquote>\n<h3><strong>Localization<\/strong><\/h3>\n<\/blockquote>\n<p>Av. Maracan\u00e3, 229 Bloco E, 5 andar. Rio de Janeiro, RJ CEP: 20271-110<\/p>\n<p>&nbsp;<\/p>\n<blockquote>\n<h3><strong>Contact<\/strong><\/h3>\n<\/blockquote>\n<p>Phone: (0xx21) 2566-3179 &#8211; Telefax: (0xx21) 2569-4495<\/p>\n<p>E-Mail: ppcic at eic.cefet-rj.br<\/p>\n<p>Coordinator: <a href=\"mailto:kele.belloze@cefet-rj.br\"><strong>Kele Teixeira Belloze<\/strong><\/a><\/p>\n","protected":false},"excerpt":{"rendered":"<p>Centro Federal de Educa\u00e7\u00e3o Tecnol\u00f3gica Celso Suckow da Fonseca (CEFET\/RJ) Diretoria de Pesquisa e P\u00f3s-Gradua\u00e7\u00e3o (DIPPG) Coordenadoria do Programa de P\u00f3s-Gradua\u00e7\u00e3o em Ci\u00eancia da Computa\u00e7\u00e3o (PPCIC) &nbsp; Localization Av. Maracan\u00e3, 229 Bloco E, 5 andar. Rio de Janeiro, RJ CEP: 20271-110 &nbsp; Contact Phone: (0xx21) 2566-3179 &#8211; Telefax: (0xx21) 2569-4495 E-Mail: ppcic at eic.cefet-rj.br Coordinator: [&hellip;]<\/p>\n","protected":false},"author":4,"featured_media":0,"parent":6109,"menu_order":0,"comment_status":"closed","ping_status":"closed","template":"","meta":{"_monsterinsights_skip_tracking":false,"_monsterinsights_sitenote_active":false,"_monsterinsights_sitenote_note":"","_monsterinsights_sitenote_category":0,"footnotes":""},"class_list":["post-6163","page","type-page","status-publish","hentry"],"_links":{"self":[{"href":"https:\/\/eic.cefet-rj.br\/ppcic\/wp-json\/wp\/v2\/pages\/6163","targetHints":{"allow":["GET"]}}],"collection":[{"href":"https:\/\/eic.cefet-rj.br\/ppcic\/wp-json\/wp\/v2\/pages"}],"about":[{"href":"https:\/\/eic.cefet-rj.br\/ppcic\/wp-json\/wp\/v2\/types\/page"}],"author":[{"embeddable":true,"href":"https:\/\/eic.cefet-rj.br\/ppcic\/wp-json\/wp\/v2\/users\/4"}],"replies":[{"embeddable":true,"href":"https:\/\/eic.cefet-rj.br\/ppcic\/wp-json\/wp\/v2\/comments?post=6163"}],"version-history":[{"count":3,"href":"https:\/\/eic.cefet-rj.br\/ppcic\/wp-json\/wp\/v2\/pages\/6163\/revisions"}],"predecessor-version":[{"id":6314,"href":"https:\/\/eic.cefet-rj.br\/ppcic\/wp-json\/wp\/v2\/pages\/6163\/revisions\/6314"}],"up":[{"embeddable":true,"href":"https:\/\/eic.cefet-rj.br\/ppcic\/wp-json\/wp\/v2\/pages\/6109"}],"wp:attachment":[{"href":"https:\/\/eic.cefet-rj.br\/ppcic\/wp-json\/wp\/v2\/media?parent=6163"}],"curies":[{"name":"wp","href":"https:\/\/api.w.org\/{rel}","templated":true}]}}